{"id":2345,"date":"2025-05-26T16:52:00","date_gmt":"2025-05-26T19:52:00","guid":{"rendered":"https:\/\/wp.ufpel.edu.br\/matematicadiurno\/?page_id=2345"},"modified":"2025-05-26T16:52:00","modified_gmt":"2025-05-26T19:52:00","slug":"atendimento-presencial-do-coordenador","status":"publish","type":"page","link":"https:\/\/wp.ufpel.edu.br\/matematicadiurno\/atendimento-presencial-do-coordenador\/","title":{"rendered":"Atendimento presencial do coordenador"},"content":{"rendered":"<p><span style=\"color: #000000;\">No semestre letivo 2025\/1, o coordenador do Curso, professor C\u00edcero Nachtigall estar\u00e1 dispon\u00edvel presencialmente nos seguintes dias e hor\u00e1rios:<\/span><\/p>\n<p><span style=\"color: #000000;\">Segunda-feira, das 14h \u00e0s 16h, na sala 320 (sala dos coordenadores);<\/span><\/p>\n<p><span style=\"color: #000000;\">Ter\u00e7a-feira, das 14h \u00e0s 18h, na sala 308B (gabinete do professor);<\/span><\/p>\n<p><span style=\"color: #000000;\">Quarta-feira, das 15h \u00e0s 17h, na sala 320 (sala dos coordenadores);<\/span><\/p>\n<p><span style=\"color: #000000;\">Sexta-feira, das 14h \u00e0s 18h, na sala 308B (gabinete do professor).<\/span><\/p>\n<p>&nbsp;<\/p>\n<p><span style=\"color: #000000;\">Outro canal de comunica\u00e7\u00e3o \u00e9 via e-mail: cicero.nachtigall@ufpel.edu.br<\/span><\/p>\n","protected":false},"excerpt":{"rendered":"<p>No semestre letivo 2025\/1, o coordenador do Curso, professor C\u00edcero Nachtigall estar\u00e1 dispon\u00edvel presencialmente nos seguintes dias e hor\u00e1rios: Segunda-feira, das 14h \u00e0s 16h, na sala 320 (sala dos coordenadores); Ter\u00e7a-feira, das 14h \u00e0s 18h, na sala 308B (gabinete do professor); Quarta-feira, das 15h \u00e0s 17h, na sala 320 (sala dos coordenadores); Sexta-feira, das 14h [&hellip;]<\/p>\n","protected":false},"author":752,"featured_media":0,"parent":0,"menu_order":0,"comment_status":"closed","ping_status":"closed","template":"","meta":{"jetpack_post_was_ever_published":false,"footnotes":""},"class_list":["post-2345","page","type-page","status-publish","hentry"],"jetpack_sharing_enabled":true,"jetpack_shortlink":"https:\/\/wp.me\/P7jT0y-BP","_links":{"self":[{"href":"https:\/\/wp.ufpel.edu.br\/matematicadiurno\/wp-json\/wp\/v2\/pages\/2345","targetHints":{"allow":["GET"]}}],"collection":[{"href":"https:\/\/wp.ufpel.edu.br\/matematicadiurno\/wp-json\/wp\/v2\/pages"}],"about":[{"href":"https:\/\/wp.ufpel.edu.br\/matematicadiurno\/wp-json\/wp\/v2\/types\/page"}],"author":[{"embeddable":true,"href":"https:\/\/wp.ufpel.edu.br\/matematicadiurno\/wp-json\/wp\/v2\/users\/752"}],"replies":[{"embeddable":true,"href":"https:\/\/wp.ufpel.edu.br\/matematicadiurno\/wp-json\/wp\/v2\/comments?post=2345"}],"version-history":[{"count":1,"href":"https:\/\/wp.ufpel.edu.br\/matematicadiurno\/wp-json\/wp\/v2\/pages\/2345\/revisions"}],"predecessor-version":[{"id":2347,"href":"https:\/\/wp.ufpel.edu.br\/matematicadiurno\/wp-json\/wp\/v2\/pages\/2345\/revisions\/2347"}],"wp:attachment":[{"href":"https:\/\/wp.ufpel.edu.br\/matematicadiurno\/wp-json\/wp\/v2\/media?parent=2345"}],"curies":[{"name":"wp","href":"https:\/\/api.w.org\/{rel}","templated":true}]}}