{"id":2149,"date":"2022-08-03T11:18:32","date_gmt":"2022-08-03T14:18:32","guid":{"rendered":"https:\/\/wp.ufpel.edu.br\/matematicadiurno\/?page_id=2149"},"modified":"2022-08-03T11:22:33","modified_gmt":"2022-08-03T14:22:33","slug":"diploma-digital","status":"publish","type":"page","link":"https:\/\/wp.ufpel.edu.br\/matematicadiurno\/diploma-digital\/","title":{"rendered":"Diploma digital"},"content":{"rendered":"<p class=\"Texto_Justificado_Recuo_Primeira_Linha\" style=\"text-align: justify;\"><span style=\"color: #000000;\">Conforme o prazo disposto na Portaria MEC n\u00ba 1.001, de 08 de dezembro de 2021, que alterou o texto da Portaria MEC n\u00ba 554, de 11 de mar\u00e7o de 2019, as Institui\u00e7\u00f5es de Educa\u00e7\u00e3o Superior com prerrogativa de registro de diploma tiveram at\u00e9 o dia 31\/12\/2021 para implementar o diploma digital. Portanto, <strong>a partir de 01\/01\/2022, todos os diplomas de gradua\u00e7\u00e3o emitidos pela UFPEL s\u00e3o digitais, inclusive as segundas vias.<\/strong>\u00a0 <\/span><span style=\"color: #000000;\">Para acess\u00e1-lo, basta entrar em <b>Cobalto &gt;Alunos &gt; Consulta &gt; Diploma Digital.<\/b><\/span><\/p>\n<p style=\"text-align: justify;\"><span style=\"color: #000000;\">O egresso ter\u00e1 acesso a dois arquivos: XML, que cont\u00e9m c\u00f3digos e assinaturas eletr\u00f4nicas das autoridades da IES conforme as Instru\u00e7\u00f5es Normativas do MEC. Ele deve ser aberto dentro da p\u00e1gina do MEC, no endere\u00e7o <span style=\"color: #0000ff;\"><a style=\"color: #0000ff;\" href=\"https:\/\/validadordiplomadigital.mec.gov.br\/diploma\" target=\"_blank\" rel=\"noopener\" data-saferedirecturl=\"https:\/\/www.google.com\/url?q=https:\/\/validadordiplomadigital.mec.gov.br\/diploma&amp;source=gmail&amp;ust=1659619915230000&amp;usg=AOvVaw3BBB7wb6CIm9o6JlWX8HhF\">https:\/\/<wbr \/>validadordiplomadigital.mec.<wbr \/>gov.br\/diploma<\/a><\/span>\u00a0e esta a\u00e7\u00e3o ir\u00e1 retornar a conformidade das informa\u00e7\u00f5es contidas no XML; RVDD (Representa\u00e7\u00e3o Visual do Diploma Digital), um arquivo PDF que n\u00e3o tem valor jur\u00eddico e serve apenas para mostrar de forma mais clara e tradicional as informa\u00e7\u00f5es do diploma digital. Este arquivo cont\u00e9m no verso um QR Code que direciona para a p\u00e1gina da UFPEL onde \u00e9 poss\u00edvel fazer a verifica\u00e7\u00e3o da autenticidade do diploma. Abaixo do QR Code tamb\u00e9m consta o link para a mesma p\u00e1gina. <u>Para verificar a autenticidade, basta comparar o texto retornado na p\u00e1gina da UFPEL ou na p\u00e1gina do MEC\u00a0com as informa\u00e7\u00f5es que constam na RVDD. Se as informa\u00e7\u00f5es forem id\u00eanticas, o documento \u00e9 verdadeiro.<\/u><\/span><\/p>\n<p style=\"text-align: justify;\"><span style=\"color: #000000;\">A Portaria MEC 554\/2019 prev\u00ea que as IES podem cobrar uma taxa para a impress\u00e3o da RVDD em papel especial, com fins decorativos. Esta a\u00e7\u00e3o ainda est\u00e1 sendo estudada, mas no momento, n\u00e3o est\u00e1 sendo feita nenhuma impress\u00e3o de RVDD. Lembrando que a RVDD \u00e9 apenas figurativa, n\u00e3o tendo valor jur\u00eddico e portanto n\u00e3o constam assinaturas das autoridades na RVDD e nem constar\u00e3o. A RVDD est\u00e1 formatada com caracteres em preto sobre fundo transparente, para que o interessado possa fazer a impress\u00e3o no papel que achar adequado.<\/span><\/p>\n<p style=\"text-align: justify;\"><span style=\"color: #000000;\"><b>Ent\u00e3o, quando o egresso for apresentar o diploma para fins de comprova\u00e7\u00e3o da gradua\u00e7\u00e3o, deve apresentar fisicamente o arquivo RVDD, e o receptor, para verificar a autenticidade, deve acessar o QR Code ou copiar o link, colar no navegador e clicar em &#8220;validar diploma&#8221; &#8211; o link come\u00e7a com <span style=\"color: #0000ff;\"><a style=\"color: #0000ff;\" href=\"https:\/\/cobalto.ufpel.edu.br\/valida%C3%A7%C3%A3o\/dip.\" target=\"_blank\" rel=\"noopener\" data-saferedirecturl=\"https:\/\/www.google.com\/url?q=https:\/\/cobalto.ufpel.edu.br\/valida%25C3%25A7%25C3%25A3o\/dip.&amp;source=gmail&amp;ust=1659619915230000&amp;usg=AOvVaw0XQnCOIsb2eEihY-BSmZeT\">https:\/\/cobalto.ufpel.edu.br\/<wbr \/>valida\u00e7\u00e3o\/dip.<\/a>..<\/span> &#8211; ).<\/b><\/span><\/p>\n<p>&nbsp;<\/p>\n<p class=\"Texto_Justificado_Recuo_Primeira_Linha\" style=\"text-align: justify;\"><span style=\"color: #000000;\">Obs.: Os egressos que tiveram a expedi\u00e7\u00e3o do diploma at\u00e9 31\/12\/2021 ainda receber\u00e3o diplomas em papel. Esta distin\u00e7\u00e3o se fez em fun\u00e7\u00e3o da Portaria 554\/2019 tratar da emiss\u00e3o e registro do diploma e n\u00e3o do ato da cola\u00e7\u00e3o de grau. O marco temporal que distingue quem receber\u00e1 diploma em papel e quem receber\u00e1 o diploma digital \u00e9 a data da emiss\u00e3o do diploma ser posterior a 01\/01\/2022. Por isto, as segundas vias de diploma expedidas ap\u00f3s esta data ser\u00e3o diplomas digitais.<\/span><\/p>\n<p class=\"Texto_Justificado_Recuo_Primeira_Linha\" style=\"text-align: justify;\"><span style=\"color: #000000;\">Egressos que colaram grau em semestres anteriores e ficaram devendo documento para a expedi\u00e7\u00e3o do diploma receber\u00e3o diploma digital quando apresentarem o documento faltante no dossi\u00ea de\u00a0aluno.<\/span><\/p>\n<p class=\"Texto_Justificado_Recuo_Primeira_Linha\" style=\"text-align: justify;\"><span style=\"color: #000000;\">Egressos PEC-G continuar\u00e3o\u00a0recebendo todos os seus documentos em papel, na representa\u00e7\u00e3o consular do Brasil em seu pa\u00eds de origem.<\/span><\/p>\n","protected":false},"excerpt":{"rendered":"<p>Conforme o prazo disposto na Portaria MEC n\u00ba 1.001, de 08 de dezembro de 2021, que alterou o texto da Portaria MEC n\u00ba 554, de 11 de mar\u00e7o de 2019, as Institui\u00e7\u00f5es de Educa\u00e7\u00e3o Superior com prerrogativa de registro de diploma tiveram at\u00e9 o dia 31\/12\/2021 para implementar o diploma digital. Portanto, a partir de [&hellip;]<\/p>\n","protected":false},"author":752,"featured_media":0,"parent":0,"menu_order":0,"comment_status":"closed","ping_status":"closed","template":"","meta":{"jetpack_post_was_ever_published":false,"footnotes":""},"class_list":["post-2149","page","type-page","status-publish","hentry"],"jetpack_sharing_enabled":true,"jetpack_shortlink":"https:\/\/wp.me\/P7jT0y-yF","_links":{"self":[{"href":"https:\/\/wp.ufpel.edu.br\/matematicadiurno\/wp-json\/wp\/v2\/pages\/2149","targetHints":{"allow":["GET"]}}],"collection":[{"href":"https:\/\/wp.ufpel.edu.br\/matematicadiurno\/wp-json\/wp\/v2\/pages"}],"about":[{"href":"https:\/\/wp.ufpel.edu.br\/matematicadiurno\/wp-json\/wp\/v2\/types\/page"}],"author":[{"embeddable":true,"href":"https:\/\/wp.ufpel.edu.br\/matematicadiurno\/wp-json\/wp\/v2\/users\/752"}],"replies":[{"embeddable":true,"href":"https:\/\/wp.ufpel.edu.br\/matematicadiurno\/wp-json\/wp\/v2\/comments?post=2149"}],"version-history":[{"count":2,"href":"https:\/\/wp.ufpel.edu.br\/matematicadiurno\/wp-json\/wp\/v2\/pages\/2149\/revisions"}],"predecessor-version":[{"id":2156,"href":"https:\/\/wp.ufpel.edu.br\/matematicadiurno\/wp-json\/wp\/v2\/pages\/2149\/revisions\/2156"}],"wp:attachment":[{"href":"https:\/\/wp.ufpel.edu.br\/matematicadiurno\/wp-json\/wp\/v2\/media?parent=2149"}],"curies":[{"name":"wp","href":"https:\/\/api.w.org\/{rel}","templated":true}]}}