{"id":12,"date":"2014-12-10T19:12:44","date_gmt":"2014-12-10T21:12:44","guid":{"rendered":"https:\/\/wp.ufpel.edu.br\/matematicadiurno\/?page_id=12"},"modified":"2025-05-23T17:12:25","modified_gmt":"2025-05-23T20:12:25","slug":"contato","status":"publish","type":"page","link":"https:\/\/wp.ufpel.edu.br\/matematicadiurno\/contato\/","title":{"rendered":"Contato"},"content":{"rendered":"<address><span style=\"font-size: 14pt; font-family: times new roman, times, serif;\"><strong><span style=\"color: #000000;\">Curso de Licenciatura em Matem\u00e1tica<\/span><\/strong><\/span><br \/>\n<span style=\"color: #000000; font-size: 14pt; font-family: times new roman, times, serif;\"> <strong>Coordenador:<\/strong> Prof. C\u00edcero Nachtigall<\/span><\/address>\n<address><span style=\"font-size: 14pt; font-family: times new roman, times, serif;\"><span style=\"color: #000000;\"><strong>Secret\u00e1ria:<\/strong> Gl\u00e1ucia Potenza Soares<\/span><\/span><\/address>\n<address>\u00a0<\/address>\n<address><span style=\"color: #000000; font-size: 14pt; font-family: times new roman, times, serif;\"><strong>Telefone:<\/strong> (53) 3275 7375<\/span><\/address>\n<address><span style=\"color: #000000; font-size: 14pt; font-family: times new roman, times, serif;\"><strong>e-mail:<\/strong> colmatdiu@gmail.com<\/span><\/address>\n<address><span style=\"color: #000000; font-size: 14pt; font-family: times new roman, times, serif;\"><strong>Localiza\u00e7\u00e3o:<\/strong> sala 301, pr\u00e9dio 05 \u2013 Campus Cap\u00e3o do Le\u00e3o<\/span><\/address>\n<address><span style=\"font-size: 14pt; font-family: times new roman, times, serif;\"><strong><span style=\"color: #000000;\">facebook:<span style=\"color: #551e6b;\">\u00a0<\/span><span style=\"color: #7c0fdb;\"><a style=\"color: #7c0fdb;\" href=\"https:\/\/www.facebook.com\/Curso-de-Licenciatura-em-Matem%C3%A1tica-UFPel-1699342420307341\/\" target=\"_blank\" rel=\"noopener noreferrer\"><span style=\"color: #551e6b;\">Curso de Licenciatura em Matem\u00e1tica &#8211; UFPel<\/span><\/a><\/span><\/span> <\/strong><\/span><\/address>\n<address>\u00a0<\/address>\n<address>\u00a0<\/address>\n<address>\u00a0<\/address>\n<address><span style=\"color: #000000; font-family: times new roman, times, serif; font-size: 14pt;\"><strong>Hor\u00e1rio de Atendimento ao P\u00fablico:<\/strong><br \/>\n<\/span><\/address>\n<address>\u00a0<\/address>\n<p><strong><span style=\"color: #551e6b;\"><em>Segunda a Sexta-feira, das 8h \u00e0s 12h, das 13h \u00e0s 17h.<\/em><\/span><\/strong><\/p>\n","protected":false},"excerpt":{"rendered":"<p>Curso de Licenciatura em Matem\u00e1tica Coordenador: Prof. C\u00edcero Nachtigall Secret\u00e1ria: Gl\u00e1ucia Potenza Soares \u00a0 Telefone: (53) 3275 7375 e-mail: colmatdiu@gmail.com Localiza\u00e7\u00e3o: sala 301, pr\u00e9dio 05 \u2013 Campus Cap\u00e3o do Le\u00e3o facebook:\u00a0Curso de Licenciatura em Matem\u00e1tica &#8211; UFPel \u00a0 \u00a0 \u00a0 Hor\u00e1rio de Atendimento ao P\u00fablico: \u00a0 Segunda a Sexta-feira, das 8h \u00e0s 12h, das 13h [&hellip;]<\/p>\n","protected":false},"author":466,"featured_media":0,"parent":0,"menu_order":4,"comment_status":"closed","ping_status":"closed","template":"","meta":{"jetpack_post_was_ever_published":false,"footnotes":""},"class_list":["post-12","page","type-page","status-publish","hentry"],"jetpack_sharing_enabled":true,"jetpack_shortlink":"https:\/\/wp.me\/P7jT0y-c","_links":{"self":[{"href":"https:\/\/wp.ufpel.edu.br\/matematicadiurno\/wp-json\/wp\/v2\/pages\/12","targetHints":{"allow":["GET"]}}],"collection":[{"href":"https:\/\/wp.ufpel.edu.br\/matematicadiurno\/wp-json\/wp\/v2\/pages"}],"about":[{"href":"https:\/\/wp.ufpel.edu.br\/matematicadiurno\/wp-json\/wp\/v2\/types\/page"}],"author":[{"embeddable":true,"href":"https:\/\/wp.ufpel.edu.br\/matematicadiurno\/wp-json\/wp\/v2\/users\/466"}],"replies":[{"embeddable":true,"href":"https:\/\/wp.ufpel.edu.br\/matematicadiurno\/wp-json\/wp\/v2\/comments?post=12"}],"version-history":[{"count":21,"href":"https:\/\/wp.ufpel.edu.br\/matematicadiurno\/wp-json\/wp\/v2\/pages\/12\/revisions"}],"predecessor-version":[{"id":2335,"href":"https:\/\/wp.ufpel.edu.br\/matematicadiurno\/wp-json\/wp\/v2\/pages\/12\/revisions\/2335"}],"wp:attachment":[{"href":"https:\/\/wp.ufpel.edu.br\/matematicadiurno\/wp-json\/wp\/v2\/media?parent=12"}],"curies":[{"name":"wp","href":"https:\/\/api.w.org\/{rel}","templated":true}]}}