{"id":26,"date":"2019-03-11T10:22:46","date_gmt":"2019-03-11T13:22:46","guid":{"rendered":"https:\/\/wp.ufpel.edu.br\/marteagencia\/?page_id=26"},"modified":"2019-04-17T12:52:23","modified_gmt":"2019-04-17T15:52:23","slug":"sobre-marte","status":"publish","type":"page","link":"https:\/\/wp.ufpel.edu.br\/marteagencia\/sobre-marte\/","title":{"rendered":"Sobre Marte"},"content":{"rendered":"<div id=\"pl-26\"  class=\"panel-layout\" ><div id=\"pg-26-0\"  class=\"panel-grid panel-no-style\" ><div id=\"pgc-26-0-0\"  class=\"panel-grid-cell\" ><div id=\"panel-26-0-0-0\" class=\"so-panel widget widget_sow-editor panel-first-child panel-last-child\" data-index=\"0\" ><div\n\t\t\t\n\t\t\tclass=\"so-widget-sow-editor so-widget-sow-editor-base\"\n\t\t\t\n\t\t>\n<div class=\"siteorigin-widget-tinymce textwidget\">\n\t<p style=\"text-align: left\"><span style=\"font-family: helvetica, arial, sans-serif;font-size: 12pt\">A <strong>Marte Ag\u00eancia de Conte\u00fado<\/strong> \u00e9 um laborat\u00f3rio vinculado ao curso de Jornalismo da UFPel. <\/span><\/p>\n<p style=\"text-align: left\"><span style=\"font-family: helvetica, arial, sans-serif;font-size: 12pt\">O projeto de extens\u00e3o foi criado para desenvolver atividades pr\u00e1ticas voltadas \u00e0s \u00e1reas de assessoria de imprensa, marketing digital e produ\u00e7\u00e3o de conte\u00fado escrito e audiovisual. Com a pr\u00e1tica dos alunos volunt\u00e1rios, a ag\u00eancia fornecer\u00e1 servi\u00e7os de qualidade \u00e0 comunidade e capacitar\u00e1 os futuros jornalistas nas habilidades e compet\u00eancias exigidas pelo mercado no qual ser\u00e3o inseridos em breve.<\/span><\/p>\n<p style=\"text-align: left\"><span style=\"font-family: helvetica, arial, sans-serif;font-size: 12pt\"><span style=\"font-weight: 400\">Em uma defini\u00e7\u00e3o astrol\u00f3gica, o planeta Marte representa a for\u00e7a de vontade, a ambi\u00e7\u00e3o e a energia <\/span><span style=\"font-weight: 400\">que nos rege e nos move em busca de nossos sonhos. Al\u00e9m de ser s\u00edmbolo de <\/span><span style=\"font-weight: 400\">competitividade, Marte \u00e9 um planeta abundante em ferro, elemento bastante <\/span><span style=\"font-weight: 400\">energ\u00e9tico. Na origem romana, Marte \u00e9 filho de J\u00fapiter e Juno e \u00e9 considerado o deus da guerra.<\/span><\/span><\/p>\n<\/div>\n<\/div><\/div><\/div><div id=\"pgc-26-0-1\"  class=\"panel-grid-cell\" ><div id=\"panel-26-0-1-0\" class=\"so-panel widget widget_radio-widget federalfm panel-first-child panel-last-child\" data-index=\"1\" ><h3 class=\"widget-title\">R\u00e1dio Federal FM<\/h3>\t\t<div class=\"federalfm-conteudo\">\n\t\t\t<div class=\"federalfm-popup\"><a href=\"#\" onClick=\"window.open('https:\/\/wp.ufpel.edu.br\/marteagencia\/wp-content\/plugins\/widgets-ufpel\/radio\/player.php','','toolbar=no,location=no,directories=no,status=no,menubar=no,scrollbars=no,resizable=no,width=500,height=180'); return false;\">Abrir em uma nova janela <span class=\"dashicons dashicons-external\"><\/span><\/a><\/div>\n\t\t\t<div id=\"jquery_jplayer_1\" class=\"jp-jplayer\"><\/div>\n\t\t\t<div id=\"jp_container_1\" class=\"jp-audio\" role=\"application\" aria-label=\"media player\">\n\t\t\t\t<div class=\"jp-type-single\">\n\t\t\t\t\t<div class=\"jp-gui jp-interface\">\n\t\t\t\t\t\t<div class=\"jp-controls\">\n\t\t\t\t\t\t\t<button class=\"jp-play dashicons dashicons-controls-play\" role=\"button\" tabindex=\"0\"><\/button>\n\t\t\t\t\t\t<\/div>\n\t\t\t\t\t\t<div class=\"jp-volume-controls\" style=\"left: 110px;\">\n\t\t\t\t\t\t\t<button class=\"jp-mute dashicons dashicons-controls-volumeoff\" role=\"button\" tabindex=\"0\"><\/button>\n\t\t\t\t\t\t\t<div class=\"jp-volume-bar\">\n\t\t\t\t\t\t\t\t<div class=\"jp-volume-bar-value\"><\/div>\n\t\t\t\t\t\t\t<\/div>\n\t\t\t\t\t\t\t<button class=\"jp-volume-max dashicons dashicons-controls-volumeon\" role=\"button\" tabindex=\"0\"><\/button>\n\t\t\t\t\t\t<\/div>\n\t\t\t\t\t<\/div>\n\t\t\t\t\t<div class=\"jp-no-solution\">\n\t\t\t\t\t\tNavegador n\u00e3o possui suporte para este fluxo de \u00e1udio.\t\t\t\t\t<\/div>\n\t\t\t\t<\/div>\n\t\t\t<\/div>\n\t\t\t<div id=\"metadata\" class=\"federalfm-metadata\">\n\t\t\t<\/div>\n\n\t\t\t<div class=\"federalfm-info\">\n\t\t\t\t<a href=\"https:\/\/federalfm.ufpel.edu.br\" target=\"_blank\">Acesse o site da R\u00e1dio<\/a>\n\t\t\t<\/div>\n\t\t<\/div>\n\n<\/div><\/div><\/div><\/div>","protected":false},"excerpt":{"rendered":"<p>A Marte Ag\u00eancia de Conte\u00fado \u00e9 um laborat\u00f3rio vinculado ao curso de Jornalismo da UFPel. O projeto de extens\u00e3o foi criado para desenvolver atividades pr\u00e1ticas voltadas \u00e0s \u00e1reas de assessoria de imprensa, marketing digital e produ\u00e7\u00e3o de conte\u00fado escrito e audiovisual. Com a pr\u00e1tica dos alunos volunt\u00e1rios, a ag\u00eancia fornecer\u00e1 servi\u00e7os de qualidade \u00e0 comunidade [&hellip;]<\/p>\n","protected":false},"author":906,"featured_media":0,"parent":0,"menu_order":0,"comment_status":"closed","ping_status":"closed","template":"","meta":{"footnotes":""},"class_list":["post-26","page","type-page","status-publish","hentry","post"],"_links":{"self":[{"href":"https:\/\/wp.ufpel.edu.br\/marteagencia\/wp-json\/wp\/v2\/pages\/26","targetHints":{"allow":["GET"]}}],"collection":[{"href":"https:\/\/wp.ufpel.edu.br\/marteagencia\/wp-json\/wp\/v2\/pages"}],"about":[{"href":"https:\/\/wp.ufpel.edu.br\/marteagencia\/wp-json\/wp\/v2\/types\/page"}],"author":[{"embeddable":true,"href":"https:\/\/wp.ufpel.edu.br\/marteagencia\/wp-json\/wp\/v2\/users\/906"}],"replies":[{"embeddable":true,"href":"https:\/\/wp.ufpel.edu.br\/marteagencia\/wp-json\/wp\/v2\/comments?post=26"}],"version-history":[{"count":7,"href":"https:\/\/wp.ufpel.edu.br\/marteagencia\/wp-json\/wp\/v2\/pages\/26\/revisions"}],"predecessor-version":[{"id":214,"href":"https:\/\/wp.ufpel.edu.br\/marteagencia\/wp-json\/wp\/v2\/pages\/26\/revisions\/214"}],"wp:attachment":[{"href":"https:\/\/wp.ufpel.edu.br\/marteagencia\/wp-json\/wp\/v2\/media?parent=26"}],"curies":[{"name":"wp","href":"https:\/\/api.w.org\/{rel}","templated":true}]}}