{"id":188,"date":"2019-04-16T10:54:20","date_gmt":"2019-04-16T13:54:20","guid":{"rendered":"https:\/\/wp.ufpel.edu.br\/marteagencia\/?page_id=188"},"modified":"2019-11-14T14:19:56","modified_gmt":"2019-11-14T17:19:56","slug":"blog","status":"publish","type":"page","link":"https:\/\/wp.ufpel.edu.br\/marteagencia\/blog\/","title":{"rendered":"Blog"},"content":{"rendered":"<div id=\"pl-188\"  class=\"panel-layout\" ><div id=\"pg-188-0\"  class=\"panel-grid panel-no-style\" ><div id=\"pgc-188-0-0\"  class=\"panel-grid-cell\" ><div id=\"panel-188-0-0-0\" class=\"so-panel widget widget_manchete-ufpel manchete-widget panel-first-child panel-last-child\" data-index=\"0\" ><h3 class=\"widget-title\">\u00daltimas not\u00edcias:<\/h3>\n\t\t\t<div class=\"manchete-conteudo\">\n\t\t\t\t<a href=\"https:\/\/wp.ufpel.edu.br\/marteagencia\/dia-da-criatividade\/\" class=\"corTexto\">Dia da Criatividade<\/a>\n\t\t\t<\/div>\n\n<\/div><\/div><div id=\"pgc-188-0-1\"  class=\"panel-grid-cell\" ><div id=\"panel-188-0-1-0\" class=\"so-panel widget widget_radio-widget federalfm panel-first-child panel-last-child\" data-index=\"1\" ><h3 class=\"widget-title\">R\u00e1dio Federal FM<\/h3>\t\t<div class=\"federalfm-conteudo\">\n\t\t\t<div class=\"federalfm-popup\"><a href=\"#\" onClick=\"window.open('https:\/\/wp.ufpel.edu.br\/marteagencia\/wp-content\/plugins\/widgets-ufpel\/radio\/player.php','','toolbar=no,location=no,directories=no,status=no,menubar=no,scrollbars=no,resizable=no,width=500,height=180'); return false;\">Abrir em uma nova janela <span class=\"dashicons dashicons-external\"><\/span><\/a><\/div>\n\t\t\t<div id=\"jquery_jplayer_1\" class=\"jp-jplayer\"><\/div>\n\t\t\t<div id=\"jp_container_1\" class=\"jp-audio\" role=\"application\" aria-label=\"media player\">\n\t\t\t\t<div class=\"jp-type-single\">\n\t\t\t\t\t<div class=\"jp-gui jp-interface\">\n\t\t\t\t\t\t<div class=\"jp-controls\">\n\t\t\t\t\t\t\t<button class=\"jp-play dashicons dashicons-controls-play\" role=\"button\" tabindex=\"0\"><\/button>\n\t\t\t\t\t\t<\/div>\n\t\t\t\t\t\t<div class=\"jp-volume-controls\" style=\"left: 110px;\">\n\t\t\t\t\t\t\t<button class=\"jp-mute dashicons dashicons-controls-volumeoff\" role=\"button\" tabindex=\"0\"><\/button>\n\t\t\t\t\t\t\t<div class=\"jp-volume-bar\">\n\t\t\t\t\t\t\t\t<div class=\"jp-volume-bar-value\"><\/div>\n\t\t\t\t\t\t\t<\/div>\n\t\t\t\t\t\t\t<button class=\"jp-volume-max dashicons dashicons-controls-volumeon\" role=\"button\" tabindex=\"0\"><\/button>\n\t\t\t\t\t\t<\/div>\n\t\t\t\t\t<\/div>\n\t\t\t\t\t<div class=\"jp-no-solution\">\n\t\t\t\t\t\tNavegador n\u00e3o possui suporte para este fluxo de \u00e1udio.\t\t\t\t\t<\/div>\n\t\t\t\t<\/div>\n\t\t\t<\/div>\n\t\t\t<div id=\"metadata\" class=\"federalfm-metadata\">\n\t\t\t<\/div>\n\n\t\t\t<div class=\"federalfm-info\">\n\t\t\t\t<a href=\"https:\/\/federalfm.ufpel.edu.br\" target=\"_blank\">Acesse o site da R\u00e1dio<\/a>\n\t\t\t<\/div>\n\t\t<\/div>\n\n<\/div><\/div><\/div><div id=\"pg-188-1\"  class=\"panel-grid panel-no-style\" ><div id=\"pgc-188-1-0\"  class=\"panel-grid-cell panel-grid-cell-mobile-last\" ><div id=\"panel-188-1-0-0\" class=\"so-panel widget widget_siteorigin-panels-builder panel-first-child panel-last-child\" data-index=\"2\" ><div id=\"pl-w5dcd8cbcbc67d\"  class=\"panel-layout\" ><div id=\"pg-w5dcd8cbcbc67d-0\"  class=\"panel-grid panel-no-style\" ><div id=\"pgc-w5dcd8cbcbc67d-0-0\"  class=\"panel-grid-cell\" ><div id=\"panel-w5dcd8cbcbc67d-0-0-0\" class=\"so-panel widget widget_siteorigin-panels-postloop panel-first-child panel-last-child\" data-index=\"0\" >\n\t<div id=\"vantage-grid-loop\" class=\"vantage-grid-loop grid-loop-columns-4\">\n\t\t\t\t\t<article class=\"grid-post post-479 post type-post status-publish format-standard has-post-thumbnail hentry category-noticias post-with-thumbnail post-with-thumbnail-large\">\n\n\t\t\t\t\t\t\t\t\t<a class=\"grid-thumbnail\" href=\"https:\/\/wp.ufpel.edu.br\/marteagencia\/vamos-falar-sobre-saude-mental\/\">\n\t\t\t\t\t\t<img loading=\"lazy\" decoding=\"async\" width=\"436\" height=\"272\" src=\"https:\/\/wp.ufpel.edu.br\/marteagencia\/files\/2022\/10\/WhatsApp-Image-2022-10-06-at-20.09.48-436x272.jpeg\" class=\"attachment-vantage-grid-loop size-vantage-grid-loop wp-post-image\" alt=\"\" \/>\t\t\t\t\t<\/a>\n\t\t\t\t\n\t\t\t\t<h3><a href=\"https:\/\/wp.ufpel.edu.br\/marteagencia\/vamos-falar-sobre-saude-mental\/\">Vamos falar sobre sa\u00fade mental?!<\/a><\/h3>\n\t\t\t\t<div class=\"excerpt\"><p>-por Deborah Fran\u00e7a Embora o Setembro Amarelo j\u00e1 tenha sa\u00eddo da pauta, o assunto sobre a nossa sa\u00fade mental, \u00e9 sempre importante. De acordo com a OMS (Organiza\u00e7\u00e3o Mundial da Sa\u00fade), sa\u00fade mental \u00e9 um estado de bem-estar no qual o indiv\u00edduo \u00e9 capaz de usar suas pr\u00f3prias habilidades, recuperar-se do estresse rotineiro, ser produtivo [&hellip;]<\/p>\n<\/div>\n\t\t\t\t\t\t\t\t\t\t\t<\/article>\n\t\t\t\t\t\t<article class=\"grid-post post-474 post type-post status-publish format-standard has-post-thumbnail hentry category-noticias post-with-thumbnail post-with-thumbnail-large\">\n\n\t\t\t\t\t\t\t\t\t<a class=\"grid-thumbnail\" href=\"https:\/\/wp.ufpel.edu.br\/marteagencia\/dia-do-acesso-universal-a-informacao\/\">\n\t\t\t\t\t\t<img loading=\"lazy\" decoding=\"async\" width=\"436\" height=\"272\" src=\"https:\/\/wp.ufpel.edu.br\/marteagencia\/files\/2022\/09\/WhatsApp-Image-2022-09-26-at-23.52.28-436x272.jpeg\" class=\"attachment-vantage-grid-loop size-vantage-grid-loop wp-post-image\" alt=\"\" \/>\t\t\t\t\t<\/a>\n\t\t\t\t\n\t\t\t\t<h3><a href=\"https:\/\/wp.ufpel.edu.br\/marteagencia\/dia-do-acesso-universal-a-informacao\/\">Dia do Acesso Universal \u00e0 Informa\u00e7\u00e3o<\/a><\/h3>\n\t\t\t\t<div class=\"excerpt\"><p>&#8211;por Martha Cristina Melo No ano de 2015, a UNESCO (Organiza\u00e7\u00e3o das Na\u00e7\u00f5es Unidas para a Educa\u00e7\u00e3o, Ci\u00eancia e Cultura) instituiu o dia 28 de setembro como o Dia Internacional do Acesso Universal \u00e0 informa\u00e7\u00e3o. Ainda assim, o acesso \u00e0 informa\u00e7\u00e3o p\u00fablica \u00e9 garantido pelo Estado como direito constitucional de todo cidad\u00e3o desde 2011!\u00a0 A [&hellip;]<\/p>\n<\/div>\n\t\t\t\t\t\t\t\t\t\t\t<\/article>\n\t\t\t\t\t\t<article class=\"grid-post post-470 post type-post status-publish format-standard has-post-thumbnail hentry category-noticias post-with-thumbnail post-with-thumbnail-large\">\n\n\t\t\t\t\t\t\t\t\t<a class=\"grid-thumbnail\" href=\"https:\/\/wp.ufpel.edu.br\/marteagencia\/venha-fazer-parte-da-equipe-da-marte\/\">\n\t\t\t\t\t\t<img loading=\"lazy\" decoding=\"async\" width=\"436\" height=\"272\" src=\"https:\/\/wp.ufpel.edu.br\/marteagencia\/files\/2019\/04\/slider-com-logo-e1555423240101-436x272.png\" class=\"attachment-vantage-grid-loop size-vantage-grid-loop wp-post-image\" alt=\"\" \/>\t\t\t\t\t<\/a>\n\t\t\t\t\n\t\t\t\t<h3><a href=\"https:\/\/wp.ufpel.edu.br\/marteagencia\/venha-fazer-parte-da-equipe-da-marte\/\">Venha fazer parte da equipe da MARTE<\/a><\/h3>\n\t\t\t\t<div class=\"excerpt\"><p>Voltamos com novidades: estamos com vaga na nossa equipe. Se voc\u00ea \u00e9 estudante e apaixonado por reda\u00e7\u00e3o, arte e assessoria junte-se a n\u00f3s e seja um membro da Marte! Aqui voc\u00ea poder\u00e1 adquirir experi\u00eancias, trocas, e \u00e9 claro, horas para o Cobalto como projeto de extens\u00e3o. Nossa rotina \u00e9 baseada em aprender na pr\u00e1tica e [&hellip;]<\/p>\n<\/div>\n\t\t\t\t\t\t\t\t\t\t\t<\/article>\n\t\t\t\t\t\t<article class=\"grid-post post-466 post type-post status-publish format-standard has-post-thumbnail hentry category-noticias post-with-thumbnail post-with-thumbnail-large\">\n\n\t\t\t\t\t\t\t\t\t<a class=\"grid-thumbnail\" href=\"https:\/\/wp.ufpel.edu.br\/marteagencia\/hoje-dia-17-de-maio-e-comemorado-o-dia-internacional-da-comunicacao-e-da-telecomunicacao-voce-ja-conhece-o-motivo-da-escolha-dessa-data\/\">\n\t\t\t\t\t\t<img loading=\"lazy\" decoding=\"async\" width=\"436\" height=\"272\" src=\"https:\/\/wp.ufpel.edu.br\/marteagencia\/files\/2022\/05\/WhatsApp-Image-2022-05-16-at-14.07.28-436x272.jpeg\" class=\"attachment-vantage-grid-loop size-vantage-grid-loop wp-post-image\" alt=\"\" \/>\t\t\t\t\t<\/a>\n\t\t\t\t\n\t\t\t\t<h3><a href=\"https:\/\/wp.ufpel.edu.br\/marteagencia\/hoje-dia-17-de-maio-e-comemorado-o-dia-internacional-da-comunicacao-e-da-telecomunicacao-voce-ja-conhece-o-motivo-da-escolha-dessa-data\/\">Hoje, dia 17 de maio, \u00e9 comemorado o Dia Internacional da Comunica\u00e7\u00e3o e da Telecomunica\u00e7\u00e3o. Voc\u00ea j\u00e1 conhece o motivo da escolha dessa data?<\/a><\/h3>\n\t\t\t\t<div class=\"excerpt\"><p>Em 17 de maio de 1865, a ONU &#8211; Organiza\u00e7\u00e3o das Na\u00e7\u00f5es Unidas, criou a Uni\u00e3o Internacional das Telecomunica\u00e7\u00f5es (UIT), ag\u00eancia especializada em tecnologias de informa\u00e7\u00e3o e comunica\u00e7\u00e3o. Em um primeiro momento, a unidade foi chamada de Uni\u00e3o Internacional de Telegrafia, uma vez que seu principal objetivo consistia na regulamenta\u00e7\u00e3o do uso universal do tel\u00e9grafo. [&hellip;]<\/p>\n<\/div>\n\t\t\t\t\t\t\t\t\t\t\t<\/article>\n\t\t\t\t\t\t\t<div class=\"clear\"><\/div>\n\t\t\t\t\t\t\t<article class=\"grid-post post-463 post type-post status-publish format-standard has-post-thumbnail hentry category-noticias post-with-thumbnail post-with-thumbnail-large\">\n\n\t\t\t\t\t\t\t\t\t<a class=\"grid-thumbnail\" href=\"https:\/\/wp.ufpel.edu.br\/marteagencia\/seria-a-volta-da-nossa-atletica\/\">\n\t\t\t\t\t\t<img loading=\"lazy\" decoding=\"async\" width=\"436\" height=\"272\" src=\"https:\/\/wp.ufpel.edu.br\/marteagencia\/files\/2022\/05\/WhatsApp-Image-2022-05-12-at-18.12.54-436x272.jpeg\" class=\"attachment-vantage-grid-loop size-vantage-grid-loop wp-post-image\" alt=\"\" \/>\t\t\t\t\t<\/a>\n\t\t\t\t\n\t\t\t\t<h3><a href=\"https:\/\/wp.ufpel.edu.br\/marteagencia\/seria-a-volta-da-nossa-atletica\/\">Seria a volta da nossa atl\u00e9tica?!<\/a><\/h3>\n\t\t\t\t<div class=\"excerpt\"><p>Devido a pandemia, a Atl\u00e9tica do curso de Jornalismo da UFPel acabou ficando desativada durante o per\u00edodo de 2020- 2021. Por\u00e9m, ap\u00f3s a confirma\u00e7\u00e3o da volta \u00e0s aulas presenciais no segundo semestre de 2022, os alunos do curso come\u00e7aram um movimento de reintegra\u00e7\u00e3o para a volta das atividades.\u00a0 A mobiliza\u00e7\u00e3o est\u00e1 acontecendo atrav\u00e9s das redes [&hellip;]<\/p>\n<\/div>\n\t\t\t\t\t\t\t\t\t\t\t<\/article>\n\t\t\t\t\t\t<article class=\"grid-post post-458 post type-post status-publish format-standard has-post-thumbnail hentry category-noticias post-with-thumbnail post-with-thumbnail-large\">\n\n\t\t\t\t\t\t\t\t\t<a class=\"grid-thumbnail\" href=\"https:\/\/wp.ufpel.edu.br\/marteagencia\/dia-mundial-da-criatividade-e-inovacao-qual-a-importancia-dessas-habilidades-dentro-de-uma-empresa\/\">\n\t\t\t\t\t\t<img loading=\"lazy\" decoding=\"async\" width=\"436\" height=\"272\" src=\"https:\/\/wp.ufpel.edu.br\/marteagencia\/files\/2022\/04\/stories-Post-para-Instagram-436x272.png\" class=\"attachment-vantage-grid-loop size-vantage-grid-loop wp-post-image\" alt=\"\" \/>\t\t\t\t\t<\/a>\n\t\t\t\t\n\t\t\t\t<h3><a href=\"https:\/\/wp.ufpel.edu.br\/marteagencia\/dia-mundial-da-criatividade-e-inovacao-qual-a-importancia-dessas-habilidades-dentro-de-uma-empresa\/\">Dia Mundial da Criatividade e Inova\u00e7\u00e3o: qual a import\u00e2ncia dessas habilidades dentro de uma empresa?<\/a><\/h3>\n\t\t\t\t<div class=\"excerpt\"><p>&nbsp; Por Hela\u00edne Fagundes &nbsp; O dia 21 de abril \u00e9 lembrado como o Dia Mundial da Criatividade e Inova\u00e7\u00e3o, tamb\u00e9m chamado de World Creativity Day. A data foi pensada pelo brasileiro Lucas Foster no ano de 2014, por\u00e9m apenas em 2017 foi estabelecida, atrav\u00e9s da Resolu\u00e7\u00e3o 71\/284 da Assembleia Geral das Na\u00e7\u00f5es Unidas. O [&hellip;]<\/p>\n<\/div>\n\t\t\t\t\t\t\t\t\t\t\t<\/article>\n\t\t\t\t\t\t<article class=\"grid-post post-454 post type-post status-publish format-standard has-post-thumbnail hentry category-noticias post-with-thumbnail post-with-thumbnail-large\">\n\n\t\t\t\t\t\t\t\t\t<a class=\"grid-thumbnail\" href=\"https:\/\/wp.ufpel.edu.br\/marteagencia\/dia-da-consciencia-negra-historia-mercado-de-trabalho-educacao-e-luta-diaria\/\">\n\t\t\t\t\t\t<img loading=\"lazy\" decoding=\"async\" width=\"436\" height=\"272\" src=\"https:\/\/wp.ufpel.edu.br\/marteagencia\/files\/2021\/11\/WhatsApp-Image-2021-11-12-at-12.59.34-436x272.jpeg\" class=\"attachment-vantage-grid-loop size-vantage-grid-loop wp-post-image\" alt=\"\" \/>\t\t\t\t\t<\/a>\n\t\t\t\t\n\t\t\t\t<h3><a href=\"https:\/\/wp.ufpel.edu.br\/marteagencia\/dia-da-consciencia-negra-historia-mercado-de-trabalho-educacao-e-luta-diaria\/\">Dia da Consci\u00eancia Negra: hist\u00f3ria, mercado de trabalho, educa\u00e7\u00e3o e luta di\u00e1ria<\/a><\/h3>\n\t\t\t\t<div class=\"excerpt\"><p>-por Marisa Campos\u00a0 O 20 de novembro marca o Dia da Consci\u00eancia Negra no Brasil, a data foi escolhida por coincidir com o dia da morte de Zumbi dos Palmares, grande l\u00edder Quilombola refer\u00eancia at\u00e9 hoje para a cultura e o movimento negro. O dia foi constitu\u00eddo pela Lei n\u00ba 12 519, de 10 de [&hellip;]<\/p>\n<\/div>\n\t\t\t\t\t\t\t\t\t\t\t<\/article>\n\t\t\t\t\t\t<article class=\"grid-post post-443 post type-post status-publish format-standard has-post-thumbnail hentry category-noticias post-with-thumbnail post-with-thumbnail-large\">\n\n\t\t\t\t\t\t\t\t\t<a class=\"grid-thumbnail\" href=\"https:\/\/wp.ufpel.edu.br\/marteagencia\/as-mulheres-e-os-cargos-de-lideranca-na-comunicacao-corporativa\/\">\n\t\t\t\t\t\t<img loading=\"lazy\" decoding=\"async\" width=\"436\" height=\"272\" src=\"https:\/\/wp.ufpel.edu.br\/marteagencia\/files\/2021\/10\/WhatsApp-Image-2021-10-29-at-08.54.35-436x272.jpeg\" class=\"attachment-vantage-grid-loop size-vantage-grid-loop wp-post-image\" alt=\"\" \/>\t\t\t\t\t<\/a>\n\t\t\t\t\n\t\t\t\t<h3><a href=\"https:\/\/wp.ufpel.edu.br\/marteagencia\/as-mulheres-e-os-cargos-de-lideranca-na-comunicacao-corporativa\/\">As mulheres e os cargos de lideran\u00e7a na comunica\u00e7\u00e3o corporativa<\/a><\/h3>\n\t\t\t\t<div class=\"excerpt\"><p>-Texto Eduarda Saraiva De acordo com uma pesquisa divulgada pelo IBGE (Instituto Brasileiro de Geografia e Estat\u00edstica), em 2019 as mulheres representavam cerca de 54,5% da for\u00e7a de trabalho no Brasil e apenas 37,4% dos cargos gerenciais. Apesar de terem mais anos de estudo e uma maior frequ\u00eancia escolar, as mulheres ainda recebiam 77,7% dos [&hellip;]<\/p>\n<\/div>\n\t\t\t\t\t\t\t\t\t\t\t<\/article>\n\t\t\t\t\t\t\t<div class=\"clear\"><\/div>\n\t\t\t\t\t\t\t<article class=\"grid-post post-440 post type-post status-publish format-standard has-post-thumbnail hentry category-noticias post-with-thumbnail post-with-thumbnail-large\">\n\n\t\t\t\t\t\t\t\t\t<a class=\"grid-thumbnail\" href=\"https:\/\/wp.ufpel.edu.br\/marteagencia\/epoca-de-fake-news-a-importancia-de-se-proteger-delas-e-buscar-informacoes-confiaveis\/\">\n\t\t\t\t\t\t<img loading=\"lazy\" decoding=\"async\" width=\"436\" height=\"272\" src=\"https:\/\/wp.ufpel.edu.br\/marteagencia\/files\/2021\/10\/WhatsApp-Image-2021-10-15-at-17.55.29-436x272.jpeg\" class=\"attachment-vantage-grid-loop size-vantage-grid-loop wp-post-image\" alt=\"\" \/>\t\t\t\t\t<\/a>\n\t\t\t\t\n\t\t\t\t<h3><a href=\"https:\/\/wp.ufpel.edu.br\/marteagencia\/epoca-de-fake-news-a-importancia-de-se-proteger-delas-e-buscar-informacoes-confiaveis\/\">\u00c9poca de Fake News &#8211; A import\u00e2ncia de se proteger delas e buscar informa\u00e7\u00f5es confi\u00e1veis<\/a><\/h3>\n\t\t\t\t<div class=\"excerpt\"><p>Voc\u00ea com certeza j\u00e1 ouviu falar em \u201cfake news\u201d, uma pr\u00e1tica antiga, surgindo h\u00e1 centenas de anos atr\u00e1s. Por\u00e9m, com o advento da Internet, o termo em si tornou-se muito comum, inclusive a partir das \u00faltimas elei\u00e7\u00f5es aqui no Brasil. Al\u00e9m de causarem confus\u00e3o e desinforma\u00e7\u00e3o, os atos de criar e espalhar informa\u00e7\u00f5es falsas podem [&hellip;]<\/p>\n<\/div>\n\t\t\t\t\t\t\t\t\t\t\t<\/article>\n\t\t\t\t\t\t<article class=\"grid-post post-435 post type-post status-publish format-standard hentry category-noticias\">\n\n\t\t\t\t\n\t\t\t\t<h3><a href=\"https:\/\/wp.ufpel.edu.br\/marteagencia\/no-dia-15-de-outubro-e-comemorado-o-dia-do-professor-mas-voce-sabe-a-historia-desta-data\/\">No dia 15 de outubro \u00e9 comemorado o Dia do Professor, mas voc\u00ea sabe a hist\u00f3ria desta data?<\/a><\/h3>\n\t\t\t\t<div class=\"excerpt\"><p>-Texto Rafaela Stark Durante o Per\u00edodo Imperial, Dom Pedro I emitiu um decreto sobre o Ensino Elementar, com o intuito de regularizar o estudo b\u00e1sico no Brasil. A lei decretada em 15 de outubro de 1827 foi considerada de suma import\u00e2ncia para a educa\u00e7\u00e3o no pa\u00eds, pois a mesma garantia escolas em todas as cidades [&hellip;]<\/p>\n<\/div>\n\t\t\t\t\t\t\t\t\t\t\t<\/article>\n\t\t\t\t<\/div>\n\n\t\t\t<nav id=\"nav-below\" class=\"site-navigation paging-navigation\">\n\t\t\t<h2 class=\"assistive-text\">Navega\u00e7\u00e3o de posts<\/h2>\n\n\t\t\t<div class='pagination'><span aria-current=\"page\" class=\"page-numbers current\">1<\/span>\n<a class=\"page-numbers\" href=\"https:\/\/wp.ufpel.edu.br\/marteagencia\/wp-json\/wp\/v2\/pages\/188\/page\/2\/\">2<\/a>\n<a class=\"page-numbers\" href=\"https:\/\/wp.ufpel.edu.br\/marteagencia\/wp-json\/wp\/v2\/pages\/188\/page\/3\/\">3<\/a>\n<a class=\"next page-numbers\" href=\"https:\/\/wp.ufpel.edu.br\/marteagencia\/wp-json\/wp\/v2\/pages\/188\/page\/2\/\">Pr\u00f3ximo &raquo;<\/a><\/div>\n\n\t\t<\/nav><!-- #nav-below -->\n\t\t<\/div><\/div><\/div><\/div><\/div><\/div><div id=\"pgc-188-1-1\"  class=\"panel-grid-cell panel-grid-cell-empty\" ><\/div><\/div><\/div>","protected":false},"excerpt":{"rendered":"","protected":false},"author":906,"featured_media":0,"parent":0,"menu_order":0,"comment_status":"closed","ping_status":"closed","template":"templates\/template-full.php","meta":{"footnotes":""},"class_list":["post-188","page","type-page","status-publish","hentry","post"],"_links":{"self":[{"href":"https:\/\/wp.ufpel.edu.br\/marteagencia\/wp-json\/wp\/v2\/pages\/188","targetHints":{"allow":["GET"]}}],"collection":[{"href":"https:\/\/wp.ufpel.edu.br\/marteagencia\/wp-json\/wp\/v2\/pages"}],"about":[{"href":"https:\/\/wp.ufpel.edu.br\/marteagencia\/wp-json\/wp\/v2\/types\/page"}],"author":[{"embeddable":true,"href":"https:\/\/wp.ufpel.edu.br\/marteagencia\/wp-json\/wp\/v2\/users\/906"}],"replies":[{"embeddable":true,"href":"https:\/\/wp.ufpel.edu.br\/marteagencia\/wp-json\/wp\/v2\/comments?post=188"}],"version-history":[{"count":12,"href":"https:\/\/wp.ufpel.edu.br\/marteagencia\/wp-json\/wp\/v2\/pages\/188\/revisions"}],"predecessor-version":[{"id":363,"href":"https:\/\/wp.ufpel.edu.br\/marteagencia\/wp-json\/wp\/v2\/pages\/188\/revisions\/363"}],"wp:attachment":[{"href":"https:\/\/wp.ufpel.edu.br\/marteagencia\/wp-json\/wp\/v2\/media?parent=188"}],"curies":[{"name":"wp","href":"https:\/\/api.w.org\/{rel}","templated":true}]}}