{"id":170,"date":"2019-04-15T20:52:10","date_gmt":"2019-04-15T23:52:10","guid":{"rendered":"https:\/\/wp.ufpel.edu.br\/marteagencia\/pagina-inicial\/"},"modified":"2019-11-14T14:21:34","modified_gmt":"2019-11-14T17:21:34","slug":"pagina-inicial","status":"publish","type":"page","link":"https:\/\/wp.ufpel.edu.br\/marteagencia\/","title":{"rendered":"P\u00e1gina Inicial"},"content":{"rendered":"<div id=\"pl-170\"  class=\"panel-layout\" ><div id=\"pg-170-0\"  class=\"panel-grid panel-no-style\" ><div id=\"pgc-170-0-0\"  class=\"panel-grid-cell\" ><div id=\"panel-170-0-0-0\" class=\"so-panel widget widget_circleicon-widget panel-first-child panel-last-child\" data-index=\"0\" >\t\t<div class=\"circle-icon-box circle-icon-position-top circle-icon-hide-box circle-icon-size-medium \">\n\t\t\t\t\t\t\t<div class=\"circle-icon-wrapper\">\n\t\t\t\t\t\t\t\t\t\t<div class=\"circle-icon\" >\n\t\t\t\t\t\t\t\t\t\t\t\t\t<div\n\t\t\t\t\t\t\t\tclass=\"fa fa-align-justify\"\n\t\t\t\t\t\t\t\t\t\t\t\t\t\t\t><\/div>\n\t\t\t\t\t\t\t\t\t\t\t<\/div>\n\t\t\t\t\t\t\t\t\t<\/div>\n\t\t\t\n\t\t\t\t\t\t\t\t\t\t<h4 >\n\t\t\t\t\tQuem somos\t\t\t\t<\/h4>\n\t\t\t\t\t\t\n\t\t\t\t\t\t\t<p class=\"text\" >\n\t\t\t\tBem-vindo ao site da Marte Ag\u00eancia de Conte\u00fado. Saiba mais sobre nossa proposta na p\u00e1gina de descri\u00e7\u00e3o.\t\t\t<\/p>\n\t\t\t\t\t\t\t\t\t\t<a\n\t\t\t\t\thref=\"https:\/\/wp.ufpel.edu.br\/marteagencia\/sobre-marte\/\"\n\t\t\t\t\tclass=\"more-button\"\n\t\t\t\t\t\t\t\t\t>\n\t\t\t\t\tAcesse\t\t\t\t\t<i><\/i>\n\t\t\t\t<\/a>\n\t\t\t\t\t<\/div>\n\t\t<\/div><\/div><div id=\"pgc-170-0-1\"  class=\"panel-grid-cell\" ><div id=\"panel-170-0-1-0\" class=\"so-panel widget widget_circleicon-widget panel-first-child panel-last-child\" data-index=\"1\" >\t\t<div class=\"circle-icon-box circle-icon-position-top circle-icon-hide-box circle-icon-size-medium \">\n\t\t\t\t\t\t\t<div class=\"circle-icon-wrapper\">\n\t\t\t\t\t\t\t\t\t\t<div class=\"circle-icon\" >\n\t\t\t\t\t\t\t\t\t\t\t\t\t<div\n\t\t\t\t\t\t\t\tclass=\"fa fa-file-text-o\"\n\t\t\t\t\t\t\t\t\t\t\t\t\t\t\t><\/div>\n\t\t\t\t\t\t\t\t\t\t\t<\/div>\n\t\t\t\t\t\t\t\t\t<\/div>\n\t\t\t\n\t\t\t\t\t\t\t\t\t\t<h4 >\n\t\t\t\t\tProdutos e servi\u00e7os\t\t\t\t<\/h4>\n\t\t\t\t\t\t\n\t\t\t\t\t\t\t<p class=\"text\" >\n\t\t\t\tAcesse nossa carta de produtos e servi\u00e7os.\t\t\t<\/p>\n\t\t\t\t\t\t\t\t\t\t<a\n\t\t\t\t\thref=\"https:\/\/wp.ufpel.edu.br\/marteagencia\/sobre-marte\/produtos-e-servicos\/\"\n\t\t\t\t\tclass=\"more-button\"\n\t\t\t\t\t\t\t\t\t>\n\t\t\t\t\tAcesse\t\t\t\t\t<i><\/i>\n\t\t\t\t<\/a>\n\t\t\t\t\t<\/div>\n\t\t<\/div><\/div><div id=\"pgc-170-0-2\"  class=\"panel-grid-cell\" ><div id=\"panel-170-0-2-0\" class=\"so-panel widget widget_circleicon-widget panel-first-child panel-last-child\" data-index=\"2\" >\t\t<div class=\"circle-icon-box circle-icon-position-top circle-icon-hide-box circle-icon-size-medium \">\n\t\t\t\t\t\t\t<div class=\"circle-icon-wrapper\">\n\t\t\t\t\t\t\t\t\t\t<div class=\"circle-icon\" >\n\t\t\t\t\t\t\t\t\t\t\t\t\t<div\n\t\t\t\t\t\t\t\tclass=\"fa fa-commenting\"\n\t\t\t\t\t\t\t\t\t\t\t\t\t\t\t><\/div>\n\t\t\t\t\t\t\t\t\t\t\t<\/div>\n\t\t\t\t\t\t\t\t\t<\/div>\n\t\t\t\n\t\t\t\t\t\t\t\t\t\t<h4 >\n\t\t\t\t\tContato\t\t\t\t<\/h4>\n\t\t\t\t\t\t\n\t\t\t\t\t\t\t<p class=\"text\" >\n\t\t\t\tPara tirar d\u00favidas, pedir informa\u00e7\u00f5es ou um or\u00e7amento, entre em contato com a gente pelo formul\u00e1rio.\t\t\t<\/p>\n\t\t\t\t\t\t\t\t\t\t<a\n\t\t\t\t\thref=\"https:\/\/wp.ufpel.edu.br\/marteagencia\/contato\/\"\n\t\t\t\t\tclass=\"more-button\"\n\t\t\t\t\t\t\t\t\t>\n\t\t\t\t\tAcesse\t\t\t\t\t<i><\/i>\n\t\t\t\t<\/a>\n\t\t\t\t\t<\/div>\n\t\t<\/div><\/div><\/div><div id=\"pg-170-1\"  class=\"panel-grid panel-no-style\" ><div id=\"pgc-170-1-0\"  class=\"panel-grid-cell\" ><div id=\"panel-170-1-0-0\" class=\"so-panel widget widget_siteorigin-panels-postloop panel-first-child panel-last-child\" data-index=\"3\" ><h3 class=\"widget-title\"><span class=\"vantage-carousel-title\"><span class=\"vantage-carousel-title-text\">\u00daltimos posts<\/span><a href=\"#\" class=\"next\" title=\"Pr\u00f3ximo\"><span class=\"vantage-icon-arrow-right\"><\/span><\/a><a href=\"#\" class=\"previous\" title=\"Anterior\"><span class=\"vantage-icon-arrow-left\"><\/span><\/a><\/span><\/h3><div class=\"vantage-carousel-wrapper\">\n\t\n\t<ul\n\t\tclass=\"vantage-carousel\"\n\t\tdata-query=\"{&quot;post_status&quot;:&quot;publish&quot;,&quot;posts_per_page&quot;:4,&quot;post_type&quot;:&quot;post&quot;,&quot;date_type&quot;:&quot;specific&quot;,&quot;date_query&quot;:{&quot;after&quot;:&quot;&quot;,&quot;before&quot;:&quot;&quot;,&quot;inclusive&quot;:true},&quot;date_query_relative&quot;:&quot;{\\&quot;from\\&quot;:{\\&quot;value\\&quot;:0,\\&quot;unit\\&quot;:\\&quot;days\\&quot;},\\&quot;to\\&quot;:{\\&quot;value\\&quot;:0,\\&quot;unit\\&quot;:\\&quot;days\\&quot;}}&quot;,&quot;orderby&quot;:&quot;date&quot;,&quot;order&quot;:&quot;DESC&quot;,&quot;post__not_in&quot;:[170,170],&quot;paged&quot;:1,&quot;fields&quot;:&quot;all&quot;,&quot;lazy_load_term_meta&quot;:true}\"\n\t\tdata-ajax-url=\"https:\/\/wp.ufpel.edu.br\/marteagencia\/wp-admin\/admin-ajax.php?vantage_carousel_nonce=139844a301\"\n\t>\n\t\t\t\t\t<li class=\"carousel-entry\">\n\t\t\t\t<div class=\"thumbnail\">\n\t\t\t\t\t\t\t\t\t\t\t<a href=\"https:\/\/wp.ufpel.edu.br\/marteagencia\/dia-da-criatividade\/\" style=\"background-image: url(https:\/\/wp.ufpel.edu.br\/marteagencia\/files\/2022\/11\/Diadoestudantediadacriatividade-272x182.png)\">\n\t\t\t\t\t\t<\/a>\n\t\t\t\t\t\t\t\t\t<\/div>\n\t\t\t\t\t\t\t\t<h3><a href=\"https:\/\/wp.ufpel.edu.br\/marteagencia\/dia-da-criatividade\/\">Dia da Criatividade<\/a><\/h3>\n\t\t\t<\/li>\n\t\t\t\t\t<li class=\"carousel-entry\">\n\t\t\t\t<div class=\"thumbnail\">\n\t\t\t\t\t\t\t\t\t\t\t<a href=\"https:\/\/wp.ufpel.edu.br\/marteagencia\/vamos-falar-sobre-saude-mental\/\" style=\"background-image: url(https:\/\/wp.ufpel.edu.br\/marteagencia\/files\/2022\/10\/WhatsApp-Image-2022-10-06-at-20.09.48-272x182.jpeg)\">\n\t\t\t\t\t\t<\/a>\n\t\t\t\t\t\t\t\t\t<\/div>\n\t\t\t\t\t\t\t\t<h3><a href=\"https:\/\/wp.ufpel.edu.br\/marteagencia\/vamos-falar-sobre-saude-mental\/\">Vamos falar sobre sa\u00fade mental?!<\/a><\/h3>\n\t\t\t<\/li>\n\t\t\t\t\t<li class=\"carousel-entry\">\n\t\t\t\t<div class=\"thumbnail\">\n\t\t\t\t\t\t\t\t\t\t\t<a href=\"https:\/\/wp.ufpel.edu.br\/marteagencia\/dia-do-acesso-universal-a-informacao\/\" style=\"background-image: url(https:\/\/wp.ufpel.edu.br\/marteagencia\/files\/2022\/09\/WhatsApp-Image-2022-09-26-at-23.52.28-272x182.jpeg)\">\n\t\t\t\t\t\t<\/a>\n\t\t\t\t\t\t\t\t\t<\/div>\n\t\t\t\t\t\t\t\t<h3><a href=\"https:\/\/wp.ufpel.edu.br\/marteagencia\/dia-do-acesso-universal-a-informacao\/\">Dia do Acesso Universal \u00e0 Informa\u00e7\u00e3o<\/a><\/h3>\n\t\t\t<\/li>\n\t\t\t\t\t<li class=\"carousel-entry\">\n\t\t\t\t<div class=\"thumbnail\">\n\t\t\t\t\t\t\t\t\t\t\t<a href=\"https:\/\/wp.ufpel.edu.br\/marteagencia\/venha-fazer-parte-da-equipe-da-marte\/\" style=\"background-image: url(https:\/\/wp.ufpel.edu.br\/marteagencia\/files\/2019\/04\/slider-com-logo-e1555423240101-272x182.png)\">\n\t\t\t\t\t\t<\/a>\n\t\t\t\t\t\t\t\t\t<\/div>\n\t\t\t\t\t\t\t\t<h3><a href=\"https:\/\/wp.ufpel.edu.br\/marteagencia\/venha-fazer-parte-da-equipe-da-marte\/\">Venha fazer parte da equipe da MARTE<\/a><\/h3>\n\t\t\t<\/li>\n\t\t\t<\/ul>\n<\/div>\n<\/div><\/div><div id=\"pgc-170-1-1\"  class=\"panel-grid-cell\" ><div id=\"panel-170-1-1-0\" class=\"so-panel widget widget_media_video panel-first-child panel-last-child\" data-index=\"4\" ><div style=\"width:100%;\" class=\"wp-video\"><video class=\"wp-video-shortcode\" id=\"video-470-1\" preload=\"metadata\" controls=\"controls\"><source type=\"video\/mp4\" src=\"https:\/\/wp.ufpel.edu.br\/marteagencia\/files\/2019\/05\/capa-evento-lan\u00e7amento.mp4?_=1\" \/><source type=\"video\/mp4\" src=\"https:\/\/wp.ufpel.edu.br\/marteagencia\/files\/2019\/05\/capa-evento-lan\u00e7amento.mp4?_=1\" \/><a href=\"https:\/\/wp.ufpel.edu.br\/marteagencia\/files\/2019\/05\/capa-evento-lan\u00e7amento.mp4\">https:\/\/wp.ufpel.edu.br\/marteagencia\/files\/2019\/05\/capa-evento-lan\u00e7amento.mp4<\/a><\/video><\/div><\/div><\/div><\/div><div id=\"pg-170-2\"  class=\"panel-grid panel-has-style\" ><div class=\"wide-grey panel-row-style panel-row-style-for-170-2\" ><div id=\"pgc-170-2-0\"  class=\"panel-grid-cell panel-grid-cell-empty\" ><\/div><div id=\"pgc-170-2-1\"  class=\"panel-grid-cell panel-grid-cell-mobile-last\" ><div id=\"panel-170-2-1-0\" class=\"so-panel widget widget_radio-widget federalfm panel-first-child panel-last-child\" data-index=\"5\" ><h3 class=\"widget-title\">R\u00e1dio Federal FM<\/h3>\t\t<div class=\"federalfm-conteudo\">\n\t\t\t<div class=\"federalfm-popup\"><a href=\"#\" onClick=\"window.open('https:\/\/wp.ufpel.edu.br\/marteagencia\/wp-content\/plugins\/widgets-ufpel\/radio\/player.php','','toolbar=no,location=no,directories=no,status=no,menubar=no,scrollbars=no,resizable=no,width=500,height=180'); return false;\">Abrir em uma nova janela <span class=\"dashicons dashicons-external\"><\/span><\/a><\/div>\n\t\t\t<div id=\"jquery_jplayer_1\" class=\"jp-jplayer\"><\/div>\n\t\t\t<div id=\"jp_container_1\" class=\"jp-audio\" role=\"application\" aria-label=\"media player\">\n\t\t\t\t<div class=\"jp-type-single\">\n\t\t\t\t\t<div class=\"jp-gui jp-interface\">\n\t\t\t\t\t\t<div class=\"jp-controls\">\n\t\t\t\t\t\t\t<button class=\"jp-play dashicons dashicons-controls-play\" role=\"button\" tabindex=\"0\"><\/button>\n\t\t\t\t\t\t<\/div>\n\t\t\t\t\t\t<div class=\"jp-volume-controls\" style=\"left: 110px;\">\n\t\t\t\t\t\t\t<button class=\"jp-mute dashicons dashicons-controls-volumeoff\" role=\"button\" tabindex=\"0\"><\/button>\n\t\t\t\t\t\t\t<div class=\"jp-volume-bar\">\n\t\t\t\t\t\t\t\t<div class=\"jp-volume-bar-value\"><\/div>\n\t\t\t\t\t\t\t<\/div>\n\t\t\t\t\t\t\t<button class=\"jp-volume-max dashicons dashicons-controls-volumeon\" role=\"button\" tabindex=\"0\"><\/button>\n\t\t\t\t\t\t<\/div>\n\t\t\t\t\t<\/div>\n\t\t\t\t\t<div class=\"jp-no-solution\">\n\t\t\t\t\t\tNavegador n\u00e3o possui suporte para este fluxo de \u00e1udio.\t\t\t\t\t<\/div>\n\t\t\t\t<\/div>\n\t\t\t<\/div>\n\t\t\t<div id=\"metadata\" class=\"federalfm-metadata\">\n\t\t\t<\/div>\n\n\t\t\t<div class=\"federalfm-info\">\n\t\t\t\t<a href=\"https:\/\/federalfm.ufpel.edu.br\" target=\"_blank\">Acesse o site da R\u00e1dio<\/a>\n\t\t\t<\/div>\n\t\t<\/div>\n\n<\/div><\/div><div id=\"pgc-170-2-2\"  class=\"panel-grid-cell panel-grid-cell-empty\" ><\/div><\/div><\/div><\/div>","protected":false},"excerpt":{"rendered":"","protected":false},"author":906,"featured_media":0,"parent":0,"menu_order":0,"comment_status":"closed","ping_status":"closed","template":"home-panels.php","meta":{"footnotes":""},"class_list":["post-170","page","type-page","status-publish","hentry","post","post-with-thumbnail","post-with-thumbnail-large"],"_links":{"self":[{"href":"https:\/\/wp.ufpel.edu.br\/marteagencia\/wp-json\/wp\/v2\/pages\/170","targetHints":{"allow":["GET"]}}],"collection":[{"href":"https:\/\/wp.ufpel.edu.br\/marteagencia\/wp-json\/wp\/v2\/pages"}],"about":[{"href":"https:\/\/wp.ufpel.edu.br\/marteagencia\/wp-json\/wp\/v2\/types\/page"}],"author":[{"embeddable":true,"href":"https:\/\/wp.ufpel.edu.br\/marteagencia\/wp-json\/wp\/v2\/users\/906"}],"replies":[{"embeddable":true,"href":"https:\/\/wp.ufpel.edu.br\/marteagencia\/wp-json\/wp\/v2\/comments?post=170"}],"version-history":[{"count":12,"href":"https:\/\/wp.ufpel.edu.br\/marteagencia\/wp-json\/wp\/v2\/pages\/170\/revisions"}],"predecessor-version":[{"id":364,"href":"https:\/\/wp.ufpel.edu.br\/marteagencia\/wp-json\/wp\/v2\/pages\/170\/revisions\/364"}],"wp:attachment":[{"href":"https:\/\/wp.ufpel.edu.br\/marteagencia\/wp-json\/wp\/v2\/media?parent=170"}],"curies":[{"name":"wp","href":"https:\/\/api.w.org\/{rel}","templated":true}]}}