{"id":174,"date":"2017-04-18T10:29:33","date_gmt":"2017-04-18T13:29:33","guid":{"rendered":"https:\/\/wp.ufpel.edu.br\/marivanpinho\/?page_id=174"},"modified":"2021-10-07T15:57:13","modified_gmt":"2021-10-07T18:57:13","slug":"geometria-descritiva","status":"publish","type":"page","link":"https:\/\/wp.ufpel.edu.br\/marivanpinho\/","title":{"rendered":"Engenharia"},"content":{"rendered":"<h5><a href=\"https:\/\/wp.ufpel.edu.br\/marivanpinho\/files\/2020\/01\/TI.jpg\"><img loading=\"lazy\" decoding=\"async\" class=\"wp-image-432 alignleft\" src=\"https:\/\/wp.ufpel.edu.br\/marivanpinho\/files\/2020\/01\/TI-398x400.jpg\" alt=\"\" width=\"116\" height=\"117\" srcset=\"https:\/\/wp.ufpel.edu.br\/marivanpinho\/files\/2020\/01\/TI-398x400.jpg 398w, https:\/\/wp.ufpel.edu.br\/marivanpinho\/files\/2020\/01\/TI-200x200.jpg 200w, https:\/\/wp.ufpel.edu.br\/marivanpinho\/files\/2020\/01\/TI-280x280.jpg 280w, https:\/\/wp.ufpel.edu.br\/marivanpinho\/files\/2020\/01\/TI-100x100.jpg 100w, https:\/\/wp.ufpel.edu.br\/marivanpinho\/files\/2020\/01\/TI-199x200.jpg 199w, https:\/\/wp.ufpel.edu.br\/marivanpinho\/files\/2020\/01\/TI.jpg 525w\" sizes=\"auto, (max-width: 116px) 100vw, 116px\" \/><\/a><\/h5>\n<h4>UNIVERSIDADE FEDERAL DE PELOTAS<\/h4>\n<h3>Centro de Engenharias<\/h3>\n<h4 style=\"text-align: justify\"><\/h4>\n<p>Material did\u00e1tico das disciplinas de Representa\u00e7\u00e3o Gr\u00e1fica:<\/p>\n<p>https:\/\/www.youtube.com\/channel\/UCZeE5fsQ97Sn0xM8bZjIgCw<\/p>\n<p>&nbsp;<\/p>\n<p>&nbsp;<\/p>\n<h6><em>Marivan da Silva Pinho &#8211; marivanpinho@hotmail.com &#8211; Engenharia &#8211; Ufpel-\u00a0 Sala: 301<\/em><\/h6>\n<h6><em>Prov\u00e9rbios 3:5,6.\u00a0\u00a0<span class=\"verse v5\"><span class=\"content\">Confie no\u00a0<\/span><span class=\"nd\"><span class=\"content\">Senhor<\/span><\/span><span class=\"content\">\u00a0de todo o cora\u00e7\u00e3o e n\u00e3o se apoie na sua pr\u00f3pria intelig\u00eancia.\u00a0<\/span><\/span><span class=\"verse v6\"><span class=\"content\">Lembre de Deus em tudo o que fizer, e ele lhe mostrar\u00e1 o caminho certo.<\/span><\/span><\/em><\/h6>\n","protected":false},"excerpt":{"rendered":"<p>UNIVERSIDADE FEDERAL DE PELOTAS Centro de Engenharias Material did\u00e1tico das disciplinas de Representa\u00e7\u00e3o Gr\u00e1fica: https:\/\/www.youtube.com\/channel\/UCZeE5fsQ97Sn0xM8bZjIgCw &nbsp; &nbsp; Marivan da Silva Pinho &#8211; marivanpinho@hotmail.com &#8211; Engenharia &#8211; Ufpel-\u00a0 Sala: 301 Prov\u00e9rbios 3:5,6.\u00a0\u00a0Confie no\u00a0Senhor\u00a0de todo o cora\u00e7\u00e3o e n\u00e3o se apoie na sua pr\u00f3pria intelig\u00eancia.\u00a0Lembre de Deus em tudo o que fizer, e ele lhe mostrar\u00e1 o [&hellip;]<\/p>\n","protected":false},"author":520,"featured_media":0,"parent":0,"menu_order":0,"comment_status":"closed","ping_status":"closed","template":"","meta":{"jetpack_post_was_ever_published":false,"footnotes":""},"class_list":["post-174","page","type-page","status-publish","hentry"],"jetpack_sharing_enabled":true,"jetpack_shortlink":"https:\/\/wp.me\/P9Hnuy-2O","_links":{"self":[{"href":"https:\/\/wp.ufpel.edu.br\/marivanpinho\/wp-json\/wp\/v2\/pages\/174","targetHints":{"allow":["GET"]}}],"collection":[{"href":"https:\/\/wp.ufpel.edu.br\/marivanpinho\/wp-json\/wp\/v2\/pages"}],"about":[{"href":"https:\/\/wp.ufpel.edu.br\/marivanpinho\/wp-json\/wp\/v2\/types\/page"}],"author":[{"embeddable":true,"href":"https:\/\/wp.ufpel.edu.br\/marivanpinho\/wp-json\/wp\/v2\/users\/520"}],"replies":[{"embeddable":true,"href":"https:\/\/wp.ufpel.edu.br\/marivanpinho\/wp-json\/wp\/v2\/comments?post=174"}],"version-history":[{"count":54,"href":"https:\/\/wp.ufpel.edu.br\/marivanpinho\/wp-json\/wp\/v2\/pages\/174\/revisions"}],"predecessor-version":[{"id":496,"href":"https:\/\/wp.ufpel.edu.br\/marivanpinho\/wp-json\/wp\/v2\/pages\/174\/revisions\/496"}],"wp:attachment":[{"href":"https:\/\/wp.ufpel.edu.br\/marivanpinho\/wp-json\/wp\/v2\/media?parent=174"}],"curies":[{"name":"wp","href":"https:\/\/api.w.org\/{rel}","templated":true}]}}