{"id":7,"date":"2015-09-11T20:58:40","date_gmt":"2015-09-11T23:58:40","guid":{"rendered":"https:\/\/wp.ufpel.edu.br\/mariorosa\/?page_id=7"},"modified":"2015-09-11T21:24:28","modified_gmt":"2015-09-12T00:24:28","slug":"regulamento","status":"publish","type":"page","link":"https:\/\/wp.ufpel.edu.br\/mariorosa\/regulamento\/","title":{"rendered":"Regulamento"},"content":{"rendered":"<p style=\"text-align: center\"><strong><span style=\"font-family: times new roman,times,serif;color: #000000\">REGULAMENTO DO PR\u00caMIO PROFESSOR M\u00c1RIO ROSA<\/span><\/strong><br \/>\n<strong><span style=\"font-family: times new roman,times,serif;color: #000000\">DE M\u00c9RITO ACAD\u00caMICO EM GEOGRAFIA<\/span><\/strong><br \/>\n<strong><span style=\"font-family: times new roman,times,serif;color: #000000\">DO LABORAT\u00d3RIO DE ESTUDOS URBANOS,<\/span><\/strong><br \/>\n<strong><span style=\"font-family: times new roman,times,serif;color: #000000\">REGIONAIS E ENSINO DE GEOGRAFIA<\/span><\/strong><\/p>\n<p style=\"text-align: center\"><strong><span style=\"font-family: times new roman,times,serif;color: #000000\">INTRODU\u00c7\u00c3O<\/span><\/strong><\/p>\n<p style=\"text-align: justify\"><span style=\"font-family: times new roman,times,serif;color: #000000\">O Laborat\u00f3rio de Estudos Urbanos, Regionais e Ensino de Geografia instituiu em 2012 o PR\u00caMIO PROFESSOR M\u00c1RIO ROSA DE M\u00c9RITO ACAD\u00caMICO EM GEOGRAFIA, que ser\u00e1 oferecido anualmente, homenageando uma personalidade de destaque no \u00e2mbito dos estudos geogr\u00e1ficos e outros profissionais em fun\u00e7\u00e3o de sua produ\u00e7\u00e3o acad\u00eamica.<\/span><br \/>\n<span style=\"font-family: times new roman,times,serif;color: #000000\">Na sua primeira edi\u00e7\u00e3o o pr\u00eamio ser\u00e1 conferido apenas na categoria Homenagem Especial e agraciar\u00e1 o Professor M\u00e1rio Rosa, que d\u00e1 o nome ao pr\u00eamio. Nas edi\u00e7\u00f5es seguintes, al\u00e9m da Homenagem Especial, ser\u00e1 concedido o pr\u00eamio aos autores dos trabalhos melhor avaliados entre os inscritos de cada categoria, Destaque Editorial, P\u00f3s-Gradua\u00e7\u00e3o e Gradua\u00e7\u00e3o.<\/span><\/p>\n<p style=\"text-align: center\"><strong><span style=\"font-family: times new roman,times,serif;color: #000000\">CAP\u00cdTULO I \u2013 DA ORGANIZA\u00c7\u00c3O<\/span><\/strong><\/p>\n<p style=\"text-align: justify\"><span style=\"font-family: times new roman,times,serif;color: #000000\">Art. 1o \u2013 O PR\u00caMIO PROFESSOR M\u00c1RIO ROSA DE M\u00c9RITO ACAD\u00caMICO EM GEOGRAFIA DO LABORAT\u00d3RIO DE ESTUDOS URBANOS, REGIONAIS E ENSINO DE GEOGRAFIA, doravante chamado de Pr\u00eamio Professor M\u00e1rio Rosa, \u00e9 organizado pelo Laborat\u00f3rio de Estudos Urbanos, Regionais e Ensino de Geografia do Departamento de Geografia do Instituto de Ci\u00eancias Humanas da Universidade Federal de Pelotas.<\/span><br \/>\n<span style=\"font-family: times new roman,times,serif;color: #000000\">Par\u00e1grafo \u00danico &#8211; A concess\u00e3o do Pr\u00eamio Professor M\u00e1rio Rosa dever\u00e1 ter periodicidade anual, com solenidade de entrega preferentemente coincidente com evento organizado pelo Laborat\u00f3rio de Estudos Urbanos, Regionais e Ensino de Geografia.<\/span><br \/>\n<span style=\"font-family: times new roman,times,serif;color: #000000\">Art. 2o \u2013 O Pr\u00eamio Professor M\u00e1rio Rosa foi aprovado pelo Departamento de Geografia e pelo Conselho Departamental do Instituto de Ci\u00eancias Humanas da Universidade Federal de Pelotas, tendo sido institu\u00eddo pela Portaria ICH N\u00ba150\/2012, de 06 de setembro de 2012.<\/span><\/p>\n<p style=\"text-align: center\"><strong><span style=\"font-family: times new roman,times,serif;color: #000000\">CAP\u00cdTULO II \u2013 DOS OBJETIVOS<\/span><\/strong><\/p>\n<p style=\"text-align: justify\"><span style=\"font-family: times new roman,times,serif;color: #000000\">Art. 3o \u2013 O Pr\u00eamio Professor M\u00e1rio Rosa tem por objetivo geral reconhecer a atua\u00e7\u00e3o profissional e acad\u00eamica destacada na \u00e1rea da Geografia e da produ\u00e7\u00e3o do conhecimento geogr\u00e1fico.<\/span><br \/>\n<span style=\"font-family: times new roman,times,serif;color: #000000\">Art. 4o \u2013 O Pr\u00eamio Professor M\u00e1rio Rosa tem por objetivos espec\u00edficos:<\/span><br \/>\n<span style=\"font-family: times new roman,times,serif;color: #000000\">I. Estimular o debate e a produ\u00e7\u00e3o acad\u00eamica sobre temas de interesse geogr\u00e1fico na Geografia e em \u00e1reas afins;<\/span><br \/>\n<span style=\"font-family: times new roman,times,serif;color: #000000\">II. Identificar e dar visibilidade aos profissionais que possuam produ\u00e7\u00e3o e atua\u00e7\u00e3o profissional destacada;<\/span><br \/>\n<span style=\"font-family: times new roman,times,serif;color: #000000\">III. Identificar e dar visibilidade a produ\u00e7\u00f5es cient\u00edficas de reconhecido m\u00e9rito acad\u00eamico;<\/span><\/p>\n<p style=\"text-align: center\"><strong><span style=\"font-family: times new roman,times,serif;color: #000000\">CAP\u00cdTULO III \u2013 DAS CATEGORIAS<\/span><\/strong><\/p>\n<p style=\"text-align: justify\"><span style=\"font-family: times new roman,times,serif;color: #000000\">Artigo 5o \u2013 O Pr\u00eamio Professor M\u00e1rio Rosa ser\u00e1 concedido nas seguintes categorias.<\/span><br \/>\n<span style=\"font-family: times new roman,times,serif;color: #000000\">I. Homenagem Especial, atribu\u00edda a profissional de destacada atua\u00e7\u00e3o na \u00e1rea de Geografia como reconhecimento por sua trajet\u00f3ria de vida profissional.<\/span><br \/>\n<span style=\"font-family: times new roman,times,serif;color: #000000\">\u00a7 1\u00ba \u2013 A Homenagem Especial ser\u00e1 concedida mediante avalia\u00e7\u00e3o de nomes indicados pelos membros do Colegiado de Coordenadores do Laborat\u00f3rio de Estudos Urbanos, Regionais e Ensino de Geografia que levar\u00e1 em conta a atua\u00e7\u00e3o profissional e a produ\u00e7\u00e3o cient\u00edfica do homenageado.<\/span><br \/>\n<span style=\"font-family: times new roman,times,serif;color: #000000\">\u00a7 2\u00ba \u2013 O homenageado dever\u00e1 ser escolhido por unanimidade dos membros do Colegiado de Coordenadores do Laborat\u00f3rio de Estudos Urbanos, Regionais e Ensino de Geografia.<\/span><br \/>\n<span style=\"font-family: times new roman,times,serif;color: #000000\">II. Categoria Destaque Editorial, concedida a trabalho de natureza bibliogr\u00e1fica, de autoria individual ou coletiva, n\u00e3o avaliado como trabalho de conclus\u00e3o de gradua\u00e7\u00e3o, disserta\u00e7\u00e3o de mestrado ou tese de doutorado.<\/span><br \/>\n<span style=\"font-family: times new roman,times,serif;color: #000000\">\u00a7 1\u00ba \u2013 O trabalho concorrente n\u00e3o poder\u00e1 ter sido publicado por qualquer meio, impresso ou digital.<\/span><br \/>\n<span style=\"font-family: times new roman,times,serif;color: #000000\">\u00a7 2\u00ba \u2013 A proposta dever\u00e1 ser inscrita pelo(s) autor(es) do trabalho acad\u00eamico.<\/span><br \/>\n<span style=\"font-family: times new roman,times,serif;color: #000000\">III. Categoria P\u00f3s-Gradua\u00e7\u00e3o, destinada a homenagear o autor de trabalho de p\u00f3s-gradua\u00e7\u00e3o, tese de doutorado e disserta\u00e7\u00e3o de mestrado, de car\u00e1ter geogr\u00e1fico, de acordo com par\u00e2metros de avalia\u00e7\u00e3o espec\u00edficos.<\/span><br \/>\n<span style=\"font-family: times new roman,times,serif;color: #000000\">\u00a7 1\u00ba \u2013 Somente poder\u00e3o concorrer teses e disserta\u00e7\u00f5es j\u00e1 aprovadas por banca examinadora, que tiverem obtido nota igual ou superior a nove (9,0) ou conceito \u201cA\u201d, sendo indispens\u00e1vel a comprova\u00e7\u00e3o da aprova\u00e7\u00e3o e da nota ou conceito.<\/span><br \/>\n<span style=\"font-family: times new roman,times,serif;color: #000000\">\u00a7 2\u00ba \u2013 A proposta dever\u00e1 ser inscrita pelo autor do trabalho acad\u00eamico.<\/span><br \/>\n<span style=\"font-family: times new roman,times,serif;color: #000000\">IV. Categoria Gradua\u00e7\u00e3o, destinada a homenagear o autor de trabalho de gradua\u00e7\u00e3o, de cunho geogr\u00e1fico, de acordo com par\u00e2metros de avalia\u00e7\u00e3o espec\u00edficos.<\/span><br \/>\n<span style=\"font-family: times new roman,times,serif;color: #000000\">\u00a7 1\u00ba \u2013 Somente poder\u00e3o concorrer trabalhos de conclus\u00e3o de curso j\u00e1 aprovados por banca examinadora, que tiverem obtido nota igual ou superior a nove (9,0) ou conceito \u201cA\u201d, sendo indispens\u00e1vel a comprova\u00e7\u00e3o da aprova\u00e7\u00e3o e da nota ou conceito.<\/span><br \/>\n<span style=\"font-family: times new roman,times,serif;color: #000000\">\u00a7 2\u00ba \u2013 A proposta dever\u00e1 ser inscrita pelo autor do trabalho acad\u00eamico.<\/span><br \/>\n<span style=\"font-family: times new roman,times,serif;color: #000000\">Artigo 6o \u2013 Nas categorias P\u00f3s-Gradua\u00e7\u00e3o, Gradua\u00e7\u00e3o e Destaque Editorial a homenagem ser\u00e1 atribu\u00edda ao candidato inscrito em cada categoria, respectivamente, que obtiver maior grau, conceito ou nota atribu\u00edda por Comiss\u00e3o de Avalia\u00e7\u00e3o especialmente constitu\u00edda para este fim pelo Colegiado de Coordenadores do Laborat\u00f3rio de Estudos Urbanos, Regionais e Ensino de Geografia.<\/span><\/p>\n<p style=\"text-align: center\"><strong><span style=\"font-family: times new roman,times,serif;color: #000000\">CAP\u00cdTULO IV \u2013 DA COMISS\u00c3O ORGANIZADORA<\/span><\/strong><\/p>\n<p style=\"text-align: justify\"><span style=\"font-family: times new roman,times,serif;color: #000000\">Art. 7\u00ba &#8211; A Comiss\u00e3o Organizadora ser\u00e1 presidida pelo Coordenador do Colegiado de Coordenadores do Laborat\u00f3rio de Estudos Urbanos, Regionais e Ensino de Geografia e, em sua aus\u00eancia por outro dos coordenadores integrante do colegiado e ter\u00e1 na sua composi\u00e7\u00e3o pelo menos mais dois membros integrantes escolhidos pelo referido colegiado.<\/span><br \/>\n<span style=\"font-family: times new roman,times,serif;color: #000000\">Art. 8\u00ba &#8211; A Comiss\u00e3o Organizadora \u00e9 respons\u00e1vel pelas provid\u00eancias relativas ao planejamento e realiza\u00e7\u00e3o do Pr\u00eamio Professor M\u00e1rio Rosa em todas as categorias.<\/span><br \/>\n<span style=\"font-family: times new roman,times,serif;color: #000000\">Art. 9\u00ba &#8211; Caber\u00e1 \u00e0 Comiss\u00e3o Organizadora a articula\u00e7\u00e3o de ampla divulga\u00e7\u00e3o do Pr\u00eamio Professor M\u00e1rio Rosa, podendo fazer uso de apoio cultural de institui\u00e7\u00f5es id\u00f4neas ligadas ao meio art\u00edstico, cultural ou acad\u00eamico.<\/span><br \/>\n<span style=\"font-family: times new roman,times,serif;color: #000000\">Art. 10\u00ba \u2013 Caber\u00e1 \u00e0 Comiss\u00e3o Organizadora do Pr\u00eamio Professor M\u00e1rio Rosa decidir sobre casos omissos ao presente Regulamento.<\/span><\/p>\n<p style=\"text-align: center\"><strong><span style=\"font-family: times new roman,times,serif;color: #000000\">CAP\u00cdTULO V \u2013 DA COMISS\u00c3O JULGADORA<\/span><\/strong><\/p>\n<p style=\"text-align: justify\"><span style=\"font-family: times new roman,times,serif;color: #000000\">Art. 11 \u2013 A Comiss\u00e3o Julgadora ser\u00e1 presidida por um Coordenador do Colegiado de Coordenadores do Laborat\u00f3rio de Estudos Urbanos, Regionais e Ensino de Geografia escolhido entre seus pares para esta finalidade e ser\u00e1 composta por pelo menos mais dois membros.<\/span><br \/>\n<span style=\"font-family: times new roman,times,serif;color: #000000\">Art. 12 \u2013 Os demais membros da Comiss\u00e3o Julgadora ser\u00e3o escolhidos pelo Colegiado de Coordenadores do Laborat\u00f3rio de Estudos Urbanos, Regionais e Ensino de Geografia entre professores universit\u00e1rios e profissionais de not\u00f3rio conhecimento acad\u00eamico.<\/span><br \/>\n<span style=\"font-family: times new roman,times,serif;color: #000000\">Par\u00e1grafo \u00danico \u2013 N\u00e3o poder\u00e3o integrar a Comiss\u00e3o Julgadora aqueles que estiverem envolvidos direta ou indiretamente com as propostas apresentadas.<\/span><\/p>\n<p style=\"text-align: center\"><strong><span style=\"font-family: times new roman,times,serif;color: #000000\">CAP\u00cdTULO VI \u2013 DO JULGAMENTO<\/span><\/strong><\/p>\n<p style=\"text-align: justify\"><span style=\"font-family: times new roman,times,serif;color: #000000\">Art. 13 \u2013 A Comiss\u00e3o Julgadora atuar\u00e1 na sele\u00e7\u00e3o dos trabalhos inscritos em qualquer categoria a serem julgados com base em sua coer\u00eancia com os prop\u00f3sitos do Laborat\u00f3rio de Estudos Urbanos, Regionais e Ensino de Geografia.<\/span><br \/>\n<span style=\"font-family: times new roman,times,serif;color: #000000\">I. Na Categoria Homenagem Especial a escolha do homenageado ser\u00e1 julgada segundo os seguintes crit\u00e9rios:<\/span><br \/>\n<span style=\"font-family: times new roman,times,serif;color: #000000\">a) Import\u00e2ncia da trajet\u00f3ria profissional e acad\u00eamica do candidato para o desenvolvimento da Geografia e do conhecimento geogr\u00e1fico na escala de sua atua\u00e7\u00e3o;<\/span><br \/>\n<span style=\"font-family: times new roman,times,serif;color: #000000\">b) Relev\u00e2ncia da produ\u00e7\u00e3o cient\u00edfica do candidato;<\/span><br \/>\n<span style=\"font-family: times new roman,times,serif;color: #000000\">c) Destaque da atua\u00e7\u00e3o profissional e acad\u00eamica do candidato no desenvolvimento institucional da geografia e do conhecimento geogr\u00e1fico.<\/span><br \/>\n<span style=\"font-family: times new roman,times,serif;color: #000000\">II. Nas categorias Destaque Editorial, P\u00f3s-Gradua\u00e7\u00e3o e Gradua\u00e7\u00e3o, as propostas ser\u00e3o julgadas segundo os seguintes crit\u00e9rios:<\/span><br \/>\n<span style=\"font-family: times new roman,times,serif;color: #000000\">a) Relev\u00e2ncia e originalidade do tema apresentado e das conclus\u00f5es indicadas;<\/span><br \/>\n<span style=\"font-family: times new roman,times,serif;color: #000000\">b) Contribui\u00e7\u00e3o para a compreens\u00e3o de categorias da Geografia e do conhecimento geogr\u00e1fico em geral;<\/span><br \/>\n<span style=\"font-family: times new roman,times,serif;color: #000000\">c) Consist\u00eancia do tema, problematiza\u00e7\u00e3o, argumenta\u00e7\u00e3o e ideias principais apresentadas;<\/span><br \/>\n<span style=\"font-family: times new roman,times,serif;color: #000000\">d) Adequa\u00e7\u00e3o dos fundamentos te\u00f3ricos e metodol\u00f3gicos aos objetivos do trabalho;<\/span><br \/>\n<span style=\"font-family: times new roman,times,serif;color: #000000\">e) Adequa\u00e7\u00e3o, uso e conhecimento das fontes, incluindo as bibliogr\u00e1ficas, pertinentes \u00e0 proposta;<\/span><br \/>\n<span style=\"font-family: times new roman,times,serif;color: #000000\">f) Validade e aplicabilidade acad\u00eamica do estudo proposto;<\/span><br \/>\n<span style=\"font-family: times new roman,times,serif;color: #000000\">g) Uso adequado das normas de reda\u00e7\u00e3o pertinentes.<\/span><br \/>\n<span style=\"font-family: times new roman,times,serif;color: #000000\">\u00a7 1\u00ba &#8211; A Comiss\u00e3o Julgadora poder\u00e1 estabelecer crit\u00e9rios adicionais para a sele\u00e7\u00e3o final dos concorrentes ao Pr\u00eamio Professor M\u00e1rio Rosa, em qualquer categoria.<\/span><br \/>\n<span style=\"font-family: times new roman,times,serif;color: #000000\">\u00a7 2\u00ba &#8211; O pl\u00e1gio ou inser\u00e7\u00e3o de c\u00f3pias nas propostas apresentadas acarretar\u00e1 desclassifica\u00e7\u00e3o autom\u00e1tica do concorrente.<\/span><br \/>\n<span style=\"font-family: times new roman,times,serif;color: #000000\">\u00a7 3\u00ba &#8211; A Comiss\u00e3o Julgadora e a Comiss\u00e3o Organizadora, bem como as institui\u00e7\u00f5es envolvidas na premia\u00e7\u00e3o, est\u00e3o eximidas de quaisquer \u00f4nus relativos \u00e0 responsabilidade por pl\u00e1gio ou quaisquer argui\u00e7\u00f5es relativas \u00e0 autoria do trabalho inscrito, devendo seus autores responder, penal e civilmente, pelas eventuais irregularidades verificadas.<\/span><br \/>\n<span style=\"font-family: times new roman,times,serif;color: #000000\">Art.14 &#8211; Ap\u00f3s a finaliza\u00e7\u00e3o dos trabalhos pela Comiss\u00e3o Julgadora, as decis\u00f5es ser\u00e3o comunicadas a todos os participantes.<\/span><br \/>\n<span style=\"font-family: times new roman,times,serif;color: #000000\">Par\u00e1grafo \u00danico &#8211; As notas individuais de cada proposta n\u00e3o ser\u00e3o divulgadas.<\/span><br \/>\n<span style=\"font-family: times new roman,times,serif;color: #000000\">Art. 15 \u2013 Da decis\u00e3o da Comiss\u00e3o julgadora n\u00e3o caber\u00e1 recurso.<\/span><\/p>\n<p style=\"text-align: center\"><strong><span style=\"font-family: times new roman,times,serif;color: #000000\">CAP\u00cdTULO VII \u2013 DAS INSCRI\u00c7\u00d5ES<\/span><\/strong><\/p>\n<p style=\"text-align: justify\"><span style=\"font-family: times new roman,times,serif;color: #000000\">Art. 16 \u2013 As inscri\u00e7\u00f5es para o Pr\u00eamio Professor M\u00e1rio Rosa na Categoria Homenagem Especial ser\u00e3o feitas exclusivamente pela indica\u00e7\u00e3o dos coordenadores do Laborat\u00f3rio de Estudos Urbanos, Regionais e Ensino de Geografia.<\/span><br \/>\n<span style=\"font-family: times new roman,times,serif;color: #000000\">Art. 17 \u2013 As inscri\u00e7\u00f5es para as categorias Destaque Editorial, P\u00f3s-Gradua\u00e7\u00e3o e Gradua\u00e7\u00e3o dever\u00e3o ser encaminhadas pelos pr\u00f3prios candidatos, exclusivamente via internet no endere\u00e7o eletr\u00f4nico do Laborat\u00f3rio de Estudos Urbanos, Regionais e Ensino de Geografia nos prazos contidos em edital espec\u00edfico que regulamentar o pr\u00eamio em cada edi\u00e7\u00e3o.<\/span><br \/>\n<span style=\"font-family: times new roman,times,serif;color: #000000\">Art. 18 \u2013 A inscri\u00e7\u00e3o se efetivar\u00e1 pelo preenchimento de ficha pr\u00f3pria para a inscri\u00e7\u00e3o e pelo encaminhamento on line do arquivo contendo o trabalho do candidato.<\/span><br \/>\n<span style=\"font-family: times new roman,times,serif;color: #000000\">\u00a7 1\u00ba &#8211; A Comiss\u00e3o Organizadora n\u00e3o se responsabilizar\u00e1 por solicita\u00e7\u00e3o de inscri\u00e7\u00e3o n\u00e3o recebida por motivos alheios, tais como problemas de ordem t\u00e9cnica dos computadores, falhas de comunica\u00e7\u00e3o, congestionamento das linhas de comunica\u00e7\u00e3o e outros fatores que impossibilitem a transfer\u00eancia de dados.<\/span><br \/>\n<span style=\"font-family: times new roman,times,serif;color: #000000\">\u00a7 1\u00ba &#8211; A Comiss\u00e3o Organizadora poder\u00e1 estabelecer a cobran\u00e7a de taxa de inscri\u00e7\u00e3o visando cobrir eventuais despesas na realiza\u00e7\u00e3o do concurso.<\/span><br \/>\n<span style=\"font-family: times new roman,times,serif;color: #000000\">Art. 19 \u2013 Cada candidato poder\u00e1 apresentar apenas uma proposta em cada categoria.<\/span><br \/>\n<span style=\"font-family: times new roman,times,serif;color: #000000\">Art. 20 &#8211; Para as categorias P\u00f3s-Gradua\u00e7\u00e3o e Gradua\u00e7\u00e3o, ser\u00e3o admitidas somente teses, disserta\u00e7\u00f5es e trabalhos de conclus\u00e3o defendidos no m\u00e1ximo h\u00e1 cinco anos at\u00e9 a data de encerramento das inscri\u00e7\u00f5es do Pr\u00eamio.<\/span><br \/>\n<span style=\"font-family: times new roman,times,serif;color: #000000\">Art. 21 \u2013 Para todas as categorias que exigem a apresenta\u00e7\u00e3o de trabalho escrito ser\u00e3o aceitas propostas escritas em portugu\u00eas, espanhol e ingl\u00eas.<\/span><br \/>\n<span style=\"font-family: times new roman,times,serif;color: #000000\">Art. 22 \u2013 Tem-se como P\u00fablico-Alvo:<\/span><br \/>\n<span style=\"font-family: times new roman,times,serif;color: #000000\">I. Profissionais da \u00e1rea da Geografia e \u00e1reas afins envolvidas com a tem\u00e1tica do conhecimento geogr\u00e1fico, aqui entendido como o conhecimento de natureza espacial;<\/span><br \/>\n<span style=\"font-family: times new roman,times,serif;color: #000000\">II. Professores e pesquisadores com trabalhos de investiga\u00e7\u00e3o n\u00e3o publicados;<\/span><br \/>\n<span style=\"font-family: times new roman,times,serif;color: #000000\">III. Estudantes de p\u00f3s-gradua\u00e7\u00e3o iniciantes na produ\u00e7\u00e3o acad\u00eamica.<\/span><br \/>\n<span style=\"font-family: times new roman,times,serif;color: #000000\">IV. Estudantes rec\u00e9m-egressos dos cursos de gradua\u00e7\u00e3o.<\/span><\/p>\n<p style=\"text-align: center\"><strong><span style=\"font-family: times new roman,times,serif;color: #000000\">CAP\u00cdTULO VIII \u2013 DA PREMIA\u00c7\u00c3O<\/span><\/strong><\/p>\n<p style=\"text-align: justify\"><span style=\"font-family: times new roman,times,serif;color: #000000\">Art. 23 &#8211; O Pr\u00eamio Professor M\u00e1rio Rosa, em todas as categorias, ser\u00e1 constitu\u00eddo por um Diploma de Reconhecimento de M\u00e9rito especialmente confeccionado para este fim com a especifica\u00e7\u00e3o da homenagem outorgada.<\/span><br \/>\n<span style=\"font-family: times new roman,times,serif;color: #000000\">Par\u00e1grafo \u00danico &#8211; A crit\u00e9rio da Comiss\u00e3o organizadora poder\u00e1 ser atribu\u00edda outra homenagem como trof\u00e9u, medalha ou placa para os premiados.<\/span><br \/>\n<span style=\"font-family: times new roman,times,serif;color: #000000\">Art. 24 \u2013 Os trabalhos das categorias Destaque Editorial, P\u00f3s-Gradua\u00e7\u00e3o e Gradua\u00e7\u00e3o classificados em primeiro lugar nas respectivas categorias poder\u00e3o ser indicados para publica\u00e7\u00e3o e, havendo disponibilidade financeira garantida pelo Laborat\u00f3rio de Estudos Urbanos, Regionais e Ensino de Geografia poder\u00e3o ter suas publica\u00e7\u00f5es patrocinadas.<\/span><br \/>\n<span style=\"font-family: times new roman,times,serif;color: #000000\">Art. 25 \u2013 Com exce\u00e7\u00e3o da categoria Homenagem Especial ser\u00e3o premiados os dois primeiros colocados em cada categoria.<\/span><br \/>\n<span style=\"font-family: times new roman,times,serif;color: #000000\">Art. 26 \u2013 Aos proponentes inscritos e n\u00e3o premiados ser\u00e3o concedidos Certificados de Participa\u00e7\u00e3o, desde que solicitados no ato da inscri\u00e7\u00e3o.<\/span><\/p>\n<p style=\"text-align: center\"><strong><span style=\"font-family: times new roman,times,serif;color: #000000\">CAP\u00cdTULO IX \u2013 DAS DISPOSI\u00c7\u00d5ES FINAIS<\/span><\/strong><\/p>\n<p style=\"text-align: justify\"><span style=\"font-family: times new roman,times,serif;color: #000000\">Art. 27 &#8211; Os proponentes concordam com a eventual publica\u00e7\u00e3o, pelas entidades promotoras e apoiadoras, de imagens do momento de entrega do Pr\u00eamio e dos trabalhos inscritos, no todo, em parte ou em texto resumido.<\/span><br \/>\n<span style=\"font-family: times new roman,times,serif;color: #000000\">Art. 28 &#8211; A apresenta\u00e7\u00e3o da inscri\u00e7\u00e3o implica na concord\u00e2ncia e na aceita\u00e7\u00e3o de todas as cl\u00e1usulas e condi\u00e7\u00f5es do presente Regulamento pelos candidatos.<\/span><br \/>\n<span style=\"font-family: times new roman,times,serif;color: #000000\">Art. 29 \u2013 O presente Regulamento entra em vigor ap\u00f3s sua aprova\u00e7\u00e3o pelo Conselho Departamental do Instituto de Ci\u00eancias Humanas.<\/span><br \/>\n<span style=\"font-family: times new roman,times,serif;color: #000000\">Secretaria do Instituto de Ci\u00eancias Humanas aos seis dias do m\u00eas de setembro do ano de dois mil e doze.<\/span><\/p>\n<p style=\"text-align: justify\"><span style=\"font-family: times new roman,times,serif;color: #000000\">_______________________________<\/span><br \/>\n<strong><span style=\"font-family: times new roman,times,serif;color: #000000\">Sidney Gon\u00e7alves Vieira<\/span><\/strong><br \/>\n<strong> <span style=\"font-family: times new roman,times,serif;color: #000000\">Presidente do Conselho Departamental<\/span><\/strong><\/p>\n","protected":false},"excerpt":{"rendered":"<p>REGULAMENTO DO PR\u00caMIO PROFESSOR M\u00c1RIO ROSA DE M\u00c9RITO ACAD\u00caMICO EM GEOGRAFIA DO LABORAT\u00d3RIO DE ESTUDOS URBANOS, REGIONAIS E ENSINO DE GEOGRAFIA INTRODU\u00c7\u00c3O O Laborat\u00f3rio de Estudos Urbanos, Regionais e Ensino de Geografia instituiu em 2012 o PR\u00caMIO PROFESSOR M\u00c1RIO ROSA DE M\u00c9RITO ACAD\u00caMICO EM GEOGRAFIA, que ser\u00e1 oferecido anualmente, homenageando uma personalidade de destaque no [&hellip;]<\/p>\n","protected":false},"author":544,"featured_media":0,"parent":0,"menu_order":2,"comment_status":"closed","ping_status":"closed","template":"","meta":{"jetpack_post_was_ever_published":false,"footnotes":""},"class_list":["post-7","page","type-page","status-publish","hentry"],"jetpack_sharing_enabled":true,"jetpack_shortlink":"https:\/\/wp.me\/P6IPQe-7","jetpack-related-posts":[],"_links":{"self":[{"href":"https:\/\/wp.ufpel.edu.br\/mariorosa\/wp-json\/wp\/v2\/pages\/7","targetHints":{"allow":["GET"]}}],"collection":[{"href":"https:\/\/wp.ufpel.edu.br\/mariorosa\/wp-json\/wp\/v2\/pages"}],"about":[{"href":"https:\/\/wp.ufpel.edu.br\/mariorosa\/wp-json\/wp\/v2\/types\/page"}],"author":[{"embeddable":true,"href":"https:\/\/wp.ufpel.edu.br\/mariorosa\/wp-json\/wp\/v2\/users\/544"}],"replies":[{"embeddable":true,"href":"https:\/\/wp.ufpel.edu.br\/mariorosa\/wp-json\/wp\/v2\/comments?post=7"}],"version-history":[{"count":4,"href":"https:\/\/wp.ufpel.edu.br\/mariorosa\/wp-json\/wp\/v2\/pages\/7\/revisions"}],"predecessor-version":[{"id":11,"href":"https:\/\/wp.ufpel.edu.br\/mariorosa\/wp-json\/wp\/v2\/pages\/7\/revisions\/11"}],"wp:attachment":[{"href":"https:\/\/wp.ufpel.edu.br\/mariorosa\/wp-json\/wp\/v2\/media?parent=7"}],"curies":[{"name":"wp","href":"https:\/\/api.w.org\/{rel}","templated":true}]}}