{"id":5,"date":"2015-09-11T20:53:52","date_gmt":"2015-09-11T23:53:52","guid":{"rendered":"https:\/\/wp.ufpel.edu.br\/mariorosa\/?page_id=5"},"modified":"2015-09-15T12:45:45","modified_gmt":"2015-09-15T15:45:45","slug":"premio-mario-rosa","status":"publish","type":"page","link":"https:\/\/wp.ufpel.edu.br\/mariorosa\/","title":{"rendered":"Apresenta\u00e7\u00e3o"},"content":{"rendered":"<div class=\"entry-content clearfix\">\n<p style=\"text-align: justify\"><span style=\"font-family: times new roman,times,serif;color: #000000\">O Laborat\u00f3rio de Estudos Urbanos e Regionais (LEUR) instituiu em 2012 o\u00a0PR\u00caMIO PROFESSOR M\u00c1RIO ROSA DE M\u00c9RITO ACAD\u00caMICO EM GEOGRAFIA, que ser\u00e1 oferecido anualmente, homenageando uma personalidade de destaque no \u00e2mbito dos estudos geogr\u00e1ficos e outros profissionais em fun\u00e7\u00e3o de sua produ\u00e7\u00e3o acad\u00eamica.<\/span><\/p>\n<p style=\"text-align: justify\"><span style=\"font-family: times new roman,times,serif;color: #000000\">Na sua primeira edi\u00e7\u00e3o o pr\u00eamio foi conferido apenas na categoria Homenagem Especial e agraciou o Professor M\u00e1rio Rosa, que d\u00e1 o nome ao pr\u00eamio. Na presente edi\u00e7\u00e3o, al\u00e9m da Homenagem Especial ser\u00e1 concedido o pr\u00eamio aos autores dos trabalhos melhores avaliados entre os inscritos de cada categoria, Destaque Editorial, P\u00f3s-Gradua\u00e7\u00e3o e Gradua\u00e7\u00e3o<\/span><\/p>\n<p style=\"text-align: center\"><span style=\"color: #000000\"><a style=\"color: #000000;text-decoration: underline\" href=\"https:\/\/wp.ufpel.edu.br\/mariorosa\/regulamento\/\" target=\"_blank\"><span style=\"font-family: times new roman,times,serif\"><strong>Regulamento<\/strong> <\/span><\/a><\/span><br \/>\n<span style=\"font-family: times new roman,times,serif;color: #000000\"> <a style=\"color: #000000;text-decoration: underline\" href=\"https:\/\/wp.ufpel.edu.br\/mariorosa\/edital\/\" target=\"_blank\"><strong>Edital 2015<\/strong> <\/a><\/span><br \/>\n<span style=\"color: #000000\"> <strong><span style=\"font-family: times new roman,times,serif\"> <a style=\"color: #000000;text-decoration: underline\" href=\"https:\/\/wp.ufpel.edu.br\/mariorosa\/datas-importantes\/\" target=\"_blank\">Datas Importantes<\/a><\/span><\/strong><\/span><br \/>\n<span style=\"color: #000000\"> <strong><span style=\"font-family: times new roman,times,serif\"> <a style=\"color: #000000;text-decoration: underline\" href=\"https:\/\/wp.ufpel.edu.br\/mariorosa\/categorias\/\" target=\"_blank\">Categorias<\/a><\/span><\/strong><\/span><br \/>\n<strong><span style=\"font-family: times new roman,times,serif;color: #000000\"> <a href=\"https:\/\/wp.ufpel.edu.br\/mariorosa\/inscricoes\/\" target=\"_blank\"><span style=\"color: #000000\">Inscri\u00e7\u00f5es<\/span> <\/a><\/span><\/strong><\/p>\n<\/div>\n","protected":false},"excerpt":{"rendered":"<p>O Laborat\u00f3rio de Estudos Urbanos e Regionais (LEUR) instituiu em 2012 o\u00a0PR\u00caMIO PROFESSOR M\u00c1RIO ROSA DE M\u00c9RITO ACAD\u00caMICO EM GEOGRAFIA, que ser\u00e1 oferecido anualmente, homenageando uma personalidade de destaque no \u00e2mbito dos estudos geogr\u00e1ficos e outros profissionais em fun\u00e7\u00e3o de sua produ\u00e7\u00e3o acad\u00eamica. Na sua primeira edi\u00e7\u00e3o o pr\u00eamio foi conferido apenas na categoria Homenagem [&hellip;]<\/p>\n","protected":false},"author":544,"featured_media":0,"parent":0,"menu_order":1,"comment_status":"closed","ping_status":"closed","template":"","meta":{"jetpack_post_was_ever_published":false,"footnotes":""},"class_list":["post-5","page","type-page","status-publish","hentry"],"jetpack_sharing_enabled":true,"jetpack_shortlink":"https:\/\/wp.me\/P6IPQe-5","jetpack-related-posts":[],"_links":{"self":[{"href":"https:\/\/wp.ufpel.edu.br\/mariorosa\/wp-json\/wp\/v2\/pages\/5","targetHints":{"allow":["GET"]}}],"collection":[{"href":"https:\/\/wp.ufpel.edu.br\/mariorosa\/wp-json\/wp\/v2\/pages"}],"about":[{"href":"https:\/\/wp.ufpel.edu.br\/mariorosa\/wp-json\/wp\/v2\/types\/page"}],"author":[{"embeddable":true,"href":"https:\/\/wp.ufpel.edu.br\/mariorosa\/wp-json\/wp\/v2\/users\/544"}],"replies":[{"embeddable":true,"href":"https:\/\/wp.ufpel.edu.br\/mariorosa\/wp-json\/wp\/v2\/comments?post=5"}],"version-history":[{"count":8,"href":"https:\/\/wp.ufpel.edu.br\/mariorosa\/wp-json\/wp\/v2\/pages\/5\/revisions"}],"predecessor-version":[{"id":58,"href":"https:\/\/wp.ufpel.edu.br\/mariorosa\/wp-json\/wp\/v2\/pages\/5\/revisions\/58"}],"wp:attachment":[{"href":"https:\/\/wp.ufpel.edu.br\/mariorosa\/wp-json\/wp\/v2\/media?parent=5"}],"curies":[{"name":"wp","href":"https:\/\/api.w.org\/{rel}","templated":true}]}}