{"id":19,"date":"2015-09-11T21:06:22","date_gmt":"2015-09-12T00:06:22","guid":{"rendered":"https:\/\/wp.ufpel.edu.br\/mariorosa\/?page_id=19"},"modified":"2015-10-06T15:50:59","modified_gmt":"2015-10-06T18:50:59","slug":"edital","status":"publish","type":"page","link":"https:\/\/wp.ufpel.edu.br\/mariorosa\/edital\/","title":{"rendered":"Edital 2015"},"content":{"rendered":"<h3 style=\"text-align: center\"><span style=\"color: #000000\">EDITAL DO PR\u00caMIO PROFESSOR M\u00c1RIO ROSA<\/span><\/h3>\n<h3 style=\"text-align: center\"><span style=\"color: #000000\"><strong>DE M\u00c9RITO ACAD\u00caMICO EM GEOGRAFIA<\/strong><\/span><\/h3>\n<h3 style=\"text-align: center\"><span style=\"color: #000000\"><strong>DO LABORAT\u00d3RIO DE ESTUDOS URBANOS E REGIONAIS <\/strong><\/span><\/h3>\n<h3 style=\"text-align: center\"><span style=\"color: #000000\"><strong>EDI\u00c7\u00c3O 2015<\/strong><\/span><\/h3>\n<p style=\"text-align: justify\"><span style=\"color: #000000\"><strong>\u00a0INTRODU\u00c7\u00c3O<\/strong><\/span><\/p>\n<p style=\"text-align: justify\"><span style=\"color: #000000\"><strong>\u00a0<\/strong><\/span><\/p>\n<p style=\"text-align: justify\"><span style=\"color: #000000\">\u00a0\u00a0\u00a0\u00a0\u00a0\u00a0\u00a0\u00a0\u00a0\u00a0\u00a0 O Laborat\u00f3rio de Estudos Urbanos e Regionais (LEUR) instituiu em 2012 o PR\u00caMIO PROFESSOR M\u00c1RIO ROSA DE M\u00c9RITO ACAD\u00caMICO EM GEOGRAFIA, que ser\u00e1 oferecido anualmente, homenageando uma personalidade de destaque no \u00e2mbito dos estudos geogr\u00e1ficos e outros profissionais em fun\u00e7\u00e3o de sua produ\u00e7\u00e3o acad\u00eamica.<\/span><\/p>\n<p style=\"text-align: justify\"><span style=\"color: #000000\">\u00a0\u00a0\u00a0\u00a0\u00a0\u00a0\u00a0\u00a0\u00a0\u00a0\u00a0 Na sua primeira edi\u00e7\u00e3o o pr\u00eamio foi conferido apenas na categoria Homenagem Especial e agraciou o Professor M\u00e1rio Rosa, que d\u00e1 o nome ao pr\u00eamio. Na presente edi\u00e7\u00e3o, al\u00e9m da Homenagem Especial ser\u00e1 concedido o pr\u00eamio aos autores dos trabalhos melhores avaliados entre os inscritos de cada categoria, Destaque Editorial, P\u00f3s-Gradua\u00e7\u00e3o e Gradua\u00e7\u00e3o.<\/span><\/p>\n<p style=\"text-align: justify\"><span style=\"color: #000000\"><strong>Art. 1\u00ba<\/strong> &#8211; O Laborat\u00f3rio de Estudos Urbanos e Regionais institui o Pr\u00eamio Professor M\u00e1rio Rosa de M\u00e9rito Acad\u00eamico em Geografia nas categorias Homenagem Especial, Destaque Editorial, P\u00f3s-Gradua\u00e7\u00e3o e Gradua\u00e7\u00e3o, Edi\u00e7\u00e3o 2015, doravante chamado apenas de \u201c<strong>Pr\u00eamio Professor M\u00e1rio Rosa, Edi\u00e7\u00e3o 2015<\/strong>\u201d.<\/span><\/p>\n<p style=\"text-align: justify\"><span style=\"color: #000000\"><strong>Art. 2\u00ba<\/strong> &#8211; Fica constitu\u00edda a Comiss\u00e3o Organizadora do Pr\u00eamio Professor M\u00e1rio Rosa, Edi\u00e7\u00e3o 2015, composta pelos seguintes integrantes do Leur: Sidney Gon\u00e7alves Vieira (Presidente), Lucas Manassi Panitz, Mara L\u00facia Vasconcelos da Costa, Dione Dutra Lihtnov, L\u00e2nderson Ant\u00f3ria Barros, Paula Newmann Novack.<\/span><\/p>\n<p style=\"text-align: justify\"><span style=\"color: #000000\"><strong>Art. 3\u00ba<\/strong> &#8211; A inscri\u00e7\u00e3o dos candidatos ao Pr\u00eamio Professor M\u00e1rio Rosa, Edi\u00e7\u00e3o 2015, dever\u00e1 ser feita diretamente pelos pr\u00f3prios interessados, por interm\u00e9dio do <em>link<\/em> para o pr\u00eamio existente no <em>website<\/em> do Leur, hospedado na seguinte URL: <em>https:\/\/wp.ufpel.edu.br\/mariorosa\/.<\/em><\/span><\/p>\n<p style=\"text-align: justify\"><span style=\"color: #000000\"><strong>Art. 4\u00ba<\/strong> &#8211; A inscri\u00e7\u00e3o se efetivar\u00e1 pelo preenchimento da Ficha de Inscri\u00e7\u00e3o, dispon\u00edvel no <em>website <\/em>do Leur no <em>link<\/em> do Pr\u00eamio e pelo envio do arquivo contendo o trabalho inscrito.<\/span><\/p>\n<ul style=\"text-align: justify\">\n<li><span style=\"color: #000000\">1\u00ba &#8211; Os arquivos dever\u00e3o ser enviados em formato *.pdf.<\/span><\/li>\n<li><span style=\"color: #000000\">2\u00ba &#8211; A comiss\u00e3o Organizadora homologar\u00e1 as inscri\u00e7\u00f5es de acordo com o atendimento do regulamento espec\u00edfico e informar\u00e1 no <em>website<\/em> do Leur a lista das inscri\u00e7\u00f5es homologadas, de acordo com o cronograma.<\/span><\/li>\n<\/ul>\n<p style=\"text-align: justify\"><span style=\"color: #000000\"><strong>Art 5\u00ba<\/strong> &#8211; O Pr\u00eamio Professor M\u00e1rio Rosa, Edi\u00e7\u00e3o 2015, obedecer\u00e1 ao seguinte cronograma:<\/span><\/p>\n<p style=\"text-align: justify\"><span style=\"color: #000000\">b.) In\u00edcio das Inscri\u00e7\u00f5es: <strong>1 de Setembro de 2015<\/strong>;<\/span><\/p>\n<p style=\"text-align: justify\"><span style=\"color: #000000\">c.) Data Limite para inscri\u00e7\u00e3o e envio de trabalhos: (<del><strong>09 de Outubro de 2015<\/strong><\/del><strong>)\u00a0<span style=\"color: #ff0000\">RETIFICA\u00c7\u00c3O! (prorrogada)\u00a0<\/span><\/strong><span style=\"color: #ff0000\"><strong>nova data limite para o dia 16 de outubro de 2015<\/strong>;\u00a0<\/span><\/span><\/p>\n<p style=\"text-align: justify\"><span style=\"color: #000000\">d.) Data de divulga\u00e7\u00e3o das inscri\u00e7\u00f5es homologadas: (<strong><del>10 de Outubro de 2015<\/del>) <span style=\"color: #ff0000\">RETIFICA\u00c7\u00c3O! nova data 19 de outubro de 2015<\/span><\/strong>;<\/span><\/p>\n<p style=\"text-align: justify\"><span style=\"color: #000000\">e.) Divulga\u00e7\u00e3o da listagem dos agraciados com o Pr\u00eamio Professor M\u00e1rio Rosa, Edi\u00e7\u00e3o 2015: <strong>18 de novembro de 2015<\/strong>;<\/span><\/p>\n<p style=\"text-align: justify\"><span style=\"color: #000000\">f.) Entrega da Premia\u00e7\u00e3o do Pr\u00eamio Professor M\u00e1rio Rosa, Edi\u00e7\u00e3o 2015: <strong>21 de novembro de 2015<\/strong>.<\/span><\/p>\n<p style=\"text-align: justify\"><span style=\"color: #000000\"><strong>Art. 6\u00ba<\/strong> &#8211; As regras que reger\u00e3o o Pr\u00eamio Professor M\u00e1rio Rosa, Edi\u00e7\u00e3o 2015, est\u00e3o estabelecidas no Regulamento do Pr\u00eamio Professor M\u00e1rio Rosa de M\u00e9rito Acad\u00eamico em Geografia do Laborat\u00f3rio de Estudos Urbanos e Regionais, dispon\u00edvel no <em>website<\/em> do Leur no link do Pr\u00eamio.<\/span><\/p>\n<p style=\"text-align: justify\"><span style=\"color: #000000\">Art. 7\u00ba &#8211; Os casos omissos ser\u00e3o julgados pela Comiss\u00e3o Organizadora.<\/span><\/p>\n<p style=\"text-align: justify\"><span style=\"color: #000000\">Pelotas, 11 de Agosto de 2015.<\/span><\/p>\n<p style=\"text-align: justify\"><span style=\"color: #000000\">_______________________________<\/span><br \/>\n<span style=\"color: #000000\"> <strong>Sidney Gon\u00e7alves Vieira<\/strong><\/span><\/p>\n","protected":false},"excerpt":{"rendered":"<p>EDITAL DO PR\u00caMIO PROFESSOR M\u00c1RIO ROSA DE M\u00c9RITO ACAD\u00caMICO EM GEOGRAFIA DO LABORAT\u00d3RIO DE ESTUDOS URBANOS E REGIONAIS EDI\u00c7\u00c3O 2015 \u00a0INTRODU\u00c7\u00c3O \u00a0 \u00a0\u00a0\u00a0\u00a0\u00a0\u00a0\u00a0\u00a0\u00a0\u00a0\u00a0 O Laborat\u00f3rio de Estudos Urbanos e Regionais (LEUR) instituiu em 2012 o PR\u00caMIO PROFESSOR M\u00c1RIO ROSA DE M\u00c9RITO ACAD\u00caMICO EM GEOGRAFIA, que ser\u00e1 oferecido anualmente, homenageando uma personalidade de destaque no \u00e2mbito [&hellip;]<\/p>\n","protected":false},"author":544,"featured_media":0,"parent":0,"menu_order":3,"comment_status":"closed","ping_status":"closed","template":"","meta":{"jetpack_post_was_ever_published":false,"footnotes":""},"class_list":["post-19","page","type-page","status-publish","hentry"],"jetpack_sharing_enabled":true,"jetpack_shortlink":"https:\/\/wp.me\/P6IPQe-j","jetpack-related-posts":[],"_links":{"self":[{"href":"https:\/\/wp.ufpel.edu.br\/mariorosa\/wp-json\/wp\/v2\/pages\/19","targetHints":{"allow":["GET"]}}],"collection":[{"href":"https:\/\/wp.ufpel.edu.br\/mariorosa\/wp-json\/wp\/v2\/pages"}],"about":[{"href":"https:\/\/wp.ufpel.edu.br\/mariorosa\/wp-json\/wp\/v2\/types\/page"}],"author":[{"embeddable":true,"href":"https:\/\/wp.ufpel.edu.br\/mariorosa\/wp-json\/wp\/v2\/users\/544"}],"replies":[{"embeddable":true,"href":"https:\/\/wp.ufpel.edu.br\/mariorosa\/wp-json\/wp\/v2\/comments?post=19"}],"version-history":[{"count":6,"href":"https:\/\/wp.ufpel.edu.br\/mariorosa\/wp-json\/wp\/v2\/pages\/19\/revisions"}],"predecessor-version":[{"id":61,"href":"https:\/\/wp.ufpel.edu.br\/mariorosa\/wp-json\/wp\/v2\/pages\/19\/revisions\/61"}],"wp:attachment":[{"href":"https:\/\/wp.ufpel.edu.br\/mariorosa\/wp-json\/wp\/v2\/media?parent=19"}],"curies":[{"name":"wp","href":"https:\/\/api.w.org\/{rel}","templated":true}]}}