{"id":17,"date":"2015-09-11T21:05:29","date_gmt":"2015-09-12T00:05:29","guid":{"rendered":"https:\/\/wp.ufpel.edu.br\/mariorosa\/?page_id=17"},"modified":"2015-10-06T15:52:17","modified_gmt":"2015-10-06T18:52:17","slug":"inscricoes","status":"publish","type":"page","link":"https:\/\/wp.ufpel.edu.br\/mariorosa\/inscricoes\/","title":{"rendered":"Inscri\u00e7\u00f5es"},"content":{"rendered":"<div class=\"entry-content clearfix\">\n<p><span style=\"font-family: times new roman,times,serif;color: #000000\">As inscri\u00e7\u00f5es poder\u00e3o ser feitas a partir do dia <strong>1\u00b0 de setembro at\u00e9 o dia (<del>9 de outubro<\/del>)\u00a0<span style=\"color: #ff0000\">RETIFICA\u00c7\u00c3O! (prorrogada) nova data limite para o dia 16 de outubro de 2015;<\/span><\/strong><\/span><\/p>\n<p><span style=\"font-family: times new roman,times,serif;color: #000000\">Salientamos que a inscri\u00e7\u00e3o dever\u00e1 ser realizada mediante o preenchimento pr\u00e9vio do formul\u00e1rio abaixo:<\/span><\/p>\n<p style=\"text-align: center\"><span style=\"font-family: times new roman,times,serif;color: #000000\"><strong><span style=\"font-size: 18pt;color: #ff0000\"><a style=\"color: #ff0000\" href=\"http:\/\/goo.gl\/forms\/G5BIkwnFlz\" target=\"_blank\">FORMUL\u00c1RIO DE INSCRI\u00c7\u00c3O<\/a><\/span><br \/>\n<\/strong><\/span><\/p>\n<p><span style=\"font-family: times new roman,times,serif;color: #000000\">O trabalho completo deve ser enviado para o seguinte e-mail <strong>premiomariorosa@gmail.com<\/strong>.<\/span><\/p>\n<\/div>\n","protected":false},"excerpt":{"rendered":"<p>As inscri\u00e7\u00f5es poder\u00e3o ser feitas a partir do dia 1\u00b0 de setembro at\u00e9 o dia (9 de outubro)\u00a0RETIFICA\u00c7\u00c3O! (prorrogada) nova data limite para o dia 16 de outubro de 2015; Salientamos que a inscri\u00e7\u00e3o dever\u00e1 ser realizada mediante o preenchimento pr\u00e9vio do formul\u00e1rio abaixo: FORMUL\u00c1RIO DE INSCRI\u00c7\u00c3O O trabalho completo deve ser enviado para o [&hellip;]<\/p>\n","protected":false},"author":544,"featured_media":0,"parent":0,"menu_order":5,"comment_status":"closed","ping_status":"closed","template":"","meta":{"jetpack_post_was_ever_published":false,"footnotes":""},"class_list":["post-17","page","type-page","status-publish","hentry"],"jetpack_sharing_enabled":true,"jetpack_shortlink":"https:\/\/wp.me\/P6IPQe-h","jetpack-related-posts":[],"_links":{"self":[{"href":"https:\/\/wp.ufpel.edu.br\/mariorosa\/wp-json\/wp\/v2\/pages\/17","targetHints":{"allow":["GET"]}}],"collection":[{"href":"https:\/\/wp.ufpel.edu.br\/mariorosa\/wp-json\/wp\/v2\/pages"}],"about":[{"href":"https:\/\/wp.ufpel.edu.br\/mariorosa\/wp-json\/wp\/v2\/types\/page"}],"author":[{"embeddable":true,"href":"https:\/\/wp.ufpel.edu.br\/mariorosa\/wp-json\/wp\/v2\/users\/544"}],"replies":[{"embeddable":true,"href":"https:\/\/wp.ufpel.edu.br\/mariorosa\/wp-json\/wp\/v2\/comments?post=17"}],"version-history":[{"count":6,"href":"https:\/\/wp.ufpel.edu.br\/mariorosa\/wp-json\/wp\/v2\/pages\/17\/revisions"}],"predecessor-version":[{"id":62,"href":"https:\/\/wp.ufpel.edu.br\/mariorosa\/wp-json\/wp\/v2\/pages\/17\/revisions\/62"}],"wp:attachment":[{"href":"https:\/\/wp.ufpel.edu.br\/mariorosa\/wp-json\/wp\/v2\/media?parent=17"}],"curies":[{"name":"wp","href":"https:\/\/api.w.org\/{rel}","templated":true}]}}