{"id":14,"date":"2015-09-11T21:02:33","date_gmt":"2015-09-12T00:02:33","guid":{"rendered":"https:\/\/wp.ufpel.edu.br\/mariorosa\/?page_id=14"},"modified":"2015-10-06T15:53:54","modified_gmt":"2015-10-06T18:53:54","slug":"datas-importantes","status":"publish","type":"page","link":"https:\/\/wp.ufpel.edu.br\/mariorosa\/datas-importantes\/","title":{"rendered":"Datas Importantes"},"content":{"rendered":"<p><span style=\"font-family: times new roman,times,serif;color: #000000\"><strong>1 de Setembro de 2015<\/strong> \u2013 In\u00edcio das Inscri\u00e7\u00f5es;<\/span><\/p>\n<div class=\"entry-content clearfix\">\n<p><span style=\"font-family: times new roman,times,serif;color: #000000\"><strong>(<del>09 de Outubro de 2015<\/del>)<\/strong> \u2013 Data Limite para inscri\u00e7\u00e3o e envio de trabalhos;\u00a0<span style=\"color: #ff0000\"><strong>RETIFICA\u00c7\u00c3O! (prorrogada)\u00a0<\/strong><strong>nova data limite para o dia 16 de outubro de 2015<\/strong>;\u00a0<\/span><\/span><\/p>\n<p><span style=\"font-family: times new roman,times,serif;color: #000000\"><strong>(<del>10 de Outubro de 2015<\/del>)<\/strong> \u2013 Data de divulga\u00e7\u00e3o das inscri\u00e7\u00f5es homologadas;\u00a0<span style=\"color: #ff0000\"><strong>RETIFICA\u00c7\u00c3O! nova data 19 de outubro de 2015<\/strong>;<\/span><\/span><\/p>\n<p><span style=\"font-family: times new roman,times,serif;color: #000000\"><strong>18 de novembro de 2015<\/strong> \u2013 Divulga\u00e7\u00e3o da listagem dos agraciados com o Pr\u00eamio Professor M\u00e1rio Rosa, Edi\u00e7\u00e3o 2015;<\/span><\/p>\n<p><span style=\"font-family: times new roman,times,serif;color: #000000\"><strong>21 de novembro de 2015<\/strong> \u2013 Entrega da Premia\u00e7\u00e3o do Pr\u00eamio Professor M\u00e1rio Rosa, Edi\u00e7\u00e3o 2015.<\/span><\/p>\n<\/div>\n","protected":false},"excerpt":{"rendered":"<p>1 de Setembro de 2015 \u2013 In\u00edcio das Inscri\u00e7\u00f5es; (09 de Outubro de 2015) \u2013 Data Limite para inscri\u00e7\u00e3o e envio de trabalhos;\u00a0RETIFICA\u00c7\u00c3O! (prorrogada)\u00a0nova data limite para o dia 16 de outubro de 2015;\u00a0 (10 de Outubro de 2015) \u2013 Data de divulga\u00e7\u00e3o das inscri\u00e7\u00f5es homologadas;\u00a0RETIFICA\u00c7\u00c3O! nova data 19 de outubro de 2015; 18 de [&hellip;]<\/p>\n","protected":false},"author":544,"featured_media":0,"parent":0,"menu_order":6,"comment_status":"closed","ping_status":"closed","template":"","meta":{"jetpack_post_was_ever_published":false,"footnotes":""},"class_list":["post-14","page","type-page","status-publish","hentry"],"jetpack_sharing_enabled":true,"jetpack_shortlink":"https:\/\/wp.me\/P6IPQe-e","jetpack-related-posts":[],"_links":{"self":[{"href":"https:\/\/wp.ufpel.edu.br\/mariorosa\/wp-json\/wp\/v2\/pages\/14","targetHints":{"allow":["GET"]}}],"collection":[{"href":"https:\/\/wp.ufpel.edu.br\/mariorosa\/wp-json\/wp\/v2\/pages"}],"about":[{"href":"https:\/\/wp.ufpel.edu.br\/mariorosa\/wp-json\/wp\/v2\/types\/page"}],"author":[{"embeddable":true,"href":"https:\/\/wp.ufpel.edu.br\/mariorosa\/wp-json\/wp\/v2\/users\/544"}],"replies":[{"embeddable":true,"href":"https:\/\/wp.ufpel.edu.br\/mariorosa\/wp-json\/wp\/v2\/comments?post=14"}],"version-history":[{"count":4,"href":"https:\/\/wp.ufpel.edu.br\/mariorosa\/wp-json\/wp\/v2\/pages\/14\/revisions"}],"predecessor-version":[{"id":63,"href":"https:\/\/wp.ufpel.edu.br\/mariorosa\/wp-json\/wp\/v2\/pages\/14\/revisions\/63"}],"wp:attachment":[{"href":"https:\/\/wp.ufpel.edu.br\/mariorosa\/wp-json\/wp\/v2\/media?parent=14"}],"curies":[{"name":"wp","href":"https:\/\/api.w.org\/{rel}","templated":true}]}}