{"id":12,"date":"2015-09-11T21:01:47","date_gmt":"2015-09-12T00:01:47","guid":{"rendered":"https:\/\/wp.ufpel.edu.br\/mariorosa\/?page_id=12"},"modified":"2015-09-11T21:17:56","modified_gmt":"2015-09-12T00:17:56","slug":"categorias","status":"publish","type":"page","link":"https:\/\/wp.ufpel.edu.br\/mariorosa\/categorias\/","title":{"rendered":"Categorias"},"content":{"rendered":"<div class=\"entry-content clearfix\">\n<p style=\"text-align: justify\"><span style=\"font-family: times new roman,times,serif;color: #000000\"><strong>I \u2013 Homenagem Especial<\/strong>, atribu\u00edda a profissional de destacada atua\u00e7\u00e3o na \u00e1rea de Geografia como reconhecimento por sua trajet\u00f3ria de vida profissional.<\/span><\/p>\n<ul style=\"text-align: justify\">\n<li><span style=\"font-family: times new roman,times,serif;color: #000000\">1\u00b0 \u2013 A <strong>Homenagem Especial <\/strong>ser\u00e1 concedida mediante avalia\u00e7\u00e3o de nomes indicados pelos membros do Colegiado de Coordenadores do Laborat\u00f3rio de Estudos Urbanos, Regionais e Ensino de Geografia que levar\u00e1 em conta a atua\u00e7\u00e3o profissional e a produ\u00e7\u00e3o cient\u00edfica do homenageado.<\/span><\/li>\n<li><span style=\"font-family: times new roman,times,serif;color: #000000\">2\u00b0 \u2013 O homenageado dever\u00e1 ser escolhido por unanimidade dos membros do Colegiado de Coordenadores do Laborat\u00f3rio de Estudos Urbanos, Regionais e Ensino de Geografia.<\/span><\/li>\n<\/ul>\n<p style=\"text-align: justify\"><span style=\"font-family: times new roman,times,serif;color: #000000\">\u00a0<\/span><\/p>\n<p style=\"text-align: justify\"><span style=\"font-family: times new roman,times,serif;color: #000000\"><strong>II \u2013 Categoria Destaque Editorial<\/strong>, concedida a trabalho de natureza bibliogr\u00e1fica, de autoria individual ou coletiva, n\u00e3o avaliado como trabalho de conclus\u00e3o de gradua\u00e7\u00e3o, disserta\u00e7\u00e3o de mestrado ou tese de doutorado.<\/span><\/p>\n<ul style=\"text-align: justify\">\n<li><span style=\"font-family: times new roman,times,serif;color: #000000\">1\u00b0 \u2013 O trabalho concorrente n\u00e3o poder\u00e1 ter sido publicado por qualquer meio, impresso ou digital.<\/span><\/li>\n<li><span style=\"font-family: times new roman,times,serif;color: #000000\">2\u00b0 \u2013 A proposta dever\u00e1 ser inscrita pelo(s) autor(es) do trabalho acad\u00eamico.<\/span><\/li>\n<\/ul>\n<p style=\"text-align: justify\"><span style=\"font-family: times new roman,times,serif;color: #000000\">\u00a0<\/span><\/p>\n<p style=\"text-align: justify\"><span style=\"font-family: times new roman,times,serif;color: #000000\">III \u2013 <strong>Categoria P\u00f3s-Gradua\u00e7\u00e3o<\/strong>, destinada a homenagear o autor de trabalho de p\u00f3s-gradua\u00e7\u00e3o, tese de doutorado e disserta\u00e7\u00e3o de mestrado, de car\u00e1ter geogr\u00e1fico, de acordo com par\u00e2metros de avalia\u00e7\u00e3o espec\u00edficos.<\/span><\/p>\n<ul style=\"text-align: justify\">\n<li><span style=\"font-family: times new roman,times,serif;color: #000000\">1\u00b0 \u2013 Somente poder\u00e3o concorrer teses e disserta\u00e7\u00f5es j\u00e1 aprovadas por banca examinadora, que tiverem obtido nota igual ou superior a nove (9,0) ou conceito \u201cA\u201d, sendo indispens\u00e1vel a comprova\u00e7\u00e3o da aprova\u00e7\u00e3o e da nota ou conceito.<\/span><\/li>\n<li><span style=\"font-family: times new roman,times,serif;color: #000000\">2\u00b0 \u2013 A proposta dever\u00e1 ser inscrita pelo autor do trabalho acad\u00eamico.<\/span><\/li>\n<\/ul>\n<p style=\"text-align: justify\"><span style=\"font-family: times new roman,times,serif;color: #000000\">\u00a0<\/span><\/p>\n<p style=\"text-align: justify\"><span style=\"font-family: times new roman,times,serif;color: #000000\"><strong>IV \u2013 Categoria Gradua\u00e7\u00e3o<\/strong>, destinada a homenagear o autor de trabalho de gradua\u00e7\u00e3o, de cunho geogr\u00e1fico, de acordo com par\u00e2metros de avalia\u00e7\u00e3o espec\u00edficos.<\/span><\/p>\n<ul style=\"text-align: justify\">\n<li><span style=\"font-family: times new roman,times,serif;color: #000000\">1\u00b0 \u2013 Somente poder\u00e3o concorrer trabalhos de conclus\u00e3o de curso j\u00e1 aprovados por banca examinadora, que tiverem obtido nota igual ou superior a nove (9,0) ou conceito \u201cA\u201d, sendo indispens\u00e1vel a comprova\u00e7\u00e3o da aprova\u00e7\u00e3o e da nota ou conceito.<\/span><\/li>\n<li><span style=\"font-family: times new roman,times,serif;color: #000000\">2\u00b0 \u2013 A proposta dever\u00e1 ser inscrita pelo autor do trabalho acad\u00eamico.<\/span><\/li>\n<\/ul>\n<\/div>\n<p class=\"entry-footer clearfix\" style=\"text-align: justify\"><span style=\"font-family: times new roman,times,serif;color: #000000\">\u00a0<\/span><\/p>\n","protected":false},"excerpt":{"rendered":"<p>I \u2013 Homenagem Especial, atribu\u00edda a profissional de destacada atua\u00e7\u00e3o na \u00e1rea de Geografia como reconhecimento por sua trajet\u00f3ria de vida profissional. 1\u00b0 \u2013 A Homenagem Especial ser\u00e1 concedida mediante avalia\u00e7\u00e3o de nomes indicados pelos membros do Colegiado de Coordenadores do Laborat\u00f3rio de Estudos Urbanos, Regionais e Ensino de Geografia que levar\u00e1 em conta a [&hellip;]<\/p>\n","protected":false},"author":544,"featured_media":0,"parent":0,"menu_order":4,"comment_status":"closed","ping_status":"closed","template":"","meta":{"jetpack_post_was_ever_published":false,"footnotes":""},"class_list":["post-12","page","type-page","status-publish","hentry"],"jetpack_sharing_enabled":true,"jetpack_shortlink":"https:\/\/wp.me\/P6IPQe-c","jetpack-related-posts":[],"_links":{"self":[{"href":"https:\/\/wp.ufpel.edu.br\/mariorosa\/wp-json\/wp\/v2\/pages\/12","targetHints":{"allow":["GET"]}}],"collection":[{"href":"https:\/\/wp.ufpel.edu.br\/mariorosa\/wp-json\/wp\/v2\/pages"}],"about":[{"href":"https:\/\/wp.ufpel.edu.br\/mariorosa\/wp-json\/wp\/v2\/types\/page"}],"author":[{"embeddable":true,"href":"https:\/\/wp.ufpel.edu.br\/mariorosa\/wp-json\/wp\/v2\/users\/544"}],"replies":[{"embeddable":true,"href":"https:\/\/wp.ufpel.edu.br\/mariorosa\/wp-json\/wp\/v2\/comments?post=12"}],"version-history":[{"count":2,"href":"https:\/\/wp.ufpel.edu.br\/mariorosa\/wp-json\/wp\/v2\/pages\/12\/revisions"}],"predecessor-version":[{"id":40,"href":"https:\/\/wp.ufpel.edu.br\/mariorosa\/wp-json\/wp\/v2\/pages\/12\/revisions\/40"}],"wp:attachment":[{"href":"https:\/\/wp.ufpel.edu.br\/mariorosa\/wp-json\/wp\/v2\/media?parent=12"}],"curies":[{"name":"wp","href":"https:\/\/api.w.org\/{rel}","templated":true}]}}