{"id":725,"date":"2020-07-06T19:57:38","date_gmt":"2020-07-06T22:57:38","guid":{"rendered":"https:\/\/wp.ufpel.edu.br\/margens\/?page_id=725"},"modified":"2020-08-18T17:05:34","modified_gmt":"2020-08-18T20:05:34","slug":"sobre-o-passo","status":"publish","type":"page","link":"https:\/\/wp.ufpel.edu.br\/margens\/sobre-o-passo\/","title":{"rendered":"Sobre o Passo dos Negros"},"content":{"rendered":"<p style=\"text-align: right\"><span style=\"font-weight: 400;font-family: helvetica, arial, sans-serif;color: #000000\"><strong><em><strong style=\"font-size: 1.25rem\">O Passo dos Negros,<\/strong><\/em><\/strong><\/span><\/p>\n<p style=\"text-align: justify\"><span style=\"font-weight: 400\">localizado \u00e0s margens do canal S\u00e3o Gon\u00e7alo, \u00e9 um desses territ\u00f3rios que se constr\u00f3i e reconstr\u00f3i, por meio de v\u00e1rias hist\u00f3rias, narrativas e mem\u00f3rias. Na \u00e9poca das charqueadas, o Passo dos Negros, foi um importante porto.\u00a0<\/span><\/p>\n<p style=\"text-align: justify\"><span style=\"font-weight: 400\">Local de travessia do gado, de fiscaliza\u00e7\u00e3o, de cobran\u00e7a de impostos e de comercializa\u00e7\u00e3o de\u00a0 pessoas escravizadas. Tamb\u00e9m foi muito importante na \u00e9poca do arroz.<\/span><\/p>\n<p><a href=\"https:\/\/wp.ufpel.edu.br\/margens\/alem-das-charqueadas\/01-3\/\"><img loading=\"lazy\" decoding=\"async\" data-attachment-id=\"730\" data-permalink=\"https:\/\/wp.ufpel.edu.br\/margens\/alem-das-charqueadas\/01-1\/\" data-orig-file=\"https:\/\/wp.ufpel.edu.br\/margens\/files\/2020\/07\/01-1.jpg\" data-orig-size=\"800,800\" data-comments-opened=\"0\" data-image-meta=\"{&quot;aperture&quot;:&quot;0&quot;,&quot;credit&quot;:&quot;&quot;,&quot;camera&quot;:&quot;&quot;,&quot;caption&quot;:&quot;&quot;,&quot;created_timestamp&quot;:&quot;0&quot;,&quot;copyright&quot;:&quot;&quot;,&quot;focal_length&quot;:&quot;0&quot;,&quot;iso&quot;:&quot;0&quot;,&quot;shutter_speed&quot;:&quot;0&quot;,&quot;title&quot;:&quot;&quot;,&quot;orientation&quot;:&quot;1&quot;}\" data-image-title=\"\" data-image-description=\"\" data-image-caption=\"\" data-medium-file=\"https:\/\/wp.ufpel.edu.br\/margens\/files\/2020\/07\/01-1-400x400.jpg\" data-large-file=\"https:\/\/wp.ufpel.edu.br\/margens\/files\/2020\/07\/01-1.jpg\" class=\"aligncenter wp-image-730 size-full\" src=\"https:\/\/wp.ufpel.edu.br\/margens\/files\/2020\/07\/01-1.jpg\" alt=\"\" width=\"800\" height=\"800\" srcset=\"https:\/\/wp.ufpel.edu.br\/margens\/files\/2020\/07\/01-1.jpg 800w, https:\/\/wp.ufpel.edu.br\/margens\/files\/2020\/07\/01-1-400x400.jpg 400w, https:\/\/wp.ufpel.edu.br\/margens\/files\/2020\/07\/01-1-200x200.jpg 200w, https:\/\/wp.ufpel.edu.br\/margens\/files\/2020\/07\/01-1-768x768.jpg 768w, https:\/\/wp.ufpel.edu.br\/margens\/files\/2020\/07\/01-1-100x100.jpg 100w\" sizes=\"auto, (max-width: 706px) 89vw, (max-width: 767px) 82vw, 740px\" \/><\/a><\/p>\n<p style=\"text-align: right\"><span style=\"font-weight: 400\"><span style=\"font-weight: 400;font-family: helvetica, arial, sans-serif;color: #000000\"><strong><em><strong style=\"font-size: 1.25rem\">Hoje \u00e9 um lugar vivido e constru\u00eddo<\/strong><\/em><\/strong><\/span><\/span><\/p>\n<p style=\"text-align: justify\"><span style=\"font-weight: 400\">por v\u00e1rias fam\u00edlias, algumas que est\u00e3o ali h\u00e1 muitas gera\u00e7\u00f5es, outras nem tanto tempo assim. Todas, por meio de suas vidas, tornam aquele territ\u00f3rio sua casa.<\/span><\/p>\n<p><img loading=\"lazy\" decoding=\"async\" data-attachment-id=\"431\" data-permalink=\"https:\/\/wp.ufpel.edu.br\/margens\/alem-das-charqueadas\/000marg20-corrente-4\/\" data-orig-file=\"https:\/\/wp.ufpel.edu.br\/margens\/files\/2020\/06\/000MARG20-CORRENTE-4.png\" data-orig-size=\"2000,167\" data-comments-opened=\"0\" data-image-meta=\"{&quot;aperture&quot;:&quot;0&quot;,&quot;credit&quot;:&quot;&quot;,&quot;camera&quot;:&quot;&quot;,&quot;caption&quot;:&quot;&quot;,&quot;created_timestamp&quot;:&quot;0&quot;,&quot;copyright&quot;:&quot;&quot;,&quot;focal_length&quot;:&quot;0&quot;,&quot;iso&quot;:&quot;0&quot;,&quot;shutter_speed&quot;:&quot;0&quot;,&quot;title&quot;:&quot;&quot;,&quot;orientation&quot;:&quot;0&quot;}\" data-image-title=\"000MARG20-CORRENTE-4\" data-image-description=\"\" data-image-caption=\"\" data-medium-file=\"https:\/\/wp.ufpel.edu.br\/margens\/files\/2020\/06\/000MARG20-CORRENTE-4-400x33.png\" data-large-file=\"https:\/\/wp.ufpel.edu.br\/margens\/files\/2020\/06\/000MARG20-CORRENTE-4-1024x86.png\" class=\"aligncenter size-full wp-image-431\" src=\"https:\/\/wp.ufpel.edu.br\/margens\/files\/2020\/06\/000MARG20-CORRENTE-4.png\" alt=\"\" width=\"2000\" height=\"174\" \/><\/p>\n<p style=\"text-align: justify\"><span style=\"font-weight: 400\"><a href=\"https:\/\/wp.ufpel.edu.br\/margens\/alem-das-charqueadas\/05-jpg\/\"><img loading=\"lazy\" decoding=\"async\" data-attachment-id=\"732\" data-permalink=\"https:\/\/wp.ufpel.edu.br\/margens\/alem-das-charqueadas\/05-jpg-1\/\" data-orig-file=\"https:\/\/wp.ufpel.edu.br\/margens\/files\/2020\/07\/05.-jpg-1.jpg\" data-orig-size=\"800,800\" data-comments-opened=\"0\" data-image-meta=\"{&quot;aperture&quot;:&quot;0&quot;,&quot;credit&quot;:&quot;&quot;,&quot;camera&quot;:&quot;&quot;,&quot;caption&quot;:&quot;&quot;,&quot;created_timestamp&quot;:&quot;0&quot;,&quot;copyright&quot;:&quot;&quot;,&quot;focal_length&quot;:&quot;0&quot;,&quot;iso&quot;:&quot;0&quot;,&quot;shutter_speed&quot;:&quot;0&quot;,&quot;title&quot;:&quot;&quot;,&quot;orientation&quot;:&quot;1&quot;}\" data-image-title=\"\" data-image-description=\"\" data-image-caption=\"\" data-medium-file=\"https:\/\/wp.ufpel.edu.br\/margens\/files\/2020\/07\/05.-jpg-1-400x400.jpg\" data-large-file=\"https:\/\/wp.ufpel.edu.br\/margens\/files\/2020\/07\/05.-jpg-1.jpg\" class=\"alignleft wp-image-732 size-thumbnail\" src=\"https:\/\/wp.ufpel.edu.br\/margens\/files\/2020\/07\/05.-jpg-1-200x200.jpg\" alt=\"\" width=\"200\" height=\"200\" srcset=\"https:\/\/wp.ufpel.edu.br\/margens\/files\/2020\/07\/05.-jpg-1-200x200.jpg 200w, https:\/\/wp.ufpel.edu.br\/margens\/files\/2020\/07\/05.-jpg-1-400x400.jpg 400w, https:\/\/wp.ufpel.edu.br\/margens\/files\/2020\/07\/05.-jpg-1-768x768.jpg 768w, https:\/\/wp.ufpel.edu.br\/margens\/files\/2020\/07\/05.-jpg-1-100x100.jpg 100w, https:\/\/wp.ufpel.edu.br\/margens\/files\/2020\/07\/05.-jpg-1.jpg 800w\" sizes=\"auto, (max-width: 200px) 100vw, 200px\" \/><\/a><span style=\"font-size: 1rem\">Queremos que diferentes elementos do Passo dos Negros, como a Ponte dos Dois Arcos, o Engenho Cel. Pedro Os\u00f3rio, as figueiras centen\u00e1rias e o caminho das tropas virem oficialmente patrim\u00f4nios, para que possam ser conhecidos, reconhecidos e preservados. <\/span><a style=\"font-size: 1rem\" href=\"https:\/\/wp.ufpel.edu.br\/margens\/patrimonios-invisibilizados\/\"><strong>Estes patrim\u00f4nios s\u00e3o importantes marcos da cidade de Pelotas<\/strong><\/a><span style=\"font-size: 1rem\">, pois contam hist\u00f3rias das comunidades negras, de trabalhadoras e trabalhadores, de f\u00e9, de lutas, de opress\u00f5es, de vit\u00f3rias e de resist\u00eancias, ao longo do tempo.\u00a0<\/span><\/span><\/p>\n<p><a href=\"https:\/\/wp.ufpel.edu.br\/margens\/alem-das-charqueadas\/04-2\/\"><img loading=\"lazy\" decoding=\"async\" data-attachment-id=\"731\" data-permalink=\"https:\/\/wp.ufpel.edu.br\/margens\/alem-das-charqueadas\/04-1\/\" data-orig-file=\"https:\/\/wp.ufpel.edu.br\/margens\/files\/2020\/07\/04-1.jpg\" data-orig-size=\"900,900\" data-comments-opened=\"0\" data-image-meta=\"{&quot;aperture&quot;:&quot;0&quot;,&quot;credit&quot;:&quot;&quot;,&quot;camera&quot;:&quot;&quot;,&quot;caption&quot;:&quot;&quot;,&quot;created_timestamp&quot;:&quot;0&quot;,&quot;copyright&quot;:&quot;&quot;,&quot;focal_length&quot;:&quot;0&quot;,&quot;iso&quot;:&quot;0&quot;,&quot;shutter_speed&quot;:&quot;0&quot;,&quot;title&quot;:&quot;&quot;,&quot;orientation&quot;:&quot;1&quot;}\" data-image-title=\"\" data-image-description=\"\" data-image-caption=\"\" data-medium-file=\"https:\/\/wp.ufpel.edu.br\/margens\/files\/2020\/07\/04-1-400x400.jpg\" data-large-file=\"https:\/\/wp.ufpel.edu.br\/margens\/files\/2020\/07\/04-1.jpg\" class=\"aligncenter wp-image-731 size-full\" src=\"https:\/\/wp.ufpel.edu.br\/margens\/files\/2020\/07\/04-1.jpg\" alt=\"\" width=\"900\" height=\"900\" srcset=\"https:\/\/wp.ufpel.edu.br\/margens\/files\/2020\/07\/04-1.jpg 900w, https:\/\/wp.ufpel.edu.br\/margens\/files\/2020\/07\/04-1-400x400.jpg 400w, https:\/\/wp.ufpel.edu.br\/margens\/files\/2020\/07\/04-1-200x200.jpg 200w, https:\/\/wp.ufpel.edu.br\/margens\/files\/2020\/07\/04-1-768x768.jpg 768w, https:\/\/wp.ufpel.edu.br\/margens\/files\/2020\/07\/04-1-100x100.jpg 100w\" sizes=\"auto, (max-width: 706px) 89vw, (max-width: 767px) 82vw, 740px\" \/><\/a><\/p>\n<p style=\"text-align: justify\"><span style=\"font-weight: 400\">O patrim\u00f4nio de uma cidade deve reconhecer muitos grupos, sem privilegiar alguns, deve<strong> valorizar diferentes temporalidades e espacialidades<\/strong>.\u00a0<\/span><\/p>\n<p style=\"text-align: center\"><span style=\"font-weight: 400\"><span style=\"font-weight: 400;font-family: helvetica, arial, sans-serif;color: #000000\"><strong><em><strong style=\"font-size: 1.25rem\">Patrim\u00f4nio sem gente n\u00e3o faz sentido!<\/strong><\/em><\/strong><\/span><\/span><\/p>\n<p><img loading=\"lazy\" decoding=\"async\" data-attachment-id=\"431\" data-permalink=\"https:\/\/wp.ufpel.edu.br\/margens\/alem-das-charqueadas\/000marg20-corrente-4\/\" data-orig-file=\"https:\/\/wp.ufpel.edu.br\/margens\/files\/2020\/06\/000MARG20-CORRENTE-4.png\" data-orig-size=\"2000,167\" data-comments-opened=\"0\" data-image-meta=\"{&quot;aperture&quot;:&quot;0&quot;,&quot;credit&quot;:&quot;&quot;,&quot;camera&quot;:&quot;&quot;,&quot;caption&quot;:&quot;&quot;,&quot;created_timestamp&quot;:&quot;0&quot;,&quot;copyright&quot;:&quot;&quot;,&quot;focal_length&quot;:&quot;0&quot;,&quot;iso&quot;:&quot;0&quot;,&quot;shutter_speed&quot;:&quot;0&quot;,&quot;title&quot;:&quot;&quot;,&quot;orientation&quot;:&quot;0&quot;}\" data-image-title=\"000MARG20-CORRENTE-4\" data-image-description=\"\" data-image-caption=\"\" data-medium-file=\"https:\/\/wp.ufpel.edu.br\/margens\/files\/2020\/06\/000MARG20-CORRENTE-4-400x33.png\" data-large-file=\"https:\/\/wp.ufpel.edu.br\/margens\/files\/2020\/06\/000MARG20-CORRENTE-4-1024x86.png\" class=\"aligncenter size-full wp-image-431\" src=\"https:\/\/wp.ufpel.edu.br\/margens\/files\/2020\/06\/000MARG20-CORRENTE-4.png\" alt=\"\" width=\"2000\" height=\"174\" \/><\/p>\n<p style=\"text-align: center\"><a href=\"https:\/\/wp.ufpel.edu.br\/margens\/alem-das-charqueadas\/\"><em>&lt; Voc\u00ea pode voltar clicando aqui<\/em><\/a><\/p>\n<p style=\"text-align: center\"><a href=\"https:\/\/wp.ufpel.edu.br\/margens\/na-pandemia\/\"><em>Vamos para a pr\u00f3xima p\u00e1gina? &gt;<\/em><\/a><\/p>\n<p style=\"text-align: center\">\n","protected":false},"excerpt":{"rendered":"<p>O Passo dos Negros, localizado \u00e0s margens do canal S\u00e3o Gon\u00e7alo, \u00e9 um desses territ\u00f3rios que se constr\u00f3i e reconstr\u00f3i, por meio de v\u00e1rias hist\u00f3rias, narrativas e mem\u00f3rias. Na \u00e9poca das charqueadas, o Passo dos Negros, foi um importante porto.\u00a0 Local de travessia do gado, de fiscaliza\u00e7\u00e3o, de cobran\u00e7a de impostos e de comercializa\u00e7\u00e3o de\u00a0 &hellip; <\/p>\n<p class=\"link-more\"><a href=\"https:\/\/wp.ufpel.edu.br\/margens\/sobre-o-passo\/\" class=\"more-link\">Continue lendo<span class=\"screen-reader-text\"> &#8220;Sobre o Passo dos Negros&#8221;<\/span><\/a><\/p>\n","protected":false},"author":1008,"featured_media":814,"parent":0,"menu_order":0,"comment_status":"closed","ping_status":"closed","template":"","meta":{"footnotes":""},"class_list":["post-725","page","type-page","status-publish","has-post-thumbnail","hentry"],"yoast_head":"<!-- This site is optimized with the Yoast SEO plugin v26.7 - https:\/\/yoast.com\/wordpress\/plugins\/seo\/ -->\n<title>O Passo dos Negros - Margens: Diferentes Formas de Habitar Pelotas<\/title>\n<meta name=\"description\" content=\"O Passo dos Negros \u00e9 um desses patrimonios que se constr\u00f3i e reconstr\u00f3i, por meio de v\u00e1rias hist\u00f3rias, narrativas e mem\u00f3rias desde as charqueadas .\" \/>\n<meta name=\"robots\" content=\"index, follow, max-snippet:-1, max-image-preview:large, max-video-preview:-1\" \/>\n<link rel=\"canonical\" href=\"https:\/\/wp.ufpel.edu.br\/margens\/sobre-o-passo\/\" \/>\n<meta property=\"og:locale\" content=\"pt_BR\" \/>\n<meta property=\"og:type\" content=\"article\" \/>\n<meta property=\"og:title\" content=\"O Passo dos Negros - Margens: Diferentes Formas de Habitar Pelotas\" \/>\n<meta property=\"og:description\" content=\"O Passo dos Negros \u00e9 um desses patrimonios que se constr\u00f3i e reconstr\u00f3i, por meio de v\u00e1rias hist\u00f3rias, narrativas e mem\u00f3rias desde as charqueadas .\" \/>\n<meta property=\"og:url\" content=\"https:\/\/wp.ufpel.edu.br\/margens\/sobre-o-passo\/\" \/>\n<meta property=\"og:site_name\" content=\"Margens: Diferentes Formas de Habitar Pelotas\" \/>\n<meta property=\"article:modified_time\" content=\"2020-08-18T20:05:34+00:00\" \/>\n<meta property=\"og:image\" content=\"https:\/\/wp.ufpel.edu.br\/margens\/files\/2020\/07\/005MARG20-Header-Al\u00e9m-das-Charqueadas2.jpg\" \/>\n\t<meta property=\"og:image:width\" content=\"2000\" \/>\n\t<meta property=\"og:image:height\" content=\"362\" \/>\n\t<meta property=\"og:image:type\" content=\"image\/jpeg\" \/>\n<meta name=\"twitter:card\" content=\"summary_large_image\" \/>\n<meta name=\"twitter:label1\" content=\"Est. tempo de leitura\" \/>\n\t<meta name=\"twitter:data1\" content=\"1 minuto\" \/>\n<script type=\"application\/ld+json\" class=\"yoast-schema-graph\">{\"@context\":\"https:\/\/schema.org\",\"@graph\":[{\"@type\":\"WebPage\",\"@id\":\"https:\/\/wp.ufpel.edu.br\/margens\/sobre-o-passo\/\",\"url\":\"https:\/\/wp.ufpel.edu.br\/margens\/sobre-o-passo\/\",\"name\":\"O Passo dos Negros - Margens: Diferentes Formas de Habitar Pelotas\",\"isPartOf\":{\"@id\":\"https:\/\/wp.ufpel.edu.br\/margens\/#website\"},\"primaryImageOfPage\":{\"@id\":\"https:\/\/wp.ufpel.edu.br\/margens\/sobre-o-passo\/#primaryimage\"},\"image\":{\"@id\":\"https:\/\/wp.ufpel.edu.br\/margens\/sobre-o-passo\/#primaryimage\"},\"thumbnailUrl\":\"https:\/\/wp.ufpel.edu.br\/margens\/files\/2020\/07\/005MARG20-Header-Al\u00e9m-das-Charqueadas2.jpg\",\"datePublished\":\"2020-07-06T22:57:38+00:00\",\"dateModified\":\"2020-08-18T20:05:34+00:00\",\"description\":\"O Passo dos Negros \u00e9 um desses patrimonios que se constr\u00f3i e reconstr\u00f3i, por meio de v\u00e1rias hist\u00f3rias, narrativas e mem\u00f3rias desde as charqueadas .\",\"breadcrumb\":{\"@id\":\"https:\/\/wp.ufpel.edu.br\/margens\/sobre-o-passo\/#breadcrumb\"},\"inLanguage\":\"pt-BR\",\"potentialAction\":[{\"@type\":\"ReadAction\",\"target\":[\"https:\/\/wp.ufpel.edu.br\/margens\/sobre-o-passo\/\"]}]},{\"@type\":\"ImageObject\",\"inLanguage\":\"pt-BR\",\"@id\":\"https:\/\/wp.ufpel.edu.br\/margens\/sobre-o-passo\/#primaryimage\",\"url\":\"https:\/\/wp.ufpel.edu.br\/margens\/files\/2020\/07\/005MARG20-Header-Al\u00e9m-das-Charqueadas2.jpg\",\"contentUrl\":\"https:\/\/wp.ufpel.edu.br\/margens\/files\/2020\/07\/005MARG20-Header-Al\u00e9m-das-Charqueadas2.jpg\",\"width\":2000,\"height\":362},{\"@type\":\"BreadcrumbList\",\"@id\":\"https:\/\/wp.ufpel.edu.br\/margens\/sobre-o-passo\/#breadcrumb\",\"itemListElement\":[{\"@type\":\"ListItem\",\"position\":1,\"name\":\"In\u00edcio\",\"item\":\"https:\/\/wp.ufpel.edu.br\/margens\/\"},{\"@type\":\"ListItem\",\"position\":2,\"name\":\"Sobre o Passo dos Negros\"}]},{\"@type\":\"WebSite\",\"@id\":\"https:\/\/wp.ufpel.edu.br\/margens\/#website\",\"url\":\"https:\/\/wp.ufpel.edu.br\/margens\/\",\"name\":\"Margens: Diferentes Formas de Habitar Pelotas\",\"description\":\"Universidade Federal de Pelotas\",\"potentialAction\":[{\"@type\":\"SearchAction\",\"target\":{\"@type\":\"EntryPoint\",\"urlTemplate\":\"https:\/\/wp.ufpel.edu.br\/margens\/?s={search_term_string}\"},\"query-input\":{\"@type\":\"PropertyValueSpecification\",\"valueRequired\":true,\"valueName\":\"search_term_string\"}}],\"inLanguage\":\"pt-BR\"}]}<\/script>\n<!-- \/ Yoast SEO plugin. -->","yoast_head_json":{"title":"O Passo dos Negros - Margens: Diferentes Formas de Habitar Pelotas","description":"O Passo dos Negros \u00e9 um desses patrimonios que se constr\u00f3i e reconstr\u00f3i, por meio de v\u00e1rias hist\u00f3rias, narrativas e mem\u00f3rias desde as charqueadas .","robots":{"index":"index","follow":"follow","max-snippet":"max-snippet:-1","max-image-preview":"max-image-preview:large","max-video-preview":"max-video-preview:-1"},"canonical":"https:\/\/wp.ufpel.edu.br\/margens\/sobre-o-passo\/","og_locale":"pt_BR","og_type":"article","og_title":"O Passo dos Negros - Margens: Diferentes Formas de Habitar Pelotas","og_description":"O Passo dos Negros \u00e9 um desses patrimonios que se constr\u00f3i e reconstr\u00f3i, por meio de v\u00e1rias hist\u00f3rias, narrativas e mem\u00f3rias desde as charqueadas .","og_url":"https:\/\/wp.ufpel.edu.br\/margens\/sobre-o-passo\/","og_site_name":"Margens: Diferentes Formas de Habitar Pelotas","article_modified_time":"2020-08-18T20:05:34+00:00","og_image":[{"width":2000,"height":362,"url":"https:\/\/wp.ufpel.edu.br\/margens\/files\/2020\/07\/005MARG20-Header-Al\u00e9m-das-Charqueadas2.jpg","type":"image\/jpeg"}],"twitter_card":"summary_large_image","twitter_misc":{"Est. tempo de leitura":"1 minuto"},"schema":{"@context":"https:\/\/schema.org","@graph":[{"@type":"WebPage","@id":"https:\/\/wp.ufpel.edu.br\/margens\/sobre-o-passo\/","url":"https:\/\/wp.ufpel.edu.br\/margens\/sobre-o-passo\/","name":"O Passo dos Negros - Margens: Diferentes Formas de Habitar Pelotas","isPartOf":{"@id":"https:\/\/wp.ufpel.edu.br\/margens\/#website"},"primaryImageOfPage":{"@id":"https:\/\/wp.ufpel.edu.br\/margens\/sobre-o-passo\/#primaryimage"},"image":{"@id":"https:\/\/wp.ufpel.edu.br\/margens\/sobre-o-passo\/#primaryimage"},"thumbnailUrl":"https:\/\/wp.ufpel.edu.br\/margens\/files\/2020\/07\/005MARG20-Header-Al\u00e9m-das-Charqueadas2.jpg","datePublished":"2020-07-06T22:57:38+00:00","dateModified":"2020-08-18T20:05:34+00:00","description":"O Passo dos Negros \u00e9 um desses patrimonios que se constr\u00f3i e reconstr\u00f3i, por meio de v\u00e1rias hist\u00f3rias, narrativas e mem\u00f3rias desde as charqueadas .","breadcrumb":{"@id":"https:\/\/wp.ufpel.edu.br\/margens\/sobre-o-passo\/#breadcrumb"},"inLanguage":"pt-BR","potentialAction":[{"@type":"ReadAction","target":["https:\/\/wp.ufpel.edu.br\/margens\/sobre-o-passo\/"]}]},{"@type":"ImageObject","inLanguage":"pt-BR","@id":"https:\/\/wp.ufpel.edu.br\/margens\/sobre-o-passo\/#primaryimage","url":"https:\/\/wp.ufpel.edu.br\/margens\/files\/2020\/07\/005MARG20-Header-Al\u00e9m-das-Charqueadas2.jpg","contentUrl":"https:\/\/wp.ufpel.edu.br\/margens\/files\/2020\/07\/005MARG20-Header-Al\u00e9m-das-Charqueadas2.jpg","width":2000,"height":362},{"@type":"BreadcrumbList","@id":"https:\/\/wp.ufpel.edu.br\/margens\/sobre-o-passo\/#breadcrumb","itemListElement":[{"@type":"ListItem","position":1,"name":"In\u00edcio","item":"https:\/\/wp.ufpel.edu.br\/margens\/"},{"@type":"ListItem","position":2,"name":"Sobre o Passo dos Negros"}]},{"@type":"WebSite","@id":"https:\/\/wp.ufpel.edu.br\/margens\/#website","url":"https:\/\/wp.ufpel.edu.br\/margens\/","name":"Margens: Diferentes Formas de Habitar Pelotas","description":"Universidade Federal de Pelotas","potentialAction":[{"@type":"SearchAction","target":{"@type":"EntryPoint","urlTemplate":"https:\/\/wp.ufpel.edu.br\/margens\/?s={search_term_string}"},"query-input":{"@type":"PropertyValueSpecification","valueRequired":true,"valueName":"search_term_string"}}],"inLanguage":"pt-BR"}]}},"jetpack_sharing_enabled":true,"_links":{"self":[{"href":"https:\/\/wp.ufpel.edu.br\/margens\/wp-json\/wp\/v2\/pages\/725","targetHints":{"allow":["GET"]}}],"collection":[{"href":"https:\/\/wp.ufpel.edu.br\/margens\/wp-json\/wp\/v2\/pages"}],"about":[{"href":"https:\/\/wp.ufpel.edu.br\/margens\/wp-json\/wp\/v2\/types\/page"}],"author":[{"embeddable":true,"href":"https:\/\/wp.ufpel.edu.br\/margens\/wp-json\/wp\/v2\/users\/1008"}],"replies":[{"embeddable":true,"href":"https:\/\/wp.ufpel.edu.br\/margens\/wp-json\/wp\/v2\/comments?post=725"}],"version-history":[{"count":19,"href":"https:\/\/wp.ufpel.edu.br\/margens\/wp-json\/wp\/v2\/pages\/725\/revisions"}],"predecessor-version":[{"id":1345,"href":"https:\/\/wp.ufpel.edu.br\/margens\/wp-json\/wp\/v2\/pages\/725\/revisions\/1345"}],"wp:featuredmedia":[{"embeddable":true,"href":"https:\/\/wp.ufpel.edu.br\/margens\/wp-json\/wp\/v2\/media\/814"}],"wp:attachment":[{"href":"https:\/\/wp.ufpel.edu.br\/margens\/wp-json\/wp\/v2\/media?parent=725"}],"curies":[{"name":"wp","href":"https:\/\/api.w.org\/{rel}","templated":true}]}}