{"id":613,"date":"2020-07-02T20:44:58","date_gmt":"2020-07-02T23:44:58","guid":{"rendered":"https:\/\/wp.ufpel.edu.br\/margens\/?page_id=613"},"modified":"2020-08-18T17:04:56","modified_gmt":"2020-08-18T20:04:56","slug":"sobre-as-diferencas","status":"publish","type":"page","link":"https:\/\/wp.ufpel.edu.br\/margens\/sobre-as-diferencas\/","title":{"rendered":"Sobre as diferen\u00e7as"},"content":{"rendered":"<p style=\"text-align: right\"><em><span style=\"font-size: 18pt\"><b>Voc\u00ea sabia que os preconceitos geram desigualdade e viol\u00eancia?<\/b><\/span><\/em><\/p>\n<p style=\"text-align: justify\"><span style=\"font-weight: 400\">N\u00e3o falar de g\u00eanero e sexualidade sempre foi uma das principais formas de excluir a popula\u00e7\u00e3o LGBTQIA+. Bem como formas de censura e o discurso de \u00f3dio aos corpos que n\u00e3o s\u00e3o considerados \u201cnormais\u201d. <\/span><\/p>\n<p style=\"text-align: justify\"><span style=\"font-weight: 400\">Assim, <strong>surgem os preconceitos que servem para manter essas regras que a sociedade inventou<\/strong>, por exemplo: que meninos usam azul e meninas usam rosa, que homens n\u00e3o podem chorar, que homens devem gostar de mulheres e mulheres de homens, que identidade de g\u00eanero est\u00e1 relacionado apenas com genitais, entre tantas outras. Isso n\u00e3o representa a realidade.<\/span><\/p>\n<p style=\"text-align: justify\"><img loading=\"lazy\" decoding=\"async\" data-attachment-id=\"823\" data-permalink=\"https:\/\/wp.ufpel.edu.br\/margens\/sobre-as-diferencas\/stonew\/\" data-orig-file=\"https:\/\/wp.ufpel.edu.br\/margens\/files\/2020\/07\/stonew.png\" data-orig-size=\"1000,362\" data-comments-opened=\"0\" data-image-meta=\"{&quot;aperture&quot;:&quot;0&quot;,&quot;credit&quot;:&quot;&quot;,&quot;camera&quot;:&quot;&quot;,&quot;caption&quot;:&quot;&quot;,&quot;created_timestamp&quot;:&quot;0&quot;,&quot;copyright&quot;:&quot;&quot;,&quot;focal_length&quot;:&quot;0&quot;,&quot;iso&quot;:&quot;0&quot;,&quot;shutter_speed&quot;:&quot;0&quot;,&quot;title&quot;:&quot;&quot;,&quot;orientation&quot;:&quot;0&quot;}\" data-image-title=\"stonew\" data-image-description=\"\" data-image-caption=\"\" data-medium-file=\"https:\/\/wp.ufpel.edu.br\/margens\/files\/2020\/07\/stonew-400x145.png\" data-large-file=\"https:\/\/wp.ufpel.edu.br\/margens\/files\/2020\/07\/stonew.png\" class=\"aligncenter wp-image-823 size-full\" src=\"https:\/\/wp.ufpel.edu.br\/margens\/files\/2020\/07\/stonew.png\" alt=\"\" width=\"1000\" height=\"362\" srcset=\"https:\/\/wp.ufpel.edu.br\/margens\/files\/2020\/07\/stonew.png 1000w, https:\/\/wp.ufpel.edu.br\/margens\/files\/2020\/07\/stonew-400x145.png 400w, https:\/\/wp.ufpel.edu.br\/margens\/files\/2020\/07\/stonew-768x278.png 768w\" sizes=\"auto, (max-width: 706px) 89vw, (max-width: 767px) 82vw, 740px\" \/><\/p>\n<p style=\"text-align: right\"><span style=\"font-size: 14pt\"><strong><em>Atualmente a comunidade LGBTQIA+ <\/em><\/strong><\/span><\/p>\n<p style=\"text-align: justify\"><span style=\"font-weight: 400\">tem conquistado espa\u00e7os e direitos, em uma luta constante contra a viol\u00eancia e o \u00f3dio. Hoje existem leis que criminalizam esses preconceitos e j\u00e1 \u00e9 poss\u00edvel o casamento entre pessoas LGBTQIA+ e a ado\u00e7\u00e3o, por exemplo. O cen\u00e1rio mudou muito desde a revolu\u00e7\u00e3o de <\/span><em><a href=\"https:\/\/igay.ig.com.br\/colunas\/coluna-do-pomba\/2017-06-28\/stonewall-orgulho-lgbt.html\" target=\"_blank\" rel=\"noopener noreferrer\"><span style=\"font-weight: 400\">Stonewall<\/span><\/a><\/em><span style=\"font-weight: 400\"> em 1969, que influenciou os movimentos LGBTQIA+ que conhecemos hoje em dia. <\/span><\/p>\n<p><img loading=\"lazy\" decoding=\"async\" data-attachment-id=\"378\" data-permalink=\"https:\/\/wp.ufpel.edu.br\/margens\/alem-da-noite\/000marg20-corrente-6\/\" data-orig-file=\"https:\/\/wp.ufpel.edu.br\/margens\/files\/2020\/06\/000MARG20-CORRENTE-6.png\" data-orig-size=\"2000,167\" data-comments-opened=\"0\" data-image-meta=\"{&quot;aperture&quot;:&quot;0&quot;,&quot;credit&quot;:&quot;&quot;,&quot;camera&quot;:&quot;&quot;,&quot;caption&quot;:&quot;&quot;,&quot;created_timestamp&quot;:&quot;0&quot;,&quot;copyright&quot;:&quot;&quot;,&quot;focal_length&quot;:&quot;0&quot;,&quot;iso&quot;:&quot;0&quot;,&quot;shutter_speed&quot;:&quot;0&quot;,&quot;title&quot;:&quot;&quot;,&quot;orientation&quot;:&quot;0&quot;}\" data-image-title=\"000MARG20-CORRENTE-6\" data-image-description=\"\" data-image-caption=\"\" data-medium-file=\"https:\/\/wp.ufpel.edu.br\/margens\/files\/2020\/06\/000MARG20-CORRENTE-6-400x33.png\" data-large-file=\"https:\/\/wp.ufpel.edu.br\/margens\/files\/2020\/06\/000MARG20-CORRENTE-6-1024x86.png\" class=\"aligncenter wp-image-378 size-full\" src=\"https:\/\/wp.ufpel.edu.br\/margens\/files\/2020\/06\/000MARG20-CORRENTE-6.png\" alt=\"\" width=\"2000\" height=\"174\" \/><\/p>\n<p style=\"text-align: right\"><span style=\"font-size: 14pt\"><em><b>Qual a import\u00e2ncia das Pol\u00edticas P\u00fablicas para a comunidade LGBTQIA+?<\/b><\/em><\/span><\/p>\n<p style=\"text-align: justify\"><span style=\"font-weight: 400\">As pol\u00edticas p\u00fablicas s\u00e3o importantes pois trazem mudan\u00e7as. Podem contribuir para a redu\u00e7\u00e3o das desigualdades, ao investir em a\u00e7\u00f5es e programas dirigidos a grupos que precisam. Mas tamb\u00e9m podem refor\u00e7ar as desigualdades, quando ignoram ou, at\u00e9 mesmo, atacam esses grupos.\u00a0 <\/span><\/p>\n<p style=\"text-align: justify\"><span style=\"font-weight: 400\">Ao olhar para \u00e1reas como <strong>educa\u00e7\u00e3o, seguran\u00e7a, trabalho, assist\u00eancia social, previd\u00eancia social e sa\u00fade<\/strong>, vemos que as pol\u00edticas p\u00fablicas voltadas para o combate aos preconceitos e \u00e0 garantia de direitos para a popula\u00e7\u00e3o LGBTQIA+ s\u00e3o pouco eficientes ou at\u00e9 mesmo inexistentes, embora estejam previstas em leis e a\u00e7\u00f5es do governo federal e dos governos estaduais e municipais. Infelizmente, as a\u00e7\u00f5es ainda\u00a0<\/span><span style=\"font-size: 1rem\"><strong>privilegiam pol\u00edticas que negam as desigualdades sociais<\/strong> relacio<\/span><span style=\"font-size: 1rem\">nadas \u00e0 identidade de g\u00eanero, ra\u00e7a e orienta\u00e7\u00e3o sexual.<\/span><\/p>\n<p><img loading=\"lazy\" decoding=\"async\" data-attachment-id=\"870\" data-permalink=\"https:\/\/wp.ufpel.edu.br\/margens\/sobre-as-diferencas\/000marg20-diferente\/\" data-orig-file=\"https:\/\/wp.ufpel.edu.br\/margens\/files\/2020\/07\/000MARG20-diferente.png\" data-orig-size=\"1000,362\" data-comments-opened=\"0\" data-image-meta=\"{&quot;aperture&quot;:&quot;0&quot;,&quot;credit&quot;:&quot;&quot;,&quot;camera&quot;:&quot;&quot;,&quot;caption&quot;:&quot;&quot;,&quot;created_timestamp&quot;:&quot;0&quot;,&quot;copyright&quot;:&quot;&quot;,&quot;focal_length&quot;:&quot;0&quot;,&quot;iso&quot;:&quot;0&quot;,&quot;shutter_speed&quot;:&quot;0&quot;,&quot;title&quot;:&quot;&quot;,&quot;orientation&quot;:&quot;0&quot;}\" data-image-title=\"000MARG20-diferente\" data-image-description=\"\" data-image-caption=\"\" data-medium-file=\"https:\/\/wp.ufpel.edu.br\/margens\/files\/2020\/07\/000MARG20-diferente-400x145.png\" data-large-file=\"https:\/\/wp.ufpel.edu.br\/margens\/files\/2020\/07\/000MARG20-diferente.png\" class=\"aligncenter wp-image-870 size-full\" src=\"https:\/\/wp.ufpel.edu.br\/margens\/files\/2020\/07\/000MARG20-diferente.png\" alt=\"\" width=\"1000\" height=\"362\" srcset=\"https:\/\/wp.ufpel.edu.br\/margens\/files\/2020\/07\/000MARG20-diferente.png 1000w, https:\/\/wp.ufpel.edu.br\/margens\/files\/2020\/07\/000MARG20-diferente-400x145.png 400w, https:\/\/wp.ufpel.edu.br\/margens\/files\/2020\/07\/000MARG20-diferente-768x278.png 768w\" sizes=\"auto, (max-width: 706px) 89vw, (max-width: 767px) 82vw, 740px\" \/><\/p>\n<p style=\"text-align: justify\"><span style=\"font-weight: 400\">Avan\u00e7amos muito em rela\u00e7\u00e3o \u00e0s discuss\u00f5es e conquistas de pol\u00edticas p\u00fablicas voltadas aos direitos da comunidade LGBTQIA+, mas ainda temos muito o que progredir. Principalmente agora que as pessoas est\u00e3o assumindo publicamente seus preconceitos.<\/span><\/p>\n<p><img loading=\"lazy\" decoding=\"async\" data-attachment-id=\"378\" data-permalink=\"https:\/\/wp.ufpel.edu.br\/margens\/alem-da-noite\/000marg20-corrente-6\/\" data-orig-file=\"https:\/\/wp.ufpel.edu.br\/margens\/files\/2020\/06\/000MARG20-CORRENTE-6.png\" data-orig-size=\"2000,167\" data-comments-opened=\"0\" data-image-meta=\"{&quot;aperture&quot;:&quot;0&quot;,&quot;credit&quot;:&quot;&quot;,&quot;camera&quot;:&quot;&quot;,&quot;caption&quot;:&quot;&quot;,&quot;created_timestamp&quot;:&quot;0&quot;,&quot;copyright&quot;:&quot;&quot;,&quot;focal_length&quot;:&quot;0&quot;,&quot;iso&quot;:&quot;0&quot;,&quot;shutter_speed&quot;:&quot;0&quot;,&quot;title&quot;:&quot;&quot;,&quot;orientation&quot;:&quot;0&quot;}\" data-image-title=\"000MARG20-CORRENTE-6\" data-image-description=\"\" data-image-caption=\"\" data-medium-file=\"https:\/\/wp.ufpel.edu.br\/margens\/files\/2020\/06\/000MARG20-CORRENTE-6-400x33.png\" data-large-file=\"https:\/\/wp.ufpel.edu.br\/margens\/files\/2020\/06\/000MARG20-CORRENTE-6-1024x86.png\" class=\"aligncenter size-full wp-image-378\" src=\"https:\/\/wp.ufpel.edu.br\/margens\/files\/2020\/06\/000MARG20-CORRENTE-6.png\" alt=\"\" width=\"2000\" height=\"167\" srcset=\"https:\/\/wp.ufpel.edu.br\/margens\/files\/2020\/06\/000MARG20-CORRENTE-6.png 2000w, https:\/\/wp.ufpel.edu.br\/margens\/files\/2020\/06\/000MARG20-CORRENTE-6-400x33.png 400w, https:\/\/wp.ufpel.edu.br\/margens\/files\/2020\/06\/000MARG20-CORRENTE-6-1024x86.png 1024w, https:\/\/wp.ufpel.edu.br\/margens\/files\/2020\/06\/000MARG20-CORRENTE-6-768x64.png 768w, https:\/\/wp.ufpel.edu.br\/margens\/files\/2020\/06\/000MARG20-CORRENTE-6-1536x128.png 1536w\" sizes=\"auto, (max-width: 706px) 89vw, (max-width: 767px) 82vw, 740px\" \/><\/p>\n<div style=\"text-align: right\"><em><span style=\"font-size: 14pt\"><strong>Voc\u00ea sabe o que s\u00e3o pol\u00edticas de reconhecimento?\u00a0<\/strong><\/span><\/em><\/div>\n<div><span style=\"background-color: #ffffff;color: #ffffff\">.<\/span><\/div>\n<div style=\"text-align: justify\"><span style=\"font-weight: 400\">As pol\u00edticas de reconhecimento<\/span> <span style=\"font-weight: 400\">s\u00e3o pensadas para preservar a mem\u00f3ria de grupos invisibilizados ao longo da hist\u00f3ria, como \u00e9 o caso das comunidades LGBTQIA+.<\/span><\/div>\n<div><span style=\"color: #ffffff\">.<\/span><\/div>\n<div>\n<p style=\"text-align: center\"><em><b>Quantas pessoas LGBTQIA+ tem suas hist\u00f3rias circulando pelas cidades do mundo? Quantas d\u00e3o nome a ruas? E escolas?<\/b><\/em><\/p>\n<p style=\"text-align: justify\"><span style=\"font-weight: 400\">Essas pol\u00edticas trazem muitos debates, pois existem v\u00e1rios grupos que lutam para invisibilizar as narrativas das pessoas LGBTQIA+. As pol\u00edticas de reconhecimento v\u00e3o chamar aten\u00e7\u00e3o para quest\u00f5es mais subjetivas de nossa sociedade, como identidade e pertencimento. O que queremos dizer: <\/span>as pol\u00edticas de reconhecimento s\u00e3o<strong> a\u00e7\u00f5es que envolvem empatia<\/strong>, que buscam que as pessoas se coloquem no lugar do outro, entendendo que todas\/os\/us t\u00eam particularidades, tem direito de existir e direito \u00e0 mem\u00f3ria.<\/p>\n<\/div>\n<div><\/div>\n<div style=\"text-align: justify\"><span style=\"color: #ffffff\">.<\/span><\/div>\n<div>\n<p style=\"text-align: justify\"><span style=\"font-weight: 400\">Um exemplo de pol\u00edtica de reconhecimento e representatividade para comunidade LGBTQIA+ pelotense, <strong>\u00e9 a placa com o nome da ativista e educadora Juliana Martinelli<\/strong>, que foi inaugurada em 29 de janeiro de 2019. <\/span><\/p>\n<p style=\"text-align: justify\"><span style=\"font-weight: 400\">A placa com a frase \u2018\u2019Esquina Travesti Juliana Martinelli: educadora social e militante da causa LGBT\u2019\u2019, foi colocada entre as ruas Bar\u00e3o de Santa Tecla e Doutor Cassiano, na regi\u00e3o central de Pelotas. Esta foi roubada depois da inaugura\u00e7\u00e3o.\u00a0 <\/span><\/p>\n<p style=\"text-align: justify\"><span style=\"font-weight: 400\">As not\u00edcias sobre a placa foram comentadas por muita gente, muitas pessoas elogiaram e outras se mostraram descontentes com a homenagem.\u00a0<\/span><span style=\"font-size: 1rem\">Nas redes sociais usaram\u00a0 xingamentos como: \u00a0 \u2018\u2019travec<\/span><span style=\"font-size: 1rem\">o\u2019\u2019, \u2018\u2019putas\u2019\u2019, \u2018\u2019cidade de viado\u2019\u2019, \u2018\u2019piada\u2019\u2019, \u2018\u2019vergonha\u2019\u2019, \u2018\u2019triste\u2019\u2019 e \u2018\u2019s\u00f3 Jesus nessa causa\u2019\u2019.\u00a0<\/span><\/p>\n<p style=\"text-align: justify\"><span style=\"font-weight: 400\">Estes coment\u00e1rios nos mostram como a LGBTQIA+fobia \u00e9 presente em nossa sociedade. As pessoas LGBTQIA+ sempre (re)existiram e, quase nunca, s\u00e3o representadas na hist\u00f3ria e cultura de suas cidades.<\/span><b><i> <\/i><\/b><\/p>\n<p style=\"text-align: center\"><span style=\"font-size: 14pt\"><b><i>Isto precisa mudar! <\/i><\/b><\/span><\/p>\n<p style=\"text-align: center\"><b><i>\u00c9 por meio destas pol\u00edticas que estas mudan\u00e7as acontecem.<\/i><\/b><\/p>\n<\/div>\n<div><img loading=\"lazy\" decoding=\"async\" data-attachment-id=\"378\" data-permalink=\"https:\/\/wp.ufpel.edu.br\/margens\/alem-da-noite\/000marg20-corrente-6\/\" data-orig-file=\"https:\/\/wp.ufpel.edu.br\/margens\/files\/2020\/06\/000MARG20-CORRENTE-6.png\" data-orig-size=\"2000,167\" data-comments-opened=\"0\" data-image-meta=\"{&quot;aperture&quot;:&quot;0&quot;,&quot;credit&quot;:&quot;&quot;,&quot;camera&quot;:&quot;&quot;,&quot;caption&quot;:&quot;&quot;,&quot;created_timestamp&quot;:&quot;0&quot;,&quot;copyright&quot;:&quot;&quot;,&quot;focal_length&quot;:&quot;0&quot;,&quot;iso&quot;:&quot;0&quot;,&quot;shutter_speed&quot;:&quot;0&quot;,&quot;title&quot;:&quot;&quot;,&quot;orientation&quot;:&quot;0&quot;}\" data-image-title=\"000MARG20-CORRENTE-6\" data-image-description=\"\" data-image-caption=\"\" data-medium-file=\"https:\/\/wp.ufpel.edu.br\/margens\/files\/2020\/06\/000MARG20-CORRENTE-6-400x33.png\" data-large-file=\"https:\/\/wp.ufpel.edu.br\/margens\/files\/2020\/06\/000MARG20-CORRENTE-6-1024x86.png\" class=\"aligncenter size-full wp-image-378\" src=\"https:\/\/wp.ufpel.edu.br\/margens\/files\/2020\/06\/000MARG20-CORRENTE-6.png\" alt=\"\" width=\"2000\" height=\"167\" srcset=\"https:\/\/wp.ufpel.edu.br\/margens\/files\/2020\/06\/000MARG20-CORRENTE-6.png 2000w, https:\/\/wp.ufpel.edu.br\/margens\/files\/2020\/06\/000MARG20-CORRENTE-6-400x33.png 400w, https:\/\/wp.ufpel.edu.br\/margens\/files\/2020\/06\/000MARG20-CORRENTE-6-1024x86.png 1024w, https:\/\/wp.ufpel.edu.br\/margens\/files\/2020\/06\/000MARG20-CORRENTE-6-768x64.png 768w, https:\/\/wp.ufpel.edu.br\/margens\/files\/2020\/06\/000MARG20-CORRENTE-6-1536x128.png 1536w\" sizes=\"auto, (max-width: 706px) 89vw, (max-width: 767px) 82vw, 740px\" \/><\/div>\n<div><\/div>\n<p style=\"text-align: center\"><a href=\"https:\/\/wp.ufpel.edu.br\/margens\/alem-da-noite\/\"><em>&lt; Voc\u00ea pode voltar clicando aqui<\/em><\/a><\/p>\n<p style=\"text-align: center\"><a href=\"https:\/\/wp.ufpel.edu.br\/margens\/sobrenos\/\"><em>Vamos para a pr\u00f3xima p\u00e1gina? &gt;<\/em><\/a><\/p>\n","protected":false},"excerpt":{"rendered":"<p>Voc\u00ea sabia que os preconceitos geram desigualdade e viol\u00eancia? N\u00e3o falar de g\u00eanero e sexualidade sempre foi uma das principais formas de excluir a popula\u00e7\u00e3o LGBTQIA+. Bem como formas de censura e o discurso de \u00f3dio aos corpos que n\u00e3o s\u00e3o considerados \u201cnormais\u201d. Assim, surgem os preconceitos que servem para manter essas regras que a &hellip; <\/p>\n<p class=\"link-more\"><a href=\"https:\/\/wp.ufpel.edu.br\/margens\/sobre-as-diferencas\/\" class=\"more-link\">Continue lendo<span class=\"screen-reader-text\"> &#8220;Sobre as diferen\u00e7as&#8221;<\/span><\/a><\/p>\n","protected":false},"author":1008,"featured_media":821,"parent":0,"menu_order":0,"comment_status":"closed","ping_status":"closed","template":"","meta":{"footnotes":""},"class_list":["post-613","page","type-page","status-publish","has-post-thumbnail","hentry"],"yoast_head":"<!-- This site is optimized with the Yoast SEO plugin v26.7 - https:\/\/yoast.com\/wordpress\/plugins\/seo\/ -->\n<title>Sobre as diferen\u00e7as - Margens: Diferentes Formas de Habitar Pelotas<\/title>\n<meta name=\"description\" content=\"N\u00e3o falar de g\u00eanero e sexualidade \u00e9 uma das formas de excluir a popula\u00e7\u00e3o LGBTQIA+. Voc\u00ea sabia que os preconceitos geram desigualdade e viol\u00eancia?\" \/>\n<meta name=\"robots\" content=\"index, follow, max-snippet:-1, max-image-preview:large, max-video-preview:-1\" \/>\n<link rel=\"canonical\" href=\"https:\/\/wp.ufpel.edu.br\/margens\/sobre-as-diferencas\/\" \/>\n<meta property=\"og:locale\" content=\"pt_BR\" \/>\n<meta property=\"og:type\" content=\"article\" \/>\n<meta property=\"og:title\" content=\"Sobre as diferen\u00e7as - Margens: Diferentes Formas de Habitar Pelotas\" \/>\n<meta property=\"og:description\" content=\"N\u00e3o falar de g\u00eanero e sexualidade \u00e9 uma das formas de excluir a popula\u00e7\u00e3o LGBTQIA+. Voc\u00ea sabia que os preconceitos geram desigualdade e viol\u00eancia?\" \/>\n<meta property=\"og:url\" content=\"https:\/\/wp.ufpel.edu.br\/margens\/sobre-as-diferencas\/\" \/>\n<meta property=\"og:site_name\" content=\"Margens: Diferentes Formas de Habitar Pelotas\" \/>\n<meta property=\"article:modified_time\" content=\"2020-08-18T20:04:56+00:00\" \/>\n<meta property=\"og:image\" content=\"https:\/\/wp.ufpel.edu.br\/margens\/files\/2020\/07\/sobre-as-dif.png\" \/>\n\t<meta property=\"og:image:width\" content=\"2000\" \/>\n\t<meta property=\"og:image:height\" content=\"362\" \/>\n\t<meta property=\"og:image:type\" content=\"image\/png\" \/>\n<meta name=\"twitter:card\" content=\"summary_large_image\" \/>\n<meta name=\"twitter:label1\" content=\"Est. tempo de leitura\" \/>\n\t<meta name=\"twitter:data1\" content=\"3 minutos\" \/>\n<script type=\"application\/ld+json\" class=\"yoast-schema-graph\">{\"@context\":\"https:\/\/schema.org\",\"@graph\":[{\"@type\":\"WebPage\",\"@id\":\"https:\/\/wp.ufpel.edu.br\/margens\/sobre-as-diferencas\/\",\"url\":\"https:\/\/wp.ufpel.edu.br\/margens\/sobre-as-diferencas\/\",\"name\":\"Sobre as diferen\u00e7as - Margens: Diferentes Formas de Habitar Pelotas\",\"isPartOf\":{\"@id\":\"https:\/\/wp.ufpel.edu.br\/margens\/#website\"},\"primaryImageOfPage\":{\"@id\":\"https:\/\/wp.ufpel.edu.br\/margens\/sobre-as-diferencas\/#primaryimage\"},\"image\":{\"@id\":\"https:\/\/wp.ufpel.edu.br\/margens\/sobre-as-diferencas\/#primaryimage\"},\"thumbnailUrl\":\"https:\/\/wp.ufpel.edu.br\/margens\/files\/2020\/07\/sobre-as-dif.png\",\"datePublished\":\"2020-07-02T23:44:58+00:00\",\"dateModified\":\"2020-08-18T20:04:56+00:00\",\"description\":\"N\u00e3o falar de g\u00eanero e sexualidade \u00e9 uma das formas de excluir a popula\u00e7\u00e3o LGBTQIA+. Voc\u00ea sabia que os preconceitos geram desigualdade e viol\u00eancia?\",\"breadcrumb\":{\"@id\":\"https:\/\/wp.ufpel.edu.br\/margens\/sobre-as-diferencas\/#breadcrumb\"},\"inLanguage\":\"pt-BR\",\"potentialAction\":[{\"@type\":\"ReadAction\",\"target\":[\"https:\/\/wp.ufpel.edu.br\/margens\/sobre-as-diferencas\/\"]}]},{\"@type\":\"ImageObject\",\"inLanguage\":\"pt-BR\",\"@id\":\"https:\/\/wp.ufpel.edu.br\/margens\/sobre-as-diferencas\/#primaryimage\",\"url\":\"https:\/\/wp.ufpel.edu.br\/margens\/files\/2020\/07\/sobre-as-dif.png\",\"contentUrl\":\"https:\/\/wp.ufpel.edu.br\/margens\/files\/2020\/07\/sobre-as-dif.png\",\"width\":2000,\"height\":362},{\"@type\":\"BreadcrumbList\",\"@id\":\"https:\/\/wp.ufpel.edu.br\/margens\/sobre-as-diferencas\/#breadcrumb\",\"itemListElement\":[{\"@type\":\"ListItem\",\"position\":1,\"name\":\"In\u00edcio\",\"item\":\"https:\/\/wp.ufpel.edu.br\/margens\/\"},{\"@type\":\"ListItem\",\"position\":2,\"name\":\"Sobre as diferen\u00e7as\"}]},{\"@type\":\"WebSite\",\"@id\":\"https:\/\/wp.ufpel.edu.br\/margens\/#website\",\"url\":\"https:\/\/wp.ufpel.edu.br\/margens\/\",\"name\":\"Margens: Diferentes Formas de Habitar Pelotas\",\"description\":\"Universidade Federal de Pelotas\",\"potentialAction\":[{\"@type\":\"SearchAction\",\"target\":{\"@type\":\"EntryPoint\",\"urlTemplate\":\"https:\/\/wp.ufpel.edu.br\/margens\/?s={search_term_string}\"},\"query-input\":{\"@type\":\"PropertyValueSpecification\",\"valueRequired\":true,\"valueName\":\"search_term_string\"}}],\"inLanguage\":\"pt-BR\"}]}<\/script>\n<!-- \/ Yoast SEO plugin. -->","yoast_head_json":{"title":"Sobre as diferen\u00e7as - Margens: Diferentes Formas de Habitar Pelotas","description":"N\u00e3o falar de g\u00eanero e sexualidade \u00e9 uma das formas de excluir a popula\u00e7\u00e3o LGBTQIA+. Voc\u00ea sabia que os preconceitos geram desigualdade e viol\u00eancia?","robots":{"index":"index","follow":"follow","max-snippet":"max-snippet:-1","max-image-preview":"max-image-preview:large","max-video-preview":"max-video-preview:-1"},"canonical":"https:\/\/wp.ufpel.edu.br\/margens\/sobre-as-diferencas\/","og_locale":"pt_BR","og_type":"article","og_title":"Sobre as diferen\u00e7as - Margens: Diferentes Formas de Habitar Pelotas","og_description":"N\u00e3o falar de g\u00eanero e sexualidade \u00e9 uma das formas de excluir a popula\u00e7\u00e3o LGBTQIA+. Voc\u00ea sabia que os preconceitos geram desigualdade e viol\u00eancia?","og_url":"https:\/\/wp.ufpel.edu.br\/margens\/sobre-as-diferencas\/","og_site_name":"Margens: Diferentes Formas de Habitar Pelotas","article_modified_time":"2020-08-18T20:04:56+00:00","og_image":[{"width":2000,"height":362,"url":"https:\/\/wp.ufpel.edu.br\/margens\/files\/2020\/07\/sobre-as-dif.png","type":"image\/png"}],"twitter_card":"summary_large_image","twitter_misc":{"Est. tempo de leitura":"3 minutos"},"schema":{"@context":"https:\/\/schema.org","@graph":[{"@type":"WebPage","@id":"https:\/\/wp.ufpel.edu.br\/margens\/sobre-as-diferencas\/","url":"https:\/\/wp.ufpel.edu.br\/margens\/sobre-as-diferencas\/","name":"Sobre as diferen\u00e7as - Margens: Diferentes Formas de Habitar Pelotas","isPartOf":{"@id":"https:\/\/wp.ufpel.edu.br\/margens\/#website"},"primaryImageOfPage":{"@id":"https:\/\/wp.ufpel.edu.br\/margens\/sobre-as-diferencas\/#primaryimage"},"image":{"@id":"https:\/\/wp.ufpel.edu.br\/margens\/sobre-as-diferencas\/#primaryimage"},"thumbnailUrl":"https:\/\/wp.ufpel.edu.br\/margens\/files\/2020\/07\/sobre-as-dif.png","datePublished":"2020-07-02T23:44:58+00:00","dateModified":"2020-08-18T20:04:56+00:00","description":"N\u00e3o falar de g\u00eanero e sexualidade \u00e9 uma das formas de excluir a popula\u00e7\u00e3o LGBTQIA+. Voc\u00ea sabia que os preconceitos geram desigualdade e viol\u00eancia?","breadcrumb":{"@id":"https:\/\/wp.ufpel.edu.br\/margens\/sobre-as-diferencas\/#breadcrumb"},"inLanguage":"pt-BR","potentialAction":[{"@type":"ReadAction","target":["https:\/\/wp.ufpel.edu.br\/margens\/sobre-as-diferencas\/"]}]},{"@type":"ImageObject","inLanguage":"pt-BR","@id":"https:\/\/wp.ufpel.edu.br\/margens\/sobre-as-diferencas\/#primaryimage","url":"https:\/\/wp.ufpel.edu.br\/margens\/files\/2020\/07\/sobre-as-dif.png","contentUrl":"https:\/\/wp.ufpel.edu.br\/margens\/files\/2020\/07\/sobre-as-dif.png","width":2000,"height":362},{"@type":"BreadcrumbList","@id":"https:\/\/wp.ufpel.edu.br\/margens\/sobre-as-diferencas\/#breadcrumb","itemListElement":[{"@type":"ListItem","position":1,"name":"In\u00edcio","item":"https:\/\/wp.ufpel.edu.br\/margens\/"},{"@type":"ListItem","position":2,"name":"Sobre as diferen\u00e7as"}]},{"@type":"WebSite","@id":"https:\/\/wp.ufpel.edu.br\/margens\/#website","url":"https:\/\/wp.ufpel.edu.br\/margens\/","name":"Margens: Diferentes Formas de Habitar Pelotas","description":"Universidade Federal de Pelotas","potentialAction":[{"@type":"SearchAction","target":{"@type":"EntryPoint","urlTemplate":"https:\/\/wp.ufpel.edu.br\/margens\/?s={search_term_string}"},"query-input":{"@type":"PropertyValueSpecification","valueRequired":true,"valueName":"search_term_string"}}],"inLanguage":"pt-BR"}]}},"jetpack_sharing_enabled":true,"_links":{"self":[{"href":"https:\/\/wp.ufpel.edu.br\/margens\/wp-json\/wp\/v2\/pages\/613","targetHints":{"allow":["GET"]}}],"collection":[{"href":"https:\/\/wp.ufpel.edu.br\/margens\/wp-json\/wp\/v2\/pages"}],"about":[{"href":"https:\/\/wp.ufpel.edu.br\/margens\/wp-json\/wp\/v2\/types\/page"}],"author":[{"embeddable":true,"href":"https:\/\/wp.ufpel.edu.br\/margens\/wp-json\/wp\/v2\/users\/1008"}],"replies":[{"embeddable":true,"href":"https:\/\/wp.ufpel.edu.br\/margens\/wp-json\/wp\/v2\/comments?post=613"}],"version-history":[{"count":37,"href":"https:\/\/wp.ufpel.edu.br\/margens\/wp-json\/wp\/v2\/pages\/613\/revisions"}],"predecessor-version":[{"id":1558,"href":"https:\/\/wp.ufpel.edu.br\/margens\/wp-json\/wp\/v2\/pages\/613\/revisions\/1558"}],"wp:featuredmedia":[{"embeddable":true,"href":"https:\/\/wp.ufpel.edu.br\/margens\/wp-json\/wp\/v2\/media\/821"}],"wp:attachment":[{"href":"https:\/\/wp.ufpel.edu.br\/margens\/wp-json\/wp\/v2\/media?parent=613"}],"curies":[{"name":"wp","href":"https:\/\/api.w.org\/{rel}","templated":true}]}}