{"id":495,"date":"2020-06-29T20:39:39","date_gmt":"2020-06-29T23:39:39","guid":{"rendered":"https:\/\/wp.ufpel.edu.br\/margens\/?page_id=495"},"modified":"2020-08-18T17:04:50","modified_gmt":"2020-08-18T20:04:50","slug":"pelos-trajetos","status":"publish","type":"page","link":"https:\/\/wp.ufpel.edu.br\/margens\/pelos-trajetos\/","title":{"rendered":"Pelos Trajetos"},"content":{"rendered":"<p style=\"text-align: right\"><span style=\"font-weight: 400\"><strong><span style=\"font-size: 18pt\"><em><b>Patrim\u00f4nios e o movimento de Pelotas pelos Terreiros<\/b><\/em><\/span><\/strong><\/span><\/p>\n<p style=\"text-align: justify\"><span style=\"font-weight: 400\">Estima-se que Pelotas tenha <strong>mais de 2000 Casas<\/strong> de religi\u00f5es de matrizes africanas, essas Casas juntas, t\u00eam um grande significado para a cidade. <a href=\"https:\/\/repositorio.ufpel.edu.br:8080\/handle\/prefix\/5538\" target=\"_blank\" rel=\"noopener noreferrer\">Seus\/suas participantes criam trajetos ao se movimentarem na cidade<\/a>, desde sair de suas casa, se locomover at\u00e9 o Terreiro, realizar rituais em lugares importantes (matas, cachoeiras, cemit\u00e9rios, igrejas, praias), ir at\u00e9 lojas que vendem produtos de religi\u00e3o. <\/span><\/p>\n<p style=\"text-align: justify\"><span style=\"font-weight: 400\">Em seus cotidianos transformam toda a cidade em sagrada, j\u00e1 que o sagrado vive em cada um. <strong>Nestes mapas ilustramos os caminhos que dezenove Terreiros fazem pela cidade.\u00a0<\/strong><\/span><\/p>\n<p style=\"text-align: justify\"><span style=\"font-weight: 400\">Como seria um mapa com os caminhos dos mais de 2000 Terreiros de Pelotas? Podemos ver que Pelotas se apresenta quase inteira enquanto um territ\u00f3rio sagrado, <strong>uma cidade que tamb\u00e9m \u00e9 (re) constru\u00edda pelas religi\u00f5es<\/strong> de matrizes africanas no dia a dia.<\/span><\/p>\n<p style=\"text-align: center\"><span style=\"font-size: 10pt\"><em>Clique na imagem abaixo para acessar o mapa interativo.<\/em><\/span><a href=\"https:\/\/www.google.com\/maps\/d\/edit?mid=1s2eS1pY9nNsZ4Wm2YeY_pfvwwVgI9WuX&amp;usp=sharing\" target=\"_blank\" rel=\"noopener noreferrer\"><img loading=\"lazy\" decoding=\"async\" data-attachment-id=\"505\" data-permalink=\"https:\/\/wp.ufpel.edu.br\/margens\/pelos-trajetos\/whatsapp-image-2020-06-23-at-6-58-17-pm\/\" data-orig-file=\"https:\/\/wp.ufpel.edu.br\/margens\/files\/2020\/06\/WhatsApp-Image-2020-06-23-at-6.58.17-PM.jpg\" data-orig-size=\"1280,825\" data-comments-opened=\"0\" data-image-meta=\"{&quot;aperture&quot;:&quot;0&quot;,&quot;credit&quot;:&quot;&quot;,&quot;camera&quot;:&quot;&quot;,&quot;caption&quot;:&quot;&quot;,&quot;created_timestamp&quot;:&quot;0&quot;,&quot;copyright&quot;:&quot;&quot;,&quot;focal_length&quot;:&quot;0&quot;,&quot;iso&quot;:&quot;0&quot;,&quot;shutter_speed&quot;:&quot;0&quot;,&quot;title&quot;:&quot;&quot;,&quot;orientation&quot;:&quot;1&quot;}\" data-image-title=\"\" data-image-description=\"\" data-image-caption=\"\" data-medium-file=\"https:\/\/wp.ufpel.edu.br\/margens\/files\/2020\/06\/WhatsApp-Image-2020-06-23-at-6.58.17-PM-400x258.jpg\" data-large-file=\"https:\/\/wp.ufpel.edu.br\/margens\/files\/2020\/06\/WhatsApp-Image-2020-06-23-at-6.58.17-PM-1024x660.jpg\" class=\"wp-image-505 size-full aligncenter\" src=\"https:\/\/wp.ufpel.edu.br\/margens\/files\/2020\/06\/WhatsApp-Image-2020-06-23-at-6.58.17-PM.jpg\" alt=\"\" width=\"1280\" height=\"825\" srcset=\"https:\/\/wp.ufpel.edu.br\/margens\/files\/2020\/06\/WhatsApp-Image-2020-06-23-at-6.58.17-PM.jpg 1280w, https:\/\/wp.ufpel.edu.br\/margens\/files\/2020\/06\/WhatsApp-Image-2020-06-23-at-6.58.17-PM-400x258.jpg 400w, https:\/\/wp.ufpel.edu.br\/margens\/files\/2020\/06\/WhatsApp-Image-2020-06-23-at-6.58.17-PM-1024x660.jpg 1024w, https:\/\/wp.ufpel.edu.br\/margens\/files\/2020\/06\/WhatsApp-Image-2020-06-23-at-6.58.17-PM-768x495.jpg 768w\" sizes=\"auto, (max-width: 706px) 89vw, (max-width: 767px) 82vw, 740px\" \/><\/a><\/p>\n<div data-carousel-extra='{&quot;blog_id&quot;:1068,&quot;permalink&quot;:&quot;https:\/\/wp.ufpel.edu.br\/margens\/pelos-trajetos\/&quot;}' id='gallery-1' class='gallery galleryid-495 gallery-columns-3 gallery-size-thumbnail'><figure class='gallery-item'>\n\t\t\t<div class='gallery-icon landscape'>\n\t\t\t\t<a href='https:\/\/wp.ufpel.edu.br\/margens\/pelos-trajetos\/whatsapp-image-2020-06-23-at-6-58-16-pm\/'><img loading=\"lazy\" decoding=\"async\" width=\"200\" height=\"200\" src=\"https:\/\/wp.ufpel.edu.br\/margens\/files\/2020\/06\/WhatsApp-Image-2020-06-23-at-6.58.16-PM-200x200.jpg\" class=\"attachment-thumbnail size-thumbnail\" alt=\"\" aria-describedby=\"gallery-1-504\" srcset=\"https:\/\/wp.ufpel.edu.br\/margens\/files\/2020\/06\/WhatsApp-Image-2020-06-23-at-6.58.16-PM-200x200.jpg 200w, https:\/\/wp.ufpel.edu.br\/margens\/files\/2020\/06\/WhatsApp-Image-2020-06-23-at-6.58.16-PM-100x100.jpg 100w\" sizes=\"auto, 100vw\" data-attachment-id=\"504\" data-permalink=\"https:\/\/wp.ufpel.edu.br\/margens\/pelos-trajetos\/whatsapp-image-2020-06-23-at-6-58-16-pm\/\" data-orig-file=\"https:\/\/wp.ufpel.edu.br\/margens\/files\/2020\/06\/WhatsApp-Image-2020-06-23-at-6.58.16-PM.jpg\" data-orig-size=\"1280,623\" data-comments-opened=\"0\" data-image-meta=\"{&quot;aperture&quot;:&quot;0&quot;,&quot;credit&quot;:&quot;&quot;,&quot;camera&quot;:&quot;&quot;,&quot;caption&quot;:&quot;&quot;,&quot;created_timestamp&quot;:&quot;0&quot;,&quot;copyright&quot;:&quot;&quot;,&quot;focal_length&quot;:&quot;0&quot;,&quot;iso&quot;:&quot;0&quot;,&quot;shutter_speed&quot;:&quot;0&quot;,&quot;title&quot;:&quot;&quot;,&quot;orientation&quot;:&quot;1&quot;}\" data-image-title=\"Fragata\" data-image-description=\"&lt;p&gt;Mercado p\u00fablico, laranjal e outros&lt;\/p&gt;\n\" data-image-caption=\"&lt;p&gt;Fragata&lt;\/p&gt;\n\" data-medium-file=\"https:\/\/wp.ufpel.edu.br\/margens\/files\/2020\/06\/WhatsApp-Image-2020-06-23-at-6.58.16-PM-400x195.jpg\" data-large-file=\"https:\/\/wp.ufpel.edu.br\/margens\/files\/2020\/06\/WhatsApp-Image-2020-06-23-at-6.58.16-PM-1024x498.jpg\" \/><\/a>\n\t\t\t<\/div>\n\t\t\t\t<figcaption class='wp-caption-text gallery-caption' id='gallery-1-504'>\n\t\t\t\tFragata\n\t\t\t\t<\/figcaption><\/figure><figure class='gallery-item'>\n\t\t\t<div class='gallery-icon landscape'>\n\t\t\t\t<a href='https:\/\/wp.ufpel.edu.br\/margens\/pelos-trajetos\/whatsapp-image-2020-06-23-at-6-58-13-pm\/'><img loading=\"lazy\" decoding=\"async\" width=\"200\" height=\"200\" src=\"https:\/\/wp.ufpel.edu.br\/margens\/files\/2020\/06\/WhatsApp-Image-2020-06-23-at-6.58.13-PM-200x200.jpg\" class=\"attachment-thumbnail size-thumbnail\" alt=\"\" aria-describedby=\"gallery-1-501\" srcset=\"https:\/\/wp.ufpel.edu.br\/margens\/files\/2020\/06\/WhatsApp-Image-2020-06-23-at-6.58.13-PM-200x200.jpg 200w, https:\/\/wp.ufpel.edu.br\/margens\/files\/2020\/06\/WhatsApp-Image-2020-06-23-at-6.58.13-PM-100x100.jpg 100w\" sizes=\"auto, 100vw\" data-attachment-id=\"501\" data-permalink=\"https:\/\/wp.ufpel.edu.br\/margens\/pelos-trajetos\/whatsapp-image-2020-06-23-at-6-58-13-pm\/\" data-orig-file=\"https:\/\/wp.ufpel.edu.br\/margens\/files\/2020\/06\/WhatsApp-Image-2020-06-23-at-6.58.13-PM.jpg\" data-orig-size=\"1280,698\" data-comments-opened=\"0\" data-image-meta=\"{&quot;aperture&quot;:&quot;0&quot;,&quot;credit&quot;:&quot;&quot;,&quot;camera&quot;:&quot;&quot;,&quot;caption&quot;:&quot;&quot;,&quot;created_timestamp&quot;:&quot;0&quot;,&quot;copyright&quot;:&quot;&quot;,&quot;focal_length&quot;:&quot;0&quot;,&quot;iso&quot;:&quot;0&quot;,&quot;shutter_speed&quot;:&quot;0&quot;,&quot;title&quot;:&quot;&quot;,&quot;orientation&quot;:&quot;1&quot;}\" data-image-title=\"Areal\" data-image-description=\"&lt;p&gt;encruzilhadas, matas verdes, casas sagradas, igrejas, templos, cemit\u00e9rios, praia e cachoeiras&lt;\/p&gt;\n\" data-image-caption=\"&lt;p&gt;Areal&lt;\/p&gt;\n\" data-medium-file=\"https:\/\/wp.ufpel.edu.br\/margens\/files\/2020\/06\/WhatsApp-Image-2020-06-23-at-6.58.13-PM-400x218.jpg\" data-large-file=\"https:\/\/wp.ufpel.edu.br\/margens\/files\/2020\/06\/WhatsApp-Image-2020-06-23-at-6.58.13-PM-1024x558.jpg\" \/><\/a>\n\t\t\t<\/div>\n\t\t\t\t<figcaption class='wp-caption-text gallery-caption' id='gallery-1-501'>\n\t\t\t\tAreal\n\t\t\t\t<\/figcaption><\/figure><figure class='gallery-item'>\n\t\t\t<div class='gallery-icon landscape'>\n\t\t\t\t<a href='https:\/\/wp.ufpel.edu.br\/margens\/pelos-trajetos\/whatsapp-image-2020-06-23-at-6-58-15-pm\/'><img loading=\"lazy\" decoding=\"async\" width=\"200\" height=\"200\" src=\"https:\/\/wp.ufpel.edu.br\/margens\/files\/2020\/06\/WhatsApp-Image-2020-06-23-at-6.58.15-PM-200x200.jpg\" class=\"attachment-thumbnail size-thumbnail\" alt=\"\" aria-describedby=\"gallery-1-502\" srcset=\"https:\/\/wp.ufpel.edu.br\/margens\/files\/2020\/06\/WhatsApp-Image-2020-06-23-at-6.58.15-PM-200x200.jpg 200w, https:\/\/wp.ufpel.edu.br\/margens\/files\/2020\/06\/WhatsApp-Image-2020-06-23-at-6.58.15-PM-100x100.jpg 100w\" sizes=\"auto, 100vw\" data-attachment-id=\"502\" data-permalink=\"https:\/\/wp.ufpel.edu.br\/margens\/pelos-trajetos\/whatsapp-image-2020-06-23-at-6-58-15-pm\/\" data-orig-file=\"https:\/\/wp.ufpel.edu.br\/margens\/files\/2020\/06\/WhatsApp-Image-2020-06-23-at-6.58.15-PM.jpg\" data-orig-size=\"1266,625\" data-comments-opened=\"0\" data-image-meta=\"{&quot;aperture&quot;:&quot;0&quot;,&quot;credit&quot;:&quot;&quot;,&quot;camera&quot;:&quot;&quot;,&quot;caption&quot;:&quot;&quot;,&quot;created_timestamp&quot;:&quot;0&quot;,&quot;copyright&quot;:&quot;&quot;,&quot;focal_length&quot;:&quot;0&quot;,&quot;iso&quot;:&quot;0&quot;,&quot;shutter_speed&quot;:&quot;0&quot;,&quot;title&quot;:&quot;&quot;,&quot;orientation&quot;:&quot;1&quot;}\" data-image-title=\"Centro\" data-image-description=\"&lt;p&gt;Mercado P\u00fablico&lt;\/p&gt;\n\" data-image-caption=\"&lt;p&gt;Centro &lt;\/p&gt;\n\" data-medium-file=\"https:\/\/wp.ufpel.edu.br\/margens\/files\/2020\/06\/WhatsApp-Image-2020-06-23-at-6.58.15-PM-400x197.jpg\" data-large-file=\"https:\/\/wp.ufpel.edu.br\/margens\/files\/2020\/06\/WhatsApp-Image-2020-06-23-at-6.58.15-PM-1024x506.jpg\" \/><\/a>\n\t\t\t<\/div>\n\t\t\t\t<figcaption class='wp-caption-text gallery-caption' id='gallery-1-502'>\n\t\t\t\tCentro \n\t\t\t\t<\/figcaption><\/figure><figure class='gallery-item'>\n\t\t\t<div class='gallery-icon landscape'>\n\t\t\t\t<a href='https:\/\/wp.ufpel.edu.br\/margens\/pelos-trajetos\/whatsapp-image-2020-06-23-at-6-58-16-pm-1\/'><img loading=\"lazy\" decoding=\"async\" width=\"200\" height=\"200\" src=\"https:\/\/wp.ufpel.edu.br\/margens\/files\/2020\/06\/WhatsApp-Image-2020-06-23-at-6.58.16-PM-1-200x200.jpg\" class=\"attachment-thumbnail size-thumbnail\" alt=\"\" aria-describedby=\"gallery-1-503\" srcset=\"https:\/\/wp.ufpel.edu.br\/margens\/files\/2020\/06\/WhatsApp-Image-2020-06-23-at-6.58.16-PM-1-200x200.jpg 200w, https:\/\/wp.ufpel.edu.br\/margens\/files\/2020\/06\/WhatsApp-Image-2020-06-23-at-6.58.16-PM-1-100x100.jpg 100w\" sizes=\"auto, 100vw\" data-attachment-id=\"503\" data-permalink=\"https:\/\/wp.ufpel.edu.br\/margens\/pelos-trajetos\/whatsapp-image-2020-06-23-at-6-58-16-pm-1\/\" data-orig-file=\"https:\/\/wp.ufpel.edu.br\/margens\/files\/2020\/06\/WhatsApp-Image-2020-06-23-at-6.58.16-PM-1.jpg\" data-orig-size=\"1280,612\" data-comments-opened=\"0\" data-image-meta=\"{&quot;aperture&quot;:&quot;0&quot;,&quot;credit&quot;:&quot;&quot;,&quot;camera&quot;:&quot;&quot;,&quot;caption&quot;:&quot;&quot;,&quot;created_timestamp&quot;:&quot;0&quot;,&quot;copyright&quot;:&quot;&quot;,&quot;focal_length&quot;:&quot;0&quot;,&quot;iso&quot;:&quot;0&quot;,&quot;shutter_speed&quot;:&quot;0&quot;,&quot;title&quot;:&quot;&quot;,&quot;orientation&quot;:&quot;1&quot;}\" data-image-title=\"Laranjal\" data-image-description=\"&lt;p&gt;Praia do laranjal, mercado central, cemit\u00e9rio, matas, encruzilhadas&lt;\/p&gt;\n\" data-image-caption=\"&lt;p&gt;Laranjal &lt;\/p&gt;\n\" data-medium-file=\"https:\/\/wp.ufpel.edu.br\/margens\/files\/2020\/06\/WhatsApp-Image-2020-06-23-at-6.58.16-PM-1-400x191.jpg\" data-large-file=\"https:\/\/wp.ufpel.edu.br\/margens\/files\/2020\/06\/WhatsApp-Image-2020-06-23-at-6.58.16-PM-1-1024x490.jpg\" \/><\/a>\n\t\t\t<\/div>\n\t\t\t\t<figcaption class='wp-caption-text gallery-caption' id='gallery-1-503'>\n\t\t\t\tLaranjal \n\t\t\t\t<\/figcaption><\/figure><figure class='gallery-item'>\n\t\t\t<div class='gallery-icon landscape'>\n\t\t\t\t<a href='https:\/\/wp.ufpel.edu.br\/margens\/pelos-trajetos\/whatsapp-image-2020-06-23-at-6-58-18-pm\/'><img loading=\"lazy\" decoding=\"async\" width=\"200\" height=\"200\" src=\"https:\/\/wp.ufpel.edu.br\/margens\/files\/2020\/06\/WhatsApp-Image-2020-06-23-at-6.58.18-PM-200x200.jpg\" class=\"attachment-thumbnail size-thumbnail\" alt=\"\" aria-describedby=\"gallery-1-506\" srcset=\"https:\/\/wp.ufpel.edu.br\/margens\/files\/2020\/06\/WhatsApp-Image-2020-06-23-at-6.58.18-PM-200x200.jpg 200w, https:\/\/wp.ufpel.edu.br\/margens\/files\/2020\/06\/WhatsApp-Image-2020-06-23-at-6.58.18-PM-100x100.jpg 100w\" sizes=\"auto, 100vw\" data-attachment-id=\"506\" data-permalink=\"https:\/\/wp.ufpel.edu.br\/margens\/pelos-trajetos\/whatsapp-image-2020-06-23-at-6-58-18-pm\/\" data-orig-file=\"https:\/\/wp.ufpel.edu.br\/margens\/files\/2020\/06\/WhatsApp-Image-2020-06-23-at-6.58.18-PM.jpg\" data-orig-size=\"1280,573\" data-comments-opened=\"0\" data-image-meta=\"{&quot;aperture&quot;:&quot;0&quot;,&quot;credit&quot;:&quot;&quot;,&quot;camera&quot;:&quot;&quot;,&quot;caption&quot;:&quot;&quot;,&quot;created_timestamp&quot;:&quot;0&quot;,&quot;copyright&quot;:&quot;&quot;,&quot;focal_length&quot;:&quot;0&quot;,&quot;iso&quot;:&quot;0&quot;,&quot;shutter_speed&quot;:&quot;0&quot;,&quot;title&quot;:&quot;&quot;,&quot;orientation&quot;:&quot;1&quot;}\" data-image-title=\"S\u00e3o Gon\u00e7alo\" data-image-description=\"&lt;p&gt;Mercado central, igrejas cat\u00f3licas, praia, lagoas, cruzeiros, matas, cemit\u00e9rios, casas de religiosos&lt;\/p&gt;\n\" data-image-caption=\"&lt;p&gt;S\u00e3o Gon\u00e7alo&lt;\/p&gt;\n\" data-medium-file=\"https:\/\/wp.ufpel.edu.br\/margens\/files\/2020\/06\/WhatsApp-Image-2020-06-23-at-6.58.18-PM-400x179.jpg\" data-large-file=\"https:\/\/wp.ufpel.edu.br\/margens\/files\/2020\/06\/WhatsApp-Image-2020-06-23-at-6.58.18-PM-1024x458.jpg\" \/><\/a>\n\t\t\t<\/div>\n\t\t\t\t<figcaption class='wp-caption-text gallery-caption' id='gallery-1-506'>\n\t\t\t\tS\u00e3o Gon\u00e7alo\n\t\t\t\t<\/figcaption><\/figure><figure class='gallery-item'>\n\t\t\t<div class='gallery-icon landscape'>\n\t\t\t\t<a href='https:\/\/wp.ufpel.edu.br\/margens\/pelos-trajetos\/whatsapp-image-2020-06-23-at-6-58-19-pm-1\/'><img loading=\"lazy\" decoding=\"async\" width=\"200\" height=\"200\" src=\"https:\/\/wp.ufpel.edu.br\/margens\/files\/2020\/06\/WhatsApp-Image-2020-06-23-at-6.58.19-PM-1-200x200.jpg\" class=\"attachment-thumbnail size-thumbnail\" alt=\"\" aria-describedby=\"gallery-1-507\" srcset=\"https:\/\/wp.ufpel.edu.br\/margens\/files\/2020\/06\/WhatsApp-Image-2020-06-23-at-6.58.19-PM-1-200x200.jpg 200w, https:\/\/wp.ufpel.edu.br\/margens\/files\/2020\/06\/WhatsApp-Image-2020-06-23-at-6.58.19-PM-1-100x100.jpg 100w\" sizes=\"auto, 100vw\" data-attachment-id=\"507\" data-permalink=\"https:\/\/wp.ufpel.edu.br\/margens\/pelos-trajetos\/whatsapp-image-2020-06-23-at-6-58-19-pm-1\/\" data-orig-file=\"https:\/\/wp.ufpel.edu.br\/margens\/files\/2020\/06\/WhatsApp-Image-2020-06-23-at-6.58.19-PM-1.jpg\" data-orig-size=\"1280,984\" data-comments-opened=\"0\" data-image-meta=\"{&quot;aperture&quot;:&quot;0&quot;,&quot;credit&quot;:&quot;&quot;,&quot;camera&quot;:&quot;&quot;,&quot;caption&quot;:&quot;&quot;,&quot;created_timestamp&quot;:&quot;0&quot;,&quot;copyright&quot;:&quot;&quot;,&quot;focal_length&quot;:&quot;0&quot;,&quot;iso&quot;:&quot;0&quot;,&quot;shutter_speed&quot;:&quot;0&quot;,&quot;title&quot;:&quot;&quot;,&quot;orientation&quot;:&quot;1&quot;}\" data-image-title=\"Tr\u00eas Vendas\" data-image-description=\"&lt;p&gt;Mercado p\u00fablico, laranjal e outros&lt;\/p&gt;\n\" data-image-caption=\"&lt;p&gt;Tr\u00eas Vendas&lt;\/p&gt;\n\" data-medium-file=\"https:\/\/wp.ufpel.edu.br\/margens\/files\/2020\/06\/WhatsApp-Image-2020-06-23-at-6.58.19-PM-1-400x308.jpg\" data-large-file=\"https:\/\/wp.ufpel.edu.br\/margens\/files\/2020\/06\/WhatsApp-Image-2020-06-23-at-6.58.19-PM-1-1024x787.jpg\" \/><\/a>\n\t\t\t<\/div>\n\t\t\t\t<figcaption class='wp-caption-text gallery-caption' id='gallery-1-507'>\n\t\t\t\tTr\u00eas Vendas\n\t\t\t\t<\/figcaption><\/figure>\n\t\t<\/div>\n\n<p><img loading=\"lazy\" decoding=\"async\" data-attachment-id=\"428\" data-permalink=\"https:\/\/wp.ufpel.edu.br\/margens\/alem-da-materialidade\/000marg20-corrente-3\/\" data-orig-file=\"https:\/\/wp.ufpel.edu.br\/margens\/files\/2020\/06\/000MARG20-CORRENTE-3.png\" data-orig-size=\"2000,167\" data-comments-opened=\"0\" data-image-meta=\"{&quot;aperture&quot;:&quot;0&quot;,&quot;credit&quot;:&quot;&quot;,&quot;camera&quot;:&quot;&quot;,&quot;caption&quot;:&quot;&quot;,&quot;created_timestamp&quot;:&quot;0&quot;,&quot;copyright&quot;:&quot;&quot;,&quot;focal_length&quot;:&quot;0&quot;,&quot;iso&quot;:&quot;0&quot;,&quot;shutter_speed&quot;:&quot;0&quot;,&quot;title&quot;:&quot;&quot;,&quot;orientation&quot;:&quot;0&quot;}\" data-image-title=\"000MARG20-CORRENTE-3\" data-image-description=\"\" data-image-caption=\"\" data-medium-file=\"https:\/\/wp.ufpel.edu.br\/margens\/files\/2020\/06\/000MARG20-CORRENTE-3-400x33.png\" data-large-file=\"https:\/\/wp.ufpel.edu.br\/margens\/files\/2020\/06\/000MARG20-CORRENTE-3-1024x86.png\" class=\"aligncenter size-full wp-image-428\" src=\"https:\/\/wp.ufpel.edu.br\/margens\/files\/2020\/06\/000MARG20-CORRENTE-3.png\" alt=\"\" width=\"2000\" height=\"174\" \/><\/p>\n<p style=\"text-align: center\"><a href=\"https:\/\/wp.ufpel.edu.br\/margens\/alem-da-materialidade\/\"><em>&lt; Voc\u00ea pode voltar clicando aqui<\/em><\/a><\/p>\n<p style=\"text-align: center\"><a href=\"https:\/\/wp.ufpel.edu.br\/margens\/category\/sobre-sagrado\/\"><em>Vamos para a pr\u00f3xima p\u00e1gina? &gt;<\/em><\/a><\/p>\n","protected":false},"excerpt":{"rendered":"<p>Patrim\u00f4nios e o movimento de Pelotas pelos Terreiros Estima-se que Pelotas tenha mais de 2000 Casas de religi\u00f5es de matrizes africanas, essas Casas juntas, t\u00eam um grande significado para a cidade. Seus\/suas participantes criam trajetos ao se movimentarem na cidade, desde sair de suas casa, se locomover at\u00e9 o Terreiro, realizar rituais em lugares importantes &hellip; <\/p>\n<p class=\"link-more\"><a href=\"https:\/\/wp.ufpel.edu.br\/margens\/pelos-trajetos\/\" class=\"more-link\">Continue lendo<span class=\"screen-reader-text\"> &#8220;Pelos Trajetos&#8221;<\/span><\/a><\/p>\n","protected":false},"author":1008,"featured_media":1019,"parent":0,"menu_order":0,"comment_status":"closed","ping_status":"closed","template":"","meta":{"footnotes":""},"class_list":["post-495","page","type-page","status-publish","has-post-thumbnail","hentry"],"yoast_head":"<!-- This site is optimized with the Yoast SEO plugin v26.7 - https:\/\/yoast.com\/wordpress\/plugins\/seo\/ -->\n<title>Trajetos dos Terreiros - Margens: Diferentes Formas de Habitar Pelotas<\/title>\n<meta name=\"description\" content=\"Como seria um mapa com os caminhos dos mais de 2000 terreiros de Pelotas? Nestes mapas ilustramos os caminhos que dezenove terreiros fazem pela cidade.\u00a0\" \/>\n<meta name=\"robots\" content=\"index, follow, max-snippet:-1, max-image-preview:large, max-video-preview:-1\" \/>\n<link rel=\"canonical\" href=\"https:\/\/wp.ufpel.edu.br\/margens\/pelos-trajetos\/\" \/>\n<meta property=\"og:locale\" content=\"pt_BR\" \/>\n<meta property=\"og:type\" content=\"article\" \/>\n<meta property=\"og:title\" content=\"Trajetos dos Terreiros - Margens: Diferentes Formas de Habitar Pelotas\" \/>\n<meta property=\"og:description\" content=\"Como seria um mapa com os caminhos dos mais de 2000 terreiros de Pelotas? Nestes mapas ilustramos os caminhos que dezenove terreiros fazem pela cidade.\u00a0\" \/>\n<meta property=\"og:url\" content=\"https:\/\/wp.ufpel.edu.br\/margens\/pelos-trajetos\/\" \/>\n<meta property=\"og:site_name\" content=\"Margens: Diferentes Formas de Habitar Pelotas\" \/>\n<meta property=\"article:modified_time\" content=\"2020-08-18T20:04:50+00:00\" \/>\n<meta property=\"og:image\" content=\"https:\/\/wp.ufpel.edu.br\/margens\/files\/2020\/07\/005MARG20-Header-trajetos.png\" \/>\n\t<meta property=\"og:image:width\" content=\"2000\" \/>\n\t<meta property=\"og:image:height\" content=\"362\" \/>\n\t<meta property=\"og:image:type\" content=\"image\/png\" \/>\n<meta name=\"twitter:card\" content=\"summary_large_image\" \/>\n<meta name=\"twitter:label1\" content=\"Est. tempo de leitura\" \/>\n\t<meta name=\"twitter:data1\" content=\"1 minuto\" \/>\n<script type=\"application\/ld+json\" class=\"yoast-schema-graph\">{\"@context\":\"https:\/\/schema.org\",\"@graph\":[{\"@type\":\"WebPage\",\"@id\":\"https:\/\/wp.ufpel.edu.br\/margens\/pelos-trajetos\/\",\"url\":\"https:\/\/wp.ufpel.edu.br\/margens\/pelos-trajetos\/\",\"name\":\"Trajetos dos Terreiros - Margens: Diferentes Formas de Habitar Pelotas\",\"isPartOf\":{\"@id\":\"https:\/\/wp.ufpel.edu.br\/margens\/#website\"},\"primaryImageOfPage\":{\"@id\":\"https:\/\/wp.ufpel.edu.br\/margens\/pelos-trajetos\/#primaryimage\"},\"image\":{\"@id\":\"https:\/\/wp.ufpel.edu.br\/margens\/pelos-trajetos\/#primaryimage\"},\"thumbnailUrl\":\"https:\/\/wp.ufpel.edu.br\/margens\/files\/2020\/07\/005MARG20-Header-trajetos.png\",\"datePublished\":\"2020-06-29T23:39:39+00:00\",\"dateModified\":\"2020-08-18T20:04:50+00:00\",\"description\":\"Como seria um mapa com os caminhos dos mais de 2000 terreiros de Pelotas? Nestes mapas ilustramos os caminhos que dezenove terreiros fazem pela cidade.\u00a0\",\"breadcrumb\":{\"@id\":\"https:\/\/wp.ufpel.edu.br\/margens\/pelos-trajetos\/#breadcrumb\"},\"inLanguage\":\"pt-BR\",\"potentialAction\":[{\"@type\":\"ReadAction\",\"target\":[\"https:\/\/wp.ufpel.edu.br\/margens\/pelos-trajetos\/\"]}]},{\"@type\":\"ImageObject\",\"inLanguage\":\"pt-BR\",\"@id\":\"https:\/\/wp.ufpel.edu.br\/margens\/pelos-trajetos\/#primaryimage\",\"url\":\"https:\/\/wp.ufpel.edu.br\/margens\/files\/2020\/07\/005MARG20-Header-trajetos.png\",\"contentUrl\":\"https:\/\/wp.ufpel.edu.br\/margens\/files\/2020\/07\/005MARG20-Header-trajetos.png\",\"width\":2000,\"height\":362},{\"@type\":\"BreadcrumbList\",\"@id\":\"https:\/\/wp.ufpel.edu.br\/margens\/pelos-trajetos\/#breadcrumb\",\"itemListElement\":[{\"@type\":\"ListItem\",\"position\":1,\"name\":\"In\u00edcio\",\"item\":\"https:\/\/wp.ufpel.edu.br\/margens\/\"},{\"@type\":\"ListItem\",\"position\":2,\"name\":\"Pelos Trajetos\"}]},{\"@type\":\"WebSite\",\"@id\":\"https:\/\/wp.ufpel.edu.br\/margens\/#website\",\"url\":\"https:\/\/wp.ufpel.edu.br\/margens\/\",\"name\":\"Margens: Diferentes Formas de Habitar Pelotas\",\"description\":\"Universidade Federal de Pelotas\",\"potentialAction\":[{\"@type\":\"SearchAction\",\"target\":{\"@type\":\"EntryPoint\",\"urlTemplate\":\"https:\/\/wp.ufpel.edu.br\/margens\/?s={search_term_string}\"},\"query-input\":{\"@type\":\"PropertyValueSpecification\",\"valueRequired\":true,\"valueName\":\"search_term_string\"}}],\"inLanguage\":\"pt-BR\"}]}<\/script>\n<!-- \/ Yoast SEO plugin. -->","yoast_head_json":{"title":"Trajetos dos Terreiros - Margens: Diferentes Formas de Habitar Pelotas","description":"Como seria um mapa com os caminhos dos mais de 2000 terreiros de Pelotas? Nestes mapas ilustramos os caminhos que dezenove terreiros fazem pela cidade.\u00a0","robots":{"index":"index","follow":"follow","max-snippet":"max-snippet:-1","max-image-preview":"max-image-preview:large","max-video-preview":"max-video-preview:-1"},"canonical":"https:\/\/wp.ufpel.edu.br\/margens\/pelos-trajetos\/","og_locale":"pt_BR","og_type":"article","og_title":"Trajetos dos Terreiros - Margens: Diferentes Formas de Habitar Pelotas","og_description":"Como seria um mapa com os caminhos dos mais de 2000 terreiros de Pelotas? Nestes mapas ilustramos os caminhos que dezenove terreiros fazem pela cidade.\u00a0","og_url":"https:\/\/wp.ufpel.edu.br\/margens\/pelos-trajetos\/","og_site_name":"Margens: Diferentes Formas de Habitar Pelotas","article_modified_time":"2020-08-18T20:04:50+00:00","og_image":[{"width":2000,"height":362,"url":"https:\/\/wp.ufpel.edu.br\/margens\/files\/2020\/07\/005MARG20-Header-trajetos.png","type":"image\/png"}],"twitter_card":"summary_large_image","twitter_misc":{"Est. tempo de leitura":"1 minuto"},"schema":{"@context":"https:\/\/schema.org","@graph":[{"@type":"WebPage","@id":"https:\/\/wp.ufpel.edu.br\/margens\/pelos-trajetos\/","url":"https:\/\/wp.ufpel.edu.br\/margens\/pelos-trajetos\/","name":"Trajetos dos Terreiros - Margens: Diferentes Formas de Habitar Pelotas","isPartOf":{"@id":"https:\/\/wp.ufpel.edu.br\/margens\/#website"},"primaryImageOfPage":{"@id":"https:\/\/wp.ufpel.edu.br\/margens\/pelos-trajetos\/#primaryimage"},"image":{"@id":"https:\/\/wp.ufpel.edu.br\/margens\/pelos-trajetos\/#primaryimage"},"thumbnailUrl":"https:\/\/wp.ufpel.edu.br\/margens\/files\/2020\/07\/005MARG20-Header-trajetos.png","datePublished":"2020-06-29T23:39:39+00:00","dateModified":"2020-08-18T20:04:50+00:00","description":"Como seria um mapa com os caminhos dos mais de 2000 terreiros de Pelotas? Nestes mapas ilustramos os caminhos que dezenove terreiros fazem pela cidade.\u00a0","breadcrumb":{"@id":"https:\/\/wp.ufpel.edu.br\/margens\/pelos-trajetos\/#breadcrumb"},"inLanguage":"pt-BR","potentialAction":[{"@type":"ReadAction","target":["https:\/\/wp.ufpel.edu.br\/margens\/pelos-trajetos\/"]}]},{"@type":"ImageObject","inLanguage":"pt-BR","@id":"https:\/\/wp.ufpel.edu.br\/margens\/pelos-trajetos\/#primaryimage","url":"https:\/\/wp.ufpel.edu.br\/margens\/files\/2020\/07\/005MARG20-Header-trajetos.png","contentUrl":"https:\/\/wp.ufpel.edu.br\/margens\/files\/2020\/07\/005MARG20-Header-trajetos.png","width":2000,"height":362},{"@type":"BreadcrumbList","@id":"https:\/\/wp.ufpel.edu.br\/margens\/pelos-trajetos\/#breadcrumb","itemListElement":[{"@type":"ListItem","position":1,"name":"In\u00edcio","item":"https:\/\/wp.ufpel.edu.br\/margens\/"},{"@type":"ListItem","position":2,"name":"Pelos Trajetos"}]},{"@type":"WebSite","@id":"https:\/\/wp.ufpel.edu.br\/margens\/#website","url":"https:\/\/wp.ufpel.edu.br\/margens\/","name":"Margens: Diferentes Formas de Habitar Pelotas","description":"Universidade Federal de Pelotas","potentialAction":[{"@type":"SearchAction","target":{"@type":"EntryPoint","urlTemplate":"https:\/\/wp.ufpel.edu.br\/margens\/?s={search_term_string}"},"query-input":{"@type":"PropertyValueSpecification","valueRequired":true,"valueName":"search_term_string"}}],"inLanguage":"pt-BR"}]}},"jetpack_sharing_enabled":true,"_links":{"self":[{"href":"https:\/\/wp.ufpel.edu.br\/margens\/wp-json\/wp\/v2\/pages\/495","targetHints":{"allow":["GET"]}}],"collection":[{"href":"https:\/\/wp.ufpel.edu.br\/margens\/wp-json\/wp\/v2\/pages"}],"about":[{"href":"https:\/\/wp.ufpel.edu.br\/margens\/wp-json\/wp\/v2\/types\/page"}],"author":[{"embeddable":true,"href":"https:\/\/wp.ufpel.edu.br\/margens\/wp-json\/wp\/v2\/users\/1008"}],"replies":[{"embeddable":true,"href":"https:\/\/wp.ufpel.edu.br\/margens\/wp-json\/wp\/v2\/comments?post=495"}],"version-history":[{"count":26,"href":"https:\/\/wp.ufpel.edu.br\/margens\/wp-json\/wp\/v2\/pages\/495\/revisions"}],"predecessor-version":[{"id":1650,"href":"https:\/\/wp.ufpel.edu.br\/margens\/wp-json\/wp\/v2\/pages\/495\/revisions\/1650"}],"wp:featuredmedia":[{"embeddable":true,"href":"https:\/\/wp.ufpel.edu.br\/margens\/wp-json\/wp\/v2\/media\/1019"}],"wp:attachment":[{"href":"https:\/\/wp.ufpel.edu.br\/margens\/wp-json\/wp\/v2\/media?parent=495"}],"curies":[{"name":"wp","href":"https:\/\/api.w.org\/{rel}","templated":true}]}}