{"id":341,"date":"2020-06-11T16:09:17","date_gmt":"2020-06-11T19:09:17","guid":{"rendered":"https:\/\/wp.ufpel.edu.br\/margens\/?page_id=341"},"modified":"2020-08-18T17:03:23","modified_gmt":"2020-08-18T20:03:23","slug":"alem-da-materialidade","status":"publish","type":"page","link":"https:\/\/wp.ufpel.edu.br\/margens\/alem-da-materialidade\/","title":{"rendered":"Al\u00e9m da Materialidade"},"content":{"rendered":"<p style=\"text-align: right\"><span style=\"font-weight: 400;font-family: helvetica, arial, sans-serif;color: #000000\"><strong><em><strong style=\"font-size: 1.25rem\">Nos patrim\u00f4nios da cidade, os Orix\u00e1s contam suas <\/strong><\/em><\/strong><\/span><span style=\"color: #000000;font-family: helvetica, arial, sans-serif\"><span style=\"font-size: 20px\"><b><i>hist\u00f3rias<\/i><\/b><\/span><\/span><\/p>\n<p style=\"text-align: justify\"><span style=\"font-weight: 400\">Muitos lugares de Pelotas s\u00e3o considerados Patrim\u00f4nios. Por\u00e9m, para cada grupo que habita a cidade, <strong>esses patrim\u00f4nios s\u00e3o diferentes<\/strong>. Para as Casas de religi\u00f5es de matrizes africanas (<\/span><span style=\"font-weight: 400\">Terreiros\/Terreiras\/Il\u00eas\/Templos\/Centros<\/span><span style=\"font-weight: 400\">), muitos dos patrim\u00f4nios oficiais s\u00e3o considerados sagrados, importantes, mas por outros motivos que a hist\u00f3ria oficial n\u00e3o conta. Por exemplo: as praias, os cemit\u00e9rios, o Mercado Central, as matas, as feiras e as pra\u00e7as.<\/span><\/p>\n<p><img loading=\"lazy\" decoding=\"async\" data-attachment-id=\"428\" data-permalink=\"https:\/\/wp.ufpel.edu.br\/margens\/alem-da-materialidade\/000marg20-corrente-3\/\" data-orig-file=\"https:\/\/wp.ufpel.edu.br\/margens\/files\/2020\/06\/000MARG20-CORRENTE-3.png\" data-orig-size=\"2000,167\" data-comments-opened=\"0\" data-image-meta=\"{&quot;aperture&quot;:&quot;0&quot;,&quot;credit&quot;:&quot;&quot;,&quot;camera&quot;:&quot;&quot;,&quot;caption&quot;:&quot;&quot;,&quot;created_timestamp&quot;:&quot;0&quot;,&quot;copyright&quot;:&quot;&quot;,&quot;focal_length&quot;:&quot;0&quot;,&quot;iso&quot;:&quot;0&quot;,&quot;shutter_speed&quot;:&quot;0&quot;,&quot;title&quot;:&quot;&quot;,&quot;orientation&quot;:&quot;0&quot;}\" data-image-title=\"000MARG20-CORRENTE-3\" data-image-description=\"\" data-image-caption=\"\" data-medium-file=\"https:\/\/wp.ufpel.edu.br\/margens\/files\/2020\/06\/000MARG20-CORRENTE-3-400x33.png\" data-large-file=\"https:\/\/wp.ufpel.edu.br\/margens\/files\/2020\/06\/000MARG20-CORRENTE-3-1024x86.png\" class=\"aligncenter size-full wp-image-428\" src=\"https:\/\/wp.ufpel.edu.br\/margens\/files\/2020\/06\/000MARG20-CORRENTE-3.png\" alt=\"\" width=\"2000\" height=\"174\" \/><\/p>\n<p style=\"text-align: right\"><span style=\"font-weight: 400\"><span style=\"font-weight: 400;font-family: helvetica, arial, sans-serif;color: #000000\"><strong><em><strong style=\"font-size: 1.25rem\">O Mercado Central<\/strong><\/em><\/strong><\/span><\/span><\/p>\n<p style=\"text-align: justify\"><span style=\"font-weight: 400\">tem um significado importante, pois representa a troca, o com\u00e9rcio, a passagem, tudo isso relacionado ao Orix\u00e1 Bar\u00e1, respons\u00e1vel pelo movimento. A praia, como o Mercado, tamb\u00e9m possui grande import\u00e2ncia para estas religi\u00f5es, porque <strong>a \u00e1gua liga os dois continentes<\/strong>, Am\u00e9ricas (Brasil) e \u00c1frica, sendo a \u00e1gua um dos elementos relacionados a tr\u00eas Orix\u00e1s: Oxum, Iemanj\u00e1 e Oxal\u00e1.<\/span><\/p>\n<p style=\"text-align: justify\"><span style=\"font-weight: 400\">Em pleno s\u00e9culo XXl, ainda existe muito preconceito com as religi\u00f5es de matrizes africanas, racismo religioso. Essas religi\u00f5es <strong>lutam diariamente para conquistar seu direito de existir e<\/strong> <strong>habitar<\/strong>, de sua maneira, a cidade<\/span><\/p>\n<p><img loading=\"lazy\" decoding=\"async\" data-attachment-id=\"428\" data-permalink=\"https:\/\/wp.ufpel.edu.br\/margens\/alem-da-materialidade\/000marg20-corrente-3\/\" data-orig-file=\"https:\/\/wp.ufpel.edu.br\/margens\/files\/2020\/06\/000MARG20-CORRENTE-3.png\" data-orig-size=\"2000,167\" data-comments-opened=\"0\" data-image-meta=\"{&quot;aperture&quot;:&quot;0&quot;,&quot;credit&quot;:&quot;&quot;,&quot;camera&quot;:&quot;&quot;,&quot;caption&quot;:&quot;&quot;,&quot;created_timestamp&quot;:&quot;0&quot;,&quot;copyright&quot;:&quot;&quot;,&quot;focal_length&quot;:&quot;0&quot;,&quot;iso&quot;:&quot;0&quot;,&quot;shutter_speed&quot;:&quot;0&quot;,&quot;title&quot;:&quot;&quot;,&quot;orientation&quot;:&quot;0&quot;}\" data-image-title=\"000MARG20-CORRENTE-3\" data-image-description=\"\" data-image-caption=\"\" data-medium-file=\"https:\/\/wp.ufpel.edu.br\/margens\/files\/2020\/06\/000MARG20-CORRENTE-3-400x33.png\" data-large-file=\"https:\/\/wp.ufpel.edu.br\/margens\/files\/2020\/06\/000MARG20-CORRENTE-3-1024x86.png\" class=\"aligncenter size-full wp-image-428\" src=\"https:\/\/wp.ufpel.edu.br\/margens\/files\/2020\/06\/000MARG20-CORRENTE-3.png\" alt=\"\" width=\"2000\" height=\"174\" \/><\/p>\n<p style=\"text-align: center\"><a href=\"https:\/\/wp.ufpel.edu.br\/margens\/pelo-passo\/\"><em>&lt; Voc\u00ea pode voltar clicando aqui<\/em><\/a><\/p>\n<p style=\"text-align: center\"><a href=\"https:\/\/wp.ufpel.edu.br\/margens\/pelos-trajetos\/\"><em>Vamos para a pr\u00f3xima p\u00e1gina? &gt;<\/em><\/a><\/p>\n","protected":false},"excerpt":{"rendered":"<p>Nos patrim\u00f4nios da cidade, os Orix\u00e1s contam suas hist\u00f3rias Muitos lugares de Pelotas s\u00e3o considerados Patrim\u00f4nios. Por\u00e9m, para cada grupo que habita a cidade, esses patrim\u00f4nios s\u00e3o diferentes. Para as Casas de religi\u00f5es de matrizes africanas (Terreiros\/Terreiras\/Il\u00eas\/Templos\/Centros), muitos dos patrim\u00f4nios oficiais s\u00e3o considerados sagrados, importantes, mas por outros motivos que a hist\u00f3ria oficial n\u00e3o conta. &hellip; <\/p>\n<p class=\"link-more\"><a href=\"https:\/\/wp.ufpel.edu.br\/margens\/alem-da-materialidade\/\" class=\"more-link\">Continue lendo<span class=\"screen-reader-text\"> &#8220;Al\u00e9m da Materialidade&#8221;<\/span><\/a><\/p>\n","protected":false},"author":1008,"featured_media":1038,"parent":0,"menu_order":0,"comment_status":"closed","ping_status":"closed","template":"","meta":{"footnotes":""},"class_list":["post-341","page","type-page","status-publish","has-post-thumbnail","hentry"],"yoast_head":"<!-- This site is optimized with the Yoast SEO plugin v26.7 - https:\/\/yoast.com\/wordpress\/plugins\/seo\/ -->\n<title>Al\u00e9m da Materialidade - Margens: Diferentes Formas de Habitar Pelotas<\/title>\n<meta name=\"description\" content=\"Para as casas de religi\u00f5es matrizes africanas, os patrim\u00f4nios oficiais de Pelotas s\u00e3o considerados sagrados, mas por motivos que a hist\u00f3ria oficial n\u00e3o fala\" \/>\n<meta name=\"robots\" content=\"index, follow, max-snippet:-1, max-image-preview:large, max-video-preview:-1\" \/>\n<link rel=\"canonical\" href=\"https:\/\/wp.ufpel.edu.br\/margens\/alem-da-materialidade\/\" \/>\n<meta property=\"og:locale\" content=\"pt_BR\" \/>\n<meta property=\"og:type\" content=\"article\" \/>\n<meta property=\"og:title\" content=\"Al\u00e9m da Materialidade - Margens: Diferentes Formas de Habitar Pelotas\" \/>\n<meta property=\"og:description\" content=\"Para as casas de religi\u00f5es matrizes africanas, os patrim\u00f4nios oficiais de Pelotas s\u00e3o considerados sagrados, mas por motivos que a hist\u00f3ria oficial n\u00e3o fala\" \/>\n<meta property=\"og:url\" content=\"https:\/\/wp.ufpel.edu.br\/margens\/alem-da-materialidade\/\" \/>\n<meta property=\"og:site_name\" content=\"Margens: Diferentes Formas de Habitar Pelotas\" \/>\n<meta property=\"article:modified_time\" content=\"2020-08-18T20:03:23+00:00\" \/>\n<meta property=\"og:image\" content=\"https:\/\/wp.ufpel.edu.br\/margens\/files\/2020\/07\/005MARG20-Header-Materialidade.png\" \/>\n\t<meta property=\"og:image:width\" content=\"2000\" \/>\n\t<meta property=\"og:image:height\" content=\"362\" \/>\n\t<meta property=\"og:image:type\" content=\"image\/png\" \/>\n<meta name=\"twitter:card\" content=\"summary_large_image\" \/>\n<meta name=\"twitter:label1\" content=\"Est. tempo de leitura\" \/>\n\t<meta name=\"twitter:data1\" content=\"1 minuto\" \/>\n<script type=\"application\/ld+json\" class=\"yoast-schema-graph\">{\"@context\":\"https:\/\/schema.org\",\"@graph\":[{\"@type\":\"WebPage\",\"@id\":\"https:\/\/wp.ufpel.edu.br\/margens\/alem-da-materialidade\/\",\"url\":\"https:\/\/wp.ufpel.edu.br\/margens\/alem-da-materialidade\/\",\"name\":\"Al\u00e9m da Materialidade - Margens: Diferentes Formas de Habitar Pelotas\",\"isPartOf\":{\"@id\":\"https:\/\/wp.ufpel.edu.br\/margens\/#website\"},\"primaryImageOfPage\":{\"@id\":\"https:\/\/wp.ufpel.edu.br\/margens\/alem-da-materialidade\/#primaryimage\"},\"image\":{\"@id\":\"https:\/\/wp.ufpel.edu.br\/margens\/alem-da-materialidade\/#primaryimage\"},\"thumbnailUrl\":\"https:\/\/wp.ufpel.edu.br\/margens\/files\/2020\/07\/005MARG20-Header-Materialidade.png\",\"datePublished\":\"2020-06-11T19:09:17+00:00\",\"dateModified\":\"2020-08-18T20:03:23+00:00\",\"description\":\"Para as casas de religi\u00f5es matrizes africanas, os patrim\u00f4nios oficiais de Pelotas s\u00e3o considerados sagrados, mas por motivos que a hist\u00f3ria oficial n\u00e3o fala\",\"breadcrumb\":{\"@id\":\"https:\/\/wp.ufpel.edu.br\/margens\/alem-da-materialidade\/#breadcrumb\"},\"inLanguage\":\"pt-BR\",\"potentialAction\":[{\"@type\":\"ReadAction\",\"target\":[\"https:\/\/wp.ufpel.edu.br\/margens\/alem-da-materialidade\/\"]}]},{\"@type\":\"ImageObject\",\"inLanguage\":\"pt-BR\",\"@id\":\"https:\/\/wp.ufpel.edu.br\/margens\/alem-da-materialidade\/#primaryimage\",\"url\":\"https:\/\/wp.ufpel.edu.br\/margens\/files\/2020\/07\/005MARG20-Header-Materialidade.png\",\"contentUrl\":\"https:\/\/wp.ufpel.edu.br\/margens\/files\/2020\/07\/005MARG20-Header-Materialidade.png\",\"width\":2000,\"height\":362},{\"@type\":\"BreadcrumbList\",\"@id\":\"https:\/\/wp.ufpel.edu.br\/margens\/alem-da-materialidade\/#breadcrumb\",\"itemListElement\":[{\"@type\":\"ListItem\",\"position\":1,\"name\":\"In\u00edcio\",\"item\":\"https:\/\/wp.ufpel.edu.br\/margens\/\"},{\"@type\":\"ListItem\",\"position\":2,\"name\":\"Al\u00e9m da Materialidade\"}]},{\"@type\":\"WebSite\",\"@id\":\"https:\/\/wp.ufpel.edu.br\/margens\/#website\",\"url\":\"https:\/\/wp.ufpel.edu.br\/margens\/\",\"name\":\"Margens: Diferentes Formas de Habitar Pelotas\",\"description\":\"Universidade Federal de Pelotas\",\"potentialAction\":[{\"@type\":\"SearchAction\",\"target\":{\"@type\":\"EntryPoint\",\"urlTemplate\":\"https:\/\/wp.ufpel.edu.br\/margens\/?s={search_term_string}\"},\"query-input\":{\"@type\":\"PropertyValueSpecification\",\"valueRequired\":true,\"valueName\":\"search_term_string\"}}],\"inLanguage\":\"pt-BR\"}]}<\/script>\n<!-- \/ Yoast SEO plugin. -->","yoast_head_json":{"title":"Al\u00e9m da Materialidade - Margens: Diferentes Formas de Habitar Pelotas","description":"Para as casas de religi\u00f5es matrizes africanas, os patrim\u00f4nios oficiais de Pelotas s\u00e3o considerados sagrados, mas por motivos que a hist\u00f3ria oficial n\u00e3o fala","robots":{"index":"index","follow":"follow","max-snippet":"max-snippet:-1","max-image-preview":"max-image-preview:large","max-video-preview":"max-video-preview:-1"},"canonical":"https:\/\/wp.ufpel.edu.br\/margens\/alem-da-materialidade\/","og_locale":"pt_BR","og_type":"article","og_title":"Al\u00e9m da Materialidade - Margens: Diferentes Formas de Habitar Pelotas","og_description":"Para as casas de religi\u00f5es matrizes africanas, os patrim\u00f4nios oficiais de Pelotas s\u00e3o considerados sagrados, mas por motivos que a hist\u00f3ria oficial n\u00e3o fala","og_url":"https:\/\/wp.ufpel.edu.br\/margens\/alem-da-materialidade\/","og_site_name":"Margens: Diferentes Formas de Habitar Pelotas","article_modified_time":"2020-08-18T20:03:23+00:00","og_image":[{"width":2000,"height":362,"url":"https:\/\/wp.ufpel.edu.br\/margens\/files\/2020\/07\/005MARG20-Header-Materialidade.png","type":"image\/png"}],"twitter_card":"summary_large_image","twitter_misc":{"Est. tempo de leitura":"1 minuto"},"schema":{"@context":"https:\/\/schema.org","@graph":[{"@type":"WebPage","@id":"https:\/\/wp.ufpel.edu.br\/margens\/alem-da-materialidade\/","url":"https:\/\/wp.ufpel.edu.br\/margens\/alem-da-materialidade\/","name":"Al\u00e9m da Materialidade - Margens: Diferentes Formas de Habitar Pelotas","isPartOf":{"@id":"https:\/\/wp.ufpel.edu.br\/margens\/#website"},"primaryImageOfPage":{"@id":"https:\/\/wp.ufpel.edu.br\/margens\/alem-da-materialidade\/#primaryimage"},"image":{"@id":"https:\/\/wp.ufpel.edu.br\/margens\/alem-da-materialidade\/#primaryimage"},"thumbnailUrl":"https:\/\/wp.ufpel.edu.br\/margens\/files\/2020\/07\/005MARG20-Header-Materialidade.png","datePublished":"2020-06-11T19:09:17+00:00","dateModified":"2020-08-18T20:03:23+00:00","description":"Para as casas de religi\u00f5es matrizes africanas, os patrim\u00f4nios oficiais de Pelotas s\u00e3o considerados sagrados, mas por motivos que a hist\u00f3ria oficial n\u00e3o fala","breadcrumb":{"@id":"https:\/\/wp.ufpel.edu.br\/margens\/alem-da-materialidade\/#breadcrumb"},"inLanguage":"pt-BR","potentialAction":[{"@type":"ReadAction","target":["https:\/\/wp.ufpel.edu.br\/margens\/alem-da-materialidade\/"]}]},{"@type":"ImageObject","inLanguage":"pt-BR","@id":"https:\/\/wp.ufpel.edu.br\/margens\/alem-da-materialidade\/#primaryimage","url":"https:\/\/wp.ufpel.edu.br\/margens\/files\/2020\/07\/005MARG20-Header-Materialidade.png","contentUrl":"https:\/\/wp.ufpel.edu.br\/margens\/files\/2020\/07\/005MARG20-Header-Materialidade.png","width":2000,"height":362},{"@type":"BreadcrumbList","@id":"https:\/\/wp.ufpel.edu.br\/margens\/alem-da-materialidade\/#breadcrumb","itemListElement":[{"@type":"ListItem","position":1,"name":"In\u00edcio","item":"https:\/\/wp.ufpel.edu.br\/margens\/"},{"@type":"ListItem","position":2,"name":"Al\u00e9m da Materialidade"}]},{"@type":"WebSite","@id":"https:\/\/wp.ufpel.edu.br\/margens\/#website","url":"https:\/\/wp.ufpel.edu.br\/margens\/","name":"Margens: Diferentes Formas de Habitar Pelotas","description":"Universidade Federal de Pelotas","potentialAction":[{"@type":"SearchAction","target":{"@type":"EntryPoint","urlTemplate":"https:\/\/wp.ufpel.edu.br\/margens\/?s={search_term_string}"},"query-input":{"@type":"PropertyValueSpecification","valueRequired":true,"valueName":"search_term_string"}}],"inLanguage":"pt-BR"}]}},"jetpack_sharing_enabled":true,"_links":{"self":[{"href":"https:\/\/wp.ufpel.edu.br\/margens\/wp-json\/wp\/v2\/pages\/341","targetHints":{"allow":["GET"]}}],"collection":[{"href":"https:\/\/wp.ufpel.edu.br\/margens\/wp-json\/wp\/v2\/pages"}],"about":[{"href":"https:\/\/wp.ufpel.edu.br\/margens\/wp-json\/wp\/v2\/types\/page"}],"author":[{"embeddable":true,"href":"https:\/\/wp.ufpel.edu.br\/margens\/wp-json\/wp\/v2\/users\/1008"}],"replies":[{"embeddable":true,"href":"https:\/\/wp.ufpel.edu.br\/margens\/wp-json\/wp\/v2\/comments?post=341"}],"version-history":[{"count":16,"href":"https:\/\/wp.ufpel.edu.br\/margens\/wp-json\/wp\/v2\/pages\/341\/revisions"}],"predecessor-version":[{"id":1648,"href":"https:\/\/wp.ufpel.edu.br\/margens\/wp-json\/wp\/v2\/pages\/341\/revisions\/1648"}],"wp:featuredmedia":[{"embeddable":true,"href":"https:\/\/wp.ufpel.edu.br\/margens\/wp-json\/wp\/v2\/media\/1038"}],"wp:attachment":[{"href":"https:\/\/wp.ufpel.edu.br\/margens\/wp-json\/wp\/v2\/media?parent=341"}],"curies":[{"name":"wp","href":"https:\/\/api.w.org\/{rel}","templated":true}]}}