{"id":2,"date":"2020-05-29T01:12:29","date_gmt":"2020-05-29T04:12:29","guid":{"rendered":"https:\/\/wp.ufpel.edu.br\/margens\/?page_id=2"},"modified":"2020-08-18T17:10:57","modified_gmt":"2020-08-18T20:10:57","slug":"2-2","status":"publish","type":"page","link":"https:\/\/wp.ufpel.edu.br\/margens\/","title":{"rendered":""},"content":{"rendered":"<p style=\"text-align: right\"><span style=\"font-family: helvetica, arial, sans-serif;font-size: 18pt\"><b><a href=\"https:\/\/wp.ufpel.edu.br\/margens\/inicio\/000marg20-inicio-2\/\"><img loading=\"lazy\" decoding=\"async\" data-attachment-id=\"1033\" data-permalink=\"https:\/\/wp.ufpel.edu.br\/margens\/2-2\/000marg20-inicio-2\/\" data-orig-file=\"https:\/\/wp.ufpel.edu.br\/margens\/files\/2020\/07\/000MARG20-Inicio-2.png\" data-orig-size=\"798,342\" data-comments-opened=\"0\" data-image-meta=\"{&quot;aperture&quot;:&quot;0&quot;,&quot;credit&quot;:&quot;&quot;,&quot;camera&quot;:&quot;&quot;,&quot;caption&quot;:&quot;&quot;,&quot;created_timestamp&quot;:&quot;0&quot;,&quot;copyright&quot;:&quot;&quot;,&quot;focal_length&quot;:&quot;0&quot;,&quot;iso&quot;:&quot;0&quot;,&quot;shutter_speed&quot;:&quot;0&quot;,&quot;title&quot;:&quot;&quot;,&quot;orientation&quot;:&quot;0&quot;}\" data-image-title=\"000MARG20 &amp;#8211; Inicio &amp;#8211; 2\" data-image-description=\"\" data-image-caption=\"\" data-medium-file=\"https:\/\/wp.ufpel.edu.br\/margens\/files\/2020\/07\/000MARG20-Inicio-2-400x171.png\" data-large-file=\"https:\/\/wp.ufpel.edu.br\/margens\/files\/2020\/07\/000MARG20-Inicio-2.png\" class=\"aligncenter wp-image-1033 size-full\" src=\"https:\/\/wp.ufpel.edu.br\/margens\/files\/2020\/07\/000MARG20-Inicio-2.png\" alt=\"\" width=\"798\" height=\"342\" srcset=\"https:\/\/wp.ufpel.edu.br\/margens\/files\/2020\/07\/000MARG20-Inicio-2.png 798w, https:\/\/wp.ufpel.edu.br\/margens\/files\/2020\/07\/000MARG20-Inicio-2-400x171.png 400w, https:\/\/wp.ufpel.edu.br\/margens\/files\/2020\/07\/000MARG20-Inicio-2-768x329.png 768w\" sizes=\"auto, (max-width: 706px) 89vw, (max-width: 767px) 82vw, 740px\" \/><\/a><\/b><\/span><\/p>\n<p style=\"text-align: right\"><span style=\"font-weight: 400\"><b><i>Que exposi\u00e7\u00e3o \u00e9 essa?<\/i><\/b><\/span><\/p>\n<p style=\"text-align: justify\"><span style=\"font-weight: 400\">A exposi\u00e7\u00e3o <\/span><i style=\"font-family: helvetica, arial, sans-serif;text-align: justify;font-size: 1rem\">Patrim\u00f4nios Invisibilizados: Para Al\u00e9m dos Casar\u00f5es, Quindins e Charqueadas<\/i><span style=\"font-weight: 400\"> \u00e9 concebida pelo projeto de pesquisa <\/span><i style=\"font-family: helvetica, arial, sans-serif;text-align: justify;font-size: 1rem\"><strong>Margens<\/strong>: Grupos em Processos de Exclus\u00e3o e suas Formas de Habitar Pelotas\/RS <\/i><span style=\"font-weight: 400\">em parceria com a Bibliotheca P\u00fablica de Pelotas.<\/span><\/p>\n<p style=\"text-align: justify\"><span style=\"font-family: helvetica, arial, sans-serif\"><span style=\"font-weight: 400\">Nessa exposi\u00e7\u00e3o digital queremos te apresentar diferentes grupos que habitam a cidade de Pelotas\/RS e que a constroem diariamente, <strong>valorizando patrim\u00f4nios n\u00e3o oficiais<\/strong>. <\/span><\/span><\/p>\n<p style=\"text-align: justify\"><span style=\"font-family: helvetica, arial, sans-serif\"><span style=\"font-weight: 400\">Pelotas \u00e9 conhecida pelas suas charqueadas e casar\u00f5es antigos, que contam uma hist\u00f3ria \u00fanica e excludente da constru\u00e7\u00e3o da cidade. J\u00e1 aqui, <strong>as narrativas s\u00e3o das periferias, comunidades negras, mulheres, da comunidade LGBTI+ e de trabalhadoras sexuais.<\/strong> Te apresentamos uma cidade vivida, a partir de fotografias, v\u00eddeos, m\u00fasicas, desenhos, colagens, entre outras narrativas dos pr\u00f3prios grupos. <\/span><\/span><\/p>\n<p style=\"text-align: justify\"><span style=\"font-family: helvetica, arial, sans-serif\"><span style=\"font-weight: 400\">Pelas abas desta exposi\u00e7\u00e3o, voc\u00ea ir\u00e1 transitar por uma cidade <\/span>constru\u00edda por e para todas\/os\/es.\u00a0<\/span>Uma cidade movimento, que pulsa, vibra e \u00e9 m\u00faltipla.<\/p>\n<p style=\"text-align: center\"><span style=\"font-weight: 400;font-family: helvetica, arial, sans-serif;color: #000000\"><strong><em><strong style=\"font-size: 1.25rem\">UMA CIDADE QUE SE TRANSFORMA DIA E NOITE!<\/strong><\/em><\/strong><\/span><\/p>\n<p style=\"text-align: center\"><img loading=\"lazy\" decoding=\"async\" data-attachment-id=\"45\" data-permalink=\"https:\/\/wp.ufpel.edu.br\/margens\/patrimonios-invisibilizados\/000marg20-corrente-1\/\" data-orig-file=\"https:\/\/wp.ufpel.edu.br\/margens\/files\/2020\/05\/000MARG20-CORRENTE-1.png\" data-orig-size=\"2000,167\" data-comments-opened=\"0\" data-image-meta=\"{&quot;aperture&quot;:&quot;0&quot;,&quot;credit&quot;:&quot;&quot;,&quot;camera&quot;:&quot;&quot;,&quot;caption&quot;:&quot;&quot;,&quot;created_timestamp&quot;:&quot;0&quot;,&quot;copyright&quot;:&quot;&quot;,&quot;focal_length&quot;:&quot;0&quot;,&quot;iso&quot;:&quot;0&quot;,&quot;shutter_speed&quot;:&quot;0&quot;,&quot;title&quot;:&quot;&quot;,&quot;orientation&quot;:&quot;0&quot;}\" data-image-title=\"000MARG20-CORRENTE-1\" data-image-description=\"\" data-image-caption=\"\" data-medium-file=\"https:\/\/wp.ufpel.edu.br\/margens\/files\/2020\/05\/000MARG20-CORRENTE-1-400x33.png\" data-large-file=\"https:\/\/wp.ufpel.edu.br\/margens\/files\/2020\/05\/000MARG20-CORRENTE-1-1024x86.png\" class=\"aligncenter size-full wp-image-45\" src=\"https:\/\/wp.ufpel.edu.br\/margens\/files\/2020\/05\/000MARG20-CORRENTE-1.png\" alt=\"\" width=\"2000\" height=\"174\" \/><\/p>\n<p style=\"text-align: center\"><a href=\"https:\/\/wp.ufpel.edu.br\/margens\/inicio\/000marg20-quem-e-pel\/\"><img loading=\"lazy\" decoding=\"async\" data-attachment-id=\"1034\" data-permalink=\"https:\/\/wp.ufpel.edu.br\/margens\/2-2\/000marg20-quem-e-pel\/\" data-orig-file=\"https:\/\/wp.ufpel.edu.br\/margens\/files\/2020\/07\/000MARG20-Quem-\u00e9-pel.png\" data-orig-size=\"800,563\" data-comments-opened=\"0\" data-image-meta=\"{&quot;aperture&quot;:&quot;0&quot;,&quot;credit&quot;:&quot;&quot;,&quot;camera&quot;:&quot;&quot;,&quot;caption&quot;:&quot;&quot;,&quot;created_timestamp&quot;:&quot;0&quot;,&quot;copyright&quot;:&quot;&quot;,&quot;focal_length&quot;:&quot;0&quot;,&quot;iso&quot;:&quot;0&quot;,&quot;shutter_speed&quot;:&quot;0&quot;,&quot;title&quot;:&quot;&quot;,&quot;orientation&quot;:&quot;0&quot;}\" data-image-title=\"000MARG20 &amp;#8211; Quem \u00e9 pel\" data-image-description=\"\" data-image-caption=\"\" data-medium-file=\"https:\/\/wp.ufpel.edu.br\/margens\/files\/2020\/07\/000MARG20-Quem-\u00e9-pel-400x282.png\" data-large-file=\"https:\/\/wp.ufpel.edu.br\/margens\/files\/2020\/07\/000MARG20-Quem-\u00e9-pel.png\" class=\"aligncenter wp-image-1034 size-full\" src=\"https:\/\/wp.ufpel.edu.br\/margens\/files\/2020\/07\/000MARG20-Quem-\u00e9-pel.png\" alt=\"\" width=\"800\" height=\"563\" srcset=\"https:\/\/wp.ufpel.edu.br\/margens\/files\/2020\/07\/000MARG20-Quem-\u00e9-pel.png 800w, https:\/\/wp.ufpel.edu.br\/margens\/files\/2020\/07\/000MARG20-Quem-\u00e9-pel-400x282.png 400w, https:\/\/wp.ufpel.edu.br\/margens\/files\/2020\/07\/000MARG20-Quem-\u00e9-pel-768x540.png 768w\" sizes=\"auto, (max-width: 706px) 89vw, (max-width: 767px) 82vw, 740px\" \/><\/a><\/p>\n<p style=\"text-align: right\"><span style=\"font-size: 24px\"><b><i>Quem \u00e9 Pelotas?<\/i><\/b><\/span><\/p>\n<p style=\"text-align: justify\"><span style=\"font-weight: 400\">DDD 53, mais de 300 mil habitantes e uma \u00e1rea de 1609 km\u00b2<\/span><span style=\"font-weight: 400\">,<\/span><span style=\"font-weight: 400\"> Pelotas \u00e9 uma cidade localizada no Sul do Rio Grande do Sul, \u00e0 beira da Lagoa dos Patos, foi local<\/span><span style=\"font-weight: 400\"> de entrada dos navios que traziam pessoas escravizadas para a regi\u00e3o. <\/span><\/p>\n<p style=\"text-align: justify\"><span style=\"font-weight: 400\">Com as paredes dos casar\u00f5es hist\u00f3ricos levantadas por m\u00e3o de obra escravizada, tornou-se<\/span><\/p>\n<p style=\"text-align: center\"><span style=\"font-weight: 400;font-family: helvetica, arial, sans-serif;color: #000000\"><strong><em><strong style=\"font-size: 1.25rem\">capital do charque e &#8220;exportadora nacional de viados&#8221;<\/strong><\/em><\/strong><\/span><\/p>\n<p style=\"text-align: justify\"><span style=\"font-weight: 400\">Conhecida como a \u201cPrincesa do Sul\u201d e por ser a segunda cidade mais \u00famida do mundo<\/span><span style=\"font-weight: 400\">, <strong>construiu sua identidade em cima das narrativas da \u00e9poca do charque<\/strong>. Ainda hoje \u00e9 representada por um <em>imagin\u00e1rio pautado nos doces finos, casar\u00f5es e charqueadas do s\u00e9culo 19<\/em>.<\/span><\/p>\n<p style=\"text-align: justify\"><span style=\"font-weight: 400\"> Mas essa <strong>tamb\u00e9m\u00a0<\/strong><\/span><span style=\"font-weight: 400\"><strong>\u00e9 uma cidade negra,<\/strong> formada por tantas casas de religi\u00f5es de matrizes africanas, <strong>a dita cidade\u00a0<\/strong><\/span><i style=\"font-size: 1rem\"><strong>gay,<\/strong>\u00a0<\/i><span style=\"font-weight: 400\">q<\/span><span style=\"font-size: 1rem\">ue carrega nos seus patrim\u00f4nios mais esterilizados poss\u00edveis, as marcas de seus exclu\u00eddos\/as\/es (comunidades negras, comunidades de periferia, mulheres, LGBTI+s, etc).<\/span><\/p>\n<p><img loading=\"lazy\" decoding=\"async\" data-attachment-id=\"45\" data-permalink=\"https:\/\/wp.ufpel.edu.br\/margens\/patrimonios-invisibilizados\/000marg20-corrente-1\/\" data-orig-file=\"https:\/\/wp.ufpel.edu.br\/margens\/files\/2020\/05\/000MARG20-CORRENTE-1.png\" data-orig-size=\"2000,167\" data-comments-opened=\"0\" data-image-meta=\"{&quot;aperture&quot;:&quot;0&quot;,&quot;credit&quot;:&quot;&quot;,&quot;camera&quot;:&quot;&quot;,&quot;caption&quot;:&quot;&quot;,&quot;created_timestamp&quot;:&quot;0&quot;,&quot;copyright&quot;:&quot;&quot;,&quot;focal_length&quot;:&quot;0&quot;,&quot;iso&quot;:&quot;0&quot;,&quot;shutter_speed&quot;:&quot;0&quot;,&quot;title&quot;:&quot;&quot;,&quot;orientation&quot;:&quot;0&quot;}\" data-image-title=\"000MARG20-CORRENTE-1\" data-image-description=\"\" data-image-caption=\"\" data-medium-file=\"https:\/\/wp.ufpel.edu.br\/margens\/files\/2020\/05\/000MARG20-CORRENTE-1-400x33.png\" data-large-file=\"https:\/\/wp.ufpel.edu.br\/margens\/files\/2020\/05\/000MARG20-CORRENTE-1-1024x86.png\" class=\"aligncenter size-full wp-image-45\" src=\"https:\/\/wp.ufpel.edu.br\/margens\/files\/2020\/05\/000MARG20-CORRENTE-1.png\" alt=\"\" width=\"2000\" height=\"174\" \/><\/p>\n<p><a href=\"https:\/\/wp.ufpel.edu.br\/margens\/inicio\/000marg20-bibliotheca\/\"><img loading=\"lazy\" decoding=\"async\" data-attachment-id=\"1035\" data-permalink=\"https:\/\/wp.ufpel.edu.br\/margens\/2-2\/000marg20-bibliotheca\/\" data-orig-file=\"https:\/\/wp.ufpel.edu.br\/margens\/files\/2020\/07\/000MARG20-Bibliotheca.png\" data-orig-size=\"800,539\" data-comments-opened=\"0\" data-image-meta=\"{&quot;aperture&quot;:&quot;0&quot;,&quot;credit&quot;:&quot;&quot;,&quot;camera&quot;:&quot;&quot;,&quot;caption&quot;:&quot;&quot;,&quot;created_timestamp&quot;:&quot;0&quot;,&quot;copyright&quot;:&quot;&quot;,&quot;focal_length&quot;:&quot;0&quot;,&quot;iso&quot;:&quot;0&quot;,&quot;shutter_speed&quot;:&quot;0&quot;,&quot;title&quot;:&quot;&quot;,&quot;orientation&quot;:&quot;0&quot;}\" data-image-title=\"000MARG20 &amp;#8211; Bibliotheca\" data-image-description=\"\" data-image-caption=\"\" data-medium-file=\"https:\/\/wp.ufpel.edu.br\/margens\/files\/2020\/07\/000MARG20-Bibliotheca-400x270.png\" data-large-file=\"https:\/\/wp.ufpel.edu.br\/margens\/files\/2020\/07\/000MARG20-Bibliotheca.png\" class=\"aligncenter wp-image-1035 size-full\" src=\"https:\/\/wp.ufpel.edu.br\/margens\/files\/2020\/07\/000MARG20-Bibliotheca.png\" alt=\"\" width=\"800\" height=\"539\" srcset=\"https:\/\/wp.ufpel.edu.br\/margens\/files\/2020\/07\/000MARG20-Bibliotheca.png 800w, https:\/\/wp.ufpel.edu.br\/margens\/files\/2020\/07\/000MARG20-Bibliotheca-400x270.png 400w, https:\/\/wp.ufpel.edu.br\/margens\/files\/2020\/07\/000MARG20-Bibliotheca-768x517.png 768w\" sizes=\"auto, (max-width: 706px) 89vw, (max-width: 767px) 82vw, 740px\" \/><\/a><\/p>\n<p style=\"text-align: right\"><em><span style=\"font-size: 18pt\"><strong><a href=\"https:\/\/www.bibliotheca.org.br\/\" target=\"_blank\" rel=\"noopener noreferrer\">A Bibliotheca P\u00fablica Pelotense<\/a> <\/strong><\/span><\/em><\/p>\n<p style=\"text-align: justify\"><span style=\"font-weight: 400\">\u00e9 uma associa\u00e7\u00e3o civil fundada em 1875. Ao longo desses 139 anos, vem prestando diversos servi\u00e7os de promo\u00e7\u00e3o e acesso \u00e0 cultura, educa\u00e7\u00e3o e cidadania em Pelotas e regi\u00e3o. Em 1904 foi fundado um museu hist\u00f3rico respons\u00e1vel por contar a hist\u00f3ria da forma\u00e7\u00e3o social na regi\u00e3o sul, atrav\u00e9s de diversos discursos dos povos que passaram por aqui.<\/span><\/p>\n<p style=\"text-align: justify\"><span style=\"font-weight: 400\"><strong>O MHBPP \u00e9 um dos setores mais antigos da Bibliotheca<\/strong>, e ap\u00f3s ser restaurado em 2012, conta com o Espa\u00e7o de Arte Mello da Costa,\u00a0 voltado para a produ\u00e7\u00e3o art\u00edstica de Pelotas e regi\u00e3o.<\/span><\/p>\n<p style=\"text-align: right\"><span style=\"font-size: 14pt\"><em><strong>Atualmente,<\/strong><\/em><\/span><\/p>\n<p style=\"text-align: justify\"><span style=\"font-weight: 400\">o Museu Hist\u00f3rico atende cerca de 09 mil pessoas ao ano e conta com uma diversa agenda de exposi\u00e7\u00f5es e eventos como <strong>a\u00a0 Semana Ind\u00edgena, Primavera dos Museus, Dia do Patrim\u00f4nio, Semana das Crian\u00e7as<\/strong> com exposi\u00e7\u00e3o dos Trabalhos das crian\u00e7as do <\/span><span style=\"font-weight: 400\">Centro de Refer\u00eancia de Assist\u00eancia Social<\/span><span style=\"font-weight: 400\">, <strong>Outubro Rosa, Feira do Livro e Semana da Consci\u00eancia Negra.<\/strong><\/span><\/p>\n<p style=\"text-align: justify\"><span style=\"font-weight: 400\"><strong>Em 2018 foi firmada a parceria entre o GEEUR e a BPP<\/strong>, foram pensadas diversas atividades, a fim de mostrar os v\u00e1rios tipos de grupos sociais existentes em Pelotas, assim como as v\u00e1rias tipologias e discursos que o museu trabalha, transmitindo o passado e\u00a0 presente atrav\u00e9s do cotidiano.\u00a0<\/span><\/p>\n<p><img loading=\"lazy\" decoding=\"async\" data-attachment-id=\"45\" data-permalink=\"https:\/\/wp.ufpel.edu.br\/margens\/patrimonios-invisibilizados\/000marg20-corrente-1\/\" data-orig-file=\"https:\/\/wp.ufpel.edu.br\/margens\/files\/2020\/05\/000MARG20-CORRENTE-1.png\" data-orig-size=\"2000,167\" data-comments-opened=\"0\" data-image-meta=\"{&quot;aperture&quot;:&quot;0&quot;,&quot;credit&quot;:&quot;&quot;,&quot;camera&quot;:&quot;&quot;,&quot;caption&quot;:&quot;&quot;,&quot;created_timestamp&quot;:&quot;0&quot;,&quot;copyright&quot;:&quot;&quot;,&quot;focal_length&quot;:&quot;0&quot;,&quot;iso&quot;:&quot;0&quot;,&quot;shutter_speed&quot;:&quot;0&quot;,&quot;title&quot;:&quot;&quot;,&quot;orientation&quot;:&quot;0&quot;}\" data-image-title=\"000MARG20-CORRENTE-1\" data-image-description=\"\" data-image-caption=\"\" data-medium-file=\"https:\/\/wp.ufpel.edu.br\/margens\/files\/2020\/05\/000MARG20-CORRENTE-1-400x33.png\" data-large-file=\"https:\/\/wp.ufpel.edu.br\/margens\/files\/2020\/05\/000MARG20-CORRENTE-1-1024x86.png\" class=\"aligncenter size-full wp-image-45\" src=\"https:\/\/wp.ufpel.edu.br\/margens\/files\/2020\/05\/000MARG20-CORRENTE-1.png\" alt=\"\" width=\"2000\" height=\"174\" \/><\/p>\n<p style=\"text-align: right\"><a href=\"https:\/\/wp.ufpel.edu.br\/margens\/patrimonios-invisibilizados\/\"><em>Vamos para\u00a0 a pr\u00f3xima p\u00e1gina? &gt;<\/em><\/a><\/p>\n","protected":false},"excerpt":{"rendered":"<p>Que exposi\u00e7\u00e3o \u00e9 essa? A exposi\u00e7\u00e3o Patrim\u00f4nios Invisibilizados: Para Al\u00e9m dos Casar\u00f5es, Quindins e Charqueadas \u00e9 concebida pelo projeto de pesquisa Margens: Grupos em Processos de Exclus\u00e3o e suas Formas de Habitar Pelotas\/RS em parceria com a Bibliotheca P\u00fablica de Pelotas. Nessa exposi\u00e7\u00e3o digital queremos te apresentar diferentes grupos que habitam a cidade de Pelotas\/RS &hellip; <\/p>\n<p class=\"link-more\"><a href=\"https:\/\/wp.ufpel.edu.br\/margens\/\" class=\"more-link\">Continue lendo<span class=\"screen-reader-text\"> &#8220;&#8221;<\/span><\/a><\/p>\n","protected":false},"author":1008,"featured_media":0,"parent":0,"menu_order":0,"comment_status":"closed","ping_status":"closed","template":"","meta":{"footnotes":""},"class_list":["post-2","page","type-page","status-publish","hentry"],"yoast_head":"<!-- This site is optimized with the Yoast SEO plugin v26.7 - https:\/\/yoast.com\/wordpress\/plugins\/seo\/ -->\n<title>Exposi\u00e7\u00e3o Digital  - Margens: Diferentes Formas de Habitar Pelotas<\/title>\n<meta name=\"description\" content=\"Nessa espa\u00e7o queremos te apresentar diferentes grupos que habitam a cidade de Pelotas\/RS e que a constroem diariamente, valorizando patrim\u00f4nios invis\u00edveis.\" \/>\n<meta name=\"robots\" content=\"index, follow, max-snippet:-1, max-image-preview:large, max-video-preview:-1\" \/>\n<link rel=\"canonical\" href=\"https:\/\/wp.ufpel.edu.br\/margens\/\" \/>\n<meta property=\"og:locale\" content=\"pt_BR\" \/>\n<meta property=\"og:type\" content=\"article\" \/>\n<meta property=\"og:title\" content=\"Exposi\u00e7\u00e3o Digital  - Margens: Diferentes Formas de Habitar Pelotas\" \/>\n<meta property=\"og:description\" content=\"Nessa espa\u00e7o queremos te apresentar diferentes grupos que habitam a cidade de Pelotas\/RS e que a constroem diariamente, valorizando patrim\u00f4nios invis\u00edveis.\" \/>\n<meta property=\"og:url\" content=\"https:\/\/wp.ufpel.edu.br\/margens\/\" \/>\n<meta property=\"og:site_name\" content=\"Margens: Diferentes Formas de Habitar Pelotas\" \/>\n<meta property=\"article:modified_time\" content=\"2020-08-18T20:10:57+00:00\" \/>\n<meta property=\"og:image\" content=\"https:\/\/wp.ufpel.edu.br\/margens\/files\/2020\/07\/000MARG20-Inicio-2.png\" \/>\n<meta name=\"twitter:card\" content=\"summary_large_image\" \/>\n<meta name=\"twitter:label1\" content=\"Est. tempo de leitura\" \/>\n\t<meta name=\"twitter:data1\" content=\"3 minutos\" \/>\n<script type=\"application\/ld+json\" class=\"yoast-schema-graph\">{\"@context\":\"https:\/\/schema.org\",\"@graph\":[{\"@type\":\"WebPage\",\"@id\":\"https:\/\/wp.ufpel.edu.br\/margens\/\",\"url\":\"https:\/\/wp.ufpel.edu.br\/margens\/\",\"name\":\"Exposi\u00e7\u00e3o Digital - Margens: Diferentes Formas de Habitar Pelotas\",\"isPartOf\":{\"@id\":\"https:\/\/wp.ufpel.edu.br\/margens\/#website\"},\"primaryImageOfPage\":{\"@id\":\"https:\/\/wp.ufpel.edu.br\/margens\/#primaryimage\"},\"image\":{\"@id\":\"https:\/\/wp.ufpel.edu.br\/margens\/#primaryimage\"},\"thumbnailUrl\":\"https:\/\/wp.ufpel.edu.br\/margens\/files\/2020\/07\/000MARG20-Inicio-2.png\",\"datePublished\":\"2020-05-29T04:12:29+00:00\",\"dateModified\":\"2020-08-18T20:10:57+00:00\",\"description\":\"Nessa espa\u00e7o queremos te apresentar diferentes grupos que habitam a cidade de Pelotas\/RS e que a constroem diariamente, valorizando patrim\u00f4nios invis\u00edveis.\",\"inLanguage\":\"pt-BR\",\"potentialAction\":[{\"@type\":\"ReadAction\",\"target\":[\"https:\/\/wp.ufpel.edu.br\/margens\/\"]}]},{\"@type\":\"ImageObject\",\"inLanguage\":\"pt-BR\",\"@id\":\"https:\/\/wp.ufpel.edu.br\/margens\/#primaryimage\",\"url\":\"https:\/\/wp.ufpel.edu.br\/margens\/files\/2020\/07\/000MARG20-Inicio-2.png\",\"contentUrl\":\"https:\/\/wp.ufpel.edu.br\/margens\/files\/2020\/07\/000MARG20-Inicio-2.png\",\"width\":798,\"height\":342},{\"@type\":\"WebSite\",\"@id\":\"https:\/\/wp.ufpel.edu.br\/margens\/#website\",\"url\":\"https:\/\/wp.ufpel.edu.br\/margens\/\",\"name\":\"Margens: Diferentes Formas de Habitar Pelotas\",\"description\":\"Universidade Federal de Pelotas\",\"potentialAction\":[{\"@type\":\"SearchAction\",\"target\":{\"@type\":\"EntryPoint\",\"urlTemplate\":\"https:\/\/wp.ufpel.edu.br\/margens\/?s={search_term_string}\"},\"query-input\":{\"@type\":\"PropertyValueSpecification\",\"valueRequired\":true,\"valueName\":\"search_term_string\"}}],\"inLanguage\":\"pt-BR\"}]}<\/script>\n<!-- \/ Yoast SEO plugin. -->","yoast_head_json":{"title":"Exposi\u00e7\u00e3o Digital  - Margens: Diferentes Formas de Habitar Pelotas","description":"Nessa espa\u00e7o queremos te apresentar diferentes grupos que habitam a cidade de Pelotas\/RS e que a constroem diariamente, valorizando patrim\u00f4nios invis\u00edveis.","robots":{"index":"index","follow":"follow","max-snippet":"max-snippet:-1","max-image-preview":"max-image-preview:large","max-video-preview":"max-video-preview:-1"},"canonical":"https:\/\/wp.ufpel.edu.br\/margens\/","og_locale":"pt_BR","og_type":"article","og_title":"Exposi\u00e7\u00e3o Digital  - Margens: Diferentes Formas de Habitar Pelotas","og_description":"Nessa espa\u00e7o queremos te apresentar diferentes grupos que habitam a cidade de Pelotas\/RS e que a constroem diariamente, valorizando patrim\u00f4nios invis\u00edveis.","og_url":"https:\/\/wp.ufpel.edu.br\/margens\/","og_site_name":"Margens: Diferentes Formas de Habitar Pelotas","article_modified_time":"2020-08-18T20:10:57+00:00","og_image":[{"url":"https:\/\/wp.ufpel.edu.br\/margens\/files\/2020\/07\/000MARG20-Inicio-2.png","type":"","width":"","height":""}],"twitter_card":"summary_large_image","twitter_misc":{"Est. tempo de leitura":"3 minutos"},"schema":{"@context":"https:\/\/schema.org","@graph":[{"@type":"WebPage","@id":"https:\/\/wp.ufpel.edu.br\/margens\/","url":"https:\/\/wp.ufpel.edu.br\/margens\/","name":"Exposi\u00e7\u00e3o Digital - Margens: Diferentes Formas de Habitar Pelotas","isPartOf":{"@id":"https:\/\/wp.ufpel.edu.br\/margens\/#website"},"primaryImageOfPage":{"@id":"https:\/\/wp.ufpel.edu.br\/margens\/#primaryimage"},"image":{"@id":"https:\/\/wp.ufpel.edu.br\/margens\/#primaryimage"},"thumbnailUrl":"https:\/\/wp.ufpel.edu.br\/margens\/files\/2020\/07\/000MARG20-Inicio-2.png","datePublished":"2020-05-29T04:12:29+00:00","dateModified":"2020-08-18T20:10:57+00:00","description":"Nessa espa\u00e7o queremos te apresentar diferentes grupos que habitam a cidade de Pelotas\/RS e que a constroem diariamente, valorizando patrim\u00f4nios invis\u00edveis.","inLanguage":"pt-BR","potentialAction":[{"@type":"ReadAction","target":["https:\/\/wp.ufpel.edu.br\/margens\/"]}]},{"@type":"ImageObject","inLanguage":"pt-BR","@id":"https:\/\/wp.ufpel.edu.br\/margens\/#primaryimage","url":"https:\/\/wp.ufpel.edu.br\/margens\/files\/2020\/07\/000MARG20-Inicio-2.png","contentUrl":"https:\/\/wp.ufpel.edu.br\/margens\/files\/2020\/07\/000MARG20-Inicio-2.png","width":798,"height":342},{"@type":"WebSite","@id":"https:\/\/wp.ufpel.edu.br\/margens\/#website","url":"https:\/\/wp.ufpel.edu.br\/margens\/","name":"Margens: Diferentes Formas de Habitar Pelotas","description":"Universidade Federal de Pelotas","potentialAction":[{"@type":"SearchAction","target":{"@type":"EntryPoint","urlTemplate":"https:\/\/wp.ufpel.edu.br\/margens\/?s={search_term_string}"},"query-input":{"@type":"PropertyValueSpecification","valueRequired":true,"valueName":"search_term_string"}}],"inLanguage":"pt-BR"}]}},"jetpack_sharing_enabled":true,"_links":{"self":[{"href":"https:\/\/wp.ufpel.edu.br\/margens\/wp-json\/wp\/v2\/pages\/2","targetHints":{"allow":["GET"]}}],"collection":[{"href":"https:\/\/wp.ufpel.edu.br\/margens\/wp-json\/wp\/v2\/pages"}],"about":[{"href":"https:\/\/wp.ufpel.edu.br\/margens\/wp-json\/wp\/v2\/types\/page"}],"author":[{"embeddable":true,"href":"https:\/\/wp.ufpel.edu.br\/margens\/wp-json\/wp\/v2\/users\/1008"}],"replies":[{"embeddable":true,"href":"https:\/\/wp.ufpel.edu.br\/margens\/wp-json\/wp\/v2\/comments?post=2"}],"version-history":[{"count":50,"href":"https:\/\/wp.ufpel.edu.br\/margens\/wp-json\/wp\/v2\/pages\/2\/revisions"}],"predecessor-version":[{"id":1421,"href":"https:\/\/wp.ufpel.edu.br\/margens\/wp-json\/wp\/v2\/pages\/2\/revisions\/1421"}],"wp:attachment":[{"href":"https:\/\/wp.ufpel.edu.br\/margens\/wp-json\/wp\/v2\/media?parent=2"}],"curies":[{"name":"wp","href":"https:\/\/api.w.org\/{rel}","templated":true}]}}