{"id":183,"date":"2017-06-13T08:46:02","date_gmt":"2017-06-13T11:46:02","guid":{"rendered":"https:\/\/wp.ufpel.edu.br\/marceloschramm\/?page_id=183"},"modified":"2017-07-04T13:38:42","modified_gmt":"2017-07-04T16:38:42","slug":"informacoes-2017","status":"publish","type":"page","link":"https:\/\/wp.ufpel.edu.br\/marceloschramm\/informacoes-2017\/","title":{"rendered":"Informa\u00e7\u00f5es 2017"},"content":{"rendered":"<p>Hor\u00e1rios de monitores:\u00a0<a href=\"https:\/\/wp.ufpel.edu.br\/marceloschramm\/files\/2017\/06\/1.pdf\">1<\/a><\/p>\n","protected":false},"excerpt":{"rendered":"<p>Hor\u00e1rios de monitores:\u00a01<\/p>\n","protected":false},"author":679,"featured_media":0,"parent":0,"menu_order":0,"comment_status":"closed","ping_status":"closed","template":"","meta":{"footnotes":""},"class_list":["post-183","page","type-page","status-publish","hentry"],"_links":{"self":[{"href":"https:\/\/wp.ufpel.edu.br\/marceloschramm\/wp-json\/wp\/v2\/pages\/183","targetHints":{"allow":["GET"]}}],"collection":[{"href":"https:\/\/wp.ufpel.edu.br\/marceloschramm\/wp-json\/wp\/v2\/pages"}],"about":[{"href":"https:\/\/wp.ufpel.edu.br\/marceloschramm\/wp-json\/wp\/v2\/types\/page"}],"author":[{"embeddable":true,"href":"https:\/\/wp.ufpel.edu.br\/marceloschramm\/wp-json\/wp\/v2\/users\/679"}],"replies":[{"embeddable":true,"href":"https:\/\/wp.ufpel.edu.br\/marceloschramm\/wp-json\/wp\/v2\/comments?post=183"}],"version-history":[{"count":4,"href":"https:\/\/wp.ufpel.edu.br\/marceloschramm\/wp-json\/wp\/v2\/pages\/183\/revisions"}],"predecessor-version":[{"id":194,"href":"https:\/\/wp.ufpel.edu.br\/marceloschramm\/wp-json\/wp\/v2\/pages\/183\/revisions\/194"}],"wp:attachment":[{"href":"https:\/\/wp.ufpel.edu.br\/marceloschramm\/wp-json\/wp\/v2\/media?parent=183"}],"curies":[{"name":"wp","href":"https:\/\/api.w.org\/{rel}","templated":true}]}}