{"id":16,"date":"2016-08-24T19:32:32","date_gmt":"2016-08-24T22:32:32","guid":{"rendered":"https:\/\/wp.ufpel.edu.br\/marceloschramm\/?page_id=16"},"modified":"2017-06-13T08:44:25","modified_gmt":"2017-06-13T11:44:25","slug":"equacoes-diferenciais-a","status":"publish","type":"page","link":"https:\/\/wp.ufpel.edu.br\/marceloschramm\/equacoes-diferenciais-a\/","title":{"rendered":"Equa\u00e7\u00f5es Diferenciais A"},"content":{"rendered":"<p>P\u00e1gina sobre a disciplina Equa\u00e7\u00f5es Diferenciais A (1640021).<\/p>\n<p>Lista 1 \u00e1rea 1: Revis\u00e3o.\u00a0<a href=\"https:\/\/wp.ufpel.edu.br\/marceloschramm\/files\/2016\/08\/EDAArea1Lista1.pdf\">EDAArea1Lista1<\/a><\/p>\n<p>Lista 2 \u00e1rea 1: Introdu\u00e7\u00e3o e equa\u00e7\u00f5es separ\u00e1veis.\u00a0<a href=\"https:\/\/wp.ufpel.edu.br\/marceloschramm\/files\/2016\/08\/EDAArea1Lista2.pdf\">EDAArea1Lista2<\/a><\/p>\n<p>Lista 3 \u00e1rea 1: Equa\u00e7\u00f5es lineares e exatas.\u00a0<a href=\"https:\/\/wp.ufpel.edu.br\/marceloschramm\/files\/2016\/08\/EDAArea1Lista3.pdf\">EDAArea1Lista3<\/a><\/p>\n<p>Lista 4 \u00e1rea 1: Transforma\u00e7\u00e3o de vari\u00e1veis, modelagem com EDO1.\u00a0<a href=\"https:\/\/wp.ufpel.edu.br\/marceloschramm\/files\/2016\/08\/EDAArea1Lista4.pdf\">EDAArea1Lista4<\/a><\/p>\n<p>Lista 5 \u00e1rea 1: EDO2HCC, ra\u00edzes distintas da eq caracter\u00edstica.\u00a0<a href=\"https:\/\/wp.ufpel.edu.br\/marceloschramm\/files\/2016\/08\/EDAArea1Lista5.pdf\">EDAArea1Lista5<\/a><\/p>\n<p>Lista 6 \u00e1rea 1: EDO2NHCC, m\u00e9todo dos coeficientes a determinar.\u00a0<a href=\"https:\/\/wp.ufpel.edu.br\/marceloschramm\/files\/2016\/08\/EDAArea1Lista6.pdf\">EDAArea1Lista6<\/a><\/p>\n<p>Lista 7 \u00e1rea 1: EDO2NHCC, varia\u00e7\u00e3o de par\u00e2metros.\u00a0<a href=\"https:\/\/wp.ufpel.edu.br\/marceloschramm\/files\/2016\/08\/EDAArea1Lista7.pdf\">EDAArea1Lista7<\/a><\/p>\n","protected":false},"excerpt":{"rendered":"<p>P\u00e1gina sobre a disciplina Equa\u00e7\u00f5es Diferenciais A (1640021). Lista 1 \u00e1rea 1: Revis\u00e3o.\u00a0EDAArea1Lista1 Lista 2 \u00e1rea 1: Introdu\u00e7\u00e3o e equa\u00e7\u00f5es separ\u00e1veis.\u00a0EDAArea1Lista2 Lista 3 \u00e1rea 1: Equa\u00e7\u00f5es lineares e exatas.\u00a0EDAArea1Lista3 Lista 4 \u00e1rea 1: Transforma\u00e7\u00e3o de vari\u00e1veis, modelagem com EDO1.\u00a0EDAArea1Lista4 Lista &hellip; <a href=\"https:\/\/wp.ufpel.edu.br\/marceloschramm\/equacoes-diferenciais-a\/\">Continue lendo <span class=\"meta-nav\">&rarr;<\/span><\/a><\/p>\n","protected":false},"author":679,"featured_media":0,"parent":0,"menu_order":0,"comment_status":"closed","ping_status":"closed","template":"","meta":{"footnotes":""},"class_list":["post-16","page","type-page","status-publish","hentry"],"_links":{"self":[{"href":"https:\/\/wp.ufpel.edu.br\/marceloschramm\/wp-json\/wp\/v2\/pages\/16","targetHints":{"allow":["GET"]}}],"collection":[{"href":"https:\/\/wp.ufpel.edu.br\/marceloschramm\/wp-json\/wp\/v2\/pages"}],"about":[{"href":"https:\/\/wp.ufpel.edu.br\/marceloschramm\/wp-json\/wp\/v2\/types\/page"}],"author":[{"embeddable":true,"href":"https:\/\/wp.ufpel.edu.br\/marceloschramm\/wp-json\/wp\/v2\/users\/679"}],"replies":[{"embeddable":true,"href":"https:\/\/wp.ufpel.edu.br\/marceloschramm\/wp-json\/wp\/v2\/comments?post=16"}],"version-history":[{"count":25,"href":"https:\/\/wp.ufpel.edu.br\/marceloschramm\/wp-json\/wp\/v2\/pages\/16\/revisions"}],"predecessor-version":[{"id":182,"href":"https:\/\/wp.ufpel.edu.br\/marceloschramm\/wp-json\/wp\/v2\/pages\/16\/revisions\/182"}],"wp:attachment":[{"href":"https:\/\/wp.ufpel.edu.br\/marceloschramm\/wp-json\/wp\/v2\/media?parent=16"}],"curies":[{"name":"wp","href":"https:\/\/api.w.org\/{rel}","templated":true}]}}