{"id":138,"date":"2017-04-28T14:57:34","date_gmt":"2017-04-28T17:57:34","guid":{"rendered":"https:\/\/wp.ufpel.edu.br\/marceloschramm\/?page_id=138"},"modified":"2017-06-13T08:42:43","modified_gmt":"2017-06-13T11:42:43","slug":"calculo-a","status":"publish","type":"page","link":"https:\/\/wp.ufpel.edu.br\/marceloschramm\/calculo-a\/","title":{"rendered":"C\u00e1lculo A"},"content":{"rendered":"<p>P\u00e1gina sobre a disciplina C\u00e1lculo A (1640014).<\/p>\n<p>Lista 1 \u00e1rea 1: Revis\u00e3o.\u00a0<a href=\"https:\/\/wp.ufpel.edu.br\/marceloschramm\/files\/2017\/04\/CALista1Area1.pdf\">CALista1Area1<\/a><\/p>\n<p>Lista 2 \u00e1rea 1: Limites.\u00a0<a href=\"https:\/\/wp.ufpel.edu.br\/marceloschramm\/files\/2017\/04\/CAArea1Lista2.pdf\">CAArea1Lista2<\/a><\/p>\n<p>Lista 3 \u00e1rea 1: Derivadas e diferenciabilidade, derivadas de pot\u00eancias inteiras, regras da cadeia, produto e quociente.\u00a0<a href=\"https:\/\/wp.ufpel.edu.br\/marceloschramm\/files\/2017\/04\/CAArea1Lista3.pdf\">CAArea1Lista3<\/a><\/p>\n<p>Lista 4 \u00e1rea 1: Derivadas de fun\u00e7\u00f5es diversas, deriva\u00e7\u00e3o impl\u00edcita.\u00a0<a href=\"https:\/\/wp.ufpel.edu.br\/marceloschramm\/files\/2017\/04\/CAArea1Lista4.pdf\">CAArea1Lista4<\/a><\/p>\n<p>Lista 5 \u00e1rea 1: Formas indeterminadas, crescimento e concavidade de fun\u00e7\u00f5es.\u00a0<a href=\"https:\/\/wp.ufpel.edu.br\/marceloschramm\/files\/2017\/04\/CAArea1Lista5.pdf\">CAArea1Lista5<\/a><\/p>\n<p>Lista 6 \u00e1rea 1: Extremos absolutos e relativos.\u00a0<a href=\"https:\/\/wp.ufpel.edu.br\/marceloschramm\/files\/2017\/04\/CAArea1Lista6.pdf\">CAArea1Lista6<\/a><\/p>\n","protected":false},"excerpt":{"rendered":"<p>P\u00e1gina sobre a disciplina C\u00e1lculo A (1640014). Lista 1 \u00e1rea 1: Revis\u00e3o.\u00a0CALista1Area1 Lista 2 \u00e1rea 1: Limites.\u00a0CAArea1Lista2 Lista 3 \u00e1rea 1: Derivadas e diferenciabilidade, derivadas de pot\u00eancias inteiras, regras da cadeia, produto e quociente.\u00a0CAArea1Lista3 Lista 4 \u00e1rea 1: Derivadas de &hellip; <a href=\"https:\/\/wp.ufpel.edu.br\/marceloschramm\/calculo-a\/\">Continue lendo <span class=\"meta-nav\">&rarr;<\/span><\/a><\/p>\n","protected":false},"author":679,"featured_media":0,"parent":0,"menu_order":0,"comment_status":"closed","ping_status":"closed","template":"","meta":{"footnotes":""},"class_list":["post-138","page","type-page","status-publish","hentry"],"_links":{"self":[{"href":"https:\/\/wp.ufpel.edu.br\/marceloschramm\/wp-json\/wp\/v2\/pages\/138","targetHints":{"allow":["GET"]}}],"collection":[{"href":"https:\/\/wp.ufpel.edu.br\/marceloschramm\/wp-json\/wp\/v2\/pages"}],"about":[{"href":"https:\/\/wp.ufpel.edu.br\/marceloschramm\/wp-json\/wp\/v2\/types\/page"}],"author":[{"embeddable":true,"href":"https:\/\/wp.ufpel.edu.br\/marceloschramm\/wp-json\/wp\/v2\/users\/679"}],"replies":[{"embeddable":true,"href":"https:\/\/wp.ufpel.edu.br\/marceloschramm\/wp-json\/wp\/v2\/comments?post=138"}],"version-history":[{"count":9,"href":"https:\/\/wp.ufpel.edu.br\/marceloschramm\/wp-json\/wp\/v2\/pages\/138\/revisions"}],"predecessor-version":[{"id":180,"href":"https:\/\/wp.ufpel.edu.br\/marceloschramm\/wp-json\/wp\/v2\/pages\/138\/revisions\/180"}],"wp:attachment":[{"href":"https:\/\/wp.ufpel.edu.br\/marceloschramm\/wp-json\/wp\/v2\/media?parent=138"}],"curies":[{"name":"wp","href":"https:\/\/api.w.org\/{rel}","templated":true}]}}