{"id":8,"date":"2009-05-30T19:08:21","date_gmt":"2009-05-30T22:08:21","guid":{"rendered":"https:\/\/wp.ufpel.edu.br\/maratona\/?page_id=8"},"modified":"2010-07-12T09:22:08","modified_gmt":"2010-07-12T12:22:08","slug":"sobre-a-maratona-de-programacao","status":"publish","type":"page","link":"https:\/\/wp.ufpel.edu.br\/maratona\/sobre-a-maratona-de-programacao\/","title":{"rendered":"A Maratona de Programa\u00e7\u00e3o"},"content":{"rendered":"<p>A Maratona de Programa\u00e7\u00e3o \u00e9 um evento anual promovido nacionalmente pela <a href=\"http:\/\/www.sbc.org.br\">Sociedade Brasileira de Computa\u00e7\u00e3o<\/a> (SBC) como seletiva para a <a title=\"International Collegiate Programming Challenge\" href=\"http:\/\/cm2prod.baylor.edu\/welcome.icpc\"><em>International Collegiate Programming Challenge<\/em><\/a>, evento internacional promovido pela <a title=\"ACM\" href=\"http:\/\/www.acm.org\">Association for Computing Machinery<\/a> (ACM). Nestes eventos, times competem para solucionar problemas utilizando programa\u00e7\u00e3o de computadores.<\/p>\n<p>Cada time \u00e9 composto de tr\u00eas estudantes de gradua\u00e7\u00e3o ou p\u00f3s-gradua\u00e7\u00e3o que dividem a utiliza\u00e7\u00e3o de um \u00fanico computador para solucionar os problemas propostos na competi\u00e7\u00e3o. Os times devem solucionar o maior n\u00famero de problemas no menor tempo poss\u00edvel e com o menor n\u00famero de erros.<\/p>\n<p>Os problemas exigem solu\u00e7\u00f5es criativas, demandando racioc\u00ednio l\u00f3gico e conhecimentos em diversas \u00e1reas relativas a programa\u00e7\u00e3o de computadores, tais como linguagens de programa\u00e7\u00e3o, estruturas de dados, an\u00e1lise de complexidade de algoritmos, bem como conhecimentos gerais de matem\u00e1tica. As linguagens de programa\u00e7\u00e3o tipicamente permitidas durante estas competi\u00e7\u00f5es s\u00e3o C, C++, Java e Pascal. Para cada problema proposto, o time deve submeter uma solu\u00e7\u00e3o na forma de c\u00f3digo em uma das linguagens permitidas. Os ju\u00edzes ent\u00e3o julgar\u00e3o o c\u00f3digo, verificando se ele de fato soluciona o problema. Se o c\u00f3digo mostrar-se correto, ao time \u00e9 creditada a solu\u00e7\u00e3o do problema; caso contr\u00e1rio, o time \u00e9 penalizado, perdendo pontos, mas podendo fazer nova submiss\u00e3o para o mesmo problema.<\/p>\n<p>O time vencedor \u00e9 aquele que soluciona o maior n\u00famero de problemas. Havendo mais de um time com o mesmo n\u00famero de problemas resolvidos, a vit\u00f3ria \u00e9 dada aquele time que apresentou as solu\u00e7\u00f5es no menor tempo e que teve o menor n\u00famero de penaliza\u00e7\u00f5es.<\/p>\n<p>Mais informa\u00e7\u00f5es:<\/p>\n<ul>\n<li><a href=\"http:\/\/maratona.ime.usp.br\/\">Site oficial da Maratona de Programa\u00e7\u00e3o<\/a><\/li>\n<li><a href=\"http:\/\/cm2prod.baylor.edu\/welcome.icpc\">Site do ACM ICPC<\/a><\/li>\n<\/ul>\n","protected":false},"excerpt":{"rendered":"<p>A Maratona de Programa\u00e7\u00e3o \u00e9 um evento anual promovido nacionalmente pela Sociedade Brasileira de Computa\u00e7\u00e3o (SBC) como seletiva para a International Collegiate Programming Challenge, evento internacional promovido pela Association for Computing Machinery (ACM). Nestes eventos, times competem para solucionar problemas utilizando programa\u00e7\u00e3o de computadores. Cada time \u00e9 composto de tr\u00eas estudantes de gradua\u00e7\u00e3o ou p\u00f3s-gradua\u00e7\u00e3o [&hellip;]<\/p>\n","protected":false},"author":17,"featured_media":0,"parent":0,"menu_order":3,"comment_status":"closed","ping_status":"open","template":"","meta":{"footnotes":""},"class_list":["post-8","page","type-page","status-publish","hentry"],"_links":{"self":[{"href":"https:\/\/wp.ufpel.edu.br\/maratona\/wp-json\/wp\/v2\/pages\/8","targetHints":{"allow":["GET"]}}],"collection":[{"href":"https:\/\/wp.ufpel.edu.br\/maratona\/wp-json\/wp\/v2\/pages"}],"about":[{"href":"https:\/\/wp.ufpel.edu.br\/maratona\/wp-json\/wp\/v2\/types\/page"}],"author":[{"embeddable":true,"href":"https:\/\/wp.ufpel.edu.br\/maratona\/wp-json\/wp\/v2\/users\/17"}],"replies":[{"embeddable":true,"href":"https:\/\/wp.ufpel.edu.br\/maratona\/wp-json\/wp\/v2\/comments?post=8"}],"version-history":[{"count":6,"href":"https:\/\/wp.ufpel.edu.br\/maratona\/wp-json\/wp\/v2\/pages\/8\/revisions"}],"predecessor-version":[{"id":61,"href":"https:\/\/wp.ufpel.edu.br\/maratona\/wp-json\/wp\/v2\/pages\/8\/revisions\/61"}],"wp:attachment":[{"href":"https:\/\/wp.ufpel.edu.br\/maratona\/wp-json\/wp\/v2\/media?parent=8"}],"curies":[{"name":"wp","href":"https:\/\/api.w.org\/{rel}","templated":true}]}}