{"id":42,"date":"2010-07-12T08:19:54","date_gmt":"2010-07-12T11:19:54","guid":{"rendered":"https:\/\/wp.ufpel.edu.br\/maratona\/?page_id=42"},"modified":"2012-08-15T20:50:32","modified_gmt":"2012-08-15T23:50:32","slug":"como-chegar","status":"publish","type":"page","link":"https:\/\/wp.ufpel.edu.br\/maratona\/como-chegar\/","title":{"rendered":"Localiza\u00e7\u00e3o e hospedagem"},"content":{"rendered":"<p>A etapa regional na <a href=\"http:\/\/www.ufpel.edu.br\">UFPel <\/a>ocorrer\u00e1 nos laborat\u00f3rios da <a href=\"http:\/\/inf.ufpel.edu.br\">Computa\u00e7\u00e3o-CDTec<\/a>, no <strong>quarto andar do Campus Porto da UFPel<\/strong>.<\/p>\n<ul>\n<li><a href=\"http:\/\/goo.gl\/maps\/MYwK9\">Localiza\u00e7\u00e3o no Google Maps<\/a><\/li>\n<\/ul>\n<h3>Mais informa\u00e7\u00f5es<\/h3>\n<ul>\n<li><a href=\"http:\/\/www.pelotas.com.br\/politica_desenv_economico\/ste\/geral\/listagem.php?form_tipo_empreendimento=hospedagem&amp;form_filtro=hotel\">Lista de hot\u00e9is em Pelotas<\/a> (recomenda\u00e7\u00f5es: Hot\u00e9is Curi e Manta)<\/li>\n<li><a href=\"http:\/\/www.rodoviariapelotas.com.br\/\">Rodovi\u00e1ria de Pelotas<\/a><\/li>\n<\/ul>\n","protected":false},"excerpt":{"rendered":"<p>A etapa regional na UFPel ocorrer\u00e1 nos laborat\u00f3rios da Computa\u00e7\u00e3o-CDTec, no quarto andar do Campus Porto da UFPel. Localiza\u00e7\u00e3o no Google Maps Mais informa\u00e7\u00f5es Lista de hot\u00e9is em Pelotas (recomenda\u00e7\u00f5es: Hot\u00e9is Curi e Manta) Rodovi\u00e1ria de Pelotas<\/p>\n","protected":false},"author":17,"featured_media":0,"parent":0,"menu_order":2,"comment_status":"closed","ping_status":"open","template":"","meta":{"footnotes":""},"class_list":["post-42","page","type-page","status-publish","hentry"],"_links":{"self":[{"href":"https:\/\/wp.ufpel.edu.br\/maratona\/wp-json\/wp\/v2\/pages\/42","targetHints":{"allow":["GET"]}}],"collection":[{"href":"https:\/\/wp.ufpel.edu.br\/maratona\/wp-json\/wp\/v2\/pages"}],"about":[{"href":"https:\/\/wp.ufpel.edu.br\/maratona\/wp-json\/wp\/v2\/types\/page"}],"author":[{"embeddable":true,"href":"https:\/\/wp.ufpel.edu.br\/maratona\/wp-json\/wp\/v2\/users\/17"}],"replies":[{"embeddable":true,"href":"https:\/\/wp.ufpel.edu.br\/maratona\/wp-json\/wp\/v2\/comments?post=42"}],"version-history":[{"count":12,"href":"https:\/\/wp.ufpel.edu.br\/maratona\/wp-json\/wp\/v2\/pages\/42\/revisions"}],"predecessor-version":[{"id":95,"href":"https:\/\/wp.ufpel.edu.br\/maratona\/wp-json\/wp\/v2\/pages\/42\/revisions\/95"}],"wp:attachment":[{"href":"https:\/\/wp.ufpel.edu.br\/maratona\/wp-json\/wp\/v2\/media?parent=42"}],"curies":[{"name":"wp","href":"https:\/\/api.w.org\/{rel}","templated":true}]}}