{"id":2,"date":"2009-05-29T14:03:13","date_gmt":"2009-05-29T17:03:13","guid":{"rendered":""},"modified":"2014-05-23T15:12:31","modified_gmt":"2014-05-23T18:12:31","slug":"sobre","status":"publish","type":"page","link":"https:\/\/wp.ufpel.edu.br\/maratona\/sobre\/","title":{"rendered":"Informa\u00e7\u00f5es gerais e atualiza\u00e7\u00f5es"},"content":{"rendered":"<h3>Maratona de Programa\u00e7\u00e3o 2012<\/h3>\n<p>A etapa regional da Maratona de Programa\u00e7\u00e3o 2012 ocorreu na UFPel, no Campus Porto.<\/p>\n<h3>Maratona de Programa\u00e7\u00e3o 2011<\/h3>\n<p>A etapa regional da Maratona de Programa\u00e7\u00e3o 2011 ocorreu \u00a0na FURG, em Rio Grande, no dia 17 de Setembro de 2011. Na UFPel, a disciplina <strong>Projetos em Computa\u00e7\u00e3o 2: Desafios em Programa\u00e7\u00e3o<\/strong>\u00a0reuniu alunos interessados em participar.<\/p>\n<h3>Maratona de Programa\u00e7\u00e3o 2010<\/h3>\n<div id=\"attachment_81\" style=\"width: 310px\" class=\"wp-caption alignnone\"><a href=\"https:\/\/wp.ufpel.edu.br\/maratona\/files\/2009\/05\/Screen-shot-2010-09-19-at-12.35.03-PM.png\"><img loading=\"lazy\" decoding=\"async\" aria-describedby=\"caption-attachment-81\" class=\"size-medium wp-image-81  \" src=\"https:\/\/wp.ufpel.edu.br\/maratona\/files\/2009\/05\/Screen-shot-2010-09-19-at-12.35.03-PM-300x184.png\" alt=\"Resultados da Maratona 2010 na UFPel\" width=\"300\" height=\"184\" srcset=\"https:\/\/wp.ufpel.edu.br\/maratona\/files\/2009\/05\/Screen-shot-2010-09-19-at-12.35.03-PM-300x184.png 300w, https:\/\/wp.ufpel.edu.br\/maratona\/files\/2009\/05\/Screen-shot-2010-09-19-at-12.35.03-PM.png 741w\" sizes=\"auto, (max-width: 300px) 100vw, 300px\" \/><\/a><p id=\"caption-attachment-81\" class=\"wp-caption-text\">Resultados da Maratona 2010 na UFPel (clique para ver maior)<\/p><\/div>\n<p><strong>Fotos da Sede (UFPel 2010)<\/strong><\/p>\n<table style=\"width: 194px\">\n<tbody>\n<tr>\n<td align=\"center\"><a href=\"http:\/\/picasaweb.google.com\/ricardo.araujo\/MaratonaDeProgramacao2010?authkey=Gv1sRgCKKsgcLT_JDoMQ&amp;feat=embedwebsite\"><img loading=\"lazy\" decoding=\"async\" style=\"margin: 1px 0 0 4px\" src=\"http:\/\/lh4.ggpht.com\/_8c9m4Ah3eIc\/TJYCP-_3iOE\/AAAAAAABIW0\/_oYTRxRo_bQ\/s160-c\/MaratonaDeProgramacao2010.jpg\" alt=\"\" width=\"160\" height=\"160\" \/><\/a><\/td>\n<\/tr>\n<tr>\n<td style=\"text-align: center;font-family: arial,sans-serif;font-size: 11px\"><a href=\"http:\/\/picasaweb.google.com\/ricardo.araujo\/MaratonaDeProgramacao2010?authkey=Gv1sRgCKKsgcLT_JDoMQ&amp;feat=embedwebsite\">Maratona de Programa\u00e7\u00e3o 2010<\/a><\/td>\n<\/tr>\n<\/tbody>\n<\/table>\n<h3><\/h3>\n<p>&nbsp;<\/p>\n","protected":false},"excerpt":{"rendered":"<p>Maratona de Programa\u00e7\u00e3o 2012 A etapa regional da Maratona de Programa\u00e7\u00e3o 2012 ocorreu na UFPel, no Campus Porto. Maratona de Programa\u00e7\u00e3o 2011 A etapa regional da Maratona de Programa\u00e7\u00e3o 2011 ocorreu \u00a0na FURG, em Rio Grande, no dia 17 de Setembro de 2011. Na UFPel, a disciplina Projetos em Computa\u00e7\u00e3o 2: Desafios em Programa\u00e7\u00e3o\u00a0reuniu alunos [&hellip;]<\/p>\n","protected":false},"author":1,"featured_media":0,"parent":0,"menu_order":1,"comment_status":"open","ping_status":"open","template":"","meta":{"footnotes":""},"class_list":["post-2","page","type-page","status-publish","hentry"],"_links":{"self":[{"href":"https:\/\/wp.ufpel.edu.br\/maratona\/wp-json\/wp\/v2\/pages\/2","targetHints":{"allow":["GET"]}}],"collection":[{"href":"https:\/\/wp.ufpel.edu.br\/maratona\/wp-json\/wp\/v2\/pages"}],"about":[{"href":"https:\/\/wp.ufpel.edu.br\/maratona\/wp-json\/wp\/v2\/types\/page"}],"author":[{"embeddable":true,"href":"https:\/\/wp.ufpel.edu.br\/maratona\/wp-json\/wp\/v2\/users\/1"}],"replies":[{"embeddable":true,"href":"https:\/\/wp.ufpel.edu.br\/maratona\/wp-json\/wp\/v2\/comments?post=2"}],"version-history":[{"count":40,"href":"https:\/\/wp.ufpel.edu.br\/maratona\/wp-json\/wp\/v2\/pages\/2\/revisions"}],"predecessor-version":[{"id":112,"href":"https:\/\/wp.ufpel.edu.br\/maratona\/wp-json\/wp\/v2\/pages\/2\/revisions\/112"}],"wp:attachment":[{"href":"https:\/\/wp.ufpel.edu.br\/maratona\/wp-json\/wp\/v2\/media?parent=2"}],"curies":[{"name":"wp","href":"https:\/\/api.w.org\/{rel}","templated":true}]}}