{"id":10,"date":"2009-05-30T19:10:22","date_gmt":"2009-05-30T22:10:22","guid":{"rendered":"https:\/\/wp.ufpel.edu.br\/maratona\/?page_id=10"},"modified":"2013-06-03T10:02:52","modified_gmt":"2013-06-03T13:02:52","slug":"historico-da-maratona-na-ufpel","status":"publish","type":"page","link":"https:\/\/wp.ufpel.edu.br\/maratona\/historico-da-maratona-na-ufpel\/","title":{"rendered":"Hist\u00f3rico da Maratona na UFPel"},"content":{"rendered":"<p>A <a href=\"http:\/\/www.ufpel.edu.br\">Universidade Federal de Pelota<\/a>s (UFPel) conta com dois cursos na <a href=\"http:\/\/inf.ufpel.edu.br\">\u00e1rea de computa\u00e7\u00e3o<\/a>. O Curso de Ci\u00eancia da Computa\u00e7\u00e3o teve in\u00edcio em 1994 e oferece 90 vagas anuais. O curso de Engenharia de Computa\u00e7\u00e3o teve in\u00edcio em 2010, com foco diferenciado em sistemas digitais e desenvolvimento de hardware, oferecendo 40 vagas anuais.<\/p>\n<p>A participa\u00e7\u00e3o da UFPel na Maratona de Programa\u00e7\u00e3o teve in\u00edcio em 2002, onde um time de estudantes do curso de Ci\u00eancia da Computa\u00e7\u00e3o participou do evento, sob supervis\u00e3o do Prof. Gil Medeiros. Ap\u00f3s um per\u00eddo de inatividade, em 2008 um novo grupo foi formado para buscar e incentivar estudantes interessados, organizar treinos e garantir a participa\u00e7\u00e3o da UFPel no evento. Em 2010 e 2012 a UFPel sediou etapa regional da Maratona de Programa\u00e7\u00e3o, com apoio local do Facebook. Em 2013, sediar\u00e1 novamente.<\/p>\n<h3>Hist\u00f3rico de times na UFPel<\/h3>\n<h3>2012<\/h3>\n<p style=\"padding-left: 30px\"><strong>DOS \u2013 Debuggers of Sparta<\/strong><br \/>\nLucas Agostini<br \/>\nGuilherme Manske<br \/>\nVinicius Furlan<\/p>\n<p style=\"padding-left: 30px\"><strong>Quicksorte<\/strong><br \/>\nGustavo Sanchez<br \/>\nVinicius Possani<br \/>\nAndrws Vieira<br \/>\nRicardo Ladeira (reserva)<\/p>\n<p style=\"padding-left: 30px\"><strong>Undefined<\/strong><br \/>\nGustavo Gra\u00f1a<br \/>\nRafael Le\u00e3o<br \/>\nAlan Schlindvein<\/p>\n<p style=\"padding-left: 30px\"><strong>Anonymous<\/strong><br \/>\nFelipe Teixeira<br \/>\nAnderson Avila<br \/>\nIsrael Barbar\u00e1<\/p>\n<p style=\"padding-left: 30px\"><strong>sudochmod777<\/strong><br \/>\nMarlon Dias<br \/>\nGlauco Roberto Munsberg<br \/>\nMurilo Schmalfuss<\/p>\n<p style=\"padding-left: 30px\"><strong>Estou com sort<\/strong><br \/>\nLucas Xavier<br \/>\n\u00cdtalo Machado<br \/>\nThainan Remboski<br \/>\nWilliam Dalmorra de Souza (reserva)<\/p>\n<p style=\"padding-left: 30px\"><strong>Two and a Half Men<\/strong><br \/>\nGabriel Siedler<br \/>\nPamela Gnutzmann<br \/>\nMateus Thurow<\/p>\n<p style=\"padding-left: 30px\"><strong>Rocket<\/strong><br \/>\nLuis Henrique Martins<br \/>\nRaphael Santana<br \/>\nLucas Cavalini<\/p>\n<p style=\"padding-left: 30px\"><strong>Mustache<\/strong><br \/>\nEric Timm<br \/>\nVitor Alano<br \/>\nGabriel Cardoso<br \/>\nBruno Baneiro Hecktheuer (reserva)<\/p>\n<p style=\"padding-left: 30px\"><strong>Untitled<\/strong><br \/>\n\u00c9rico Alves Grehs<br \/>\nVictor Renan Covalski<br \/>\nAnderson Vasques da Rosa<\/p>\n<h3>2010<\/h3>\n<p style=\"padding-left: 30px\"><strong>Time: Habbo<\/strong><br \/>\nDavi Decker Reinke<br \/>\nGustavo Gra\u00f1a Gomes da Silva<br \/>\nWilliam R\u00e9gis Dias<br \/>\nBruno da Silveira Moura (reserva)<\/p>\n<p style=\"padding-left: 30px\"><strong>Time: GPD-AD<\/strong><br \/>\nC\u00edcero Augusto de Souza Camargo<br \/>\nLucas Dutra Fonseca<br \/>\nDouglas Eduardo Rosa<\/p>\n<p style=\"padding-left: 30px\"><strong>Time: Zaize<\/strong><br \/>\nRafael Sachett Medeiros<br \/>\nRafael de Le\u00e3o Bandeira<br \/>\nTain\u00e3 Caetano Coimbra<\/p>\n<p style=\"padding-left: 30px\"><strong>Time: VHDL Programmers<\/strong><br \/>\nFelipe Martin Sampaio<br \/>\nDaniel Vilchez Palomino<br \/>\nGustavo Freitas Sanchez<\/p>\n<h3 style=\"padding-left: 30px\">Resultados 2010<\/h3>\n<div style=\"padding-left: 30px\">\n<dl>\n<dt><a href=\"https:\/\/wp.ufpel.edu.br\/maratona\/files\/2009\/05\/Screen-shot-2010-09-19-at-12.35.03-PM.png\"><img loading=\"lazy\" decoding=\"async\" alt=\"Resultados da Maratona 2010 na UFPel\" src=\"https:\/\/wp.ufpel.edu.br\/maratona\/files\/2009\/05\/Screen-shot-2010-09-19-at-12.35.03-PM-300x184.png\" width=\"300\" height=\"184\" \/><\/a><\/dt>\n<\/dl>\n<\/div>\n<p style=\"padding-left: 30px\"><strong>Fotos da Sede (UFPel 2010)<\/strong><\/p>\n<table style=\"padding-left: 30px\">\n<tbody>\n<tr>\n<td align=\"center\"><a href=\"http:\/\/picasaweb.google.com\/ricardo.araujo\/MaratonaDeProgramacao2010?authkey=Gv1sRgCKKsgcLT_JDoMQ&amp;feat=embedwebsite\"><img loading=\"lazy\" decoding=\"async\" alt=\"\" src=\"http:\/\/lh4.ggpht.com\/_8c9m4Ah3eIc\/TJYCP-_3iOE\/AAAAAAABIW0\/_oYTRxRo_bQ\/s160-c\/MaratonaDeProgramacao2010.jpg\" width=\"160\" height=\"160\" \/><\/a><\/td>\n<\/tr>\n<tr>\n<td><\/td>\n<\/tr>\n<\/tbody>\n<\/table>\n<p><strong>2009<\/strong><\/p>\n<p style=\"padding-left: 30px\"><strong>Time: Habbo<br \/>\n<span style=\"font-weight: normal\">Davi Decker Reinke<br \/>\nGustavo Gra\u00f1a Gomes da Silva<br \/>\nWilliam R\u00e9gis Dias<br \/>\nBruno da Silveira Moura (reserva)<\/span><\/strong><\/p>\n<p style=\"padding-left: 30px\"><strong>Time: Moonwalkers<br \/>\n<span style=\"font-weight: normal\">Lucas Dutra Fonseca<br \/>\nC\u00edcero Augusto de Souza Camargo<br \/>\nDouglas Eduardo Rosa<br \/>\nAlan Schlindvein de Araujo (reserva)<\/span><\/strong><\/p>\n<p style=\"padding-left: 30px\"><strong>Time: Os Tres Patetas<br \/>\n<span style=\"font-weight: normal\">Tain\u00e3 Caetano Coimbra<br \/>\nRafael Sachett Medeiros<br \/>\nRafael de Le\u00e3o Bandeira<\/span><\/strong><\/p>\n<p style=\"padding-left: 30px\"><strong>Time: VHDL Programmers<br \/>\n<span style=\"font-weight: normal\">Felipe Martin Sampaio<br \/>\nDaniel Vilchez Palomino<br \/>\nRobson Sejanes Soares Dornelles<br \/>\nMateus Grellera da Silva (reserva)<\/span><\/strong><\/p>\n<h3>2008<\/h3>\n<p style=\"padding-left: 30px\"><strong>Time: UFPel Startup<\/strong><br \/>\nTreinador: Ricardo Araujo<br \/>\nFilipe Giusti<br \/>\nRobson Dornelles<br \/>\nFelipe Sampaio<br \/>\nC\u00edcero Camargo (reserva)<\/p>\n<p style=\"padding-left: 30px\"><strong>Time: void *ufpel<\/strong><br \/>\nTreinador: Ricardo Araujo<br \/>\nAdriano Bonat<br \/>\nDaniel Palomino<br \/>\nElvio Vi\u00e7osa<br \/>\nLucas Fonseca (reserva)<\/p>\n<h3 style=\"font-size: 1.17em\">2002<\/h3>\n<p style=\"padding-left: 30px\"><strong>Time: Maragatos<\/strong><br \/>\nTreinador: Gil Medeiros<br \/>\nAdriel Mota Ziesemer J\u00fanior<br \/>\nGl\u00e9derson Lessa dos Santos<br \/>\nMoser Silva Fagundes<br \/>\nEduardo Corr\u00eaa da Silva Antunez (reserva)<\/p>\n<p style=\"padding-left: 30px\"><strong>Time: Tch\u00ea<\/strong><br \/>\nTreinador: Gil Medeiros<br \/>\nM\u00e1rio Jos\u00e9 Wetzel Cedrez<br \/>\nNatan Bueno Ungethuem<br \/>\nRafael Vergara Borges<\/p>\n","protected":false},"excerpt":{"rendered":"<p>A Universidade Federal de Pelotas (UFPel) conta com dois cursos na \u00e1rea de computa\u00e7\u00e3o. O Curso de Ci\u00eancia da Computa\u00e7\u00e3o teve in\u00edcio em 1994 e oferece 90 vagas anuais. O curso de Engenharia de Computa\u00e7\u00e3o teve in\u00edcio em 2010, com foco diferenciado em sistemas digitais e desenvolvimento de hardware, oferecendo 40 vagas anuais. A participa\u00e7\u00e3o [&hellip;]<\/p>\n","protected":false},"author":17,"featured_media":0,"parent":0,"menu_order":4,"comment_status":"closed","ping_status":"open","template":"","meta":{"footnotes":""},"class_list":["post-10","page","type-page","status-publish","hentry"],"_links":{"self":[{"href":"https:\/\/wp.ufpel.edu.br\/maratona\/wp-json\/wp\/v2\/pages\/10","targetHints":{"allow":["GET"]}}],"collection":[{"href":"https:\/\/wp.ufpel.edu.br\/maratona\/wp-json\/wp\/v2\/pages"}],"about":[{"href":"https:\/\/wp.ufpel.edu.br\/maratona\/wp-json\/wp\/v2\/types\/page"}],"author":[{"embeddable":true,"href":"https:\/\/wp.ufpel.edu.br\/maratona\/wp-json\/wp\/v2\/users\/17"}],"replies":[{"embeddable":true,"href":"https:\/\/wp.ufpel.edu.br\/maratona\/wp-json\/wp\/v2\/comments?post=10"}],"version-history":[{"count":24,"href":"https:\/\/wp.ufpel.edu.br\/maratona\/wp-json\/wp\/v2\/pages\/10\/revisions"}],"predecessor-version":[{"id":18,"href":"https:\/\/wp.ufpel.edu.br\/maratona\/wp-json\/wp\/v2\/pages\/10\/revisions\/18"}],"wp:attachment":[{"href":"https:\/\/wp.ufpel.edu.br\/maratona\/wp-json\/wp\/v2\/media?parent=10"}],"curies":[{"name":"wp","href":"https:\/\/api.w.org\/{rel}","templated":true}]}}