{"id":543,"date":"2024-09-18T14:50:02","date_gmt":"2024-09-18T17:50:02","guid":{"rendered":"https:\/\/wp.ufpel.edu.br\/maquinascorposegrafias\/?page_id=543"},"modified":"2024-09-18T14:58:31","modified_gmt":"2024-09-18T17:58:31","slug":"joaofernandoigansi","status":"publish","type":"page","link":"https:\/\/wp.ufpel.edu.br\/maquinascorposegrafias\/joaofernandoigansi\/","title":{"rendered":"Jo\u00e3o Fernando Igansi Nunes"},"content":{"rendered":"<p style=\"text-align: justify;\"><img loading=\"lazy\" decoding=\"async\" class=\"alignright size-thumbnail wp-image-547\" src=\"https:\/\/wp.ufpel.edu.br\/maquinascorposegrafias\/files\/2024\/09\/igansi-200x200.jpeg\" alt=\"\" width=\"200\" height=\"200\" srcset=\"https:\/\/wp.ufpel.edu.br\/maquinascorposegrafias\/files\/2024\/09\/igansi-200x200.jpeg 200w, https:\/\/wp.ufpel.edu.br\/maquinascorposegrafias\/files\/2024\/09\/igansi-100x100.jpeg 100w\" sizes=\"auto, (max-width: 200px) 100vw, 200px\" \/>P\u00f3s-Doutorado (Professor Visitante CAPES PRINT\/UFPEL), Departamento de Economia Geral, Universidade de C\u00e1diz, Espanha. Doutor em Comunica\u00e7\u00e3o e Semi\u00f3tica, PUC\/SP com a Tese Design Computacional: comunica\u00e7\u00e3o do in-vis\u00edvel, 2008. Membro do Grupo de Pesquisa NetArt perspectivas cr\u00edticas e criativas (FAPESP) e do grupo de pesquisas Software Studies do Brasil (FILE Lab SP \/ UCSD &#8211; EuA), 2008. Pesquisador, bolsista CNPq, no Laboratoire Paragraphe da Universidade Paris 8, Fran\u00e7a, 2007. Mestre em Comunica\u00e7\u00e3o e Informa\u00e7\u00e3o pela Universidade Federal do Rio Grande do Sul, 2002. Pesquisador na Biblioteca Nacional de Madri, atrav\u00e9s de bolsa de estudos da Universidade Complutense de Madri &#8211; Espanha, 1999. Graduado em Licenciatura em Artes Visuais pela Universidade Federal de Pelotas, 1997. Professor do Magist\u00e9rio Superior Associado. Docente permanente nos Cursos de Bacharelado em Design, Centro de Artes, UFPel e do Programa de P\u00f3s-Gradua\u00e7\u00e3o em Mem\u00f3ria Social e Patrim\u00f4nio Cultural, ICH\/UFPEL. Coordenador Adjunto do Projeto para implanta\u00e7\u00e3o do Polo Morro Redondo da C\u00e1tedra UNESCO-IPT. Dedica-se ao desenvolvimento de pesquisas em Design e Desenvolvimento Territorial. \u00c1reas de interesse e atua\u00e7\u00e3o em Comunica\u00e7\u00e3o, Semi\u00f3tica, Artes, Design, Interfaces Computacionais, Mem\u00f3ria Social e Patrim\u00f4nio Cultural.<\/p>\n","protected":false},"excerpt":{"rendered":"<p>P\u00f3s-Doutorado (Professor Visitante CAPES PRINT\/UFPEL), Departamento de Economia Geral, Universidade de C\u00e1diz, Espanha. Doutor em Comunica\u00e7\u00e3o e Semi\u00f3tica, PUC\/SP com a Tese Design Computacional: comunica\u00e7\u00e3o do in-vis\u00edvel, 2008. Membro do Grupo de Pesquisa NetArt perspectivas cr\u00edticas e criativas (FAPESP) e do grupo de pesquisas Software Studies do Brasil (FILE Lab SP \/ UCSD &#8211; EuA), &hellip; <\/p>\n<p class=\"link-more\"><a href=\"https:\/\/wp.ufpel.edu.br\/maquinascorposegrafias\/joaofernandoigansi\/\" class=\"more-link\">Continue lendo<span class=\"screen-reader-text\"> &#8220;Jo\u00e3o Fernando Igansi Nunes&#8221;<\/span><\/a><\/p>\n","protected":false},"author":641,"featured_media":0,"parent":0,"menu_order":0,"comment_status":"closed","ping_status":"closed","template":"","meta":{"footnotes":""},"class_list":["post-543","page","type-page","status-publish","hentry"],"_links":{"self":[{"href":"https:\/\/wp.ufpel.edu.br\/maquinascorposegrafias\/wp-json\/wp\/v2\/pages\/543","targetHints":{"allow":["GET"]}}],"collection":[{"href":"https:\/\/wp.ufpel.edu.br\/maquinascorposegrafias\/wp-json\/wp\/v2\/pages"}],"about":[{"href":"https:\/\/wp.ufpel.edu.br\/maquinascorposegrafias\/wp-json\/wp\/v2\/types\/page"}],"author":[{"embeddable":true,"href":"https:\/\/wp.ufpel.edu.br\/maquinascorposegrafias\/wp-json\/wp\/v2\/users\/641"}],"replies":[{"embeddable":true,"href":"https:\/\/wp.ufpel.edu.br\/maquinascorposegrafias\/wp-json\/wp\/v2\/comments?post=543"}],"version-history":[{"count":2,"href":"https:\/\/wp.ufpel.edu.br\/maquinascorposegrafias\/wp-json\/wp\/v2\/pages\/543\/revisions"}],"predecessor-version":[{"id":548,"href":"https:\/\/wp.ufpel.edu.br\/maquinascorposegrafias\/wp-json\/wp\/v2\/pages\/543\/revisions\/548"}],"wp:attachment":[{"href":"https:\/\/wp.ufpel.edu.br\/maquinascorposegrafias\/wp-json\/wp\/v2\/media?parent=543"}],"curies":[{"name":"wp","href":"https:\/\/api.w.org\/{rel}","templated":true}]}}