{"id":524,"date":"2024-09-16T14:56:23","date_gmt":"2024-09-16T17:56:23","guid":{"rendered":"https:\/\/wp.ufpel.edu.br\/maquinascorposegrafias\/?page_id=524"},"modified":"2024-09-16T14:56:23","modified_gmt":"2024-09-16T17:56:23","slug":"rafael-malhao","status":"publish","type":"page","link":"https:\/\/wp.ufpel.edu.br\/maquinascorposegrafias\/rafael-malhao\/","title":{"rendered":"Rafael Malh\u00e3o"},"content":{"rendered":"<p style=\"text-align: justify;\"><img loading=\"lazy\" decoding=\"async\" class=\"alignright size-thumbnail wp-image-525\" src=\"https:\/\/wp.ufpel.edu.br\/maquinascorposegrafias\/files\/2024\/09\/Rafael-Malhao-200x200.jpg\" alt=\"\" width=\"200\" height=\"200\" srcset=\"https:\/\/wp.ufpel.edu.br\/maquinascorposegrafias\/files\/2024\/09\/Rafael-Malhao-200x200.jpg 200w, https:\/\/wp.ufpel.edu.br\/maquinascorposegrafias\/files\/2024\/09\/Rafael-Malhao-100x100.jpg 100w\" sizes=\"auto, (max-width: 200px) 100vw, 200px\" \/>Bacharel em Ci\u00eancias Sociais pela Universidade Federal do Rio Grande do Sul (UFRGS), mestre e doutor em sociologia pelo Programa de P\u00f3s-Gradua\u00e7\u00e3o em Sociologia da Universidade Estadual de Campinas (UNICAMP). Realiza est\u00e1gio de p\u00f3s-doutorado no programa de P\u00f3s-Gradua\u00e7\u00e3o em Antropologia Social da Universidade Federal do Rio Grande do Sul (UFRGS), com bolsa de P\u00f3s-Doutorado J\u00fanior do CNPq implementada pela chamada 25\/2021, com pesquisa intitulada: Cultura maker na pr\u00e1tica: uma etnografia do conhecimento t\u00e9cnico a partir da rede Fab Lab Livre SP; atua como Coordenador adjunto ao Grupo de Antropologia da Economia e da Pol\u00edtica (GAEP). Tamb\u00e9m realizou est\u00e1gio de p\u00f3s-doutorado no \u00e2mbito do projeto Rede Covid-19 Humanidades (<a href=\"https:\/\/www.ufrgs.br\/redecovid19humanidades\/index.php\/br\">https:\/\/www.ufrgs.br\/redecovid19humanidades\/index.php\/br<\/a>) acerca dos impactos sociais da pandemia no mercado art\u00edstico. Atualmente \u00e9 pesquisador associado do Grupo de Antropologia da Economia e da Pol\u00edtica (GAEP &#8211; UFRGS) (<a href=\"https:\/\/www.ufrgs.br\/gaep\/\">https:\/\/www.ufrgs.br\/gaep\/<\/a>), no qual tem a fun\u00e7\u00e3o de co-cordena\u00e7\u00e3o, do Pimentalab (Unifesp) (<a href=\"https:\/\/www.pimentalab.net\">https:\/\/www.pimentalab.net<\/a>) do Laborat\u00f3rio de Sociologia dos Processos de Associa\u00e7\u00e3o (LaSPA &#8211; UNICAMP) (<a href=\"https:\/\/www.laspa.slg.br\/\">https:\/\/www.laspa.slg.br\/<\/a>) e do Grupo de Estudos Gilbert Simondon (GrEGS &#8211; UNICAMP) (<a href=\"https:\/\/gregsifch.wordpress.com\">https:\/\/gregsifch.wordpress.com<\/a>). Com experi\u00eancia de pesquisa nas rela\u00e7\u00f5es entre m\u00fasica eletr\u00f4nica de pista e dispositivos t\u00e9cnicos, design e pr\u00e1tica de projeto, desempenho diferencial do capitalismo e adapta\u00e7\u00f5es de dispositivos t\u00e9cnicos. Com interesse em antropologia das infraestruturas, tecnologias e individua\u00e7\u00e3o no capitalismo contempor\u00e2neo, tecnologias e apropria\u00e7\u00e3o do espa\u00e7o urbano, ci\u00eancia cidad\u00e3 e ci\u00eancia aberta, tecnologias e regimes de sensibilidade, tecnologias e processos de ensino-aprendizagem, p\u00f3s-capitalismo e processos de transi\u00e7\u00e3o societal, platation\/capital\/antropoceno, tecnopol\u00edtica e cidadania.<\/p>\n","protected":false},"excerpt":{"rendered":"<p>Bacharel em Ci\u00eancias Sociais pela Universidade Federal do Rio Grande do Sul (UFRGS), mestre e doutor em sociologia pelo Programa de P\u00f3s-Gradua\u00e7\u00e3o em Sociologia da Universidade Estadual de Campinas (UNICAMP). Realiza est\u00e1gio de p\u00f3s-doutorado no programa de P\u00f3s-Gradua\u00e7\u00e3o em Antropologia Social da Universidade Federal do Rio Grande do Sul (UFRGS), com bolsa de P\u00f3s-Doutorado J\u00fanior &hellip; <\/p>\n<p class=\"link-more\"><a href=\"https:\/\/wp.ufpel.edu.br\/maquinascorposegrafias\/rafael-malhao\/\" class=\"more-link\">Continue lendo<span class=\"screen-reader-text\"> &#8220;Rafael Malh\u00e3o&#8221;<\/span><\/a><\/p>\n","protected":false},"author":641,"featured_media":0,"parent":0,"menu_order":0,"comment_status":"closed","ping_status":"closed","template":"","meta":{"footnotes":""},"class_list":["post-524","page","type-page","status-publish","hentry"],"_links":{"self":[{"href":"https:\/\/wp.ufpel.edu.br\/maquinascorposegrafias\/wp-json\/wp\/v2\/pages\/524","targetHints":{"allow":["GET"]}}],"collection":[{"href":"https:\/\/wp.ufpel.edu.br\/maquinascorposegrafias\/wp-json\/wp\/v2\/pages"}],"about":[{"href":"https:\/\/wp.ufpel.edu.br\/maquinascorposegrafias\/wp-json\/wp\/v2\/types\/page"}],"author":[{"embeddable":true,"href":"https:\/\/wp.ufpel.edu.br\/maquinascorposegrafias\/wp-json\/wp\/v2\/users\/641"}],"replies":[{"embeddable":true,"href":"https:\/\/wp.ufpel.edu.br\/maquinascorposegrafias\/wp-json\/wp\/v2\/comments?post=524"}],"version-history":[{"count":1,"href":"https:\/\/wp.ufpel.edu.br\/maquinascorposegrafias\/wp-json\/wp\/v2\/pages\/524\/revisions"}],"predecessor-version":[{"id":526,"href":"https:\/\/wp.ufpel.edu.br\/maquinascorposegrafias\/wp-json\/wp\/v2\/pages\/524\/revisions\/526"}],"wp:attachment":[{"href":"https:\/\/wp.ufpel.edu.br\/maquinascorposegrafias\/wp-json\/wp\/v2\/media?parent=524"}],"curies":[{"name":"wp","href":"https:\/\/api.w.org\/{rel}","templated":true}]}}