{"id":521,"date":"2024-09-16T13:52:24","date_gmt":"2024-09-16T16:52:24","guid":{"rendered":"https:\/\/wp.ufpel.edu.br\/maquinascorposegrafias\/?page_id=521"},"modified":"2024-09-16T13:52:24","modified_gmt":"2024-09-16T16:52:24","slug":"debora-wobeto","status":"publish","type":"page","link":"https:\/\/wp.ufpel.edu.br\/maquinascorposegrafias\/debora-wobeto\/","title":{"rendered":"D\u00e9bora Wobeto"},"content":{"rendered":"<p style=\"text-align: justify;\"><img loading=\"lazy\" decoding=\"async\" class=\"alignright size-thumbnail wp-image-522\" src=\"https:\/\/wp.ufpel.edu.br\/maquinascorposegrafias\/files\/2024\/09\/debora-wobeto-200x200.jpg\" alt=\"\" width=\"200\" height=\"200\" srcset=\"https:\/\/wp.ufpel.edu.br\/maquinascorposegrafias\/files\/2024\/09\/debora-wobeto-200x200.jpg 200w, https:\/\/wp.ufpel.edu.br\/maquinascorposegrafias\/files\/2024\/09\/debora-wobeto-100x100.jpg 100w\" sizes=\"auto, (max-width: 200px) 100vw, 200px\" \/>Doutora em Antropologia Social pelo PPGAS\/UFRGS. \u00c9 consultora educacional e de pesquisa na Funda\u00e7\u00e3o Ita\u00fa e pesquisadora do Grupo de Pesquisa &#8220;G\u00eaneros, Imagens e Pol\u00edticas&#8221; (CNPq\/UFRGS), baseado no N\u00facleo de Antropologia Visual (NAVISUAL\/PPGAS\/UFRGS). Dedica-se a estudos que articulam filme e fotografia na pesquisa etnogr\u00e1fica, com especial interesse na produ\u00e7\u00e3o visual da primeira metade do s\u00e9culo XX. Tem experi\u00eancia na \u00e1rea de Antropologia, com \u00eanfase em Antropologia Visual, Antropologia Urbana e Hist\u00f3ria da Antropologia. Atuou como professora substituta de antropologia na Universidade Federal do Amazonas, Campus Benjamin Constant, no per\u00edodo 2021-2022. Realizou doutorado sandu\u00edche CAPES\/PRINT na Emory University, sob supervis\u00e3o de Anna Grimshaw, entre 2022-2023.<\/p>\n","protected":false},"excerpt":{"rendered":"<p>Doutora em Antropologia Social pelo PPGAS\/UFRGS. \u00c9 consultora educacional e de pesquisa na Funda\u00e7\u00e3o Ita\u00fa e pesquisadora do Grupo de Pesquisa &#8220;G\u00eaneros, Imagens e Pol\u00edticas&#8221; (CNPq\/UFRGS), baseado no N\u00facleo de Antropologia Visual (NAVISUAL\/PPGAS\/UFRGS). Dedica-se a estudos que articulam filme e fotografia na pesquisa etnogr\u00e1fica, com especial interesse na produ\u00e7\u00e3o visual da primeira metade do s\u00e9culo &hellip; <\/p>\n<p class=\"link-more\"><a href=\"https:\/\/wp.ufpel.edu.br\/maquinascorposegrafias\/debora-wobeto\/\" class=\"more-link\">Continue lendo<span class=\"screen-reader-text\"> &#8220;D\u00e9bora Wobeto&#8221;<\/span><\/a><\/p>\n","protected":false},"author":641,"featured_media":0,"parent":0,"menu_order":0,"comment_status":"closed","ping_status":"closed","template":"","meta":{"footnotes":""},"class_list":["post-521","page","type-page","status-publish","hentry"],"_links":{"self":[{"href":"https:\/\/wp.ufpel.edu.br\/maquinascorposegrafias\/wp-json\/wp\/v2\/pages\/521","targetHints":{"allow":["GET"]}}],"collection":[{"href":"https:\/\/wp.ufpel.edu.br\/maquinascorposegrafias\/wp-json\/wp\/v2\/pages"}],"about":[{"href":"https:\/\/wp.ufpel.edu.br\/maquinascorposegrafias\/wp-json\/wp\/v2\/types\/page"}],"author":[{"embeddable":true,"href":"https:\/\/wp.ufpel.edu.br\/maquinascorposegrafias\/wp-json\/wp\/v2\/users\/641"}],"replies":[{"embeddable":true,"href":"https:\/\/wp.ufpel.edu.br\/maquinascorposegrafias\/wp-json\/wp\/v2\/comments?post=521"}],"version-history":[{"count":1,"href":"https:\/\/wp.ufpel.edu.br\/maquinascorposegrafias\/wp-json\/wp\/v2\/pages\/521\/revisions"}],"predecessor-version":[{"id":523,"href":"https:\/\/wp.ufpel.edu.br\/maquinascorposegrafias\/wp-json\/wp\/v2\/pages\/521\/revisions\/523"}],"wp:attachment":[{"href":"https:\/\/wp.ufpel.edu.br\/maquinascorposegrafias\/wp-json\/wp\/v2\/media?parent=521"}],"curies":[{"name":"wp","href":"https:\/\/api.w.org\/{rel}","templated":true}]}}