{"id":499,"date":"2024-09-12T15:35:33","date_gmt":"2024-09-12T18:35:33","guid":{"rendered":"https:\/\/wp.ufpel.edu.br\/maquinascorposegrafias\/?page_id=499"},"modified":"2024-09-12T15:35:33","modified_gmt":"2024-09-12T18:35:33","slug":"rosangela-fachel-de-medeiros","status":"publish","type":"page","link":"https:\/\/wp.ufpel.edu.br\/maquinascorposegrafias\/rosangela-fachel-de-medeiros\/","title":{"rendered":"Ros\u00e2ngela Fachel de Medeiros"},"content":{"rendered":"<p style=\"text-align: justify;\"><img loading=\"lazy\" decoding=\"async\" class=\"alignright size-thumbnail wp-image-501\" src=\"https:\/\/wp.ufpel.edu.br\/maquinascorposegrafias\/files\/2024\/09\/rosangela-200x200.jpg\" alt=\"\" width=\"200\" height=\"200\" srcset=\"https:\/\/wp.ufpel.edu.br\/maquinascorposegrafias\/files\/2024\/09\/rosangela-200x200.jpg 200w, https:\/\/wp.ufpel.edu.br\/maquinascorposegrafias\/files\/2024\/09\/rosangela-400x397.jpg 400w, https:\/\/wp.ufpel.edu.br\/maquinascorposegrafias\/files\/2024\/09\/rosangela-1024x1017.jpg 1024w, https:\/\/wp.ufpel.edu.br\/maquinascorposegrafias\/files\/2024\/09\/rosangela-768x763.jpg 768w, https:\/\/wp.ufpel.edu.br\/maquinascorposegrafias\/files\/2024\/09\/rosangela-100x100.jpg 100w, https:\/\/wp.ufpel.edu.br\/maquinascorposegrafias\/files\/2024\/09\/rosangela.jpg 1151w\" sizes=\"auto, (max-width: 200px) 100vw, 200px\" \/>Professora, pesquisadora, curadora e produtora cultural. Doutora e mestre em Literatura Comparada pela Universidade Federal do Rio Grande do Sul (UFRGS\/CAPES), graduada em Comunica\u00e7\u00e3o Social pela Pontif\u00edcia Universidade Cat\u00f3lica do Rio Grande do Sul (PUCRS). Foi professora do Programa de P\u00f3s-gradua\u00e7\u00e3o em Letras da Universidade Regional Integrada do Alto Uruguai e das Miss\u00f5es (URI\/FW), de 2015 a 2018, professora visitante do Programa de P\u00f3s-gradua\u00e7\u00e3o em Artes Visuais (PPGAVI) da Universidade Federal de Pelotas (UFPel), de 2018 a 2020. Atualmente, atua como professora visitante do Programa de P\u00f3s-gradua\u00e7\u00e3o em Artes (PPGArtes) da Universidade Federal de Pelotas (UFPel), como Codiretora da Rede Ibero-Americana de Pesquisa em Narrativas Audiovisuais &#8211; RedINAV e como col\u00edder do grupo de pesquisa Audiovisual Latino-Americano no S\u00e9culo XXI &#8211; OfCine (IFRS- Rio Grande\/CNPq). Foi colider do grupo de pesquisa Narrativas Contempor\u00e2neas e Estudos Culturais (URI\/CNPq) de 2017 a 2019. E atua como pesquisadora nos GPs Cinema Latino-Americano (CNPq\/UFF), Caixa de Pandora (CNPq\/UFPel), GIPE-Corpo (CNPq\/UFBA). Foi editora da Revista Lingua e Literatura (PPGLetras da URi), de 2015 a 2018, e atua como coeditora da Revista Paralelo 31 (PPGArtes, UFPel) desde 2018. Foi Idealizadora e \u00e9 codiretora do Festival Internacional de Videoarte SPMAV &#8211; FIVA SPMAV (UFPel) e do Festival Internacional de Videodan\u00e7a &#8211; FIVRS (UFPel\/ECARTA). \u00c9 colaboradora do Fantaspoa &#8211; Festival de Cinema Fant\u00e1stico de Porto Alegre desde 2016. E tem como principais Interesses de investiga\u00e7\u00e3o e de atua\u00e7\u00e3o acad\u00eamica, cultural e art\u00edstica est\u00e3o relacionados \u00e0s audiovisualidades latino-americanas contempor\u00e2neas, especialmente, em rela\u00e7\u00e3o aos enquadramentos de corporalidade, sexualidade e g\u00eanero.<\/p>\n","protected":false},"excerpt":{"rendered":"<p>Professora, pesquisadora, curadora e produtora cultural. Doutora e mestre em Literatura Comparada pela Universidade Federal do Rio Grande do Sul (UFRGS\/CAPES), graduada em Comunica\u00e7\u00e3o Social pela Pontif\u00edcia Universidade Cat\u00f3lica do Rio Grande do Sul (PUCRS). Foi professora do Programa de P\u00f3s-gradua\u00e7\u00e3o em Letras da Universidade Regional Integrada do Alto Uruguai e das Miss\u00f5es (URI\/FW), de &hellip; <\/p>\n<p class=\"link-more\"><a href=\"https:\/\/wp.ufpel.edu.br\/maquinascorposegrafias\/rosangela-fachel-de-medeiros\/\" class=\"more-link\">Continue lendo<span class=\"screen-reader-text\"> &#8220;Ros\u00e2ngela Fachel de Medeiros&#8221;<\/span><\/a><\/p>\n","protected":false},"author":641,"featured_media":0,"parent":0,"menu_order":0,"comment_status":"closed","ping_status":"closed","template":"","meta":{"footnotes":""},"class_list":["post-499","page","type-page","status-publish","hentry"],"_links":{"self":[{"href":"https:\/\/wp.ufpel.edu.br\/maquinascorposegrafias\/wp-json\/wp\/v2\/pages\/499","targetHints":{"allow":["GET"]}}],"collection":[{"href":"https:\/\/wp.ufpel.edu.br\/maquinascorposegrafias\/wp-json\/wp\/v2\/pages"}],"about":[{"href":"https:\/\/wp.ufpel.edu.br\/maquinascorposegrafias\/wp-json\/wp\/v2\/types\/page"}],"author":[{"embeddable":true,"href":"https:\/\/wp.ufpel.edu.br\/maquinascorposegrafias\/wp-json\/wp\/v2\/users\/641"}],"replies":[{"embeddable":true,"href":"https:\/\/wp.ufpel.edu.br\/maquinascorposegrafias\/wp-json\/wp\/v2\/comments?post=499"}],"version-history":[{"count":1,"href":"https:\/\/wp.ufpel.edu.br\/maquinascorposegrafias\/wp-json\/wp\/v2\/pages\/499\/revisions"}],"predecessor-version":[{"id":502,"href":"https:\/\/wp.ufpel.edu.br\/maquinascorposegrafias\/wp-json\/wp\/v2\/pages\/499\/revisions\/502"}],"wp:attachment":[{"href":"https:\/\/wp.ufpel.edu.br\/maquinascorposegrafias\/wp-json\/wp\/v2\/media?parent=499"}],"curies":[{"name":"wp","href":"https:\/\/api.w.org\/{rel}","templated":true}]}}