{"id":496,"date":"2024-09-12T14:12:27","date_gmt":"2024-09-12T17:12:27","guid":{"rendered":"https:\/\/wp.ufpel.edu.br\/maquinascorposegrafias\/?page_id=496"},"modified":"2024-09-12T14:17:29","modified_gmt":"2024-09-12T17:17:29","slug":"cintia-langie","status":"publish","type":"page","link":"https:\/\/wp.ufpel.edu.br\/maquinascorposegrafias\/cintia-langie\/","title":{"rendered":"C\u00edntia Langie"},"content":{"rendered":"<p style=\"text-align: justify;\"><img loading=\"lazy\" decoding=\"async\" class=\"alignright size-thumbnail wp-image-497\" src=\"https:\/\/wp.ufpel.edu.br\/maquinascorposegrafias\/files\/2024\/09\/cintia-200x200.jpg\" alt=\"\" width=\"200\" height=\"200\" srcset=\"https:\/\/wp.ufpel.edu.br\/maquinascorposegrafias\/files\/2024\/09\/cintia-200x200.jpg 200w, https:\/\/wp.ufpel.edu.br\/maquinascorposegrafias\/files\/2024\/09\/cintia-100x100.jpg 100w\" sizes=\"auto, (max-width: 200px) 100vw, 200px\" \/>Estuda cinema, educa\u00e7\u00e3o, arte e filosofia. \u00c9 realizadora audiovisual, atuando desde 2006 como roteirista, diretora e montadora de cinema. Possui gradua\u00e7\u00e3o em Comunica\u00e7\u00e3o Social \u2013 Jornalismo, Mestrado em Comunica\u00e7\u00e3o Social com \u00eanfase em cinema e Doutorado em Educa\u00e7\u00e3o com \u00eanfase em difus\u00e3o do cinema brasileiro. Sua tese recebeu o pr\u00eamio Capes 2021 na \u00e1rea da Educa\u00e7\u00e3o. \u00c9 professora adjunta dos cursos de <em>Cinema e Audiovisual e Cinema de Anima\u00e7\u00e3o<\/em> da UFPel, onde ministra as disciplinas de Roteiro, Document\u00e1rio e Distribui\u00e7\u00e3o e Exibi\u00e7\u00e3o. Em suas pesquisas, atua principalmente nos seguintes temas: cinema brasileiro contempor\u00e2neo, narrativa audiovisual e difus\u00e3o alternativa de cinema. Entre outras coisas, \u00e9 feminista, antifascista e militante pela democratiza\u00e7\u00e3o do acesso ao cinema brasileiro.<\/p>\n","protected":false},"excerpt":{"rendered":"<p>Estuda cinema, educa\u00e7\u00e3o, arte e filosofia. \u00c9 realizadora audiovisual, atuando desde 2006 como roteirista, diretora e montadora de cinema. Possui gradua\u00e7\u00e3o em Comunica\u00e7\u00e3o Social \u2013 Jornalismo, Mestrado em Comunica\u00e7\u00e3o Social com \u00eanfase em cinema e Doutorado em Educa\u00e7\u00e3o com \u00eanfase em difus\u00e3o do cinema brasileiro. Sua tese recebeu o pr\u00eamio Capes 2021 na \u00e1rea da &hellip; <\/p>\n<p class=\"link-more\"><a href=\"https:\/\/wp.ufpel.edu.br\/maquinascorposegrafias\/cintia-langie\/\" class=\"more-link\">Continue lendo<span class=\"screen-reader-text\"> &#8220;C\u00edntia Langie&#8221;<\/span><\/a><\/p>\n","protected":false},"author":641,"featured_media":0,"parent":0,"menu_order":0,"comment_status":"closed","ping_status":"closed","template":"","meta":{"footnotes":""},"class_list":["post-496","page","type-page","status-publish","hentry"],"_links":{"self":[{"href":"https:\/\/wp.ufpel.edu.br\/maquinascorposegrafias\/wp-json\/wp\/v2\/pages\/496","targetHints":{"allow":["GET"]}}],"collection":[{"href":"https:\/\/wp.ufpel.edu.br\/maquinascorposegrafias\/wp-json\/wp\/v2\/pages"}],"about":[{"href":"https:\/\/wp.ufpel.edu.br\/maquinascorposegrafias\/wp-json\/wp\/v2\/types\/page"}],"author":[{"embeddable":true,"href":"https:\/\/wp.ufpel.edu.br\/maquinascorposegrafias\/wp-json\/wp\/v2\/users\/641"}],"replies":[{"embeddable":true,"href":"https:\/\/wp.ufpel.edu.br\/maquinascorposegrafias\/wp-json\/wp\/v2\/comments?post=496"}],"version-history":[{"count":1,"href":"https:\/\/wp.ufpel.edu.br\/maquinascorposegrafias\/wp-json\/wp\/v2\/pages\/496\/revisions"}],"predecessor-version":[{"id":498,"href":"https:\/\/wp.ufpel.edu.br\/maquinascorposegrafias\/wp-json\/wp\/v2\/pages\/496\/revisions\/498"}],"wp:attachment":[{"href":"https:\/\/wp.ufpel.edu.br\/maquinascorposegrafias\/wp-json\/wp\/v2\/media?parent=496"}],"curies":[{"name":"wp","href":"https:\/\/api.w.org\/{rel}","templated":true}]}}