{"id":470,"date":"2024-09-02T14:29:49","date_gmt":"2024-09-02T17:29:49","guid":{"rendered":"https:\/\/wp.ufpel.edu.br\/maquinascorposegrafias\/?page_id=470"},"modified":"2024-09-02T14:29:49","modified_gmt":"2024-09-02T17:29:49","slug":"conferencia-de-encerramento","status":"publish","type":"page","link":"https:\/\/wp.ufpel.edu.br\/maquinascorposegrafias\/conferencia-de-encerramento\/","title":{"rendered":"CONFER\u00caNCIA DE ENCERRAMENTO"},"content":{"rendered":"<p><em><strong>\u201cCorpo, vida e avatar\u201d<\/strong><\/em><br \/>\n<a href=\"https:\/\/wp.ufpel.edu.br\/maquinascorposegrafias\/pablo-gobira\/\">Pablo Gobira<\/a> (UEMG\/UFMG)<\/p>\n<p style=\"text-align: justify;\">Esta confer\u00eancia abordar\u00e1 a avatariza\u00e7\u00e3o da vida que ocorre desde a segunda metade do s\u00e9culo XX at\u00e9 os dias de hoje. Explorar\u00e1 os desdobramentos da avatariza\u00e7\u00e3o na realidade atrav\u00e9s das artes e da cultura. Assim, ser\u00e1 poss\u00edvel compreender como ocorrem as rela\u00e7\u00f5es entre a arte, ci\u00eancia e tecnologia no contexto contempor\u00e2neo. Essa discuss\u00e3o enfocar\u00e1 tamb\u00e9m a ideia de corpo e a ideia de vida aliada aos processos de avatariza\u00e7\u00e3o.<\/p>\n","protected":false},"excerpt":{"rendered":"<p>\u201cCorpo, vida e avatar\u201d Pablo Gobira (UEMG\/UFMG) Esta confer\u00eancia abordar\u00e1 a avatariza\u00e7\u00e3o da vida que ocorre desde a segunda metade do s\u00e9culo XX at\u00e9 os dias de hoje. Explorar\u00e1 os desdobramentos da avatariza\u00e7\u00e3o na realidade atrav\u00e9s das artes e da cultura. Assim, ser\u00e1 poss\u00edvel compreender como ocorrem as rela\u00e7\u00f5es entre a arte, ci\u00eancia e tecnologia &hellip; <\/p>\n<p class=\"link-more\"><a href=\"https:\/\/wp.ufpel.edu.br\/maquinascorposegrafias\/conferencia-de-encerramento\/\" class=\"more-link\">Continue lendo<span class=\"screen-reader-text\"> &#8220;CONFER\u00caNCIA DE ENCERRAMENTO&#8221;<\/span><\/a><\/p>\n","protected":false},"author":641,"featured_media":0,"parent":0,"menu_order":0,"comment_status":"closed","ping_status":"closed","template":"","meta":{"footnotes":""},"class_list":["post-470","page","type-page","status-publish","hentry"],"_links":{"self":[{"href":"https:\/\/wp.ufpel.edu.br\/maquinascorposegrafias\/wp-json\/wp\/v2\/pages\/470","targetHints":{"allow":["GET"]}}],"collection":[{"href":"https:\/\/wp.ufpel.edu.br\/maquinascorposegrafias\/wp-json\/wp\/v2\/pages"}],"about":[{"href":"https:\/\/wp.ufpel.edu.br\/maquinascorposegrafias\/wp-json\/wp\/v2\/types\/page"}],"author":[{"embeddable":true,"href":"https:\/\/wp.ufpel.edu.br\/maquinascorposegrafias\/wp-json\/wp\/v2\/users\/641"}],"replies":[{"embeddable":true,"href":"https:\/\/wp.ufpel.edu.br\/maquinascorposegrafias\/wp-json\/wp\/v2\/comments?post=470"}],"version-history":[{"count":1,"href":"https:\/\/wp.ufpel.edu.br\/maquinascorposegrafias\/wp-json\/wp\/v2\/pages\/470\/revisions"}],"predecessor-version":[{"id":471,"href":"https:\/\/wp.ufpel.edu.br\/maquinascorposegrafias\/wp-json\/wp\/v2\/pages\/470\/revisions\/471"}],"wp:attachment":[{"href":"https:\/\/wp.ufpel.edu.br\/maquinascorposegrafias\/wp-json\/wp\/v2\/media?parent=470"}],"curies":[{"name":"wp","href":"https:\/\/api.w.org\/{rel}","templated":true}]}}