{"id":467,"date":"2024-09-02T14:22:26","date_gmt":"2024-09-02T17:22:26","guid":{"rendered":"https:\/\/wp.ufpel.edu.br\/maquinascorposegrafias\/?page_id=467"},"modified":"2024-09-06T14:35:43","modified_gmt":"2024-09-06T17:35:43","slug":"pablo-gobira","status":"publish","type":"page","link":"https:\/\/wp.ufpel.edu.br\/maquinascorposegrafias\/pablo-gobira\/","title":{"rendered":"PABLO GOBIRA"},"content":{"rendered":"<p><img loading=\"lazy\" decoding=\"async\" class=\"alignright wp-image-483 size-thumbnail\" src=\"https:\/\/wp.ufpel.edu.br\/maquinascorposegrafias\/files\/2024\/09\/Pablo-Gobira-credito-Alexandre-Baxter-site-200x200.jpg\" alt=\"\" width=\"200\" height=\"200\" srcset=\"https:\/\/wp.ufpel.edu.br\/maquinascorposegrafias\/files\/2024\/09\/Pablo-Gobira-credito-Alexandre-Baxter-site-200x200.jpg 200w, https:\/\/wp.ufpel.edu.br\/maquinascorposegrafias\/files\/2024\/09\/Pablo-Gobira-credito-Alexandre-Baxter-site-100x100.jpg 100w\" sizes=\"auto, (max-width: 200px) 100vw, 200px\" \/><\/p>\n<p style=\"text-align: justify;\">Pablo Gobira \u00e9 professor doutor da Escola Guignard (UEMG), do PPGArtes (UEMG), do PPGACPS (UFMG) e do PPGGOC (UFMG) nos quais orienta mestrado e doutorado. Coordenador de diversas pesquisas no campo das rela\u00e7\u00f5es entre arte, ci\u00eancia e tecnologia. Editor e autor de diversos livros e de v\u00e1rios artigos. Pesquisador Produtividade (CNPq). Supervisor de p\u00f3s-doutorado. Coordenador do grupo de pesquisa (CNPq) Laborat\u00f3rio de Po\u00e9ticas Fronteiri\u00e7as [<a href=\"http:\/\/linktr.ee\/labfront\">http:\/\/linktr.ee\/labfront<\/a>].<\/p>\n","protected":false},"excerpt":{"rendered":"<p>Pablo Gobira \u00e9 professor doutor da Escola Guignard (UEMG), do PPGArtes (UEMG), do PPGACPS (UFMG) e do PPGGOC (UFMG) nos quais orienta mestrado e doutorado. Coordenador de diversas pesquisas no campo das rela\u00e7\u00f5es entre arte, ci\u00eancia e tecnologia. Editor e autor de diversos livros e de v\u00e1rios artigos. Pesquisador Produtividade (CNPq). Supervisor de p\u00f3s-doutorado. Coordenador &hellip; <\/p>\n<p class=\"link-more\"><a href=\"https:\/\/wp.ufpel.edu.br\/maquinascorposegrafias\/pablo-gobira\/\" class=\"more-link\">Continue lendo<span class=\"screen-reader-text\"> &#8220;PABLO GOBIRA&#8221;<\/span><\/a><\/p>\n","protected":false},"author":641,"featured_media":0,"parent":0,"menu_order":0,"comment_status":"closed","ping_status":"closed","template":"","meta":{"footnotes":""},"class_list":["post-467","page","type-page","status-publish","hentry"],"_links":{"self":[{"href":"https:\/\/wp.ufpel.edu.br\/maquinascorposegrafias\/wp-json\/wp\/v2\/pages\/467","targetHints":{"allow":["GET"]}}],"collection":[{"href":"https:\/\/wp.ufpel.edu.br\/maquinascorposegrafias\/wp-json\/wp\/v2\/pages"}],"about":[{"href":"https:\/\/wp.ufpel.edu.br\/maquinascorposegrafias\/wp-json\/wp\/v2\/types\/page"}],"author":[{"embeddable":true,"href":"https:\/\/wp.ufpel.edu.br\/maquinascorposegrafias\/wp-json\/wp\/v2\/users\/641"}],"replies":[{"embeddable":true,"href":"https:\/\/wp.ufpel.edu.br\/maquinascorposegrafias\/wp-json\/wp\/v2\/comments?post=467"}],"version-history":[{"count":3,"href":"https:\/\/wp.ufpel.edu.br\/maquinascorposegrafias\/wp-json\/wp\/v2\/pages\/467\/revisions"}],"predecessor-version":[{"id":485,"href":"https:\/\/wp.ufpel.edu.br\/maquinascorposegrafias\/wp-json\/wp\/v2\/pages\/467\/revisions\/485"}],"wp:attachment":[{"href":"https:\/\/wp.ufpel.edu.br\/maquinascorposegrafias\/wp-json\/wp\/v2\/media?parent=467"}],"curies":[{"name":"wp","href":"https:\/\/api.w.org\/{rel}","templated":true}]}}