{"id":429,"date":"2024-09-12T14:03:33","date_gmt":"2024-09-12T17:03:33","guid":{"rendered":"https:\/\/wp.ufpel.edu.br\/maquinascorposegrafias\/?page_id=429"},"modified":"2024-09-12T14:05:58","modified_gmt":"2024-09-12T17:05:58","slug":"mr-2","status":"publish","type":"page","link":"https:\/\/wp.ufpel.edu.br\/maquinascorposegrafias\/mr-2\/","title":{"rendered":"MR 2- Po\u00e9ticas e sensorialidades etnogr\u00e1ficas: Antropologia em perspectiva multimodal"},"content":{"rendered":"<p><strong>Coordena\u00e7\u00e3o:<\/strong> <a href=\"https:\/\/wp.ufpel.edu.br\/maquinascorposegrafias\/daniele-borges-bezerra\/\">Daniele Borges<\/a> (PPGAnt\/ UFPel)<br \/>\n<strong>Debatedor:<\/strong> <a href=\"https:\/\/wp.ufpel.edu.br\/maquinascorposegrafias\/lisandro-lucas-de-lima-moura\/\">Lisandro Moura<\/a> (IFSul)<\/p>\n<p><strong>Comunicadoras\/es:<\/strong><br \/>\n<strong><em>\u201cMemoria fotogr\u00e1fica de firmantes de paz en Colombia\u201d<\/em><\/strong><br \/>\n<a href=\"https:\/\/wp.ufpel.edu.br\/maquinascorposegrafias\/luis-carlos-toro-tamayo\/\">Luis Carlos Toro Tamayo<\/a> e <a href=\"https:\/\/wp.ufpel.edu.br\/maquinascorposegrafias\/miyer-johana-paniagua-sanchez\/\">Miyer Johana Paniagua S\u00e1nchez<\/a> (UdeA. Col\u00f4mbia)<\/p>\n<p style=\"text-align: justify;\"><strong>S\u00edntese da proposta:<\/strong> Esta ponencia muestra im\u00e1genes fotogr\u00e1ficas y presenta las historias orales de personas que en el pasado estuvieron vinculadas a la guerra y que despu\u00e9s de los Acuerdos de Paz se acogieron a una amnist\u00eda nacional de cese al fuego y de reinserci\u00f3n a la vida civil. Dicha reflexi\u00f3n tiene como objetivo observar las modalidades y din\u00e1micas de la emergencia de narrativas alternativas que hasta ahora han sido total o parcialmente silenciadas, y tienden a conformar memorias individuales que alimentan las memorias colectivas en constante (re)formulaci\u00f3n. As\u00ed mismo, indaga por las producciones que surgen en sociedades que afrontan situaciones l\u00edmites y que por sus singularidades poseen un valor que merece ser estudiado y considerado como parte de las memorias que debemos conservar. Memorias que tambi\u00e9n est\u00e1n representadas en objetos de archivos personales que constan de todos los registros y materiales que producimos a lo largo de nuestras vidas y que conservamos de manera natural como evidencia de nuestra existencia. Nuestro proyecto de Investigaci\u00f3n \u201cARMEP: Archivos y memorias plurales en Colombia despu\u00e9s de los Acuerdos de Paz\u201d, pretende indagar en aquellos registros que comienzan a configurar un tiempo y un espacio de las memorias, los cuales pueden ser le\u00eddos como documentos, como huellas del pasado, como objetos de arte o como met\u00e1foras visuales que nos permiten comprender otras formas de ver, de pensar, de sentir y de actuar de una sociedad que si bien se enmarca en valores artificiales adscritos a discursos capitalistas, tambi\u00e9n se construye desde las ritualidades, los saberes ancestrales y los sentimientos. Objetos cargados de valores, significados, resignificados y experiencias intersubjetivas e interactivas que nos permiten entender la dimensi\u00f3n de los recuerdos, los olvidos y los silencios de una sociedad marcada por la guerra. Dicho proyecto, ganador del est\u00edmulo ECOS NORD \u2013 Francia \u2013 Colombia 2023, es realizado por integrantes de los Grupo de Investigaci\u00f3n en Informaci\u00f3n, Conocimiento y Sociedad de la Universidad de Antioquia \u2013 Colombia y el Centre de Recherches Ib\u00e9riques et Ib\u00e9ro-am\u00e9ricaines (CRIIA) de l\u2019Universit\u00e9 Paris Nanterre \u2013 Francia.<\/p>\n<hr \/>\n<p><strong><em>\u201cFurusato &#8211; Um lugar para voltar: relatos da produ\u00e7\u00e3o de um document\u00e1rio compartilhado junto \u00e0 comunidade japonesa de Ivoti\u201d<\/em><\/strong><br \/>\n<a href=\"https:\/\/wp.ufpel.edu.br\/maquinascorposegrafias\/alexsander-nakaoka-elias\/\">Alexs\u00e2nder Naka\u00f3ka Elias<\/a> (PPGDS\/Unimontes)<\/p>\n<p style=\"text-align: justify;\"><strong>S\u00edntese da proposta:<\/strong> O presente trabalho pretende expor o processo de produ\u00e7\u00e3o do document\u00e1rio intitulado \u201cFurusato: Um lugar para voltar\u201d, atualmente na etapa de montagem e edi\u00e7\u00e3o, que estou realizando juntamente com interlocutoras\/es associadas\/os \u00e0 Col\u00f4nia Japonesa de Ivoti, no Rio Grande do Sul. O projeto para este curta-metragem, por mim dirigido, foi contemplado com uma verba da Lei Paulo Gustavo de incentivo \u00e0 cultura, e conta com a participa\u00e7\u00e3o, na equipe de produ\u00e7\u00e3o, de interlocutoras\/es que permitiram que eu realizasse minha primeira pesquisa de p\u00f3s-doutorado, \u201cPor uma Antropologia da Montagem: narrativas e grafias nikkeis\u201d, vinculada ao N\u00facleo de Antropologia Visual (Navisual) da UFRGS, entre 2021 e 2023, com aux\u00edlio de bolsa CNPq (PDJ).<\/p>\n<hr \/>\n<p><strong><em>\u201cDo abeced\u00e1rio \u00e0s cartas encontradas: o Tar\u00f4 Etnogr\u00e1fico de Marseille\u201d<\/em><\/strong><br \/>\n<a href=\"https:\/\/wp.ufpel.edu.br\/maquinascorposegrafias\/aina-azevedo\/\">Aina Azevedo<\/a> (UFPB)<\/p>\n<p style=\"text-align: justify;\"><strong>S\u00edntese da proposta:<\/strong> Esta comunica\u00e7\u00e3o apresenta o Tarot ethnographique de Marseille, trabalho realizado durante o p\u00f3s-doutorado no Im\u00e9ra-AMU, entre 2023 e 2024. Reunindo aspectos inesperados e desvalorizados do fazer cient\u00edfico \u2014 como o sonho, o desenho, o jogo, o acaso e a utopia\u2014 o Tarot Etnographique de Marseille expressa uma metodologia de pesquisa e o resultado de uma etnografia, ao mesmo tempo em que reflete uma linguagem presente na cidade de Marseille.<\/p>\n<hr \/>\n<p><strong><em>\u201cT\u00e1ticas multimodais entre arte e antropologia: algumas considera\u00e7\u00f5es a partir de um exerc\u00edcio particular.\u201d<\/em><\/strong><br \/>\n<a href=\"https:\/\/wp.ufpel.edu.br\/maquinascorposegrafias\/vi-grunvald\/\">Vi Grunvald<\/a> (UFRGS)<\/p>\n<p style=\"text-align: justify;\"><strong>S\u00edntese da proposta: <\/strong>Em minha fala, a partir de um caso concreto, busco explorar algumas quest\u00f5es envolvidas nas pr\u00e1ticas de realiza\u00e7\u00e3o multimodal na antropologia, em especial, aquelas realizadas em processos colaborativos que conjugam t\u00e1ticas art\u00edsticas e etnogr\u00e1ficas, tratando quest\u00f5es sobre narrativa etnogr\u00e1fica transm\u00eddia, processos colaborativos e no\u00e7\u00f5es de autoria compartilhada e\/ou dispersa.<strong><br \/>\n<\/strong><\/p>\n","protected":false},"excerpt":{"rendered":"<p>Coordena\u00e7\u00e3o: Daniele Borges (PPGAnt\/ UFPel) Debatedor: Lisandro Moura (IFSul) Comunicadoras\/es: \u201cMemoria fotogr\u00e1fica de firmantes de paz en Colombia\u201d Luis Carlos Toro Tamayo e Miyer Johana Paniagua S\u00e1nchez (UdeA. Col\u00f4mbia) S\u00edntese da proposta: Esta ponencia muestra im\u00e1genes fotogr\u00e1ficas y presenta las historias orales de personas que en el pasado estuvieron vinculadas a la guerra y que &hellip; <\/p>\n<p class=\"link-more\"><a href=\"https:\/\/wp.ufpel.edu.br\/maquinascorposegrafias\/mr-2\/\" class=\"more-link\">Continue lendo<span class=\"screen-reader-text\"> &#8220;MR 2- Po\u00e9ticas e sensorialidades etnogr\u00e1ficas: Antropologia em perspectiva multimodal&#8221;<\/span><\/a><\/p>\n","protected":false},"author":641,"featured_media":0,"parent":0,"menu_order":0,"comment_status":"closed","ping_status":"closed","template":"","meta":{"footnotes":""},"class_list":["post-429","page","type-page","status-publish","hentry"],"_links":{"self":[{"href":"https:\/\/wp.ufpel.edu.br\/maquinascorposegrafias\/wp-json\/wp\/v2\/pages\/429","targetHints":{"allow":["GET"]}}],"collection":[{"href":"https:\/\/wp.ufpel.edu.br\/maquinascorposegrafias\/wp-json\/wp\/v2\/pages"}],"about":[{"href":"https:\/\/wp.ufpel.edu.br\/maquinascorposegrafias\/wp-json\/wp\/v2\/types\/page"}],"author":[{"embeddable":true,"href":"https:\/\/wp.ufpel.edu.br\/maquinascorposegrafias\/wp-json\/wp\/v2\/users\/641"}],"replies":[{"embeddable":true,"href":"https:\/\/wp.ufpel.edu.br\/maquinascorposegrafias\/wp-json\/wp\/v2\/comments?post=429"}],"version-history":[{"count":7,"href":"https:\/\/wp.ufpel.edu.br\/maquinascorposegrafias\/wp-json\/wp\/v2\/pages\/429\/revisions"}],"predecessor-version":[{"id":495,"href":"https:\/\/wp.ufpel.edu.br\/maquinascorposegrafias\/wp-json\/wp\/v2\/pages\/429\/revisions\/495"}],"wp:attachment":[{"href":"https:\/\/wp.ufpel.edu.br\/maquinascorposegrafias\/wp-json\/wp\/v2\/media?parent=429"}],"curies":[{"name":"wp","href":"https:\/\/api.w.org\/{rel}","templated":true}]}}