{"id":413,"date":"2024-08-27T16:15:49","date_gmt":"2024-08-27T19:15:49","guid":{"rendered":"https:\/\/wp.ufpel.edu.br\/maquinascorposegrafias\/?page_id=413"},"modified":"2024-08-30T10:46:37","modified_gmt":"2024-08-30T13:46:37","slug":"of-4","status":"publish","type":"page","link":"https:\/\/wp.ufpel.edu.br\/maquinascorposegrafias\/of-4\/","title":{"rendered":"OF 4 &#8211; Oficina de roteiros: (con)fabula\u00e7\u00f5es entre cinema e antropologia"},"content":{"rendered":"<p>Prof\u00aa. Dr\u00aa Patricia Pinheiro<\/p>\n<p>20 vagas<\/p>\n<p style=\"text-align: justify;\">S\u00famula: Na oficina de roteiros: (con)fabula\u00e7\u00f5es tecnopo\u00e9ticas entre cinema e antropologia iremos abordar o processo criativo de escrita de roteiros de audiovisual nas conflu\u00eancias entre diferentes vozes e pr\u00e1ticas, aproximando antropologia e cinema. A partir dessas conflu\u00eancias, vamos olhar para processos de fabula\u00e7\u00e3o que borram fronteiras entre &#8220;fic\u00e7\u00e3o&#8221; e &#8220;realidade&#8221; e apontam para a valoriza\u00e7\u00e3o de outros imagin\u00e1rios que n\u00e3o os hegem\u00f4nicos.<\/p>\n<p>Local: LEPPAIS<\/p>\n","protected":false},"excerpt":{"rendered":"<p>Prof\u00aa. Dr\u00aa Patricia Pinheiro 20 vagas S\u00famula: Na oficina de roteiros: (con)fabula\u00e7\u00f5es tecnopo\u00e9ticas entre cinema e antropologia iremos abordar o processo criativo de escrita de roteiros de audiovisual nas conflu\u00eancias entre diferentes vozes e pr\u00e1ticas, aproximando antropologia e cinema. A partir dessas conflu\u00eancias, vamos olhar para processos de fabula\u00e7\u00e3o que borram fronteiras entre &#8220;fic\u00e7\u00e3o&#8221; e &hellip; <\/p>\n<p class=\"link-more\"><a href=\"https:\/\/wp.ufpel.edu.br\/maquinascorposegrafias\/of-4\/\" class=\"more-link\">Continue lendo<span class=\"screen-reader-text\"> &#8220;OF 4 &#8211; Oficina de roteiros: (con)fabula\u00e7\u00f5es entre cinema e antropologia&#8221;<\/span><\/a><\/p>\n","protected":false},"author":641,"featured_media":0,"parent":0,"menu_order":0,"comment_status":"closed","ping_status":"closed","template":"","meta":{"footnotes":""},"class_list":["post-413","page","type-page","status-publish","hentry"],"_links":{"self":[{"href":"https:\/\/wp.ufpel.edu.br\/maquinascorposegrafias\/wp-json\/wp\/v2\/pages\/413","targetHints":{"allow":["GET"]}}],"collection":[{"href":"https:\/\/wp.ufpel.edu.br\/maquinascorposegrafias\/wp-json\/wp\/v2\/pages"}],"about":[{"href":"https:\/\/wp.ufpel.edu.br\/maquinascorposegrafias\/wp-json\/wp\/v2\/types\/page"}],"author":[{"embeddable":true,"href":"https:\/\/wp.ufpel.edu.br\/maquinascorposegrafias\/wp-json\/wp\/v2\/users\/641"}],"replies":[{"embeddable":true,"href":"https:\/\/wp.ufpel.edu.br\/maquinascorposegrafias\/wp-json\/wp\/v2\/comments?post=413"}],"version-history":[{"count":2,"href":"https:\/\/wp.ufpel.edu.br\/maquinascorposegrafias\/wp-json\/wp\/v2\/pages\/413\/revisions"}],"predecessor-version":[{"id":456,"href":"https:\/\/wp.ufpel.edu.br\/maquinascorposegrafias\/wp-json\/wp\/v2\/pages\/413\/revisions\/456"}],"wp:attachment":[{"href":"https:\/\/wp.ufpel.edu.br\/maquinascorposegrafias\/wp-json\/wp\/v2\/media?parent=413"}],"curies":[{"name":"wp","href":"https:\/\/api.w.org\/{rel}","templated":true}]}}