{"id":411,"date":"2024-08-27T16:12:48","date_gmt":"2024-08-27T19:12:48","guid":{"rendered":"https:\/\/wp.ufpel.edu.br\/maquinascorposegrafias\/?page_id=411"},"modified":"2024-08-27T16:12:48","modified_gmt":"2024-08-27T19:12:48","slug":"of-3","status":"publish","type":"page","link":"https:\/\/wp.ufpel.edu.br\/maquinascorposegrafias\/of-3\/","title":{"rendered":"OF 3 &#8211; Desafios da Intelig\u00eancia Artificial na Produ\u00e7\u00e3o de Conhecimento em Antropologia"},"content":{"rendered":"<p>Prof\u00aa. Dr\u00aa. Juliane Helanski (Unicamp)<\/p>\n<p>20 vagas<\/p>\n<p style=\"text-align: justify;\">S\u00famula: A oficina busca refletir sobre os desafios da Intelig\u00eancia Artificial (IA) na produ\u00e7\u00e3o de conhecimento em Antropologia, abordando seus impactos nas concep\u00e7\u00f5es de intelig\u00eancia e artificialidade, al\u00e9m das quest\u00f5es \u00e9ticas e pol\u00edticas envolvidas. Neste sentido, a intelig\u00eancia, seja humana ou artificial, deve ser vista como parte de processos que envolvem tanto entidades humanas quanto n\u00e3o humanas. Um dos principais desafios \u00e9 superar o antropocentrismo e repensar a rela\u00e7\u00e3o humana com a tecnologia, promovendo uma vis\u00e3o que integra diferentes &#8220;cosmot\u00e9cnicas&#8221; e que favore\u00e7a uma abordagem \u00e9tica sustent\u00e1vel. A reflex\u00e3o enfatiza a import\u00e2ncia da educa\u00e7\u00e3o tecnol\u00f3gica e de enfrentar as quest\u00f5es com uma postura colaborativa, buscando criar alian\u00e7as em benef\u00edcio das comunidades de seres vivos, conforme sugerido por te\u00f3ricos como Bruno Latour, Yuk Hui, Isabelle Stengers, e Donna Haraway.<\/p>\n<p>Local: a definir<\/p>\n","protected":false},"excerpt":{"rendered":"<p>Prof\u00aa. Dr\u00aa. Juliane Helanski (Unicamp) 20 vagas S\u00famula: A oficina busca refletir sobre os desafios da Intelig\u00eancia Artificial (IA) na produ\u00e7\u00e3o de conhecimento em Antropologia, abordando seus impactos nas concep\u00e7\u00f5es de intelig\u00eancia e artificialidade, al\u00e9m das quest\u00f5es \u00e9ticas e pol\u00edticas envolvidas. Neste sentido, a intelig\u00eancia, seja humana ou artificial, deve ser vista como parte de &hellip; <\/p>\n<p class=\"link-more\"><a href=\"https:\/\/wp.ufpel.edu.br\/maquinascorposegrafias\/of-3\/\" class=\"more-link\">Continue lendo<span class=\"screen-reader-text\"> &#8220;OF 3 &#8211; Desafios da Intelig\u00eancia Artificial na Produ\u00e7\u00e3o de Conhecimento em Antropologia&#8221;<\/span><\/a><\/p>\n","protected":false},"author":641,"featured_media":0,"parent":0,"menu_order":0,"comment_status":"closed","ping_status":"closed","template":"","meta":{"footnotes":""},"class_list":["post-411","page","type-page","status-publish","hentry"],"_links":{"self":[{"href":"https:\/\/wp.ufpel.edu.br\/maquinascorposegrafias\/wp-json\/wp\/v2\/pages\/411","targetHints":{"allow":["GET"]}}],"collection":[{"href":"https:\/\/wp.ufpel.edu.br\/maquinascorposegrafias\/wp-json\/wp\/v2\/pages"}],"about":[{"href":"https:\/\/wp.ufpel.edu.br\/maquinascorposegrafias\/wp-json\/wp\/v2\/types\/page"}],"author":[{"embeddable":true,"href":"https:\/\/wp.ufpel.edu.br\/maquinascorposegrafias\/wp-json\/wp\/v2\/users\/641"}],"replies":[{"embeddable":true,"href":"https:\/\/wp.ufpel.edu.br\/maquinascorposegrafias\/wp-json\/wp\/v2\/comments?post=411"}],"version-history":[{"count":1,"href":"https:\/\/wp.ufpel.edu.br\/maquinascorposegrafias\/wp-json\/wp\/v2\/pages\/411\/revisions"}],"predecessor-version":[{"id":412,"href":"https:\/\/wp.ufpel.edu.br\/maquinascorposegrafias\/wp-json\/wp\/v2\/pages\/411\/revisions\/412"}],"wp:attachment":[{"href":"https:\/\/wp.ufpel.edu.br\/maquinascorposegrafias\/wp-json\/wp\/v2\/media?parent=411"}],"curies":[{"name":"wp","href":"https:\/\/api.w.org\/{rel}","templated":true}]}}