{"id":409,"date":"2024-08-27T16:10:36","date_gmt":"2024-08-27T19:10:36","guid":{"rendered":"https:\/\/wp.ufpel.edu.br\/maquinascorposegrafias\/?page_id=409"},"modified":"2024-08-27T16:10:36","modified_gmt":"2024-08-27T19:10:36","slug":"of-2","status":"publish","type":"page","link":"https:\/\/wp.ufpel.edu.br\/maquinascorposegrafias\/of-2\/","title":{"rendered":"OF 2 &#8211; Fundamentos de IA Generativa e Maquina\u00e7\u00f5es Imag\u00e9ticas"},"content":{"rendered":"<p>Prof\u00aa. Dr\u00aa. Daniele Borges (PPGAnt\/UFPel)<br \/>\nProf. Dr. Guilherme Corr\u00eaa (PPGC\/UFPel)<br \/>\nProf\u00aa. Dr\u00aa. Brenda Salenave Santana (PPGC\/UFPel)<\/p>\n<p>Turma 1: 24 vagas<br \/>\nTurma 2: 24 vagas<\/p>\n<p style=\"text-align: justify;\">S\u00famula: Esta oficina oferece uma imers\u00e3o te\u00f3rica, pr\u00e1tica e especulativa, desenvolvida em tr\u00eas etapas. Na primeira parte, exploraremos os fundamentos da intelig\u00eancia artificial e do processamento de imagens, com foco em \u00e1reas como processamento de linguagem natural, IA generativa e aprendizado profundo (deep learning). Na segunda etapa, apresentaremos as principais ferramentas utilizadas para a gera\u00e7\u00e3o de imagens a partir de prompts textuais, proporcionando aos participantes a oportunidade de experiment\u00e1-las em contextos controlados propostos pelos ministrantes. Por fim, na terceira parte, desafiaremos os limites do previs\u00edvel, convidando os participantes a refletir sobre a ideia de &#8216;maquina\u00e7\u00e3o&#8217; em uma a\u00e7\u00e3o po\u00e9tica que explora as potencialidades e os limites da imagina\u00e7\u00e3o mediada por m\u00e1quinas, criando pequenas narrativas ficcionais a partir das imagens geradas por IA.<\/p>\n<p>Local: a definir<\/p>\n","protected":false},"excerpt":{"rendered":"<p>Prof\u00aa. Dr\u00aa. Daniele Borges (PPGAnt\/UFPel) Prof. Dr. Guilherme Corr\u00eaa (PPGC\/UFPel) Prof\u00aa. Dr\u00aa. Brenda Salenave Santana (PPGC\/UFPel) Turma 1: 24 vagas Turma 2: 24 vagas S\u00famula: Esta oficina oferece uma imers\u00e3o te\u00f3rica, pr\u00e1tica e especulativa, desenvolvida em tr\u00eas etapas. Na primeira parte, exploraremos os fundamentos da intelig\u00eancia artificial e do processamento de imagens, com foco em &hellip; <\/p>\n<p class=\"link-more\"><a href=\"https:\/\/wp.ufpel.edu.br\/maquinascorposegrafias\/of-2\/\" class=\"more-link\">Continue lendo<span class=\"screen-reader-text\"> &#8220;OF 2 &#8211; Fundamentos de IA Generativa e Maquina\u00e7\u00f5es Imag\u00e9ticas&#8221;<\/span><\/a><\/p>\n","protected":false},"author":641,"featured_media":0,"parent":0,"menu_order":0,"comment_status":"closed","ping_status":"closed","template":"","meta":{"footnotes":""},"class_list":["post-409","page","type-page","status-publish","hentry"],"_links":{"self":[{"href":"https:\/\/wp.ufpel.edu.br\/maquinascorposegrafias\/wp-json\/wp\/v2\/pages\/409","targetHints":{"allow":["GET"]}}],"collection":[{"href":"https:\/\/wp.ufpel.edu.br\/maquinascorposegrafias\/wp-json\/wp\/v2\/pages"}],"about":[{"href":"https:\/\/wp.ufpel.edu.br\/maquinascorposegrafias\/wp-json\/wp\/v2\/types\/page"}],"author":[{"embeddable":true,"href":"https:\/\/wp.ufpel.edu.br\/maquinascorposegrafias\/wp-json\/wp\/v2\/users\/641"}],"replies":[{"embeddable":true,"href":"https:\/\/wp.ufpel.edu.br\/maquinascorposegrafias\/wp-json\/wp\/v2\/comments?post=409"}],"version-history":[{"count":1,"href":"https:\/\/wp.ufpel.edu.br\/maquinascorposegrafias\/wp-json\/wp\/v2\/pages\/409\/revisions"}],"predecessor-version":[{"id":410,"href":"https:\/\/wp.ufpel.edu.br\/maquinascorposegrafias\/wp-json\/wp\/v2\/pages\/409\/revisions\/410"}],"wp:attachment":[{"href":"https:\/\/wp.ufpel.edu.br\/maquinascorposegrafias\/wp-json\/wp\/v2\/media?parent=409"}],"curies":[{"name":"wp","href":"https:\/\/api.w.org\/{rel}","templated":true}]}}