{"id":405,"date":"2024-08-27T16:06:57","date_gmt":"2024-08-27T19:06:57","guid":{"rendered":"https:\/\/wp.ufpel.edu.br\/maquinascorposegrafias\/?page_id=405"},"modified":"2024-08-27T16:37:27","modified_gmt":"2024-08-27T19:37:27","slug":"of-1","status":"publish","type":"page","link":"https:\/\/wp.ufpel.edu.br\/maquinascorposegrafias\/of-1\/","title":{"rendered":"OF 1 &#8211; Computa\u00e7\u00e3o Afetiva e Intera\u00e7\u00e3o Multimodal"},"content":{"rendered":"<p>Prof\u00aa. Dr\u00aa. Adriane Borda (PROGRAU\/UFPel)<br \/>\nProf. Dr. Vinicius Costa (IFSul)<\/p>\n<p>Turma 1: 20 vagas<br \/>\nTurma 2: 20 vagas<\/p>\n<p style=\"text-align: justify;\">S\u00famula: Oficina Computa\u00e7\u00e3o Afetiva e Intera\u00e7\u00e3o Multimodal: abordagem conceitual e pr\u00e1tica a partir de fundamentos para o projeto e uso de aplicativos para uma mesa tang\u00edvel.<\/p>\n<p>Local: Museu do Doce<\/p>\n","protected":false},"excerpt":{"rendered":"<p>Prof\u00aa. Dr\u00aa. Adriane Borda (PROGRAU\/UFPel) Prof. Dr. Vinicius Costa (IFSul) Turma 1: 20 vagas Turma 2: 20 vagas S\u00famula: Oficina Computa\u00e7\u00e3o Afetiva e Intera\u00e7\u00e3o Multimodal: abordagem conceitual e pr\u00e1tica a partir de fundamentos para o projeto e uso de aplicativos para uma mesa tang\u00edvel. Local: Museu do Doce<\/p>\n","protected":false},"author":641,"featured_media":0,"parent":0,"menu_order":0,"comment_status":"closed","ping_status":"closed","template":"","meta":{"footnotes":""},"class_list":["post-405","page","type-page","status-publish","hentry"],"_links":{"self":[{"href":"https:\/\/wp.ufpel.edu.br\/maquinascorposegrafias\/wp-json\/wp\/v2\/pages\/405","targetHints":{"allow":["GET"]}}],"collection":[{"href":"https:\/\/wp.ufpel.edu.br\/maquinascorposegrafias\/wp-json\/wp\/v2\/pages"}],"about":[{"href":"https:\/\/wp.ufpel.edu.br\/maquinascorposegrafias\/wp-json\/wp\/v2\/types\/page"}],"author":[{"embeddable":true,"href":"https:\/\/wp.ufpel.edu.br\/maquinascorposegrafias\/wp-json\/wp\/v2\/users\/641"}],"replies":[{"embeddable":true,"href":"https:\/\/wp.ufpel.edu.br\/maquinascorposegrafias\/wp-json\/wp\/v2\/comments?post=405"}],"version-history":[{"count":2,"href":"https:\/\/wp.ufpel.edu.br\/maquinascorposegrafias\/wp-json\/wp\/v2\/pages\/405\/revisions"}],"predecessor-version":[{"id":418,"href":"https:\/\/wp.ufpel.edu.br\/maquinascorposegrafias\/wp-json\/wp\/v2\/pages\/405\/revisions\/418"}],"wp:attachment":[{"href":"https:\/\/wp.ufpel.edu.br\/maquinascorposegrafias\/wp-json\/wp\/v2\/media?parent=405"}],"curies":[{"name":"wp","href":"https:\/\/api.w.org\/{rel}","templated":true}]}}