{"id":392,"date":"2024-08-26T15:53:03","date_gmt":"2024-08-26T18:53:03","guid":{"rendered":"https:\/\/wp.ufpel.edu.br\/maquinascorposegrafias\/?page_id=392"},"modified":"2024-08-26T15:53:03","modified_gmt":"2024-08-26T18:53:03","slug":"vinicius-kruger-da-costa","status":"publish","type":"page","link":"https:\/\/wp.ufpel.edu.br\/maquinascorposegrafias\/vinicius-kruger-da-costa\/","title":{"rendered":"Vinicius Kruger da Costa"},"content":{"rendered":"<p style=\"text-align: justify;\"><img loading=\"lazy\" decoding=\"async\" class=\"alignright size-thumbnail wp-image-393\" src=\"https:\/\/wp.ufpel.edu.br\/maquinascorposegrafias\/files\/2024\/08\/Vinicius-Costa-200x200.jpg\" alt=\"\" width=\"200\" height=\"200\" srcset=\"https:\/\/wp.ufpel.edu.br\/maquinascorposegrafias\/files\/2024\/08\/Vinicius-Costa-200x200.jpg 200w, https:\/\/wp.ufpel.edu.br\/maquinascorposegrafias\/files\/2024\/08\/Vinicius-Costa-100x100.jpg 100w\" sizes=\"auto, (max-width: 200px) 100vw, 200px\" \/>Doutor em Ci\u00eancia da Computa\u00e7\u00e3o (UFPel) com trabalho desenvolvido na \u00e1rea de Intera\u00e7\u00e3o Humano-Computador (IHC), focado em Interfaces Tang\u00edveis do Usu\u00e1rio, especificamente mesas tang\u00edveis. Possui especializa\u00e7\u00f5es em Gerenciamento de Projetos pela FATec Pelotas e em Educa\u00e7\u00e3o Profissional (hab. Doc\u00eancia) pelo IFSul, Bacharel em Design Gr\u00e1fico pela UFPel. Tem experi\u00eancia em diversos campos de atua\u00e7\u00e3o do Design e Tecnologia, com maior \u00eanfase em Design Digital, atuando principalmente nos seguintes temas: design de intera\u00e7\u00e3o, intera\u00e7\u00e3o humano-computador, arquitetura de informa\u00e7\u00e3o e design de informa\u00e7\u00e3o. Atua desde 2012 como professor do Instituto Federal Sul-rio-grandense (IFSul) Campus Pelotas nos cursos de Bacharelado em Design e no curso t\u00e9cnico em Design Gr\u00e1fico em disciplinas ligadas aos temas de pesquisa relacionados.<\/p>\n","protected":false},"excerpt":{"rendered":"<p>Doutor em Ci\u00eancia da Computa\u00e7\u00e3o (UFPel) com trabalho desenvolvido na \u00e1rea de Intera\u00e7\u00e3o Humano-Computador (IHC), focado em Interfaces Tang\u00edveis do Usu\u00e1rio, especificamente mesas tang\u00edveis. Possui especializa\u00e7\u00f5es em Gerenciamento de Projetos pela FATec Pelotas e em Educa\u00e7\u00e3o Profissional (hab. Doc\u00eancia) pelo IFSul, Bacharel em Design Gr\u00e1fico pela UFPel. Tem experi\u00eancia em diversos campos de atua\u00e7\u00e3o do &hellip; <\/p>\n<p class=\"link-more\"><a href=\"https:\/\/wp.ufpel.edu.br\/maquinascorposegrafias\/vinicius-kruger-da-costa\/\" class=\"more-link\">Continue lendo<span class=\"screen-reader-text\"> &#8220;Vinicius Kruger da Costa&#8221;<\/span><\/a><\/p>\n","protected":false},"author":641,"featured_media":0,"parent":0,"menu_order":0,"comment_status":"closed","ping_status":"closed","template":"","meta":{"footnotes":""},"class_list":["post-392","page","type-page","status-publish","hentry"],"_links":{"self":[{"href":"https:\/\/wp.ufpel.edu.br\/maquinascorposegrafias\/wp-json\/wp\/v2\/pages\/392","targetHints":{"allow":["GET"]}}],"collection":[{"href":"https:\/\/wp.ufpel.edu.br\/maquinascorposegrafias\/wp-json\/wp\/v2\/pages"}],"about":[{"href":"https:\/\/wp.ufpel.edu.br\/maquinascorposegrafias\/wp-json\/wp\/v2\/types\/page"}],"author":[{"embeddable":true,"href":"https:\/\/wp.ufpel.edu.br\/maquinascorposegrafias\/wp-json\/wp\/v2\/users\/641"}],"replies":[{"embeddable":true,"href":"https:\/\/wp.ufpel.edu.br\/maquinascorposegrafias\/wp-json\/wp\/v2\/comments?post=392"}],"version-history":[{"count":1,"href":"https:\/\/wp.ufpel.edu.br\/maquinascorposegrafias\/wp-json\/wp\/v2\/pages\/392\/revisions"}],"predecessor-version":[{"id":394,"href":"https:\/\/wp.ufpel.edu.br\/maquinascorposegrafias\/wp-json\/wp\/v2\/pages\/392\/revisions\/394"}],"wp:attachment":[{"href":"https:\/\/wp.ufpel.edu.br\/maquinascorposegrafias\/wp-json\/wp\/v2\/media?parent=392"}],"curies":[{"name":"wp","href":"https:\/\/api.w.org\/{rel}","templated":true}]}}