{"id":388,"date":"2024-08-26T15:51:26","date_gmt":"2024-08-26T18:51:26","guid":{"rendered":"https:\/\/wp.ufpel.edu.br\/maquinascorposegrafias\/?page_id=388"},"modified":"2024-08-27T11:20:14","modified_gmt":"2024-08-27T14:20:14","slug":"adriane-borda","status":"publish","type":"page","link":"https:\/\/wp.ufpel.edu.br\/maquinascorposegrafias\/adriane-borda\/","title":{"rendered":"ADRIANE BORDA ALMEIDA DA SILVA"},"content":{"rendered":"<p style=\"text-align: justify;\"><img loading=\"lazy\" decoding=\"async\" class=\"alignright size-full wp-image-390\" src=\"https:\/\/wp.ufpel.edu.br\/maquinascorposegrafias\/files\/2024\/08\/Adriane-Borda.jpg\" alt=\"\" width=\"200\" height=\"200\" srcset=\"https:\/\/wp.ufpel.edu.br\/maquinascorposegrafias\/files\/2024\/08\/Adriane-Borda.jpg 200w, https:\/\/wp.ufpel.edu.br\/maquinascorposegrafias\/files\/2024\/08\/Adriane-Borda-100x100.jpg 100w\" sizes=\"auto, (max-width: 200px) 100vw, 200px\" \/>Professora Titular da UFPel (1994 &#8211; atual), atuando na gradua\u00e7\u00e3o em Arquitetura e Urbanismo, na P\u00f3s Gradua\u00e7\u00e3o em Arquitetura e Urbanismo (PROGRAU) e na Especializa\u00e7\u00e3o em Gr\u00e1fica Digital. Lidera o Grupo de Estudos de Ensino\/aprendizagem de Gr\u00e1fica Digital (GEGRADI), criado em 2002. Graduada em Arquitetura e Urbanismo\/ UFPel (1983) com Complementa\u00e7\u00e3o Pedag\u00f3gica pela UFPel (1987), mestre em Arquitetura pelo PROARQ\/Conforto Ambiental\/UFRJ (1993), doutora em Filosofia e Ci\u00eancias da Educa\u00e7\u00e3o, UNIZAR\/ES (2001), t\u00edtulo reconhecido pela UFRGS. P\u00f3s doutorado no Departamento de Arquitetura da KULeuven\/B\u00e9lgica (2009) e no Departamento de Inform\u00e1tica e Engenharia de Sistemas junto ao Grupo de Investiga\u00e7\u00e3o de Interfaces Avan\u00e7adas(AffectiveLab) da UNIZAR\/Zaragoza\/Espanha (2019\/2020). Atua com o desenvolvimento de interfaces f\u00edsicas e digitais, l\u00fadicas, interativas e inclusivas para a promo\u00e7\u00e3o do di\u00e1logo em processos projetuais, educativos e culturais, participativos e intergeracionais; representa\u00e7\u00f5es f\u00edsicas das diferentes escalas urbanas e do arquitet\u00f4nico, a partir da associa\u00e7\u00e3o de fotogrametria e fabrica\u00e7\u00e3o digital.<\/p>\n","protected":false},"excerpt":{"rendered":"<p>Professora Titular da UFPel (1994 &#8211; atual), atuando na gradua\u00e7\u00e3o em Arquitetura e Urbanismo, na P\u00f3s Gradua\u00e7\u00e3o em Arquitetura e Urbanismo (PROGRAU) e na Especializa\u00e7\u00e3o em Gr\u00e1fica Digital. Lidera o Grupo de Estudos de Ensino\/aprendizagem de Gr\u00e1fica Digital (GEGRADI), criado em 2002. Graduada em Arquitetura e Urbanismo\/ UFPel (1983) com Complementa\u00e7\u00e3o Pedag\u00f3gica pela UFPel (1987), &hellip; <\/p>\n<p class=\"link-more\"><a href=\"https:\/\/wp.ufpel.edu.br\/maquinascorposegrafias\/adriane-borda\/\" class=\"more-link\">Continue lendo<span class=\"screen-reader-text\"> &#8220;ADRIANE BORDA ALMEIDA DA SILVA&#8221;<\/span><\/a><\/p>\n","protected":false},"author":641,"featured_media":0,"parent":0,"menu_order":0,"comment_status":"closed","ping_status":"closed","template":"","meta":{"footnotes":""},"class_list":["post-388","page","type-page","status-publish","hentry"],"_links":{"self":[{"href":"https:\/\/wp.ufpel.edu.br\/maquinascorposegrafias\/wp-json\/wp\/v2\/pages\/388","targetHints":{"allow":["GET"]}}],"collection":[{"href":"https:\/\/wp.ufpel.edu.br\/maquinascorposegrafias\/wp-json\/wp\/v2\/pages"}],"about":[{"href":"https:\/\/wp.ufpel.edu.br\/maquinascorposegrafias\/wp-json\/wp\/v2\/types\/page"}],"author":[{"embeddable":true,"href":"https:\/\/wp.ufpel.edu.br\/maquinascorposegrafias\/wp-json\/wp\/v2\/users\/641"}],"replies":[{"embeddable":true,"href":"https:\/\/wp.ufpel.edu.br\/maquinascorposegrafias\/wp-json\/wp\/v2\/comments?post=388"}],"version-history":[{"count":2,"href":"https:\/\/wp.ufpel.edu.br\/maquinascorposegrafias\/wp-json\/wp\/v2\/pages\/388\/revisions"}],"predecessor-version":[{"id":399,"href":"https:\/\/wp.ufpel.edu.br\/maquinascorposegrafias\/wp-json\/wp\/v2\/pages\/388\/revisions\/399"}],"wp:attachment":[{"href":"https:\/\/wp.ufpel.edu.br\/maquinascorposegrafias\/wp-json\/wp\/v2\/media?parent=388"}],"curies":[{"name":"wp","href":"https:\/\/api.w.org\/{rel}","templated":true}]}}