{"id":385,"date":"2024-08-26T15:48:48","date_gmt":"2024-08-26T18:48:48","guid":{"rendered":"https:\/\/wp.ufpel.edu.br\/maquinascorposegrafias\/?page_id=385"},"modified":"2024-08-28T14:38:17","modified_gmt":"2024-08-28T17:38:17","slug":"jose-abalos-jr","status":"publish","type":"page","link":"https:\/\/wp.ufpel.edu.br\/maquinascorposegrafias\/jose-abalos-jr\/","title":{"rendered":"JOS\u00c9 LU\u00cdS ABALOS J\u00daNIOR"},"content":{"rendered":"<p style=\"text-align: justify;\"><img loading=\"lazy\" decoding=\"async\" class=\"alignright size-thumbnail wp-image-386\" src=\"https:\/\/wp.ufpel.edu.br\/maquinascorposegrafias\/files\/2024\/08\/Jose-Abalos2-200x200.jpg\" alt=\"\" width=\"200\" height=\"200\" srcset=\"https:\/\/wp.ufpel.edu.br\/maquinascorposegrafias\/files\/2024\/08\/Jose-Abalos2-200x200.jpg 200w, https:\/\/wp.ufpel.edu.br\/maquinascorposegrafias\/files\/2024\/08\/Jose-Abalos2-1193x1200.jpg 1193w, https:\/\/wp.ufpel.edu.br\/maquinascorposegrafias\/files\/2024\/08\/Jose-Abalos2-100x100.jpg 100w\" sizes=\"auto, (max-width: 200px) 100vw, 200px\" \/>Doutor em Antropologia Social (UFRGS) e especialista em M\u00e9todos y T\u00e9cnicas de Investigaci\u00f3n Social (CLACSO). Realizou per\u00edodos de estudos doutorais e p\u00f3s-doutorais entre Porto Alegre, Lisboa e Buenos Aires. Atualmente reliza um est\u00e1gio P\u00f3s-Doutoral no\u00a0Programa de P\u00f3s-Gradua\u00e7\u00e3o em Antropologia (PPGANT), da Universidade Federal de Pelotas (UFPEL) e\u00a0comp\u00f5e a equipe de coordena\u00e7\u00e3o do GT &#8220;Antropolog\u00eda en lo urbano, etnograf\u00edas en las ciudades&#8221; da Asociaci\u00f3n Latinoamericana de Antropologia (ALA). Atua principalmente nos seguintes temas: arte urbana e distritos criativos, direito \u00e0 cidade e gentrifica\u00e7\u00e3o, imagem e experimenta\u00e7\u00f5es etnogr\u00e1ficas, ensino de sociologia e metodologias qualitativas de pesquisa social.<\/p>\n","protected":false},"excerpt":{"rendered":"<p>Doutor em Antropologia Social (UFRGS) e especialista em M\u00e9todos y T\u00e9cnicas de Investigaci\u00f3n Social (CLACSO). Realizou per\u00edodos de estudos doutorais e p\u00f3s-doutorais entre Porto Alegre, Lisboa e Buenos Aires. Atualmente reliza um est\u00e1gio P\u00f3s-Doutoral no\u00a0Programa de P\u00f3s-Gradua\u00e7\u00e3o em Antropologia (PPGANT), da Universidade Federal de Pelotas (UFPEL) e\u00a0comp\u00f5e a equipe de coordena\u00e7\u00e3o do GT &#8220;Antropolog\u00eda en &hellip; <\/p>\n<p class=\"link-more\"><a href=\"https:\/\/wp.ufpel.edu.br\/maquinascorposegrafias\/jose-abalos-jr\/\" class=\"more-link\">Continue lendo<span class=\"screen-reader-text\"> &#8220;JOS\u00c9 LU\u00cdS ABALOS J\u00daNIOR&#8221;<\/span><\/a><\/p>\n","protected":false},"author":641,"featured_media":0,"parent":0,"menu_order":0,"comment_status":"closed","ping_status":"closed","template":"","meta":{"footnotes":""},"class_list":["post-385","page","type-page","status-publish","hentry"],"_links":{"self":[{"href":"https:\/\/wp.ufpel.edu.br\/maquinascorposegrafias\/wp-json\/wp\/v2\/pages\/385","targetHints":{"allow":["GET"]}}],"collection":[{"href":"https:\/\/wp.ufpel.edu.br\/maquinascorposegrafias\/wp-json\/wp\/v2\/pages"}],"about":[{"href":"https:\/\/wp.ufpel.edu.br\/maquinascorposegrafias\/wp-json\/wp\/v2\/types\/page"}],"author":[{"embeddable":true,"href":"https:\/\/wp.ufpel.edu.br\/maquinascorposegrafias\/wp-json\/wp\/v2\/users\/641"}],"replies":[{"embeddable":true,"href":"https:\/\/wp.ufpel.edu.br\/maquinascorposegrafias\/wp-json\/wp\/v2\/comments?post=385"}],"version-history":[{"count":2,"href":"https:\/\/wp.ufpel.edu.br\/maquinascorposegrafias\/wp-json\/wp\/v2\/pages\/385\/revisions"}],"predecessor-version":[{"id":427,"href":"https:\/\/wp.ufpel.edu.br\/maquinascorposegrafias\/wp-json\/wp\/v2\/pages\/385\/revisions\/427"}],"wp:attachment":[{"href":"https:\/\/wp.ufpel.edu.br\/maquinascorposegrafias\/wp-json\/wp\/v2\/media?parent=385"}],"curies":[{"name":"wp","href":"https:\/\/api.w.org\/{rel}","templated":true}]}}