{"id":360,"date":"2024-08-21T14:17:36","date_gmt":"2024-08-21T17:17:36","guid":{"rendered":"https:\/\/wp.ufpel.edu.br\/maquinascorposegrafias\/?page_id=360"},"modified":"2024-08-21T14:17:36","modified_gmt":"2024-08-21T17:17:36","slug":"viniciuspinto","status":"publish","type":"page","link":"https:\/\/wp.ufpel.edu.br\/maquinascorposegrafias\/viniciuspinto\/","title":{"rendered":"VIN\u00cdCIUS TEIXEIRA PINTO"},"content":{"rendered":"<p style=\"text-align: justify;\"><img loading=\"lazy\" decoding=\"async\" class=\"alignright size-thumbnail wp-image-361\" src=\"https:\/\/wp.ufpel.edu.br\/maquinascorposegrafias\/files\/2024\/08\/Vinicius-Teixeira-Pinto-200x200.jpg\" alt=\"\" width=\"200\" height=\"200\" srcset=\"https:\/\/wp.ufpel.edu.br\/maquinascorposegrafias\/files\/2024\/08\/Vinicius-Teixeira-Pinto-200x200.jpg 200w, https:\/\/wp.ufpel.edu.br\/maquinascorposegrafias\/files\/2024\/08\/Vinicius-Teixeira-Pinto-1198x1200.jpg 1198w, https:\/\/wp.ufpel.edu.br\/maquinascorposegrafias\/files\/2024\/08\/Vinicius-Teixeira-Pinto-100x100.jpg 100w\" sizes=\"auto, (max-width: 200px) 100vw, 200px\" \/>Professor substituto do Departamento de Antropologia e Arqueologia da Universidade Federal de Pelotas (DAA\/UFPel). Doutor em Antropologia Social pela Universidade Federal do Rio Grande do Sul (PPGAS\/UFRGS) e integrante do Grupo de Antropologia da Economia e da Pol\u00edtica (GAEP) na mesma institui\u00e7\u00e3o. Tem experi\u00eancia nas \u00e1reas de antropologia pol\u00edtica, antropologia da m\u00fasica e antropologia dos esportes. Suas pesquisas abordam temas como os estudos do futebol, os clubes esportivos e as torcidas organizadas, as formas de participa\u00e7\u00e3o pol\u00edtica, a democracia e a cidadania.<\/p>\n","protected":false},"excerpt":{"rendered":"<p>Professor substituto do Departamento de Antropologia e Arqueologia da Universidade Federal de Pelotas (DAA\/UFPel). Doutor em Antropologia Social pela Universidade Federal do Rio Grande do Sul (PPGAS\/UFRGS) e integrante do Grupo de Antropologia da Economia e da Pol\u00edtica (GAEP) na mesma institui\u00e7\u00e3o. Tem experi\u00eancia nas \u00e1reas de antropologia pol\u00edtica, antropologia da m\u00fasica e antropologia dos &hellip; <\/p>\n<p class=\"link-more\"><a href=\"https:\/\/wp.ufpel.edu.br\/maquinascorposegrafias\/viniciuspinto\/\" class=\"more-link\">Continue lendo<span class=\"screen-reader-text\"> &#8220;VIN\u00cdCIUS TEIXEIRA PINTO&#8221;<\/span><\/a><\/p>\n","protected":false},"author":641,"featured_media":0,"parent":0,"menu_order":0,"comment_status":"closed","ping_status":"closed","template":"","meta":{"footnotes":""},"class_list":["post-360","page","type-page","status-publish","hentry"],"_links":{"self":[{"href":"https:\/\/wp.ufpel.edu.br\/maquinascorposegrafias\/wp-json\/wp\/v2\/pages\/360","targetHints":{"allow":["GET"]}}],"collection":[{"href":"https:\/\/wp.ufpel.edu.br\/maquinascorposegrafias\/wp-json\/wp\/v2\/pages"}],"about":[{"href":"https:\/\/wp.ufpel.edu.br\/maquinascorposegrafias\/wp-json\/wp\/v2\/types\/page"}],"author":[{"embeddable":true,"href":"https:\/\/wp.ufpel.edu.br\/maquinascorposegrafias\/wp-json\/wp\/v2\/users\/641"}],"replies":[{"embeddable":true,"href":"https:\/\/wp.ufpel.edu.br\/maquinascorposegrafias\/wp-json\/wp\/v2\/comments?post=360"}],"version-history":[{"count":1,"href":"https:\/\/wp.ufpel.edu.br\/maquinascorposegrafias\/wp-json\/wp\/v2\/pages\/360\/revisions"}],"predecessor-version":[{"id":362,"href":"https:\/\/wp.ufpel.edu.br\/maquinascorposegrafias\/wp-json\/wp\/v2\/pages\/360\/revisions\/362"}],"wp:attachment":[{"href":"https:\/\/wp.ufpel.edu.br\/maquinascorposegrafias\/wp-json\/wp\/v2\/media?parent=360"}],"curies":[{"name":"wp","href":"https:\/\/api.w.org\/{rel}","templated":true}]}}