{"id":331,"date":"2024-08-19T17:03:32","date_gmt":"2024-08-19T20:03:32","guid":{"rendered":"https:\/\/wp.ufpel.edu.br\/maquinascorposegrafias\/?page_id=331"},"modified":"2024-08-28T13:16:54","modified_gmt":"2024-08-28T16:16:54","slug":"chamada-mostra","status":"publish","type":"page","link":"https:\/\/wp.ufpel.edu.br\/maquinascorposegrafias\/chamada-mostra\/","title":{"rendered":"Trabalhos visuais, audiovisuais e performances"},"content":{"rendered":"<p style=\"text-align: justify;\"><b>Chamada para <\/b><b><i>Mostra Maquina\u00e7\u00f5es tecnopo\u00e9ticas<\/i><\/b><\/p>\n<p style=\"text-align: justify;\">A <i>Mostra Maquina\u00e7\u00f5es tecnopo\u00e9ticas<\/i>, de car\u00e1ter exclusivamente presencial, integra a programa\u00e7\u00e3o do Evento Internacional \u201cM\u00e1quinas, Corpos e Grafias: Media\u00e7\u00f5es Antropol\u00f3gicas sobre IA, Tecnopo\u00e9ticas e Sensorialidades\u201d e busca promover interlocu\u00e7\u00f5es entre a Antropologia e a Arte por meio de uma abordagem multimodal, entendendo as m\u00faltiplas linguagens e grafias como mediadoras das rela\u00e7\u00f5es, sejam elas entre humanos ou entre humanos e n\u00e3o-humanos-maqu\u00ednicos. Os di\u00e1logos abertos entre Antropologia e Arte nos permitem expandir nossas formas de a\u00e7\u00e3o e rela\u00e7\u00e3o com as comunidades com as quais estabelecemos correspond\u00eancias.<\/p>\n<p style=\"text-align: justify;\">As inscri\u00e7\u00f5es s\u00e3o gratuitas e devem ser feitas por meio de <a href=\"https:\/\/docs.google.com\/forms\/d\/e\/1FAIpQLSflHuePDoGJtYLXMRF4__vSYUtGFmiKjOi0skBoeT_qsqJd1g\/viewform\">formul\u00e1rio eletr\u00f4nico<\/a>. O prazo limite para o envio de propostas se encerra \u00e0s 23:59 do dia <strong><span style=\"color: #ff2200;\">09\/09\/2024<\/span><\/strong>.<\/p>\n<p style=\"text-align: justify;\">O <a href=\"https:\/\/docs.google.com\/forms\/d\/e\/1FAIpQLSflHuePDoGJtYLXMRF4__vSYUtGFmiKjOi0skBoeT_qsqJd1g\/viewform\">formul\u00e1rio<\/a> permite a inscri\u00e7\u00e3o de 01 (uma) proposta por vez. N\u00e3o h\u00e1 limite de inscri\u00e7\u00f5es. Ser\u00e3o selecionadas at\u00e9 10 trabalhos relacionados ao tema do evento, nas\u00a0 quatro modalidades a seguir 1) Po\u00e9ticas e outras grafias (instala\u00e7\u00e3o, fotografia, desenho, colagem, bordado, bricolagens, etc); 2) Performance\/interven\u00e7\u00e3o; 3) V\u00eddeo performance e V\u00eddeodan\u00e7a;\u00a0 4) Filme\/Document\u00e1rio\/Fotofilme.<\/p>\n<p style=\"text-align: justify;\">Os materiais para realiza\u00e7\u00e3o e montagem das obras s\u00e3o de responsabilidade das\/os\/es realizadoras\/es\/ies, mas uma equipe de apoio da organiza\u00e7\u00e3o do evento estar\u00e1 presente.<\/p>\n<p style=\"text-align: justify;\">A sele\u00e7\u00e3o dos trabalhos est\u00e1 a cargo da Comiss\u00e3o Cultural, composta por integrantes da organiza\u00e7\u00e3o do evento com experi\u00eancia em festivais e mostras de cunho antropol\u00f3gico e art\u00edstico, e seguir\u00e1 os seguintes crit\u00e9rios: 1) Qualidade narrativa; 2) Qualidade est\u00e9tica; 3) Inova\u00e7\u00e3o; 4) Di\u00e1logo com o tema do evento; 5) Originalidade; 6) Respeito a valores de promo\u00e7\u00e3o de uma sociedade mais democr\u00e1tica e inclusiva.<\/p>\n<p style=\"text-align: justify;\">A\u00a0 divulga\u00e7\u00e3o das propostas selecionadas ocorrer\u00e1 no dia 13\/09\/2024 no site do evento.<\/p>\n<p style=\"text-align: justify;\">Haver\u00e1 emiss\u00e3o de certificados pela participa\u00e7\u00e3o na Mostra.<\/p>\n<p style=\"text-align: justify;\"><strong>NORMAS DE SUBMISS\u00c3O<\/strong><\/p>\n<ol style=\"text-align: justify;\">\n<li style=\"list-style-type: none;\"><\/li>\n<\/ol>\n<p style=\"text-align: justify;\">1. Ser\u00e3o aceitos trabalhos resultantes de pesquisas antropol\u00f3gicas e\/ou art\u00edsticas em andamento ou conclu\u00eddas.<\/p>\n<p style=\"text-align: justify;\">2. Poder\u00e3o apresentar trabalhos pessoas do meio acad\u00eamico e n\u00e3o-acad\u00eamico.<\/p>\n<p style=\"text-align: justify;\">3. Cada participante poder\u00e1 enviar mais de um trabalho produzido, seja de autoria individual ou em coautoria. Mas o n\u00famero de trabalhos est\u00e1 condicionado \u00e0 disponibilidade do espa\u00e7o f\u00edsico para a mostra.<\/p>\n<p style=\"padding-left: 40px; text-align: justify;\">3.1. A inscri\u00e7\u00e3o de cada uma das propostas art\u00edsticas deve ser feita separadamente por meio de um novo formul\u00e1rio.<\/p>\n<p style=\"text-align: justify;\">4. O resumo da proposta deve ser de at\u00e9 uma lauda e o t\u00edtulo est\u00e1 limitado a 50 caracteres.<\/p>\n<p style=\"padding-left: 40px; text-align: justify;\">4.1 Em link espec\u00edfico no <a href=\"https:\/\/docs.google.com\/forms\/d\/e\/1FAIpQLSflHuePDoGJtYLXMRF4__vSYUtGFmiKjOi0skBoeT_qsqJd1g\/viewform\">formul\u00e1rio<\/a>, devem ser anexados desenhos, fotografias, links e croquis que possibilitem conhecer o trabalho e a proposta expositiva. S\u00f3 ser\u00e1 aceito um \u00fanico documento pdf, contendo tais itens.<\/p>\n<p style=\"text-align: justify;\">5. O tempo de apresenta\u00e7\u00e3o das performances, videoperformances e videodan\u00e7as n\u00e3o deve ultrapassar 30 minutos. Ser\u00e3o aceitos os formatos MOV, MP4 ou H264. Os arquivos devem ser enviados por meio de links do YouTube ou Vimeo.<\/p>\n<p style=\"text-align: justify;\">6. Filmes e document\u00e1rios podem ser enviados nos formatos MOV, MP4 ou H264 com resolu\u00e7\u00e3o de 1080p ou 2K, nas categorias curta e m\u00e9dia metragem.<\/p>\n<p style=\"text-align: justify;\">7. Podem ser submetidos at\u00e9 10 fotografias, desenhos, colagens, bordados etc, outros impressos. Fotografias e outros impressos devem ter resolu\u00e7\u00e3o de 300 dpis e, no m\u00ednimo, 1200 pixels no lado menor da imagem.<\/p>\n","protected":false},"excerpt":{"rendered":"<p>Chamada para Mostra Maquina\u00e7\u00f5es tecnopo\u00e9ticas A Mostra Maquina\u00e7\u00f5es tecnopo\u00e9ticas, de car\u00e1ter exclusivamente presencial, integra a programa\u00e7\u00e3o do Evento Internacional \u201cM\u00e1quinas, Corpos e Grafias: Media\u00e7\u00f5es Antropol\u00f3gicas sobre IA, Tecnopo\u00e9ticas e Sensorialidades\u201d e busca promover interlocu\u00e7\u00f5es entre a Antropologia e a Arte por meio de uma abordagem multimodal, entendendo as m\u00faltiplas linguagens e grafias como mediadoras das &hellip; <\/p>\n<p class=\"link-more\"><a href=\"https:\/\/wp.ufpel.edu.br\/maquinascorposegrafias\/chamada-mostra\/\" class=\"more-link\">Continue lendo<span class=\"screen-reader-text\"> &#8220;Trabalhos visuais, audiovisuais e performances&#8221;<\/span><\/a><\/p>\n","protected":false},"author":641,"featured_media":0,"parent":0,"menu_order":0,"comment_status":"closed","ping_status":"closed","template":"","meta":{"footnotes":""},"class_list":["post-331","page","type-page","status-publish","hentry"],"_links":{"self":[{"href":"https:\/\/wp.ufpel.edu.br\/maquinascorposegrafias\/wp-json\/wp\/v2\/pages\/331","targetHints":{"allow":["GET"]}}],"collection":[{"href":"https:\/\/wp.ufpel.edu.br\/maquinascorposegrafias\/wp-json\/wp\/v2\/pages"}],"about":[{"href":"https:\/\/wp.ufpel.edu.br\/maquinascorposegrafias\/wp-json\/wp\/v2\/types\/page"}],"author":[{"embeddable":true,"href":"https:\/\/wp.ufpel.edu.br\/maquinascorposegrafias\/wp-json\/wp\/v2\/users\/641"}],"replies":[{"embeddable":true,"href":"https:\/\/wp.ufpel.edu.br\/maquinascorposegrafias\/wp-json\/wp\/v2\/comments?post=331"}],"version-history":[{"count":5,"href":"https:\/\/wp.ufpel.edu.br\/maquinascorposegrafias\/wp-json\/wp\/v2\/pages\/331\/revisions"}],"predecessor-version":[{"id":421,"href":"https:\/\/wp.ufpel.edu.br\/maquinascorposegrafias\/wp-json\/wp\/v2\/pages\/331\/revisions\/421"}],"wp:attachment":[{"href":"https:\/\/wp.ufpel.edu.br\/maquinascorposegrafias\/wp-json\/wp\/v2\/media?parent=331"}],"curies":[{"name":"wp","href":"https:\/\/api.w.org\/{rel}","templated":true}]}}