{"id":313,"date":"2024-08-19T15:28:40","date_gmt":"2024-08-19T18:28:40","guid":{"rendered":"https:\/\/wp.ufpel.edu.br\/maquinascorposegrafias\/?page_id=313"},"modified":"2024-08-19T15:28:40","modified_gmt":"2024-08-19T18:28:40","slug":"brenda-salenave","status":"publish","type":"page","link":"https:\/\/wp.ufpel.edu.br\/maquinascorposegrafias\/brenda-salenave\/","title":{"rendered":"BRENDA SALENAVE"},"content":{"rendered":"<p style=\"text-align: justify;\"><img loading=\"lazy\" decoding=\"async\" class=\"alignright size-thumbnail wp-image-314\" src=\"https:\/\/wp.ufpel.edu.br\/maquinascorposegrafias\/files\/2024\/08\/brenda-200x200.jpg\" alt=\"\" width=\"200\" height=\"200\" srcset=\"https:\/\/wp.ufpel.edu.br\/maquinascorposegrafias\/files\/2024\/08\/brenda-200x200.jpg 200w, https:\/\/wp.ufpel.edu.br\/maquinascorposegrafias\/files\/2024\/08\/brenda-100x100.jpg 100w\" sizes=\"auto, (max-width: 200px) 100vw, 200px\" \/>\u00c9 doutora em Ci\u00eancia da Computa\u00e7\u00e3o pelo Programa de P\u00f3s-gradua\u00e7\u00e3o em Computa\u00e7\u00e3o da Universidade Federal do Rio Grande do Sul (2023) e mestre na mesma \u00e1rea e institui\u00e7\u00e3o (2019). \u00c9 bacharel em Ci\u00eancia da Computa\u00e7\u00e3o pela Universidade Federal de Santa Maria (2017). Recentemente, tamb\u00e9m prestou colabora\u00e7\u00e3o ao Instituto de Engenharia de Sistemas e Computadores, Tecnologia e Ci\u00eancia (INESC TEC), colaborando em projetos de aplica\u00e7\u00e3o de processamento de linguagem natural destinados principalmente \u00e0 extra\u00e7\u00e3o de narrativas textuais. Nessa colabora\u00e7\u00e3o, suas principais contribui\u00e7\u00f5es estiveram vinculadas ao projeto Text2Story. Em seu processo de doutoramento, seu foco de pesquisa esteve ligado ao estudo do uso de indicadores lingu\u00edsticos caracter\u00edsticos da incita\u00e7\u00e3o ao \u00f3dio associados a m\u00e9todos computacionais. Demais \u00e1reas de interesse incluem pesquisas voltadas, principalmente, em minera\u00e7\u00e3o de dados, processamento de linguagem natural e an\u00e1lise de discursos de \u00f3dio em redes sociais.<\/p>\n","protected":false},"excerpt":{"rendered":"<p>\u00c9 doutora em Ci\u00eancia da Computa\u00e7\u00e3o pelo Programa de P\u00f3s-gradua\u00e7\u00e3o em Computa\u00e7\u00e3o da Universidade Federal do Rio Grande do Sul (2023) e mestre na mesma \u00e1rea e institui\u00e7\u00e3o (2019). \u00c9 bacharel em Ci\u00eancia da Computa\u00e7\u00e3o pela Universidade Federal de Santa Maria (2017). Recentemente, tamb\u00e9m prestou colabora\u00e7\u00e3o ao Instituto de Engenharia de Sistemas e Computadores, Tecnologia &hellip; <\/p>\n<p class=\"link-more\"><a href=\"https:\/\/wp.ufpel.edu.br\/maquinascorposegrafias\/brenda-salenave\/\" class=\"more-link\">Continue lendo<span class=\"screen-reader-text\"> &#8220;BRENDA SALENAVE&#8221;<\/span><\/a><\/p>\n","protected":false},"author":641,"featured_media":0,"parent":0,"menu_order":0,"comment_status":"closed","ping_status":"closed","template":"","meta":{"footnotes":""},"class_list":["post-313","page","type-page","status-publish","hentry"],"_links":{"self":[{"href":"https:\/\/wp.ufpel.edu.br\/maquinascorposegrafias\/wp-json\/wp\/v2\/pages\/313","targetHints":{"allow":["GET"]}}],"collection":[{"href":"https:\/\/wp.ufpel.edu.br\/maquinascorposegrafias\/wp-json\/wp\/v2\/pages"}],"about":[{"href":"https:\/\/wp.ufpel.edu.br\/maquinascorposegrafias\/wp-json\/wp\/v2\/types\/page"}],"author":[{"embeddable":true,"href":"https:\/\/wp.ufpel.edu.br\/maquinascorposegrafias\/wp-json\/wp\/v2\/users\/641"}],"replies":[{"embeddable":true,"href":"https:\/\/wp.ufpel.edu.br\/maquinascorposegrafias\/wp-json\/wp\/v2\/comments?post=313"}],"version-history":[{"count":1,"href":"https:\/\/wp.ufpel.edu.br\/maquinascorposegrafias\/wp-json\/wp\/v2\/pages\/313\/revisions"}],"predecessor-version":[{"id":315,"href":"https:\/\/wp.ufpel.edu.br\/maquinascorposegrafias\/wp-json\/wp\/v2\/pages\/313\/revisions\/315"}],"wp:attachment":[{"href":"https:\/\/wp.ufpel.edu.br\/maquinascorposegrafias\/wp-json\/wp\/v2\/media?parent=313"}],"curies":[{"name":"wp","href":"https:\/\/api.w.org\/{rel}","templated":true}]}}