{"id":292,"date":"2024-08-16T15:28:06","date_gmt":"2024-08-16T18:28:06","guid":{"rendered":"https:\/\/wp.ufpel.edu.br\/maquinascorposegrafias\/?page_id=292"},"modified":"2024-08-16T16:39:50","modified_gmt":"2024-08-16T19:39:50","slug":"guillermo-stefano-rosa-gomez","status":"publish","type":"page","link":"https:\/\/wp.ufpel.edu.br\/maquinascorposegrafias\/guillermo-stefano-rosa-gomez\/","title":{"rendered":"GUILLERMO STEFANO ROSA G\u00d3MEZ"},"content":{"rendered":"<p style=\"text-align: justify;\"><img loading=\"lazy\" decoding=\"async\" class=\"alignright size-thumbnail wp-image-293\" src=\"https:\/\/wp.ufpel.edu.br\/maquinascorposegrafias\/files\/2024\/08\/Guillermo-Gomez-200x200.jpeg\" alt=\"\" width=\"200\" height=\"200\" srcset=\"https:\/\/wp.ufpel.edu.br\/maquinascorposegrafias\/files\/2024\/08\/Guillermo-Gomez-200x200.jpeg 200w, https:\/\/wp.ufpel.edu.br\/maquinascorposegrafias\/files\/2024\/08\/Guillermo-Gomez-100x100.jpeg 100w\" sizes=\"auto, (max-width: 200px) 100vw, 200px\" \/>Doutor em Antropologia Social no Programa de P\u00f3s-gradua\u00e7\u00e3o em Antropologia Social da Universidade Federal do Rio Grande do Sul (PPGAS\/UFRGS), com per\u00edodo sandu\u00edche na Emory University (Ge\u00f3rgia, Estados Unidos). Pesquisador do Centro de Estudios e Investigaciones Laborales (CEIL\/CONICET\/Argentina) &#8211; (P\u00f3s-Doutorado). Coordena o GT &#8220;Antropolog\u00eda Latinoamericana del Trabajo&#8221; na Associa\u00e7\u00e3o Latino-americana de Antropologia (ALA).<\/p>\n","protected":false},"excerpt":{"rendered":"<p>Doutor em Antropologia Social no Programa de P\u00f3s-gradua\u00e7\u00e3o em Antropologia Social da Universidade Federal do Rio Grande do Sul (PPGAS\/UFRGS), com per\u00edodo sandu\u00edche na Emory University (Ge\u00f3rgia, Estados Unidos). Pesquisador do Centro de Estudios e Investigaciones Laborales (CEIL\/CONICET\/Argentina) &#8211; (P\u00f3s-Doutorado). Coordena o GT &#8220;Antropolog\u00eda Latinoamericana del Trabajo&#8221; na Associa\u00e7\u00e3o Latino-americana de Antropologia (ALA).<\/p>\n","protected":false},"author":641,"featured_media":0,"parent":0,"menu_order":0,"comment_status":"closed","ping_status":"closed","template":"","meta":{"footnotes":""},"class_list":["post-292","page","type-page","status-publish","hentry"],"_links":{"self":[{"href":"https:\/\/wp.ufpel.edu.br\/maquinascorposegrafias\/wp-json\/wp\/v2\/pages\/292","targetHints":{"allow":["GET"]}}],"collection":[{"href":"https:\/\/wp.ufpel.edu.br\/maquinascorposegrafias\/wp-json\/wp\/v2\/pages"}],"about":[{"href":"https:\/\/wp.ufpel.edu.br\/maquinascorposegrafias\/wp-json\/wp\/v2\/types\/page"}],"author":[{"embeddable":true,"href":"https:\/\/wp.ufpel.edu.br\/maquinascorposegrafias\/wp-json\/wp\/v2\/users\/641"}],"replies":[{"embeddable":true,"href":"https:\/\/wp.ufpel.edu.br\/maquinascorposegrafias\/wp-json\/wp\/v2\/comments?post=292"}],"version-history":[{"count":1,"href":"https:\/\/wp.ufpel.edu.br\/maquinascorposegrafias\/wp-json\/wp\/v2\/pages\/292\/revisions"}],"predecessor-version":[{"id":294,"href":"https:\/\/wp.ufpel.edu.br\/maquinascorposegrafias\/wp-json\/wp\/v2\/pages\/292\/revisions\/294"}],"wp:attachment":[{"href":"https:\/\/wp.ufpel.edu.br\/maquinascorposegrafias\/wp-json\/wp\/v2\/media?parent=292"}],"curies":[{"name":"wp","href":"https:\/\/api.w.org\/{rel}","templated":true}]}}