{"id":281,"date":"2024-08-15T16:10:09","date_gmt":"2024-08-15T19:10:09","guid":{"rendered":"https:\/\/wp.ufpel.edu.br\/maquinascorposegrafias\/?page_id=281"},"modified":"2024-08-15T16:10:09","modified_gmt":"2024-08-15T19:10:09","slug":"vi-grunvald","status":"publish","type":"page","link":"https:\/\/wp.ufpel.edu.br\/maquinascorposegrafias\/vi-grunvald\/","title":{"rendered":"VI GRUNVALD"},"content":{"rendered":"<p style=\"text-align: justify;\"><img loading=\"lazy\" decoding=\"async\" class=\"alignright size-thumbnail wp-image-228\" src=\"https:\/\/wp.ufpel.edu.br\/maquinascorposegrafias\/files\/2024\/08\/Vi-Grunvald-200x200.jpeg\" alt=\"\" width=\"200\" height=\"200\" srcset=\"https:\/\/wp.ufpel.edu.br\/maquinascorposegrafias\/files\/2024\/08\/Vi-Grunvald-200x200.jpeg 200w, https:\/\/wp.ufpel.edu.br\/maquinascorposegrafias\/files\/2024\/08\/Vi-Grunvald-100x100.jpeg 100w\" sizes=\"auto, (max-width: 200px) 100vw, 200px\" \/>\u00c9 professora travesti do Departamento de Antropologia e do Programa de P\u00f3s-Gradua\u00e7\u00e3o em Antropologia Social da UFRGS, onde integra o N\u00facleo de Antropologia Visual e o N\u00facleo de Antropologia e Cidadania. Co-coordena o Grupo de Reconhecimento de Universos Art\u00edsticos\/Audiovisuais da UFRJ, al\u00e9m de ser pesquisadora de diversos outros grupos de pesquisa na Universidade de S\u00e3o Paulo (USP) como Grupo de Antropologia Visual (GRAVI), N\u00facleo de Antropologia, Performance e Drama (NAPEDRA), N\u00facleo de Estudos sobre Marcadores Sociais da Diferen\u00e7a (NUMAS) e do Pesquisas em Antropologia Musical (PAM). Possui doutorado na USP com per\u00edodo de sandu\u00edche com Profa. Amelia Jones no Departamento de Hist\u00f3ria da Arte e Estudos de Comunica\u00e7\u00e3o da McGill University. \u00c9 p\u00f3s-doutora tamb\u00e9m pela USP, al\u00e9m de possuir forma\u00e7\u00e3o em cinema pela Academia Internacional de Cinema. \u00c9 fot\u00f3grafa, realizadora audiovisual e seus trabalhos, tanto acad\u00eamicos quanto art\u00edsticos, giram em torno de pol\u00edtica, direitos humanos, g\u00eanero, sexualidade, parentesco\/fam\u00edlia, arte, imagem, performance, t\u00e1ticas documentais e teoria queer\/cuir. \u00c9 membra do Comit\u00ea de G\u00eanero e Sexualidade (2021-24) e do Comit\u00ea de Antropologia Visual (2019-24) da Associa\u00e7\u00e3o Brasileira de Antropologia (ABA). Coordena a Comiss\u00e3o de Imagem e Som da Associa\u00e7\u00e3o Nacional de P\u00f3s-Gradua\u00e7\u00e3o e Pesquisa em Ci\u00eancias Sociais (ANPOCS), no bi\u00eanio 2022-2023.<\/p>\n","protected":false},"excerpt":{"rendered":"<p>\u00c9 professora travesti do Departamento de Antropologia e do Programa de P\u00f3s-Gradua\u00e7\u00e3o em Antropologia Social da UFRGS, onde integra o N\u00facleo de Antropologia Visual e o N\u00facleo de Antropologia e Cidadania. Co-coordena o Grupo de Reconhecimento de Universos Art\u00edsticos\/Audiovisuais da UFRJ, al\u00e9m de ser pesquisadora de diversos outros grupos de pesquisa na Universidade de S\u00e3o &hellip; <\/p>\n<p class=\"link-more\"><a href=\"https:\/\/wp.ufpel.edu.br\/maquinascorposegrafias\/vi-grunvald\/\" class=\"more-link\">Continue lendo<span class=\"screen-reader-text\"> &#8220;VI GRUNVALD&#8221;<\/span><\/a><\/p>\n","protected":false},"author":641,"featured_media":0,"parent":0,"menu_order":0,"comment_status":"closed","ping_status":"closed","template":"","meta":{"footnotes":""},"class_list":["post-281","page","type-page","status-publish","hentry"],"_links":{"self":[{"href":"https:\/\/wp.ufpel.edu.br\/maquinascorposegrafias\/wp-json\/wp\/v2\/pages\/281","targetHints":{"allow":["GET"]}}],"collection":[{"href":"https:\/\/wp.ufpel.edu.br\/maquinascorposegrafias\/wp-json\/wp\/v2\/pages"}],"about":[{"href":"https:\/\/wp.ufpel.edu.br\/maquinascorposegrafias\/wp-json\/wp\/v2\/types\/page"}],"author":[{"embeddable":true,"href":"https:\/\/wp.ufpel.edu.br\/maquinascorposegrafias\/wp-json\/wp\/v2\/users\/641"}],"replies":[{"embeddable":true,"href":"https:\/\/wp.ufpel.edu.br\/maquinascorposegrafias\/wp-json\/wp\/v2\/comments?post=281"}],"version-history":[{"count":1,"href":"https:\/\/wp.ufpel.edu.br\/maquinascorposegrafias\/wp-json\/wp\/v2\/pages\/281\/revisions"}],"predecessor-version":[{"id":282,"href":"https:\/\/wp.ufpel.edu.br\/maquinascorposegrafias\/wp-json\/wp\/v2\/pages\/281\/revisions\/282"}],"wp:attachment":[{"href":"https:\/\/wp.ufpel.edu.br\/maquinascorposegrafias\/wp-json\/wp\/v2\/media?parent=281"}],"curies":[{"name":"wp","href":"https:\/\/api.w.org\/{rel}","templated":true}]}}