{"id":269,"date":"2024-08-15T16:05:59","date_gmt":"2024-08-15T19:05:59","guid":{"rendered":"https:\/\/wp.ufpel.edu.br\/maquinascorposegrafias\/?page_id=269"},"modified":"2024-08-15T16:06:49","modified_gmt":"2024-08-15T19:06:49","slug":"lisandro-lucas-de-lima-moura","status":"publish","type":"page","link":"https:\/\/wp.ufpel.edu.br\/maquinascorposegrafias\/lisandro-lucas-de-lima-moura\/","title":{"rendered":"LISANDRO LUCAS DE LIMA MOURA"},"content":{"rendered":"<p style=\"text-align: justify;\"><strong><img loading=\"lazy\" decoding=\"async\" class=\"alignright wp-image-206 size-thumbnail\" src=\"https:\/\/wp.ufpel.edu.br\/maquinascorposegrafias\/files\/2024\/08\/Foto-bio-Lisandro-Moura-200x200.jpg\" alt=\"\" width=\"200\" height=\"200\" srcset=\"https:\/\/wp.ufpel.edu.br\/maquinascorposegrafias\/files\/2024\/08\/Foto-bio-Lisandro-Moura-200x200.jpg 200w, https:\/\/wp.ufpel.edu.br\/maquinascorposegrafias\/files\/2024\/08\/Foto-bio-Lisandro-Moura-100x100.jpg 100w\" sizes=\"auto, (max-width: 200px) 100vw, 200px\" \/><\/strong> \u00c9 Doutor em Antropologia pela Universidade Federal de Pelotas (UFPel), onde tamb\u00e9m concluiu o seu mestrado em Educa\u00e7\u00e3o. \u00c9 professor de Sociologia do Instituto Federal de Educa\u00e7\u00e3o, Ci\u00eancia e Tecnologia Sul-rio-grandense (IFSul Campus Bag\u00e9), onde coordena o N\u00facleo de Arte e Cultura do campus (NAC). Desde 2012 atua como agente cultural do Ponto de Cultura Pampa Sem Fronteiras, atrav\u00e9s do qual desenvolve a\u00e7\u00f5es na \u00e1rea da produ\u00e7\u00e3o audiovisual e musical voltadas para a integra\u00e7\u00e3o cultural binacional entre Brasil e Uruguai. Integra o Grupo de Pesquisa Antropo\u00e9ticas (CNPq), vinculado ao Laborat\u00f3rio de Ensino, Pesquisa e Produ\u00e7\u00e3o em Antropologia da Imagem e do Som (LEPPAIS-PPGAnt-UFPel), e participa dos Grupos de Trabalho da Asociaci\u00f3n Latinoamericana de Antropolog\u00eda (ALA) junto aos demais pesquisadores e pesquisadoras do Grupo Antropo\u00e9ticas. Possui Licenciatura e Bacharelado em Ci\u00eancias Sociais pela Universidade Federal do Rio Grande do Sul (UFRGS). \u00c9 autor da hip\u00f3tese da aprendizagem orientada por tambores de candombe, defendida em 2021, a qual questiona as bases antropoc\u00eantricas da educa\u00e7\u00e3o centrada unicamente nas intencionalidades humanas.<\/p>\n","protected":false},"excerpt":{"rendered":"<p>\u00c9 Doutor em Antropologia pela Universidade Federal de Pelotas (UFPel), onde tamb\u00e9m concluiu o seu mestrado em Educa\u00e7\u00e3o. \u00c9 professor de Sociologia do Instituto Federal de Educa\u00e7\u00e3o, Ci\u00eancia e Tecnologia Sul-rio-grandense (IFSul Campus Bag\u00e9), onde coordena o N\u00facleo de Arte e Cultura do campus (NAC). Desde 2012 atua como agente cultural do Ponto de Cultura &hellip; <\/p>\n<p class=\"link-more\"><a href=\"https:\/\/wp.ufpel.edu.br\/maquinascorposegrafias\/lisandro-lucas-de-lima-moura\/\" class=\"more-link\">Continue lendo<span class=\"screen-reader-text\"> &#8220;LISANDRO LUCAS DE LIMA MOURA&#8221;<\/span><\/a><\/p>\n","protected":false},"author":641,"featured_media":0,"parent":0,"menu_order":0,"comment_status":"closed","ping_status":"closed","template":"","meta":{"footnotes":""},"class_list":["post-269","page","type-page","status-publish","hentry"],"_links":{"self":[{"href":"https:\/\/wp.ufpel.edu.br\/maquinascorposegrafias\/wp-json\/wp\/v2\/pages\/269","targetHints":{"allow":["GET"]}}],"collection":[{"href":"https:\/\/wp.ufpel.edu.br\/maquinascorposegrafias\/wp-json\/wp\/v2\/pages"}],"about":[{"href":"https:\/\/wp.ufpel.edu.br\/maquinascorposegrafias\/wp-json\/wp\/v2\/types\/page"}],"author":[{"embeddable":true,"href":"https:\/\/wp.ufpel.edu.br\/maquinascorposegrafias\/wp-json\/wp\/v2\/users\/641"}],"replies":[{"embeddable":true,"href":"https:\/\/wp.ufpel.edu.br\/maquinascorposegrafias\/wp-json\/wp\/v2\/comments?post=269"}],"version-history":[{"count":1,"href":"https:\/\/wp.ufpel.edu.br\/maquinascorposegrafias\/wp-json\/wp\/v2\/pages\/269\/revisions"}],"predecessor-version":[{"id":270,"href":"https:\/\/wp.ufpel.edu.br\/maquinascorposegrafias\/wp-json\/wp\/v2\/pages\/269\/revisions\/270"}],"wp:attachment":[{"href":"https:\/\/wp.ufpel.edu.br\/maquinascorposegrafias\/wp-json\/wp\/v2\/media?parent=269"}],"curies":[{"name":"wp","href":"https:\/\/api.w.org\/{rel}","templated":true}]}}