{"id":266,"date":"2024-08-15T16:04:43","date_gmt":"2024-08-15T19:04:43","guid":{"rendered":"https:\/\/wp.ufpel.edu.br\/maquinascorposegrafias\/?page_id=266"},"modified":"2024-08-15T16:05:32","modified_gmt":"2024-08-15T19:05:32","slug":"juliane-helanski","status":"publish","type":"page","link":"https:\/\/wp.ufpel.edu.br\/maquinascorposegrafias\/juliane-helanski\/","title":{"rendered":"JULIANE HELANSKI"},"content":{"rendered":"<p style=\"text-align: justify;\"><strong><img loading=\"lazy\" decoding=\"async\" class=\"wp-image-204 size-thumbnail alignright\" src=\"https:\/\/wp.ufpel.edu.br\/maquinascorposegrafias\/files\/2024\/08\/Juliane-Helanski-200x200.jpeg\" alt=\"\" width=\"200\" height=\"200\" srcset=\"https:\/\/wp.ufpel.edu.br\/maquinascorposegrafias\/files\/2024\/08\/Juliane-Helanski-200x200.jpeg 200w, https:\/\/wp.ufpel.edu.br\/maquinascorposegrafias\/files\/2024\/08\/Juliane-Helanski-100x100.jpeg 100w\" sizes=\"auto, (max-width: 200px) 100vw, 200px\" \/><\/strong> \u00c9 doutoranda em Ci\u00eancias Sociais na Universidade Estadual de Campinas (UNICAMP). Al\u00e9m disso, \u00e9 pesquisadora do Laborat\u00f3rio Antropol\u00f3gico de Grafia e Imagem (La&#8217;grima\/Unicamp), colaboradora do Centro de Intelig\u00eancia Artificial da Universidade de S\u00e3o Paulo (C4AI\/IBM\/FAPESP) e do reposit\u00f3rio e divulga\u00e7\u00e3o cient\u00edfica sobre Intelig\u00eancia Artificial <i>Understanding Artificial Intelligence<\/i> (UAI\/IEA\/USP). Sua trajet\u00f3ria acad\u00eamica n\u00e3o se restringe apenas \u00e0 pesquisa; tamb\u00e9m tem experi\u00eancia no ensino de Ci\u00eancias Sociais, tanto no n\u00edvel m\u00e9dio quanto no superior.<\/p>\n","protected":false},"excerpt":{"rendered":"<p>\u00c9 doutoranda em Ci\u00eancias Sociais na Universidade Estadual de Campinas (UNICAMP). Al\u00e9m disso, \u00e9 pesquisadora do Laborat\u00f3rio Antropol\u00f3gico de Grafia e Imagem (La&#8217;grima\/Unicamp), colaboradora do Centro de Intelig\u00eancia Artificial da Universidade de S\u00e3o Paulo (C4AI\/IBM\/FAPESP) e do reposit\u00f3rio e divulga\u00e7\u00e3o cient\u00edfica sobre Intelig\u00eancia Artificial Understanding Artificial Intelligence (UAI\/IEA\/USP). Sua trajet\u00f3ria acad\u00eamica n\u00e3o se restringe apenas &hellip; <\/p>\n<p class=\"link-more\"><a href=\"https:\/\/wp.ufpel.edu.br\/maquinascorposegrafias\/juliane-helanski\/\" class=\"more-link\">Continue lendo<span class=\"screen-reader-text\"> &#8220;JULIANE HELANSKI&#8221;<\/span><\/a><\/p>\n","protected":false},"author":641,"featured_media":0,"parent":0,"menu_order":0,"comment_status":"closed","ping_status":"closed","template":"","meta":{"footnotes":""},"class_list":["post-266","page","type-page","status-publish","hentry"],"_links":{"self":[{"href":"https:\/\/wp.ufpel.edu.br\/maquinascorposegrafias\/wp-json\/wp\/v2\/pages\/266","targetHints":{"allow":["GET"]}}],"collection":[{"href":"https:\/\/wp.ufpel.edu.br\/maquinascorposegrafias\/wp-json\/wp\/v2\/pages"}],"about":[{"href":"https:\/\/wp.ufpel.edu.br\/maquinascorposegrafias\/wp-json\/wp\/v2\/types\/page"}],"author":[{"embeddable":true,"href":"https:\/\/wp.ufpel.edu.br\/maquinascorposegrafias\/wp-json\/wp\/v2\/users\/641"}],"replies":[{"embeddable":true,"href":"https:\/\/wp.ufpel.edu.br\/maquinascorposegrafias\/wp-json\/wp\/v2\/comments?post=266"}],"version-history":[{"count":1,"href":"https:\/\/wp.ufpel.edu.br\/maquinascorposegrafias\/wp-json\/wp\/v2\/pages\/266\/revisions"}],"predecessor-version":[{"id":267,"href":"https:\/\/wp.ufpel.edu.br\/maquinascorposegrafias\/wp-json\/wp\/v2\/pages\/266\/revisions\/267"}],"wp:attachment":[{"href":"https:\/\/wp.ufpel.edu.br\/maquinascorposegrafias\/wp-json\/wp\/v2\/media?parent=266"}],"curies":[{"name":"wp","href":"https:\/\/api.w.org\/{rel}","templated":true}]}}