{"id":263,"date":"2024-08-15T16:02:24","date_gmt":"2024-08-15T19:02:24","guid":{"rendered":"https:\/\/wp.ufpel.edu.br\/maquinascorposegrafias\/?page_id=263"},"modified":"2024-08-15T16:02:24","modified_gmt":"2024-08-15T19:02:24","slug":"joaquim-francisco-dos-santos-neto","status":"publish","type":"page","link":"https:\/\/wp.ufpel.edu.br\/maquinascorposegrafias\/joaquim-francisco-dos-santos-neto\/","title":{"rendered":"JOAQUIM FRANCISCO DOS SANTOS NETO"},"content":{"rendered":"<p style=\"text-align: justify;\"><img loading=\"lazy\" decoding=\"async\" class=\"alignright size-thumbnail wp-image-224\" src=\"https:\/\/wp.ufpel.edu.br\/maquinascorposegrafias\/files\/2024\/08\/Joaquim-200x200.jpeg\" alt=\"\" width=\"200\" height=\"200\" srcset=\"https:\/\/wp.ufpel.edu.br\/maquinascorposegrafias\/files\/2024\/08\/Joaquim-200x200.jpeg 200w, https:\/\/wp.ufpel.edu.br\/maquinascorposegrafias\/files\/2024\/08\/Joaquim-400x400.jpeg 400w, https:\/\/wp.ufpel.edu.br\/maquinascorposegrafias\/files\/2024\/08\/Joaquim-768x768.jpeg 768w, https:\/\/wp.ufpel.edu.br\/maquinascorposegrafias\/files\/2024\/08\/Joaquim-100x100.jpeg 100w, https:\/\/wp.ufpel.edu.br\/maquinascorposegrafias\/files\/2024\/08\/Joaquim.jpeg 800w\" sizes=\"auto, (max-width: 200px) 100vw, 200px\" \/>\u00c9 doutorando em Computa\u00e7\u00e3o Aplicada na UNISINOS, \u00e9 Mestre em Ci\u00eancia da Computa\u00e7\u00e3o com voto de Louvor pela PUCRS e \u00e9 licenciado em Matem\u00e1tica pela URCA. Tem trabalhado intensamente na \u00e1rea de Intelig\u00eancia Artificial em problemas de Extra\u00e7\u00e3o de Informa\u00e7\u00e3o no campo do Processamento de Linguagem Natural (PLN), demonstrando resultados estado-da-arte na tarefa de Reconhecimento de Entidades Nomeadas em Portugu\u00eas (REN). Seu trabalho de Extra\u00e7\u00e3o de Informa\u00e7\u00e3o tem sido aplicado em \u00e1reas como Geoci\u00eancias para dom\u00ednio de \u00f3leo e g\u00e1s; e Sa\u00fade na detec\u00e7\u00e3o de Eventos Adversos de Queda em prontu\u00e1rios eletr\u00f4nicos (evolu\u00e7\u00f5es). Ainda na \u00e1rea de sa\u00fade, tem trabalhado em projetos que envolvem processamento de dados da COVID-19 para OMS e FAPERGS. Tem publicado em confer\u00eancias e revistas internacionais os resultados de suas pesquisas, usando como principal abordagem estrat\u00e9gias de Deep Learning.<\/p>\n","protected":false},"excerpt":{"rendered":"<p>\u00c9 doutorando em Computa\u00e7\u00e3o Aplicada na UNISINOS, \u00e9 Mestre em Ci\u00eancia da Computa\u00e7\u00e3o com voto de Louvor pela PUCRS e \u00e9 licenciado em Matem\u00e1tica pela URCA. Tem trabalhado intensamente na \u00e1rea de Intelig\u00eancia Artificial em problemas de Extra\u00e7\u00e3o de Informa\u00e7\u00e3o no campo do Processamento de Linguagem Natural (PLN), demonstrando resultados estado-da-arte na tarefa de Reconhecimento &hellip; <\/p>\n<p class=\"link-more\"><a href=\"https:\/\/wp.ufpel.edu.br\/maquinascorposegrafias\/joaquim-francisco-dos-santos-neto\/\" class=\"more-link\">Continue lendo<span class=\"screen-reader-text\"> &#8220;JOAQUIM FRANCISCO DOS SANTOS NETO&#8221;<\/span><\/a><\/p>\n","protected":false},"author":641,"featured_media":0,"parent":0,"menu_order":0,"comment_status":"closed","ping_status":"closed","template":"","meta":{"footnotes":""},"class_list":["post-263","page","type-page","status-publish","hentry"],"_links":{"self":[{"href":"https:\/\/wp.ufpel.edu.br\/maquinascorposegrafias\/wp-json\/wp\/v2\/pages\/263","targetHints":{"allow":["GET"]}}],"collection":[{"href":"https:\/\/wp.ufpel.edu.br\/maquinascorposegrafias\/wp-json\/wp\/v2\/pages"}],"about":[{"href":"https:\/\/wp.ufpel.edu.br\/maquinascorposegrafias\/wp-json\/wp\/v2\/types\/page"}],"author":[{"embeddable":true,"href":"https:\/\/wp.ufpel.edu.br\/maquinascorposegrafias\/wp-json\/wp\/v2\/users\/641"}],"replies":[{"embeddable":true,"href":"https:\/\/wp.ufpel.edu.br\/maquinascorposegrafias\/wp-json\/wp\/v2\/comments?post=263"}],"version-history":[{"count":1,"href":"https:\/\/wp.ufpel.edu.br\/maquinascorposegrafias\/wp-json\/wp\/v2\/pages\/263\/revisions"}],"predecessor-version":[{"id":264,"href":"https:\/\/wp.ufpel.edu.br\/maquinascorposegrafias\/wp-json\/wp\/v2\/pages\/263\/revisions\/264"}],"wp:attachment":[{"href":"https:\/\/wp.ufpel.edu.br\/maquinascorposegrafias\/wp-json\/wp\/v2\/media?parent=263"}],"curies":[{"name":"wp","href":"https:\/\/api.w.org\/{rel}","templated":true}]}}