{"id":260,"date":"2024-08-15T16:00:40","date_gmt":"2024-08-15T19:00:40","guid":{"rendered":"https:\/\/wp.ufpel.edu.br\/maquinascorposegrafias\/?page_id=260"},"modified":"2024-08-19T15:31:43","modified_gmt":"2024-08-19T18:31:43","slug":"jean-segata","status":"publish","type":"page","link":"https:\/\/wp.ufpel.edu.br\/maquinascorposegrafias\/jean-segata\/","title":{"rendered":"JEAN SEGATA"},"content":{"rendered":"<p style=\"text-align: justify;\"><img loading=\"lazy\" decoding=\"async\" class=\"alignright size-thumbnail wp-image-317\" src=\"https:\/\/wp.ufpel.edu.br\/maquinascorposegrafias\/files\/2024\/08\/Jean-Segata-200x200.jpeg\" alt=\"\" width=\"200\" height=\"200\" srcset=\"https:\/\/wp.ufpel.edu.br\/maquinascorposegrafias\/files\/2024\/08\/Jean-Segata-200x200.jpeg 200w, https:\/\/wp.ufpel.edu.br\/maquinascorposegrafias\/files\/2024\/08\/Jean-Segata-100x100.jpeg 100w\" sizes=\"auto, (max-width: 200px) 100vw, 200px\" \/>Possui gradua\u00e7\u00e3o em Psicologia pela UNIDAVI, com mestrado e doutorado em Antropologia Social pela UFSC. Ele \u00e9 professor no Departamento de Antropologia da UFRGS, atuando nos programas de p\u00f3s-gradua\u00e7\u00e3o em Antropologia Social (PPGAS) e em Psicologia Social e Institucional (PPGPSI). Al\u00e9m disso, \u00e9 professor honor\u00e1rio no Departamento de Antropologia da University College London, no Reino Unido. Sua experi\u00eancia inclui tamb\u00e9m per\u00edodos como professor visitante no Center for Latin American and Caribbean Studies da Brown University em 2018 e na School of Public Health da Harvard University em 2024, nos Estados Unidos, al\u00e9m de atividades de p\u00f3s-doutorado na UFSC em 2012 e 2013, no CEnDIE (Centro Nacional de Diagn\u00f3stico e Investigaci\u00f3n en Endemo-Epidemias &#8211; Minist\u00e9rio de Salud, Argentina) em 2017 e na Brown University, em 2020. Seu trabalho abrange \u00e1reas como sa\u00fade, alimenta\u00e7\u00e3o, rela\u00e7\u00f5es humano-animal e tecnologias digitais. Jean Segata tamb\u00e9m \u00e9 coordenador do NAM &#8211; N\u00facleo de Antropologia Multiesp\u00e9cie e da Rede Covid-19 Humanidades MCTI, ambos do PPGAS-UFRGS, onde atualmente lidera pesquisas sobre os impactos desiguais da pandemia e das mudan\u00e7as clim\u00e1ticas no Brasil e as transforma\u00e7\u00f5es nas rela\u00e7\u00f5es com o gado no Pampa.<\/p>\n","protected":false},"excerpt":{"rendered":"<p>Possui gradua\u00e7\u00e3o em Psicologia pela UNIDAVI, com mestrado e doutorado em Antropologia Social pela UFSC. Ele \u00e9 professor no Departamento de Antropologia da UFRGS, atuando nos programas de p\u00f3s-gradua\u00e7\u00e3o em Antropologia Social (PPGAS) e em Psicologia Social e Institucional (PPGPSI). Al\u00e9m disso, \u00e9 professor honor\u00e1rio no Departamento de Antropologia da University College London, no Reino &hellip; <\/p>\n<p class=\"link-more\"><a href=\"https:\/\/wp.ufpel.edu.br\/maquinascorposegrafias\/jean-segata\/\" class=\"more-link\">Continue lendo<span class=\"screen-reader-text\"> &#8220;JEAN SEGATA&#8221;<\/span><\/a><\/p>\n","protected":false},"author":641,"featured_media":0,"parent":0,"menu_order":0,"comment_status":"closed","ping_status":"closed","template":"","meta":{"footnotes":""},"class_list":["post-260","page","type-page","status-publish","hentry"],"_links":{"self":[{"href":"https:\/\/wp.ufpel.edu.br\/maquinascorposegrafias\/wp-json\/wp\/v2\/pages\/260","targetHints":{"allow":["GET"]}}],"collection":[{"href":"https:\/\/wp.ufpel.edu.br\/maquinascorposegrafias\/wp-json\/wp\/v2\/pages"}],"about":[{"href":"https:\/\/wp.ufpel.edu.br\/maquinascorposegrafias\/wp-json\/wp\/v2\/types\/page"}],"author":[{"embeddable":true,"href":"https:\/\/wp.ufpel.edu.br\/maquinascorposegrafias\/wp-json\/wp\/v2\/users\/641"}],"replies":[{"embeddable":true,"href":"https:\/\/wp.ufpel.edu.br\/maquinascorposegrafias\/wp-json\/wp\/v2\/comments?post=260"}],"version-history":[{"count":3,"href":"https:\/\/wp.ufpel.edu.br\/maquinascorposegrafias\/wp-json\/wp\/v2\/pages\/260\/revisions"}],"predecessor-version":[{"id":318,"href":"https:\/\/wp.ufpel.edu.br\/maquinascorposegrafias\/wp-json\/wp\/v2\/pages\/260\/revisions\/318"}],"wp:attachment":[{"href":"https:\/\/wp.ufpel.edu.br\/maquinascorposegrafias\/wp-json\/wp\/v2\/media?parent=260"}],"curies":[{"name":"wp","href":"https:\/\/api.w.org\/{rel}","templated":true}]}}