{"id":257,"date":"2024-08-15T15:59:03","date_gmt":"2024-08-15T18:59:03","guid":{"rendered":"https:\/\/wp.ufpel.edu.br\/maquinascorposegrafias\/?page_id=257"},"modified":"2024-08-16T16:39:42","modified_gmt":"2024-08-16T19:39:42","slug":"guillermo-cebalos","status":"publish","type":"page","link":"https:\/\/wp.ufpel.edu.br\/maquinascorposegrafias\/guillermo-cebalos\/","title":{"rendered":"GUILLERMO CEBALOS"},"content":{"rendered":"<p style=\"text-align: justify;\"><img loading=\"lazy\" decoding=\"async\" class=\"alignright size-thumbnail wp-image-295\" src=\"https:\/\/wp.ufpel.edu.br\/maquinascorposegrafias\/files\/2024\/08\/Guillermo-Cebalos2-200x200.jpg\" alt=\"\" width=\"200\" height=\"200\" srcset=\"https:\/\/wp.ufpel.edu.br\/maquinascorposegrafias\/files\/2024\/08\/Guillermo-Cebalos2-200x200.jpg 200w, https:\/\/wp.ufpel.edu.br\/maquinascorposegrafias\/files\/2024\/08\/Guillermo-Cebalos2-100x100.jpg 100w\" sizes=\"auto, (max-width: 200px) 100vw, 200px\" \/>\u00c9 <i>tamborilero<\/i> e educador musical nascido no bairro Cord\u00f3n, em Montevideo, e hoje residente da cidade de Pelotas, RS. \u00c9 percussionista, integrante da cuerda de tambores de <i>Concierto Lubolo<\/i> e <i>Sinfonia de Ansina<\/i>. \u00c9 fundador do <i>Taller de Percusion de Huracan Buceo<\/i>, fundador e chefe de <i>cuerda<\/i> da Comparsa &#8220;<i>La Chilinga<\/i>&#8221; (primeira <i>comparsa<\/i> binacional do Uruguai), fundador e chefe de <i>cuerda<\/i> de Hurancandombe, chefe de <i>cuerda<\/i> da comparsa <i>La Figari<\/i>, fundador de <i>Reencuentro de Veteranos de Ansina<\/i> e atualmente integra a <i>Comparsa Tambor Tambora<\/i> de Porto Alegre.<\/p>\n","protected":false},"excerpt":{"rendered":"<p>\u00c9 tamborilero e educador musical nascido no bairro Cord\u00f3n, em Montevideo, e hoje residente da cidade de Pelotas, RS. \u00c9 percussionista, integrante da cuerda de tambores de Concierto Lubolo e Sinfonia de Ansina. \u00c9 fundador do Taller de Percusion de Huracan Buceo, fundador e chefe de cuerda da Comparsa &#8220;La Chilinga&#8221; (primeira comparsa binacional do &hellip; <\/p>\n<p class=\"link-more\"><a href=\"https:\/\/wp.ufpel.edu.br\/maquinascorposegrafias\/guillermo-cebalos\/\" class=\"more-link\">Continue lendo<span class=\"screen-reader-text\"> &#8220;GUILLERMO CEBALOS&#8221;<\/span><\/a><\/p>\n","protected":false},"author":641,"featured_media":0,"parent":0,"menu_order":0,"comment_status":"closed","ping_status":"closed","template":"","meta":{"footnotes":""},"class_list":["post-257","page","type-page","status-publish","hentry"],"_links":{"self":[{"href":"https:\/\/wp.ufpel.edu.br\/maquinascorposegrafias\/wp-json\/wp\/v2\/pages\/257","targetHints":{"allow":["GET"]}}],"collection":[{"href":"https:\/\/wp.ufpel.edu.br\/maquinascorposegrafias\/wp-json\/wp\/v2\/pages"}],"about":[{"href":"https:\/\/wp.ufpel.edu.br\/maquinascorposegrafias\/wp-json\/wp\/v2\/types\/page"}],"author":[{"embeddable":true,"href":"https:\/\/wp.ufpel.edu.br\/maquinascorposegrafias\/wp-json\/wp\/v2\/users\/641"}],"replies":[{"embeddable":true,"href":"https:\/\/wp.ufpel.edu.br\/maquinascorposegrafias\/wp-json\/wp\/v2\/comments?post=257"}],"version-history":[{"count":2,"href":"https:\/\/wp.ufpel.edu.br\/maquinascorposegrafias\/wp-json\/wp\/v2\/pages\/257\/revisions"}],"predecessor-version":[{"id":296,"href":"https:\/\/wp.ufpel.edu.br\/maquinascorposegrafias\/wp-json\/wp\/v2\/pages\/257\/revisions\/296"}],"wp:attachment":[{"href":"https:\/\/wp.ufpel.edu.br\/maquinascorposegrafias\/wp-json\/wp\/v2\/media?parent=257"}],"curies":[{"name":"wp","href":"https:\/\/api.w.org\/{rel}","templated":true}]}}